{"id":110,"date":"2023-01-22T14:55:59","date_gmt":"2023-01-22T14:55:59","guid":{"rendered":"https:\/\/www.iseg.ulisboa.pt\/biblioteca\/?page_id=110"},"modified":"2026-02-27T11:42:30","modified_gmt":"2026-02-27T11:42:30","slug":"the-library","status":"publish","type":"page","link":"https:\/\/www.iseg.ulisboa.pt\/biblioteca\/en\/the-library\/","title":{"rendered":"The library"},"content":{"rendered":"<section class=\"block-hero-full-width course-hero wf-section\">\n        <div class=\"course-hero__name\">\n            <h1 class=\"course-hero__heading has-iseg-white-color\">Library<span class=\"course-hero__heading-span\">Francisco Pereira de Moura<\/span><\/h1>\n    <\/div>\n            <div class=\"course-hero__backdrop has-iseg-red-background\"><\/div>\n    \n    <div class=\"course-hero__image\">\n    <img decoding=\"async\" src=\"https:\/\/www.iseg.ulisboa.pt\/biblioteca\/wp-content\/uploads\/sites\/9\/2023\/01\/library-3.jpg\" class=\"image-cover\" alt=\"\" srcset=\"https:\/\/www.iseg.ulisboa.pt\/biblioteca\/wp-content\/uploads\/sites\/9\/2023\/01\/library-3.jpg 1600w, https:\/\/www.iseg.ulisboa.pt\/biblioteca\/wp-content\/uploads\/sites\/9\/2023\/01\/library-3-300x150.jpg 300w, https:\/\/www.iseg.ulisboa.pt\/biblioteca\/wp-content\/uploads\/sites\/9\/2023\/01\/library-3-1536x768.jpg 1536w\" sizes=\"(max-width: 1600px) 100vw, 1600px\" \/>    <\/div>\n<\/section>\n\n\n<div class=\"wp-block-columns is-layout-flex wp-container-core-columns-is-layout-1 wp-block-columns-is-layout-flex\">\n<div class=\"wp-block-column is-layout-flow wp-block-column-is-layout-flow\">\n<section class=\"w-full mb-20\">\n    <div class=\"@container\">\n                    <h2 class=\"block-key-contacts__heading has-iseg-red-color\">Key Contacts<\/h2>\n                <div class=\"grid grid-cols-1 @4xl:grid-cols-4 @2xl:grid-cols-3 gap-4\">\n                            <div class=\"bg-neutral-50 py-4 px-4 font-medium text-black\">\n                    <img decoding=\"async\" src=\"https:\/\/www.iseg.ulisboa.pt\/biblioteca\/wp-content\/themes\/iseg\/assets\/images\/location.svg\" alt=\"Location\">\n                    <h3 class=\"mt-4 mb-2 font-bold !text-xl\">\n                        Address                    <\/h3>\n                    Rua do Quelhas, n\u00ba 6<br \/>\r\n1200-781 Lisbon                <\/div>\n                                        <div class=\"bg-neutral-50 py-4 px-4 font-medium text-black\">\n                    <img decoding=\"async\" src=\"https:\/\/www.iseg.ulisboa.pt\/biblioteca\/wp-content\/themes\/iseg\/assets\/images\/email.svg\" alt=\"Email\">\n                    <h3 class=\"mt-4 mb-2 font-bold !text-xl\">\n                        Email                    <\/h3>\n                                            <a href=\"mailto:biblioteca@iseg.ulisboa.pt\" class=\"block break-all\">\n                            biblioteca@iseg.ulisboa.pt                        <\/a>\n                                    <\/div>\n                                        <div class=\"bg-neutral-50 py-4 px-4 font-medium text-black\">\n                    <img decoding=\"async\" src=\"https:\/\/www.iseg.ulisboa.pt\/biblioteca\/wp-content\/themes\/iseg\/assets\/images\/phone.svg\" alt=\"Phone\">\n                    <h3 class=\"mt-4 mb-2 font-bold !text-xl\">\n                        Telephone                    <\/h3>\n                                            <a href=\"telto:(+351) 213 922 888\" class=\"block break-all\">(+351) 213 922 888<\/a>\n                                    <\/div>\n                                        <div class=\"bg-neutral-50 py-4 px-4 font-medium text-black\">\n                    <img decoding=\"async\" src=\"https:\/\/www.iseg.ulisboa.pt\/biblioteca\/wp-content\/themes\/iseg\/assets\/images\/clock.svg\" alt=\"Clock\">\n                    <h3 class=\"mt-4 mb-2 font-bold !text-xl\">\n                        Opening Hours                    <\/h3>\n                    Monday to Friday: 9:30 AM \u2013 8:00 PM<br \/>\r\nSaturday: 9:30 AM \u2013 5:00 PM*<br \/>\r\n<br \/>\r\nMaster\u2019s Room (Library, 1st Floor):<br \/>\r\nMonday to Friday: 9:30 AM \u2013 11:00 PM<br \/>\r\n<br \/>\r\n                <\/div>\n                    <\/div>\n    <\/div>\n<\/section><\/div>\n<\/div>\n\n\n\n<div class=\"wp-block-columns is-layout-flex wp-container-core-columns-is-layout-2 wp-block-columns-is-layout-flex\">\n<div class=\"wp-block-column is-layout-flow wp-block-column-is-layout-flow\">\n<p>*<strong>Special Hours:<\/strong> <\/p>\n\n\n\n<p><br>Easter Week: Closed on the Saturday before and the Saturday after Easter.<br><\/p>\n\n\n\n<p>Summer (July 15 to September 15): Closed on Saturdays.<\/p>\n\n\n\n<p> Christmas week: Closed the Saturday before Christmas and the Saturday after.<\/p>\n\n\n\n<p><\/p>\n<\/div>\n<\/div>\n\n\n<div class=\"block-intro-text has-iseg-white-color has-iseg-dark-grey-background\">\n\t<div class=\"intro-text\">Francisco Pereira Moura&#039;s library is a modern five-story building. Inaugurated in 1911, its initial fund consisted of 650 volumes, which has been enriched over the years and which today houses the largest bibliographic collection in Portugal in the areas of economics and management.<\/div>\n\t<div class=\"intro-text-anim-left-layer\"><\/div>\n\t<div class=\"intro-text-anim-right-layer\"><\/div>\n<\/div>\n\n\n\n<div style=\"height:100px\" aria-hidden=\"true\" class=\"wp-block-spacer\"><\/div>\n\n\n\n<section class=\"block-team\">\n    <div class=\"container\">\n                    <h2 class=\"block-team__text\"><h2 class=\"has-iseg-red-color\">Meet the team<\/h2>\n<\/h2>\n                \n\t\t<div class=\"team-list js-lmc-container\" data-columns>\n\t\t\t\n                \t\t\t\t\n                <div class=\"faculty-list__item js-list-item\">\n                    <a href=\"https:\/\/www.iseg.ulisboa.pt\/en\/professional_staff\/lurdes-tavares\/\" class=\"faculty-item__photo\">\n                    <img decoding=\"async\" src=\"https:\/\/www.iseg.ulisboa.pt\/biblioteca\/wp-content\/uploads\/2023\/01\/lcarmo-1.jpg\" class=\"image-cover wp-post-image\" alt=\"\" srcset=\"https:\/\/www.iseg.ulisboa.pt\/biblioteca\/wp-content\/uploads\/2023\/01\/lcarmo-1.jpg 1080w, https:\/\/www.iseg.ulisboa.pt\/biblioteca\/wp-content\/uploads\/2023\/01\/lcarmo-1-300x300.jpg 300w, https:\/\/www.iseg.ulisboa.pt\/biblioteca\/wp-content\/uploads\/2023\/01\/lcarmo-1-150x150.jpg 150w\" sizes=\"(max-width: 1080px) 100vw, 1080px\" \/>                    <\/a>\n                    <a href=\"https:\/\/www.iseg.ulisboa.pt\/en\/professional_staff\/lurdes-tavares\/\" class=\"faculty-item__name\">Lourdes Tavares<\/a>\n                    <div class=\"faculty-item__job\">Head of Division<\/div>\n                                        <a class=\"faculty-item__email\" href=\"mailto:lcarmo@iseg.ulisboa.pt\">lcarmo@iseg.ulisboa.pt<\/a>\n                    <br>\n                                                        <\/div>\n\n\t\t\t\n                \t\t\t\t\n                <div class=\"faculty-list__item js-list-item\">\n                    <a href=\"https:\/\/www.iseg.ulisboa.pt\/en\/professional_staff\/ana-amaral\/\" class=\"faculty-item__photo\">\n                    <img decoding=\"async\" src=\"https:\/\/www.iseg.ulisboa.pt\/biblioteca\/wp-content\/uploads\/2023\/01\/amaral.jpg\" class=\"image-cover wp-post-image\" alt=\"\" srcset=\"https:\/\/www.iseg.ulisboa.pt\/biblioteca\/wp-content\/uploads\/2023\/01\/amaral.jpg 1080w, https:\/\/www.iseg.ulisboa.pt\/biblioteca\/wp-content\/uploads\/2023\/01\/amaral-300x300.jpg 300w, https:\/\/www.iseg.ulisboa.pt\/biblioteca\/wp-content\/uploads\/2023\/01\/amaral-150x150.jpg 150w\" sizes=\"(max-width: 1080px) 100vw, 1080px\" \/>                    <\/a>\n                    <a href=\"https:\/\/www.iseg.ulisboa.pt\/en\/professional_staff\/ana-amaral\/\" class=\"faculty-item__name\">Ana Amaral<\/a>\n                    <div class=\"faculty-item__job\">Librarian<\/div>\n                                        <a class=\"faculty-item__email\" href=\"mailto:anamaral@iseg.ulisboa.pt\">anamaral@iseg.ulisboa.pt<\/a>\n                    <br>\n                                                        <\/div>\n\n\t\t\t\n                \t\t\t\t\n                <div class=\"faculty-list__item js-list-item\">\n                    <a href=\"https:\/\/www.iseg.ulisboa.pt\/en\/professional_staff\/ana-isabel-soares\/\" class=\"faculty-item__photo\">\n                    <img decoding=\"async\" src=\"https:\/\/www.iseg.ulisboa.pt\/biblioteca\/wp-content\/uploads\/2021\/02\/faculty-default.png\" class=\"image-cover\">                    <\/a>\n                    <a href=\"https:\/\/www.iseg.ulisboa.pt\/en\/professional_staff\/ana-isabel-soares\/\" class=\"faculty-item__name\">Ana Isabel Soares<\/a>\n                    <div class=\"faculty-item__job\">Senior Technician<\/div>\n                                        <a class=\"faculty-item__email\" href=\"mailto:anasoares@iseg.ulisboa.pt\">anasoares@iseg.ulisboa.pt<\/a>\n                    <br>\n                                                        <\/div>\n\n\t\t\t\n                \t\t\t\t\n                <div class=\"faculty-list__item js-list-item\">\n                    <a href=\"https:\/\/www.iseg.ulisboa.pt\/en\/professional_staff\/elsa-freches\/\" class=\"faculty-item__photo\">\n                    <img decoding=\"async\" src=\"https:\/\/www.iseg.ulisboa.pt\/biblioteca\/wp-content\/uploads\/2021\/02\/faculty-default.png\" class=\"image-cover\">                    <\/a>\n                    <a href=\"https:\/\/www.iseg.ulisboa.pt\/en\/professional_staff\/elsa-freches\/\" class=\"faculty-item__name\">Elsa Freches<\/a>\n                    <div class=\"faculty-item__job\">Librarian<\/div>\n                                        <a class=\"faculty-item__email\" href=\"mailto:elopes@iseg.ulisboa.pt\">elopes@iseg.ulisboa.pt<\/a>\n                    <br>\n                                                        <\/div>\n\n\t\t\t\n                \t\t\t\t\n                <div class=\"faculty-list__item js-list-item\">\n                    <a href=\"https:\/\/www.iseg.ulisboa.pt\/en\/professional_staff\/maria-alexandra-costa\/\" class=\"faculty-item__photo\">\n                    <img decoding=\"async\" src=\"https:\/\/www.iseg.ulisboa.pt\/biblioteca\/wp-content\/uploads\/2021\/02\/faculty-default.png\" class=\"image-cover\">                    <\/a>\n                    <a href=\"https:\/\/www.iseg.ulisboa.pt\/en\/professional_staff\/maria-alexandra-costa\/\" class=\"faculty-item__name\">Maria Alexandra Costa<\/a>\n                    <div class=\"faculty-item__job\">Senior Technician<\/div>\n                                        <a class=\"faculty-item__email\" href=\"mailto:mcosta@iseg.ulisboa.pt\">mcosta@iseg.ulisboa.pt<\/a>\n                    <br>\n                                                        <\/div>\n\n\t\t\t\n                \t\t\t\t\n                <div class=\"faculty-list__item js-list-item\">\n                    <a href=\"https:\/\/www.iseg.ulisboa.pt\/en\/professional_staff\/paulo-fonseca\/\" class=\"faculty-item__photo\">\n                    <img decoding=\"async\" src=\"https:\/\/www.iseg.ulisboa.pt\/biblioteca\/wp-content\/uploads\/2023\/01\/pfonseca.jpg\" class=\"image-cover wp-post-image\" alt=\"\" srcset=\"https:\/\/www.iseg.ulisboa.pt\/biblioteca\/wp-content\/uploads\/2023\/01\/pfonseca.jpg 1080w, https:\/\/www.iseg.ulisboa.pt\/biblioteca\/wp-content\/uploads\/2023\/01\/pfonseca-300x300.jpg 300w, https:\/\/www.iseg.ulisboa.pt\/biblioteca\/wp-content\/uploads\/2023\/01\/pfonseca-150x150.jpg 150w\" sizes=\"(max-width: 1080px) 100vw, 1080px\" \/>                    <\/a>\n                    <a href=\"https:\/\/www.iseg.ulisboa.pt\/en\/professional_staff\/paulo-fonseca\/\" class=\"faculty-item__name\">Paulo Fonseca<\/a>\n                    <div class=\"faculty-item__job\">Senior Technician<\/div>\n                                        <a class=\"faculty-item__email\" href=\"mailto:pfonseca@iseg.ulisboa.pt\">pfonseca@iseg.ulisboa.pt<\/a>\n                    <br>\n                                                        <\/div>\n\n\t\t\t\t\t<\/div>\n    <\/div>\n<\/section>","protected":false},"excerpt":{"rendered":"*Special Hours: Easter Week: Closed the Saturday before Easter and the Saturday after. Summer (15 July to 15 September): Closed on Saturdays. Christmas week: Closed [...]","protected":false},"author":2,"featured_media":0,"parent":0,"menu_order":1,"comment_status":"closed","ping_status":"closed","template":"tpl-page-blocks.php","meta":{"inline_featured_image":false,"_uag_custom_page_level_css":"","footnotes":""},"acf":[],"uagb_featured_image_src":{"full":false,"thumbnail":false,"medium":false,"medium_large":false,"large":false,"1536x1536":false,"2048x2048":false,"trp-custom-language-flag":false},"uagb_author_info":{"display_name":"Major","author_link":"https:\/\/www.iseg.ulisboa.pt\/biblioteca\/en\/author\/leihla\/"},"uagb_comment_info":0,"uagb_excerpt":"*Hor\u00e1rios Especiais: Semana da P\u00e1scoa: Encerramento no s\u00e1bado anterior \u00e0 P\u00e1scoa e no s\u00e1bado seguinte. Ver\u00e3o (15 de julho a 15 de setembro): Encerramento aos s\u00e1bados. Semana de Natal: Encerramento&nbsp;[...]","_links":{"self":[{"href":"https:\/\/www.iseg.ulisboa.pt\/biblioteca\/en\/wp-json\/wp\/v2\/pages\/110"}],"collection":[{"href":"https:\/\/www.iseg.ulisboa.pt\/biblioteca\/en\/wp-json\/wp\/v2\/pages"}],"about":[{"href":"https:\/\/www.iseg.ulisboa.pt\/biblioteca\/en\/wp-json\/wp\/v2\/types\/page"}],"author":[{"embeddable":true,"href":"https:\/\/www.iseg.ulisboa.pt\/biblioteca\/en\/wp-json\/wp\/v2\/users\/2"}],"replies":[{"embeddable":true,"href":"https:\/\/www.iseg.ulisboa.pt\/biblioteca\/en\/wp-json\/wp\/v2\/comments?post=110"}],"version-history":[{"count":111,"href":"https:\/\/www.iseg.ulisboa.pt\/biblioteca\/en\/wp-json\/wp\/v2\/pages\/110\/revisions"}],"predecessor-version":[{"id":5419,"href":"https:\/\/www.iseg.ulisboa.pt\/biblioteca\/en\/wp-json\/wp\/v2\/pages\/110\/revisions\/5419"}],"wp:attachment":[{"href":"https:\/\/www.iseg.ulisboa.pt\/biblioteca\/en\/wp-json\/wp\/v2\/media?parent=110"}],"curies":[{"name":"wp","href":"https:\/\/api.w.org\/{rel}","templated":true}]}}