{"id":113,"date":"2023-01-22T15:00:29","date_gmt":"2023-01-22T15:00:29","guid":{"rendered":"https:\/\/www.iseg.ulisboa.pt\/biblioteca\/?page_id=113"},"modified":"2023-10-25T14:17:26","modified_gmt":"2023-10-25T14:17:26","slug":"services","status":"publish","type":"page","link":"https:\/\/www.iseg.ulisboa.pt\/biblioteca\/en\/information\/services\/","title":{"rendered":"Services"},"content":{"rendered":"<p class=\"has-large-font-size\">The library promotes the collection, processing, and dissemination of bibliographic information, support for pedagogical and scientific actions, and the promotion of exchanges with similar national, foreign and international entities.<\/p>\n\n\n\n<div class=\"wp-block-pb-accordion-item c-accordion__item js-accordion-item no-js\" data-initially-open=\"false\" data-click-to-close=\"true\" data-auto-close=\"true\" data-scroll=\"false\" data-scroll-offset=\"0\"><h3 id=\"at-1130\" class=\"c-accordion__title js-accordion-controller\" role=\"button\">Services<\/h3><div id=\"ac-1130\" class=\"c-accordion__content\">\n<p>ISEG&#039;s library provides different types of services, which, for the purpose of providing external services, are divided into three (3) groups:<\/p>\n\n\n\n<figure class=\"wp-block-table block-table-studyplan has-iseg-pink-thead\"><table class=\"has-fixed-layout\"><thead><tr><th class=\"has-text-align-left\" data-align=\"left\">Group 1<\/th><\/tr><\/thead><tbody><tr><td class=\"has-text-align-left\" data-align=\"left\">\u2013 Information Search<\/td><\/tr><tr><td class=\"has-text-align-left\" data-align=\"left\">\u2013 Provision of bibliographical references<\/td><\/tr><tr><td class=\"has-text-align-left\" data-align=\"left\">\u2013 Statistical information<\/td><\/tr><tr><td class=\"has-text-align-left\" data-align=\"left\">\u2013 Journal articles<\/td><\/tr><tr><td class=\"has-text-align-left\" data-align=\"left\">The prices for these services are fixed annually by the Presidency of ISEG upon proposal by the Library.<\/td><\/tr><\/tbody><\/table><\/figure>\n\n\n\n<figure class=\"wp-block-table block-table-studyplan has-iseg-yellow-thead\"><table class=\"has-fixed-layout\"><thead><tr><th class=\"has-text-align-left\" data-align=\"left\">Group 2<\/th><\/tr><\/thead><tbody><tr><td class=\"has-text-align-left\" data-align=\"left\">\u2013 Loan of monographs&nbsp;<\/td><\/tr><tr><td class=\"has-text-align-left\" data-align=\"left\">\u2013 Thematic bibliographies&nbsp;<\/td><\/tr><tr><td class=\"has-text-align-left\" data-align=\"left\">These services can only be provided upon payment of a subscription to the library, valid for one year and renewable at the end of that period. The respective amount is fixed annually. Each external user cannot be loaned more than two (2) works simultaneously, and the loan term cannot exceed eight (8) days.<\/td><\/tr><\/tbody><\/table><\/figure>\n\n\n\n<figure class=\"wp-block-table block-table-studyplan has-iseg-blue-thead\"><table class=\"has-fixed-layout\"><thead><tr><th class=\"has-text-align-left\" data-align=\"left\">Group 3<\/th><\/tr><\/thead><tbody><tr><td class=\"has-text-align-left\" data-align=\"left\">\u2013 Thematic bibliographies&nbsp;<\/td><\/tr><tr><td class=\"has-text-align-left\" data-align=\"left\">\u2013 Technical assistance to other institutions&nbsp;<\/td><\/tr><tr><td class=\"has-text-align-left\" data-align=\"left\">\u2013 Training in the areas of librarianship and information management&nbsp;<\/td><\/tr><tr><td class=\"has-text-align-left\" data-align=\"left\">The services provided in this group are subject to agreements and contracts.<\/td><\/tr><\/tbody><\/table><\/figure>\n\n\n\n<p><br>Service charge: \u20ac5.00<\/p>\n<\/div><\/div>\n\n\n\n<div class=\"wp-block-pb-accordion-item c-accordion__item js-accordion-item no-js\" data-initially-open=\"false\" data-click-to-close=\"true\" data-auto-close=\"true\" data-scroll=\"false\" data-scroll-offset=\"0\"><h3 id=\"at-1131\" class=\"c-accordion__title js-accordion-controller\" role=\"button\">Reader Card<\/h3><div id=\"ac-1131\" class=\"c-accordion__content\">\n<p>Library reader cards will be issued to ERASMUS students and external users.<\/p>\n\n\n\n<p>The reader&#039;s card can be obtained on the 2nd floor of the Library, requiring:<\/p>\n\n\n\n<ul>\n<li>Document proving registration (ERASMUS);&nbsp;<\/li>\n\n\n\n<li>Document proving that you were an ISEG student (alumni)<\/li>\n<\/ul>\n\n\n\n<figure class=\"wp-block-table\"><table><tbody><tr><td><strong>Price List<\/strong><\/td><td><\/td><\/tr><tr><td>External Reader Card<br>(If you choose this mode, you will have the status of Internal user.)<\/td><td>\u20ac100.00 \/year<\/td><\/tr><tr><td>New card (only applies in case of card loss)<\/td><td>10,00 \u20ac<\/td><\/tr><\/tbody><\/table><\/figure>\n<\/div><\/div>\n\n\n\n<div class=\"wp-block-pb-accordion-item c-accordion__item js-accordion-item no-js\" data-initially-open=\"false\" data-click-to-close=\"true\" data-auto-close=\"true\" data-scroll=\"false\" data-scroll-offset=\"0\"><h3 id=\"at-1132\" class=\"c-accordion__title js-accordion-controller\" role=\"button\">Interlibrary Loan<\/h3><div id=\"ac-1132\" class=\"c-accordion__content\">\n<p>The Interlibrary Loan (EIB) consists of the supply of works, which do not exist in the library fund, from other institutions, at the request of readers.<\/p>\n\n\n\n<p>The requisition and loan and return of works under the EIB is carried out on the 1st floor.<\/p>\n\n\n\n<p><a href=\"https:\/\/docs.google.com\/forms\/d\/1UOWd2njcB3tsW0bq1qYCPDoBkEt2OoAscHM6XtJHu9c\/viewform?edit_requested=true\">EIB form<\/a><\/p>\n\n\n\n<p><\/p>\n\n\n\n<figure class=\"wp-block-table\"><table><tbody><tr><td class=\"has-text-align-left\" data-align=\"left\"><strong>Price List<\/strong><\/td><td><\/td><\/tr><tr><td class=\"has-text-align-left\" data-align=\"left\">Interlibrary Loan <br>(Free for institutions with protocol)<\/td><td>25,00 \u20ac<\/td><\/tr><\/tbody><\/table><\/figure>\n\n\n\n<h2 class=\"wp-block-heading\"><a href=\"https:\/\/www.iseg.ulisboa.pt\/biblioteca\/en\/aquila\/unidade\/ddi\/sobre\/information\/emprestimo-interbibliotecas\/\"><\/a><\/h2>\n<\/div><\/div>","protected":false},"excerpt":{"rendered":"The library promotes the collection, processing, and dissemination of bibliographic information, support for pedagogical and scientific actions, and the promotion of exchanges with similar national, foreign and international entities.","protected":false},"author":2,"featured_media":0,"parent":83,"menu_order":4,"comment_status":"closed","ping_status":"closed","template":"","meta":{"inline_featured_image":false,"_uag_custom_page_level_css":"","footnotes":""},"acf":[],"uagb_featured_image_src":{"full":false,"thumbnail":false,"medium":false,"medium_large":false,"large":false,"1536x1536":false,"2048x2048":false,"trp-custom-language-flag":false},"uagb_author_info":{"display_name":"Major","author_link":"https:\/\/www.iseg.ulisboa.pt\/biblioteca\/en\/author\/leihla\/"},"uagb_comment_info":0,"uagb_excerpt":"A biblioteca, promove a recolha, tratamento e difus\u00e3o de informa\u00e7\u00e3o bibliogr\u00e1fica, apoio a a\u00e7\u00f5es de car\u00e1cter pedag\u00f3gico e cient\u00edfico e promo\u00e7\u00e3o do interc\u00e2mbio com organiza\u00e7\u00f5es cong\u00e9neres nacionais, estrangeiras e internacionais.","_links":{"self":[{"href":"https:\/\/www.iseg.ulisboa.pt\/biblioteca\/en\/wp-json\/wp\/v2\/pages\/113"}],"collection":[{"href":"https:\/\/www.iseg.ulisboa.pt\/biblioteca\/en\/wp-json\/wp\/v2\/pages"}],"about":[{"href":"https:\/\/www.iseg.ulisboa.pt\/biblioteca\/en\/wp-json\/wp\/v2\/types\/page"}],"author":[{"embeddable":true,"href":"https:\/\/www.iseg.ulisboa.pt\/biblioteca\/en\/wp-json\/wp\/v2\/users\/2"}],"replies":[{"embeddable":true,"href":"https:\/\/www.iseg.ulisboa.pt\/biblioteca\/en\/wp-json\/wp\/v2\/comments?post=113"}],"version-history":[{"count":43,"href":"https:\/\/www.iseg.ulisboa.pt\/biblioteca\/en\/wp-json\/wp\/v2\/pages\/113\/revisions"}],"predecessor-version":[{"id":1332,"href":"https:\/\/www.iseg.ulisboa.pt\/biblioteca\/en\/wp-json\/wp\/v2\/pages\/113\/revisions\/1332"}],"up":[{"embeddable":true,"href":"https:\/\/www.iseg.ulisboa.pt\/biblioteca\/en\/wp-json\/wp\/v2\/pages\/83"}],"wp:attachment":[{"href":"https:\/\/www.iseg.ulisboa.pt\/biblioteca\/en\/wp-json\/wp\/v2\/media?parent=113"}],"curies":[{"name":"wp","href":"https:\/\/api.w.org\/{rel}","templated":true}]}}