{"id":1218,"date":"2023-04-13T13:18:38","date_gmt":"2023-04-13T13:18:38","guid":{"rendered":"https:\/\/www.iseg.ulisboa.pt\/biblioteca\/?page_id=1218"},"modified":"2026-02-27T11:05:18","modified_gmt":"2026-02-27T11:05:18","slug":"loan-interlibraries-eib","status":"publish","type":"page","link":"https:\/\/www.iseg.ulisboa.pt\/biblioteca\/en\/information\/loan-interlibraries-eib\/","title":{"rendered":"Interlibrary Loan (EIB)"},"content":{"rendered":"<p>Interlibrary Loan (EIB) allows access to works that are not in the Francisco Pereira de Moura Library's collection, at the request of users, through co-operation with other national or international libraries.<\/p>\n\n\n\n<p>The service exclusively covers the loan of books for home consultation, in accordance with the conditions defined by the supplying library.<\/p>\n\n\n\n<div class=\"wp-block-pb-accordion-item c-accordion__item js-accordion-item no-js\" data-initially-open=\"false\" data-click-to-close=\"true\" data-auto-close=\"true\" data-scroll=\"false\" data-scroll-offset=\"0\"><h5 id=\"at-12180\" class=\"c-accordion__title js-accordion-controller\" role=\"button\"><strong>Who can apply<\/strong><\/h5><div id=\"ac-12180\" class=\"c-accordion__content\">\n<p>ISEG's internal users (students, teachers, researchers and staff), duly registered with the Library, can use the EIB service.<\/p>\n\n\n\n<p>Requests from external users are subject to analysis and authorisation.<\/p>\n<\/div><\/div>\n\n\n\n<div class=\"wp-block-pb-accordion-item c-accordion__item js-accordion-item no-js\" data-initially-open=\"false\" data-click-to-close=\"true\" data-auto-close=\"true\" data-scroll=\"false\" data-scroll-offset=\"0\"><h5 id=\"at-12181\" class=\"c-accordion__title js-accordion-controller\" role=\"button\"><strong>Procedure<\/strong><\/h5><div id=\"ac-12181\" class=\"c-accordion__content\">\n<p>The request must be made using the form available online<br>or by e-mail to <strong><a>biblioteca@iseg.ulisboa.pt<\/a><\/strong>.<\/p>\n\n\n\n<p>Works received under the EIB are requested, collected and returned at the library's service desks.<\/p>\n<\/div><\/div>\n\n\n\n<div class=\"wp-block-pb-accordion-item c-accordion__item js-accordion-item no-js\" data-initially-open=\"false\" data-click-to-close=\"true\" data-auto-close=\"true\" data-scroll=\"false\" data-scroll-offset=\"0\"><h5 id=\"at-12182\" class=\"c-accordion__title js-accordion-controller\" role=\"button\"><strong>Deadlines<\/strong><\/h5><div id=\"ac-12182\" class=\"c-accordion__content\">\n<p>Loan deadlines are set by the supplying library and must be strictly adhered to.<\/p>\n<\/div><\/div>\n\n\n\n<div class=\"wp-block-pb-accordion-item c-accordion__item js-accordion-item no-js\" data-initially-open=\"false\" data-click-to-close=\"true\" data-auto-close=\"true\" data-scroll=\"false\" data-scroll-offset=\"0\"><h5 id=\"at-12183\" class=\"c-accordion__title js-accordion-controller\" role=\"button\"><strong>Costs<\/strong><\/h5><div id=\"ac-12183\" class=\"c-accordion__content\">\n<p>The Interlibrary Loan service is free of charge for requests made to libraries with which ISEG has an active cooperation agreement.<\/p>\n\n\n\n<p>In other cases, there may be associated costs, defined by the lending library, and the user is informed in advance before the request is confirmed.<\/p>\n\n\n\n<p><\/p>\n\n\n\n<p><\/p>\n<\/div><\/div>\n\n\n\n<hr class=\"wp-block-separator has-alpha-channel-opacity\" \/>\n\n\n\n<h6 class=\"wp-block-heading\"><a rel=\"noreferrer noopener\" href=\"https:\/\/docs.google.com\/forms\/d\/1UOWd2njcB3tsW0bq1qYCPDoBkEt2OoAscHM6XtJHu9c\/\" target=\"_blank\"><strong>Form (EIB)<\/strong><\/a><\/h6>","protected":false},"excerpt":{"rendered":"O Empr\u00e9stimo Interbibliotecas (EIB) permite o acesso a obras que n\u00e3o existem no fundo documental da Biblioteca Francisco Pereira de Moura, mediante solicita\u00e7\u00e3o dos utilizadores, atrav\u00e9s de coopera\u00e7\u00e3o com outras&nbsp;[&#8230;]","protected":false},"author":37,"featured_media":0,"parent":83,"menu_order":1,"comment_status":"closed","ping_status":"closed","template":"","meta":{"inline_featured_image":false,"_uag_custom_page_level_css":"","footnotes":""},"acf":[],"uagb_featured_image_src":{"full":false,"thumbnail":false,"medium":false,"medium_large":false,"large":false,"1536x1536":false,"2048x2048":false,"trp-custom-language-flag":false},"uagb_author_info":{"display_name":"","author_link":"https:\/\/www.iseg.ulisboa.pt\/biblioteca\/en\/author\/"},"uagb_comment_info":0,"uagb_excerpt":"O Empr\u00e9stimo Interbibliotecas (EIB) permite o acesso a obras que n\u00e3o existem no fundo documental da Biblioteca Francisco Pereira de Moura, mediante solicita\u00e7\u00e3o dos utilizadores, atrav\u00e9s de coopera\u00e7\u00e3o com outras&nbsp;[...]","_links":{"self":[{"href":"https:\/\/www.iseg.ulisboa.pt\/biblioteca\/en\/wp-json\/wp\/v2\/pages\/1218"}],"collection":[{"href":"https:\/\/www.iseg.ulisboa.pt\/biblioteca\/en\/wp-json\/wp\/v2\/pages"}],"about":[{"href":"https:\/\/www.iseg.ulisboa.pt\/biblioteca\/en\/wp-json\/wp\/v2\/types\/page"}],"author":[{"embeddable":true,"href":"https:\/\/www.iseg.ulisboa.pt\/biblioteca\/en\/wp-json\/wp\/v2\/users\/37"}],"replies":[{"embeddable":true,"href":"https:\/\/www.iseg.ulisboa.pt\/biblioteca\/en\/wp-json\/wp\/v2\/comments?post=1218"}],"version-history":[{"count":17,"href":"https:\/\/www.iseg.ulisboa.pt\/biblioteca\/en\/wp-json\/wp\/v2\/pages\/1218\/revisions"}],"predecessor-version":[{"id":5405,"href":"https:\/\/www.iseg.ulisboa.pt\/biblioteca\/en\/wp-json\/wp\/v2\/pages\/1218\/revisions\/5405"}],"up":[{"embeddable":true,"href":"https:\/\/www.iseg.ulisboa.pt\/biblioteca\/en\/wp-json\/wp\/v2\/pages\/83"}],"wp:attachment":[{"href":"https:\/\/www.iseg.ulisboa.pt\/biblioteca\/en\/wp-json\/wp\/v2\/media?parent=1218"}],"curies":[{"name":"wp","href":"https:\/\/api.w.org\/{rel}","templated":true}]}}