{"id":205,"date":"2023-01-23T18:00:35","date_gmt":"2023-01-23T18:00:35","guid":{"rendered":"https:\/\/www.iseg.ulisboa.pt\/biblioteca\/?page_id=205"},"modified":"2026-04-21T13:38:07","modified_gmt":"2026-04-21T13:38:07","slug":"regulation","status":"publish","type":"page","link":"https:\/\/www.iseg.ulisboa.pt\/biblioteca\/en\/information\/regulation\/","title":{"rendered":"Regulation"},"content":{"rendered":"<h2 class=\"wp-block-heading\"><\/h2>\n\n\n\n<p class=\"has-text-align-left\">The Francisco Pereira de Moura Library is a space dedicated to study, learning and research. To ensure good conditions of use for everyone, the following rules must be respected:<\/p>\n\n\n\n<p><\/p>\n\n\n\n<h3 class=\"wp-block-heading has-iseg-red-color has-text-color\"><strong>Code of Conduct<\/strong><\/h3>\n\n\n\n<div class=\"wp-block-pb-accordion-item c-accordion__item js-accordion-item no-js\" data-initially-open=\"false\" data-click-to-close=\"true\" data-auto-close=\"true\" data-scroll=\"false\" data-scroll-offset=\"0\"><h5 id=\"at-2050\" class=\"c-accordion__title js-accordion-controller\" role=\"button\"><strong>Respect and coexistence<\/strong><\/h5><div id=\"ac-2050\" class=\"c-accordion__content\">\n<p>Maintain behaviour appropriate to the academic environment.<\/p>\n\n\n\n<p>Maintain silence and avoid unnecessary chatter or noise, especially in reading rooms.<\/p>\n\n\n\n<p>Switch your mobile phone to silent mode.<\/p>\n\n\n\n<p>Users who disturb the atmosphere may be asked to leave, in accordance with the Regulations.<\/p>\n<\/div><\/div>\n\n\n\n<div class=\"wp-block-pb-accordion-item c-accordion__item js-accordion-item no-js\" data-initially-open=\"false\" data-click-to-close=\"true\" data-auto-close=\"true\" data-scroll=\"false\" data-scroll-offset=\"0\"><h5 id=\"at-2051\" class=\"c-accordion__title js-accordion-controller\" role=\"button\"><strong>Study Places<\/strong><\/h5><div id=\"ac-2051\" class=\"c-accordion__content\">\n<p>Each user should occupy only one seat in the individual study areas.<\/p>\n\n\n\n<p>Seats cannot be reserved.<\/p>\n\n\n\n<p>Belongings left unattended for more than 30 minutes may be removed by library staff.<\/p>\n\n\n\n<p>The Library is not responsible for personal belongings left unattended.<\/p>\n<\/div><\/div>\n\n\n\n<div class=\"wp-block-pb-accordion-item c-accordion__item js-accordion-item no-js\" data-initially-open=\"false\" data-click-to-close=\"true\" data-auto-close=\"true\" data-scroll=\"false\" data-scroll-offset=\"0\"><h5 id=\"at-2052\" class=\"c-accordion__title js-accordion-controller\" role=\"button\"><strong>Space Organisation<\/strong><\/h5><div id=\"ac-2052\" class=\"c-accordion__content\">\n<p>No tables, chairs or furniture may be moved.<\/p>\n\n\n\n<p>Always follow the Library staff's instructions.<\/p>\n<\/div><\/div>\n\n\n\n<div class=\"wp-block-pb-accordion-item c-accordion__item js-accordion-item no-js\" data-initially-open=\"false\" data-click-to-close=\"true\" data-auto-close=\"true\" data-scroll=\"false\" data-scroll-offset=\"0\"><h5 id=\"at-2053\" class=\"c-accordion__title js-accordion-controller\" role=\"button\"><strong>Food and drink<\/strong><\/h5><div id=\"ac-2053\" class=\"c-accordion__content\">\n<p>No food or drink is allowed.<\/p>\n\n\n\n<p>Only bottled water is allowed.<\/p>\n<\/div><\/div>\n\n\n\n<div class=\"wp-block-pb-accordion-item c-accordion__item js-accordion-item no-js\" data-initially-open=\"false\" data-click-to-close=\"true\" data-auto-close=\"true\" data-scroll=\"false\" data-scroll-offset=\"0\"><h5 id=\"at-2054\" class=\"c-accordion__title js-accordion-controller\" role=\"button\"><strong>Return of Books<\/strong><\/h5><div id=\"ac-2054\" class=\"c-accordion__content\">\n<p>Don't return books directly to the shelves.<\/p>\n\n\n\n<p>After consultation, leave them in the identified return trolleys.<\/p>\n\n\n\n<p><strong>Note:<\/strong> For more details, please refer to the <a href=\"https:\/\/www.iseg.ulisboa.pt\/biblioteca\/wp-content\/uploads\/sites\/9\/2026\/04\/Regulamento-da-Biblioteca.pdf\">regulation<\/a> fully available.<\/p>\n<\/div><\/div>\n\n\n\n<div style=\"height:100px\" aria-hidden=\"true\" class=\"wp-block-spacer\"><\/div>\n\n\n\n<div style=\"height:0px\" aria-hidden=\"true\" class=\"wp-block-spacer\"><\/div>\n\n\n\n<h3 class=\"wp-block-heading has-iseg-red-color has-text-color\"><strong>Loan<\/strong> Publications<\/h3>\n\n\n\n<div class=\"wp-block-pb-accordion-item c-accordion__item js-accordion-item no-js\" data-initially-open=\"false\" data-click-to-close=\"true\" data-auto-close=\"true\" data-scroll=\"false\" data-scroll-offset=\"0\"><h5 id=\"at-2055\" class=\"c-accordion__title js-accordion-controller\" role=\"button\"><strong>on-site loan<\/strong> <\/h5><div id=\"ac-2055\" class=\"c-accordion__content\">\n<p>It allows you to consult works on the library's premises, including publications that are not available for home loan, such as magazines, reference works, dictionaries and documents from the Reserved Fund.<\/p>\n<\/div><\/div>\n\n\n\n<div class=\"wp-block-pb-accordion-item c-accordion__item js-accordion-item no-js\" data-initially-open=\"false\" data-click-to-close=\"true\" data-auto-close=\"true\" data-scroll=\"false\" data-scroll-offset=\"0\"><h5 id=\"at-2056\" class=\"c-accordion__title js-accordion-controller\" role=\"button\"><strong>home loan&nbsp;<\/strong><\/h5><div id=\"ac-2056\" class=\"c-accordion__content\">\n<p>It allows you to borrow books for use outside the library for a specified period.<\/p>\n\n\n\n<p>It is available for:<\/p>\n\n\n\n<ul>\n<li>Students<\/li>\n\n\n\n<li>Teachers and researchers<\/li>\n\n\n\n<li>Alumni<\/li>\n\n\n\n<li>ISEG employees<\/li>\n\n\n\n<li>External users (subject to authorisation)<\/li>\n<\/ul>\n<\/div><\/div>\n\n\n\n<div class=\"wp-block-pb-accordion-item c-accordion__item js-accordion-item no-js\" data-initially-open=\"false\" data-click-to-close=\"true\" data-auto-close=\"true\" data-scroll=\"false\" data-scroll-offset=\"0\"><h5 id=\"at-2057\" class=\"c-accordion__title js-accordion-controller\" role=\"button\"><strong>Publications excluded from home loans<\/strong><\/h5><div id=\"ac-2057\" class=\"c-accordion__content\">\n<p>They cannot be requisitioned:<\/p>\n\n\n\n<ul>\n<li>Magazines and newspapers<\/li>\n\n\n\n<li>Encyclopaedias, atlases and other reference works<\/li>\n\n\n\n<li>Dictionaries<\/li>\n\n\n\n<li>Works from the Reserved Fund<\/li>\n<\/ul>\n<\/div><\/div>\n\n\n\n<div class=\"wp-block-pb-accordion-item c-accordion__item js-accordion-item no-js\" data-initially-open=\"false\" data-click-to-close=\"true\" data-auto-close=\"true\" data-scroll=\"false\" data-scroll-offset=\"0\"><h5 id=\"at-2058\" class=\"c-accordion__title js-accordion-controller\" role=\"button\"><strong>Categories of Works to Borrow<\/strong><\/h5><div id=\"ac-2058\" class=\"c-accordion__content\">\n<p>The collection is organised into two sections with different rules:<\/p>\n\n\n\n<p><strong>Didactic Library<\/strong><\/p>\n\n\n\n<p>It includes the works recommended in the bibliographies of ISEG curricular units. As these materials are in high demand, they have short loan periods.<\/p>\n\n\n\n<p><strong>General Library<\/strong><\/p>\n\n\n\n<p>It includes the rest of the library's collection, covering scientific and technical literature and classics in the fields of economics and management.<\/p>\n\n\n\n<div class=\"wp-block-pb-accordion-item c-accordion__item js-accordion-item no-js\" data-initially-open=\"false\" data-click-to-close=\"true\" data-auto-close=\"true\" data-scroll=\"false\" data-scroll-offset=\"0\"><h5 id=\"at-2059\" class=\"c-accordion__title js-accordion-controller\" role=\"button\">How to locate a book on the shelf<\/h5><div id=\"ac-2059\" class=\"c-accordion__content\">\n<ol>\n<li>Check the book quota in the catalogue.<\/li>\n\n\n\n<li>Go to the corresponding floor (e.g. letters HB - Floor 2, marked area).<\/li>\n\n\n\n<li>At the top of each shelf you'll find the start and end dimensions.<\/li>\n\n\n\n<li>Inside the bookcase, the books are organised by subject, author and date (ascending order).<\/li>\n<\/ol>\n\n\n\n<p><strong>Example of a quota:<\/strong> HC260.S9 E36 1976<\/p>\n\n\n\n<ul>\n<li>HC260.S9 - subject<\/li>\n\n\n\n<li>E36 - author<\/li>\n\n\n\n<li>1976 - year of publication<\/li>\n<\/ul>\n\n\n\n<p>For works located in ISEG - Deposit, ask the Library team for support.<\/p>\n<\/div><\/div>\n\n\n\n<div class=\"wp-block-pb-accordion-item c-accordion__item js-accordion-item no-js\" data-initially-open=\"false\" data-click-to-close=\"true\" data-auto-close=\"true\" data-scroll=\"false\" data-scroll-offset=\"0\"><h5 id=\"at-20510\" class=\"c-accordion__title js-accordion-controller\" role=\"button\"><strong>How to request a publication<\/strong><\/h5><div id=\"ac-20510\" class=\"c-accordion__content\">\n<p>To order a book:<\/p>\n\n\n\n<ul>\n<li>Go to the reception desk with the work you want.<\/li>\n\n\n\n<li>Present your user ID<\/li>\n<\/ul>\n<\/div><\/div>\n<\/div><\/div>\n\n\n\n<div class=\"wp-block-pb-accordion-item c-accordion__item js-accordion-item no-js\" data-initially-open=\"false\" data-click-to-close=\"true\" data-auto-close=\"true\" data-scroll=\"false\" data-scroll-offset=\"0\"><h5 id=\"at-20511\" class=\"c-accordion__title js-accordion-controller\" role=\"button\"><strong>How to locate a book on the shelf<\/strong><\/h5><div id=\"ac-20511\" class=\"c-accordion__content\">\n<ol>\n<li>Check the book quota in the catalogue.<\/li>\n\n\n\n<li>Go to the corresponding floor (e.g. letters HB - Floor 2, marked area).<\/li>\n\n\n\n<li>At the top of each shelf you'll find the start and end dimensions.<\/li>\n\n\n\n<li>Inside the bookcase, the books are organised by subject, author and date (ascending order).<\/li>\n<\/ol>\n\n\n\n<p><strong>Example of a quota:<\/strong> HC260.S9 E36 1976<\/p>\n\n\n\n<ul>\n<li>HC260.S9 - subject<\/li>\n\n\n\n<li>E36 - author<\/li>\n\n\n\n<li>1976 - year of publication<\/li>\n<\/ul>\n\n\n\n<p>For works located in ISEG - Deposit, ask the Library team for support.<\/p>\n<\/div><\/div>\n\n\n\n<div class=\"wp-block-pb-accordion-item c-accordion__item js-accordion-item no-js\" data-initially-open=\"false\" data-click-to-close=\"true\" data-auto-close=\"true\" data-scroll=\"false\" data-scroll-offset=\"0\"><h5 id=\"at-20512\" class=\"c-accordion__title js-accordion-controller\" role=\"button\"><strong>Loan periods and maximum number of publications<\/strong><\/h5><div id=\"ac-20512\" class=\"c-accordion__content\">\n<p>The duration of the loan varies according to the type of user and the collection.<\/p>\n\n\n\n<figure class=\"wp-block-table\"><table><thead><tr><th>User<\/th><th>Didactic Library<\/th><th>General Library<\/th><th>Maximum number of publications<\/th><\/tr><\/thead><tbody><tr><td>Licence<\/td><td>3 days<\/td><td>8 days<\/td><td>2<\/td><\/tr><tr><td>Masters \/ Postgraduate<\/td><td>3 days<\/td><td>15 days<\/td><td>4<\/td><\/tr><tr><td>Doctoral Programme<\/td><td>3 days<\/td><td>30 days<\/td><td>20<\/td><\/tr><tr><td>Teachers \/ Researchers<\/td><td>8 days<\/td><td>30 days<\/td><td>20<\/td><\/tr><tr><td>External users<\/td><td>1 day<\/td><td>8 days<\/td><td>2<\/td><\/tr><\/tbody><\/table><\/figure>\n\n\n\n<p><\/p>\n<\/div><\/div>\n\n\n\n<div class=\"wp-block-pb-accordion-item c-accordion__item js-accordion-item no-js\" data-initially-open=\"false\" data-click-to-close=\"true\" data-auto-close=\"true\" data-scroll=\"false\" data-scroll-offset=\"0\"><h5 id=\"at-20513\" class=\"c-accordion__title js-accordion-controller\" role=\"button\"><strong>Renovations<\/strong><\/h5><div id=\"ac-20513\" class=\"c-accordion__content\">\n<p>Renewals can be made:<\/p>\n\n\n\n<ul>\n<li>in the online catalogue,<\/li>\n\n\n\n<li>in person at the counter,<\/li>\n\n\n\n<li>or by e-mail: <a>biblio3@iseg.ulisboa.pt<\/a><\/li>\n<\/ul>\n\n\n\n<p>Renewals of works are not permitted:<\/p>\n\n\n\n<ul>\n<li>returned after the deadline,<\/li>\n\n\n\n<li>reserved by another user.<\/li>\n<\/ul>\n<\/div><\/div>\n\n\n\n<div class=\"wp-block-pb-accordion-item c-accordion__item js-accordion-item no-js\" data-initially-open=\"false\" data-click-to-close=\"true\" data-auto-close=\"true\" data-scroll=\"false\" data-scroll-offset=\"0\"><h5 id=\"at-20514\" class=\"c-accordion__title js-accordion-controller\" role=\"button\"><strong>User responsibility<\/strong><\/h5><div id=\"ac-20514\" class=\"c-accordion__content\">\n<p>The user is responsible for the work requested for the duration of the loan period.<br>In the event of loss or damage, the corresponding replacement or compensation may be demanded.<\/p>\n\n\n\n<p><strong>Note:<\/strong> For more details, please refer to the <a href=\"https:\/\/www.iseg.ulisboa.pt\/biblioteca\/wp-content\/uploads\/sites\/9\/2026\/04\/Regulamento-da-Biblioteca.pdf\">regulation<\/a> fully available.<\/p>\n<\/div><\/div>\n\n\n\n<div style=\"height:60px\" aria-hidden=\"true\" class=\"wp-block-spacer\"><\/div>\n\n\n\n<h3 class=\"wp-block-heading has-iseg-red-color has-text-color\"><strong>penalties<\/strong><\/h3>\n\n\n\n<div class=\"wp-block-pb-accordion-item c-accordion__item js-accordion-item no-js\" data-initially-open=\"false\" data-click-to-close=\"true\" data-auto-close=\"true\" data-scroll=\"false\" data-scroll-offset=\"0\"><h5 id=\"at-20515\" class=\"c-accordion__title js-accordion-controller\" role=\"button\"><strong>Late return<\/strong><\/h5><div id=\"ac-20515\" class=\"c-accordion__content\">\n<p>Up to 15 days late: temporary suspension of the right to requisition<\/p>\n\n\n\n<p>From the 16th day: suspension for 3 months<\/p>\n\n\n\n<p><\/p>\n<\/div><\/div>\n\n\n\n<div class=\"wp-block-pb-accordion-item c-accordion__item js-accordion-item no-js\" data-initially-open=\"false\" data-click-to-close=\"true\" data-auto-close=\"true\" data-scroll=\"false\" data-scroll-offset=\"0\"><h5 id=\"at-20516\" class=\"c-accordion__title js-accordion-controller\" role=\"button\"><strong>Loss, damage or theft<\/strong><\/h5><div id=\"ac-20516\" class=\"c-accordion__content\">\n<ul>\n<li>Requires replacement or compensation<\/li>\n\n\n\n<li>May lead to suspension of access to services<\/li>\n\n\n\n<li>Attempts to withdraw without request may lead to disciplinary proceedings<\/li>\n<\/ul>\n\n\n\n<p>Omissions are resolved in accordance with the Library Regulations.<\/p>\n\n\n\n<p><strong>Note:<\/strong> For more details, please refer to the <a href=\"https:\/\/www.iseg.ulisboa.pt\/biblioteca\/wp-content\/uploads\/sites\/9\/2026\/04\/Regulamento-da-Biblioteca.pdf\">regulation<\/a> fully available.<\/p>\n<\/div><\/div>","protected":false},"excerpt":{"rendered":"A Biblioteca Francisco Pereira de Moura \u00e9 um espa\u00e7o dedicado ao estudo, \u00e0 aprendizagem e \u00e0 investiga\u00e7\u00e3o. Para garantir boas condi\u00e7\u00f5es de utiliza\u00e7\u00e3o para todos, devem ser respeitadas as seguintes&nbsp;[&#8230;]","protected":false},"author":2,"featured_media":0,"parent":83,"menu_order":9,"comment_status":"closed","ping_status":"closed","template":"","meta":{"inline_featured_image":false,"_uag_custom_page_level_css":"","footnotes":""},"acf":[],"uagb_featured_image_src":{"full":false,"thumbnail":false,"medium":false,"medium_large":false,"large":false,"1536x1536":false,"2048x2048":false,"trp-custom-language-flag":false},"uagb_author_info":{"display_name":"Major","author_link":"https:\/\/www.iseg.ulisboa.pt\/biblioteca\/en\/author\/leihla\/"},"uagb_comment_info":0,"uagb_excerpt":"A Biblioteca Francisco Pereira de Moura \u00e9 um espa\u00e7o dedicado ao estudo, \u00e0 aprendizagem e \u00e0 investiga\u00e7\u00e3o. Para garantir boas condi\u00e7\u00f5es de utiliza\u00e7\u00e3o para todos, devem ser respeitadas as seguintes&nbsp;[...]","_links":{"self":[{"href":"https:\/\/www.iseg.ulisboa.pt\/biblioteca\/en\/wp-json\/wp\/v2\/pages\/205"}],"collection":[{"href":"https:\/\/www.iseg.ulisboa.pt\/biblioteca\/en\/wp-json\/wp\/v2\/pages"}],"about":[{"href":"https:\/\/www.iseg.ulisboa.pt\/biblioteca\/en\/wp-json\/wp\/v2\/types\/page"}],"author":[{"embeddable":true,"href":"https:\/\/www.iseg.ulisboa.pt\/biblioteca\/en\/wp-json\/wp\/v2\/users\/2"}],"replies":[{"embeddable":true,"href":"https:\/\/www.iseg.ulisboa.pt\/biblioteca\/en\/wp-json\/wp\/v2\/comments?post=205"}],"version-history":[{"count":81,"href":"https:\/\/www.iseg.ulisboa.pt\/biblioteca\/en\/wp-json\/wp\/v2\/pages\/205\/revisions"}],"predecessor-version":[{"id":5641,"href":"https:\/\/www.iseg.ulisboa.pt\/biblioteca\/en\/wp-json\/wp\/v2\/pages\/205\/revisions\/5641"}],"up":[{"embeddable":true,"href":"https:\/\/www.iseg.ulisboa.pt\/biblioteca\/en\/wp-json\/wp\/v2\/pages\/83"}],"wp:attachment":[{"href":"https:\/\/www.iseg.ulisboa.pt\/biblioteca\/en\/wp-json\/wp\/v2\/media?parent=205"}],"curies":[{"name":"wp","href":"https:\/\/api.w.org\/{rel}","templated":true}]}}