{"id":207,"date":"2023-01-23T18:01:06","date_gmt":"2023-01-23T18:01:06","guid":{"rendered":"https:\/\/www.iseg.ulisboa.pt\/biblioteca\/?page_id=207"},"modified":"2026-04-30T17:50:01","modified_gmt":"2026-04-30T17:50:01","slug":"user-training","status":"publish","type":"page","link":"https:\/\/www.iseg.ulisboa.pt\/biblioteca\/en\/information\/user-training\/","title":{"rendered":"User Training"},"content":{"rendered":"<p><\/p>\n\n\n\n<p class=\"has-text-align-left has-huge-font-size\"><strong><mark style=\"background-color:#ffffff\" class=\"has-inline-color has-iseg-red-color\">April 2026<\/mark><\/strong><\/p>\n\n\n\n<div class=\"wp-block-group\"><div class=\"wp-block-group__inner-container is-layout-constrained wp-block-group-is-layout-constrained\">\n<div class=\"wp-block-columns is-layout-flex wp-container-core-columns-is-layout-1 wp-block-columns-is-layout-flex\">\n<div class=\"wp-block-column is-layout-flow wp-block-column-is-layout-flow\" style=\"flex-basis:100%\">\n<div class=\"wp-block-group\"><div class=\"wp-block-group__inner-container is-layout-constrained wp-block-group-is-layout-constrained\">\n<div class=\"wp-block-group\"><div class=\"wp-block-group__inner-container is-layout-constrained wp-block-group-is-layout-constrained\">\n<figure class=\"wp-block-table block-table-studyplan has-iseg-red-thead\"><table><thead><tr><th>1\\Data<\/th><th>Training programme<\/th><th>Modality<\/th><th>Enrollment<\/th><th>Agenda<\/th><\/tr><\/thead><tbody><tr><td>28\/04\/2026, <br>14H00-15H00<\/td><td>Perguntas frequentes sobre a gest\u00e3o de perfis de investigadores (PT)<\/td><td>Online<\/td><td>closed<\/td><td><a href=\"https:\/\/www.iseg.ulisboa.pt\/biblioteca\/wp-content\/uploads\/sites\/9\/2026\/04\/Mendeley-Reference-Manager-16.png\" data-type=\"attachment\" data-id=\"5601\">Agenda<\/a><\/td><\/tr><tr><td>29\/04\/2026, <br>14H00-15H00<\/td><td>Analyse an institution's publications with Web of Science<\/td><td>Online<\/td><td>closed<\/td><td><a href=\"https:\/\/www.iseg.ulisboa.pt\/biblioteca\/wp-content\/uploads\/sites\/9\/2026\/04\/Mendeley-Reference-Manager-15.png\" data-type=\"attachment\" data-id=\"5602\">Agenda<\/a><\/td><\/tr><\/tbody><\/table><\/figure>\n<\/div><\/div>\n<\/div><\/div>\n<\/div>\n<\/div>\n<\/div><\/div>\n\n\n\n<p class=\"has-small-font-size\"><strong>Training on Demand<\/strong>&nbsp;\u2013 Intended for internal users (can be requested by students, faculty, and researchers) of ISEG, and aims to promote the optimization of electronic resources subscribed to by ISEG. Sessions vary in duration and number of participants. To request these sessions, please send an email to&nbsp;<a href=\"mailto:formacaobib@iseg.ulisboa.pt\">formacaobib@iseg.ulisboa.pt<\/a>.<\/p>","protected":false},"excerpt":{"rendered":"Abril 2026 1\\DataA\u00e7\u00e3o de forma\u00e7\u00e3oModalidadeInscri\u00e7\u00e3oAgenda28\/04\/2026, 14H00-15H00Perguntas frequentes sobre a administra\u00e7\u00e3o de perfis de investigadores (PT)OnlineEncerradaAgenda29\/04\/2026, 14H00-15H00Analisar as publica\u00e7\u00f5es de uma institui\u00e7\u00e3o com a Web of Science&nbsp;(PT)OnlineEncerradaAgenda Forma\u00e7\u00e3o a pedido&nbsp;\u2013 destina-se&nbsp;[&#8230;]","protected":false},"author":2,"featured_media":0,"parent":83,"menu_order":10,"comment_status":"closed","ping_status":"closed","template":"","meta":{"inline_featured_image":false,"_uag_custom_page_level_css":"","footnotes":""},"acf":[],"uagb_featured_image_src":{"full":false,"thumbnail":false,"medium":false,"medium_large":false,"large":false,"1536x1536":false,"2048x2048":false,"trp-custom-language-flag":false},"uagb_author_info":{"display_name":"Major","author_link":"https:\/\/www.iseg.ulisboa.pt\/biblioteca\/en\/author\/leihla\/"},"uagb_comment_info":0,"uagb_excerpt":"Abril 2026 1\\DataA\u00e7\u00e3o de forma\u00e7\u00e3oModalidadeInscri\u00e7\u00e3oAgenda28\/04\/2026, 14H00-15H00Perguntas frequentes sobre a administra\u00e7\u00e3o de perfis de investigadores (PT)OnlineEncerradaAgenda29\/04\/2026, 14H00-15H00Analisar as publica\u00e7\u00f5es de uma institui\u00e7\u00e3o com a Web of Science&nbsp;(PT)OnlineEncerradaAgenda Forma\u00e7\u00e3o a pedido&nbsp;\u2013 destina-se&nbsp;[...]","_links":{"self":[{"href":"https:\/\/www.iseg.ulisboa.pt\/biblioteca\/en\/wp-json\/wp\/v2\/pages\/207"}],"collection":[{"href":"https:\/\/www.iseg.ulisboa.pt\/biblioteca\/en\/wp-json\/wp\/v2\/pages"}],"about":[{"href":"https:\/\/www.iseg.ulisboa.pt\/biblioteca\/en\/wp-json\/wp\/v2\/types\/page"}],"author":[{"embeddable":true,"href":"https:\/\/www.iseg.ulisboa.pt\/biblioteca\/en\/wp-json\/wp\/v2\/users\/2"}],"replies":[{"embeddable":true,"href":"https:\/\/www.iseg.ulisboa.pt\/biblioteca\/en\/wp-json\/wp\/v2\/comments?post=207"}],"version-history":[{"count":459,"href":"https:\/\/www.iseg.ulisboa.pt\/biblioteca\/en\/wp-json\/wp\/v2\/pages\/207\/revisions"}],"predecessor-version":[{"id":5653,"href":"https:\/\/www.iseg.ulisboa.pt\/biblioteca\/en\/wp-json\/wp\/v2\/pages\/207\/revisions\/5653"}],"up":[{"embeddable":true,"href":"https:\/\/www.iseg.ulisboa.pt\/biblioteca\/en\/wp-json\/wp\/v2\/pages\/83"}],"wp:attachment":[{"href":"https:\/\/www.iseg.ulisboa.pt\/biblioteca\/en\/wp-json\/wp\/v2\/media?parent=207"}],"curies":[{"name":"wp","href":"https:\/\/api.w.org\/{rel}","templated":true}]}}