{"id":331,"date":"2023-01-24T17:41:48","date_gmt":"2023-01-24T17:41:48","guid":{"rendered":"https:\/\/www.iseg.ulisboa.pt\/biblioteca\/?page_id=331"},"modified":"2023-04-20T15:53:31","modified_gmt":"2023-04-20T15:53:31","slug":"collection","status":"publish","type":"page","link":"https:\/\/www.iseg.ulisboa.pt\/biblioteca\/en\/resources\/collection\/","title":{"rendered":"The collection"},"content":{"rendered":"<p class=\"has-large-font-size\">The Francisco Pereira de Moura Library is ISEG's bibliographic resource centre. Owing to its history, rich content, the thematic diversity of its collection (encompassing all scientific areas),  and the fact that it is constantly updated, this collection can be considered to be the most important University Library in the country in the fields of economics and business.<\/p>\n\n\n\n<p>To search any publication, whatever the subject,&nbsp; <a href=\"https:\/\/catalogo-iseg.biblioteca.ulisboa.pt\/\" target=\"_blank\" rel=\"noreferrer noopener\">catalog query<\/a>is always recommended on the institutional website or, in case of difficulty, request support from the services.&nbsp;<\/p>\n\n\n\n<p>All publications made available in open access are classified according to the US Congress Library Classification Plan.&nbsp;<\/p>\n\n\n\n<p>&nbsp;In the particular case of the ISEG Library, being the main collection of works in the areas of Economics, Finance, Management and related Social Sciences, almost all of the collection is classified as Class H \u2013 Social Sciences. A summary of the classification of this class (class H) is presented below.<\/p>\n\n\n\n<p><\/p>\n\n\n\n<figure class=\"wp-block-table\"><table><tbody><tr><td><strong>Classification<\/strong><\/td><td><strong>Areas<\/strong><\/td><td><strong>Floor<\/strong><\/td><\/tr><tr><td>H1-H99<\/td><td>Social Sciences (General)<\/td><td>2<\/td><\/tr><tr><td>HA1-HA4737<\/td><td>Social Statistics (General)<\/td><td>2<\/td><\/tr><tr><td>HB1-HB3840<\/td><td>Economics-Economic Theory<\/td><td>2<\/td><\/tr><tr><td>HC10-HC1085<\/td><td>Economic History and Conditions (General)<\/td><td>2<\/td><\/tr><tr><td>HD28-HD9999<\/td><td>Economic History and Conditions-Sectors<\/td><td>2<\/td><\/tr><tr><td>HE1-HE9900<\/td><td>Transport and Communications<\/td><td>2<\/td><\/tr><tr><td>HF1-HF6182<\/td><td>Business<\/td><td>2<\/td><\/tr><tr><td>HG1-HG9999<\/td><td>finance<\/td><td>2<\/td><\/tr><tr><td>HJ9-HJ9995<\/td><td>Public finances<\/td><td>3<\/td><\/tr><tr><td>HM1-HM299<\/td><td>Sociology<\/td><td>3<\/td><\/tr><tr><td>HN1-HN991<\/td><td>Social History, Social Conditions<\/td><td>3<\/td><\/tr><tr><td>HQ1-HQ2044<\/td><td>Family, Marriage, Women<\/td><td>3<\/td><\/tr><tr><td>HS1-HS3369<\/td><td>Associations, Societies<\/td><td>3<\/td><\/tr><tr><td>HT51-HT1595<\/td><td>Communities, Social Classes, Races<\/td><td>3<\/td><\/tr><tr><td>HV1-HV9960<\/td><td>Social Work, Social Pathology<\/td><td>3<\/td><\/tr><tr><td>HX1-HX970.7<\/td><td>Socialism, Communism, Anarchism<\/td><td>3<\/td><\/tr><\/tbody><\/table><\/figure>","protected":false},"excerpt":{"rendered":"A Biblioteca Francisco Pereira de Moura \u00e9 o centro de recursos bibliogr\u00e1ficos do ISEG. Pela sua hist\u00f3ria, riqueza e diversidade tem\u00e1tica do seu esp\u00f3lio (englobando todas as \u00e1reas cient\u00edficas) e&nbsp;[&#8230;]","protected":false},"author":2,"featured_media":1674,"parent":1024,"menu_order":0,"comment_status":"closed","ping_status":"closed","template":"","meta":{"inline_featured_image":false,"_uag_custom_page_level_css":"","footnotes":""},"acf":[],"uagb_featured_image_src":{"full":["https:\/\/www.iseg.ulisboa.pt\/biblioteca\/wp-content\/uploads\/sites\/9\/2023\/04\/Design-sem-nome-2023-04-20T164940.621.jpg",1600,800,false],"thumbnail":["https:\/\/www.iseg.ulisboa.pt\/biblioteca\/wp-content\/uploads\/sites\/9\/2023\/04\/Design-sem-nome-2023-04-20T164940.621-150x150.jpg",150,150,true],"medium":["https:\/\/www.iseg.ulisboa.pt\/biblioteca\/wp-content\/uploads\/sites\/9\/2023\/04\/Design-sem-nome-2023-04-20T164940.621-300x150.jpg",300,150,true],"medium_large":["https:\/\/www.iseg.ulisboa.pt\/biblioteca\/wp-content\/uploads\/sites\/9\/2023\/04\/Design-sem-nome-2023-04-20T164940.621.jpg",768,384,false],"large":["https:\/\/www.iseg.ulisboa.pt\/biblioteca\/wp-content\/uploads\/sites\/9\/2023\/04\/Design-sem-nome-2023-04-20T164940.621.jpg",1024,512,false],"1536x1536":["https:\/\/www.iseg.ulisboa.pt\/biblioteca\/wp-content\/uploads\/sites\/9\/2023\/04\/Design-sem-nome-2023-04-20T164940.621-1536x768.jpg",1536,768,true],"2048x2048":["https:\/\/www.iseg.ulisboa.pt\/biblioteca\/wp-content\/uploads\/sites\/9\/2023\/04\/Design-sem-nome-2023-04-20T164940.621.jpg",1600,800,false],"trp-custom-language-flag":["https:\/\/www.iseg.ulisboa.pt\/biblioteca\/wp-content\/uploads\/sites\/9\/2023\/04\/Design-sem-nome-2023-04-20T164940.621-18x9.jpg",18,9,true]},"uagb_author_info":{"display_name":"Major","author_link":"https:\/\/www.iseg.ulisboa.pt\/biblioteca\/en\/author\/leihla\/"},"uagb_comment_info":0,"uagb_excerpt":"A Biblioteca Francisco Pereira de Moura \u00e9 o centro de recursos bibliogr\u00e1ficos do ISEG. Pela sua hist\u00f3ria, riqueza e diversidade tem\u00e1tica do seu esp\u00f3lio (englobando todas as \u00e1reas cient\u00edficas) e&nbsp;[...]","_links":{"self":[{"href":"https:\/\/www.iseg.ulisboa.pt\/biblioteca\/en\/wp-json\/wp\/v2\/pages\/331"}],"collection":[{"href":"https:\/\/www.iseg.ulisboa.pt\/biblioteca\/en\/wp-json\/wp\/v2\/pages"}],"about":[{"href":"https:\/\/www.iseg.ulisboa.pt\/biblioteca\/en\/wp-json\/wp\/v2\/types\/page"}],"author":[{"embeddable":true,"href":"https:\/\/www.iseg.ulisboa.pt\/biblioteca\/en\/wp-json\/wp\/v2\/users\/2"}],"replies":[{"embeddable":true,"href":"https:\/\/www.iseg.ulisboa.pt\/biblioteca\/en\/wp-json\/wp\/v2\/comments?post=331"}],"version-history":[{"count":9,"href":"https:\/\/www.iseg.ulisboa.pt\/biblioteca\/en\/wp-json\/wp\/v2\/pages\/331\/revisions"}],"predecessor-version":[{"id":1809,"href":"https:\/\/www.iseg.ulisboa.pt\/biblioteca\/en\/wp-json\/wp\/v2\/pages\/331\/revisions\/1809"}],"up":[{"embeddable":true,"href":"https:\/\/www.iseg.ulisboa.pt\/biblioteca\/en\/wp-json\/wp\/v2\/pages\/1024"}],"wp:featuredmedia":[{"embeddable":true,"href":"https:\/\/www.iseg.ulisboa.pt\/biblioteca\/en\/wp-json\/wp\/v2\/media\/1674"}],"wp:attachment":[{"href":"https:\/\/www.iseg.ulisboa.pt\/biblioteca\/en\/wp-json\/wp\/v2\/media?parent=331"}],"curies":[{"name":"wp","href":"https:\/\/api.w.org\/{rel}","templated":true}]}}