{"id":4449,"date":"2025-07-28T14:58:03","date_gmt":"2025-07-28T14:58:03","guid":{"rendered":"https:\/\/www.iseg.ulisboa.pt\/biblioteca\/?page_id=4449"},"modified":"2025-07-28T17:34:42","modified_gmt":"2025-07-28T17:34:42","slug":"bloomberg","status":"publish","type":"page","link":"https:\/\/www.iseg.ulisboa.pt\/biblioteca\/en\/resources\/data-base\/bloomberg\/","title":{"rendered":"Bloomberg"},"content":{"rendered":"<p>Bloomberg is one of the most comprehensive and recognised financial databases in the world, <strong>available for consultation in person at ISEG<\/strong>. Through the Bloomberg Terminal, users have access to real-time information on financial markets, companies, economic indicators, news, analyses, graphs and advanced decision support tools.<\/p>\n\n\n\n<p>ISEG offers the largest <strong>Bloomberg Laboratory<\/strong> of the Iberian Peninsula, with 21 state-of-the-art terminals installed on Floor 2 of the Quelhas Building.<\/p>\n\n\n\n<ul><\/ul>\n\n\n\n<p><strong>Bloomberg Lab timetable:<\/strong><\/p>\n\n\n\n<ul>\n<li><strong>Working days<\/strong>: 08h00 - 23h30<\/li>\n\n\n\n<li><strong>Saturdays<\/strong>: 08h00 - 13h30<\/li>\n\n\n\n<li><strong>Sundays and public holidays<\/strong>: Closed<\/li>\n<\/ul>\n\n\n\n<p>In addition to the main laboratory, students can also access 3 Bloomberg Terminals in the <strong>Computer room <\/strong>(Francesinhas 2), expanding the opportunities for using the platform.<\/p>\n\n\n\n<p><strong>Computer room hours:<\/strong><\/p>\n\n\n\n<ul>\n<li><strong>Working days<\/strong>: 08h00 - 23h00<\/li>\n\n\n\n<li><strong>Saturdays and Sundays<\/strong>: 10h00 - 18h00<\/li>\n\n\n\n<li><strong>Bank Holidays<\/strong>: Closed<\/li>\n<\/ul>\n\n\n\n<p><strong>Bloomberg certifications<\/strong><\/p>\n\n\n\n<p>Bloomberg offers online courses with certification, designed to strengthen skills in the financial area and enhance students' academic and professional profiles. These courses are interactive, self-explanatory and flexible in pace, allowing you to deepen your knowledge in the following areas:<\/p>\n\n\n\n<ul>\n<li><strong>Bloomberg Finance Fundamentals (BFF):<\/strong> Introduction to the key concepts of finance and investment.<\/li>\n\n\n\n<li><strong>Bloomberg Market Concepts (BMC):<\/strong> Overview of the financial markets and the principles that guide them.<\/li>\n\n\n\n<li><strong>ESG - Environmental, Social and Governance:<\/strong> Fundamentals of sustainable investment and ESG reporting practices.<\/li>\n\n\n\n<li><strong>Bloomberg Spreadsheet Analysis:<\/strong> Application of Bloomberg Query Language (BQL) in Excel to analyse financial data.<\/li>\n<\/ul>\n\n\n\n<p>Each course offers a <strong>certificate of completion<\/strong>, which can be included in the CV, LinkedIn or professional application.<\/p>\n\n\n\n<p>\ud83d\udd17 More information and registration: <a class=\"\" href=\"https:\/\/portal.bloombergforeducation.com\/certifications\">portal.bloombergforeducation.com\/certifications<\/a><\/p>\n\n\n\n<p><strong>Library support<\/strong><\/p>\n\n\n\n<p>The ISEG Library has created guides and tutorials to help you use the Bloomberg Terminal and prepare for the courses, available online and in person.<\/p>\n\n\n\n<ul>\n<li>Access the guide here: <a class=\"\" href=\"https:\/\/iseg.libguides.com\/c.php?g=706839&amp;p=5092991\">Bloomberg Guide - ISEG Library<\/a><\/li>\n\n\n\n<li>Tutorial available soon<\/li>\n<\/ul>","protected":false},"excerpt":{"rendered":"A Bloomberg \u00e9 uma das bases de dados financeiras mais completas e reconhecidas mundialmente, dispon\u00edvel para consulta presencial no ISEG. Atrav\u00e9s do Terminal Bloomberg, os utilizadores t\u00eam acesso a informa\u00e7\u00e3o&nbsp;[&#8230;]","protected":false},"author":5,"featured_media":0,"parent":55,"menu_order":0,"comment_status":"closed","ping_status":"closed","template":"","meta":{"inline_featured_image":false,"_uag_custom_page_level_css":"","footnotes":""},"acf":[],"uagb_featured_image_src":{"full":false,"thumbnail":false,"medium":false,"medium_large":false,"large":false,"1536x1536":false,"2048x2048":false,"trp-custom-language-flag":false},"uagb_author_info":{"display_name":"diogoalmeida","author_link":"https:\/\/www.iseg.ulisboa.pt\/biblioteca\/en\/author\/diogoalmeida\/"},"uagb_comment_info":0,"uagb_excerpt":"A Bloomberg \u00e9 uma das bases de dados financeiras mais completas e reconhecidas mundialmente, dispon\u00edvel para consulta presencial no ISEG. Atrav\u00e9s do Terminal Bloomberg, os utilizadores t\u00eam acesso a informa\u00e7\u00e3o&nbsp;[...]","_links":{"self":[{"href":"https:\/\/www.iseg.ulisboa.pt\/biblioteca\/en\/wp-json\/wp\/v2\/pages\/4449"}],"collection":[{"href":"https:\/\/www.iseg.ulisboa.pt\/biblioteca\/en\/wp-json\/wp\/v2\/pages"}],"about":[{"href":"https:\/\/www.iseg.ulisboa.pt\/biblioteca\/en\/wp-json\/wp\/v2\/types\/page"}],"author":[{"embeddable":true,"href":"https:\/\/www.iseg.ulisboa.pt\/biblioteca\/en\/wp-json\/wp\/v2\/users\/5"}],"replies":[{"embeddable":true,"href":"https:\/\/www.iseg.ulisboa.pt\/biblioteca\/en\/wp-json\/wp\/v2\/comments?post=4449"}],"version-history":[{"count":10,"href":"https:\/\/www.iseg.ulisboa.pt\/biblioteca\/en\/wp-json\/wp\/v2\/pages\/4449\/revisions"}],"predecessor-version":[{"id":4472,"href":"https:\/\/www.iseg.ulisboa.pt\/biblioteca\/en\/wp-json\/wp\/v2\/pages\/4449\/revisions\/4472"}],"up":[{"embeddable":true,"href":"https:\/\/www.iseg.ulisboa.pt\/biblioteca\/en\/wp-json\/wp\/v2\/pages\/55"}],"wp:attachment":[{"href":"https:\/\/www.iseg.ulisboa.pt\/biblioteca\/en\/wp-json\/wp\/v2\/media?parent=4449"}],"curies":[{"name":"wp","href":"https:\/\/api.w.org\/{rel}","templated":true}]}}