{"id":4452,"date":"2025-07-28T15:00:24","date_gmt":"2025-07-28T15:00:24","guid":{"rendered":"https:\/\/www.iseg.ulisboa.pt\/biblioteca\/?page_id=4452"},"modified":"2025-07-28T18:02:48","modified_gmt":"2025-07-28T18:02:48","slug":"eikon-and-datastream","status":"publish","type":"page","link":"https:\/\/www.iseg.ulisboa.pt\/biblioteca\/en\/resources\/data-base\/eikon-and-datastream\/","title":{"rendered":"Eikon and Datastream"},"content":{"rendered":"<p>Eikon &amp; Datastream, from the LSEG (London Stock Exchange Group), is one of the most advanced financial databases on the market, <strong>available for consultation in person at ISEG<\/strong>. This platform provides access to real-time financial data, historical series, economic indicators, company data, sector analyses, news and visualisation and modelling tools.<\/p>\n\n\n\n<p>Access is in person and via a computer located in the <strong>Library Ground Floor<\/strong>, by prior reservation.<\/p>\n\n\n\n<p>\ud83d\udd17 <strong>Book by e-mail:<\/strong> <a>biblioteca@iseg.ulisboa.pt<\/a><\/p>\n\n\n\n<p>\ud83d\udd52 <strong>Available 24 hours a day<\/strong><\/p>","protected":false},"excerpt":{"rendered":"A Eikon &amp; Datastream, da LSEG (London Stock Exchange Group), \u00e9 uma das bases de dados financeiras mais avan\u00e7adas do mercado, dispon\u00edvel para consulta presencial no ISEG. Esta plataforma permite&nbsp;[&#8230;]","protected":false},"author":5,"featured_media":0,"parent":55,"menu_order":0,"comment_status":"closed","ping_status":"closed","template":"","meta":{"inline_featured_image":false,"_uag_custom_page_level_css":"","footnotes":""},"acf":[],"uagb_featured_image_src":{"full":false,"thumbnail":false,"medium":false,"medium_large":false,"large":false,"1536x1536":false,"2048x2048":false,"trp-custom-language-flag":false},"uagb_author_info":{"display_name":"diogoalmeida","author_link":"https:\/\/www.iseg.ulisboa.pt\/biblioteca\/en\/author\/diogoalmeida\/"},"uagb_comment_info":0,"uagb_excerpt":"A Eikon &amp; Datastream, da LSEG (London Stock Exchange Group), \u00e9 uma das bases de dados financeiras mais avan\u00e7adas do mercado, dispon\u00edvel para consulta presencial no ISEG. Esta plataforma permite&nbsp;[...]","_links":{"self":[{"href":"https:\/\/www.iseg.ulisboa.pt\/biblioteca\/en\/wp-json\/wp\/v2\/pages\/4452"}],"collection":[{"href":"https:\/\/www.iseg.ulisboa.pt\/biblioteca\/en\/wp-json\/wp\/v2\/pages"}],"about":[{"href":"https:\/\/www.iseg.ulisboa.pt\/biblioteca\/en\/wp-json\/wp\/v2\/types\/page"}],"author":[{"embeddable":true,"href":"https:\/\/www.iseg.ulisboa.pt\/biblioteca\/en\/wp-json\/wp\/v2\/users\/5"}],"replies":[{"embeddable":true,"href":"https:\/\/www.iseg.ulisboa.pt\/biblioteca\/en\/wp-json\/wp\/v2\/comments?post=4452"}],"version-history":[{"count":2,"href":"https:\/\/www.iseg.ulisboa.pt\/biblioteca\/en\/wp-json\/wp\/v2\/pages\/4452\/revisions"}],"predecessor-version":[{"id":4474,"href":"https:\/\/www.iseg.ulisboa.pt\/biblioteca\/en\/wp-json\/wp\/v2\/pages\/4452\/revisions\/4474"}],"up":[{"embeddable":true,"href":"https:\/\/www.iseg.ulisboa.pt\/biblioteca\/en\/wp-json\/wp\/v2\/pages\/55"}],"wp:attachment":[{"href":"https:\/\/www.iseg.ulisboa.pt\/biblioteca\/en\/wp-json\/wp\/v2\/media?parent=4452"}],"curies":[{"name":"wp","href":"https:\/\/api.w.org\/{rel}","templated":true}]}}