{"id":5524,"date":"2026-03-21T15:54:41","date_gmt":"2026-03-21T15:54:41","guid":{"rendered":"https:\/\/www.iseg.ulisboa.pt\/biblioteca\/?page_id=5524"},"modified":"2026-03-23T13:30:37","modified_gmt":"2026-03-23T13:30:37","slug":"historical-archive","status":"publish","type":"page","link":"https:\/\/www.iseg.ulisboa.pt\/biblioteca\/en\/historical-archive\/","title":{"rendered":"Historical Archive"},"content":{"rendered":"<p>O <strong><a href=\"https:\/\/sistema-arquivos-iseg.ulisboa.pt\/results?lg=Fonds%2cCollection&amp;voc0=Custom5&amp;vocident0=https:\/\/arquivo.ulisboa.pt\/subrepositories\/iseg\">ISEG Historical Archive<\/a><\/strong> preserves and valorises the School's institutional, scientific and cultural memory, bringing together unique documentation associated with its history and the personalities that have marked it.<br>It includes various documentary collections, organised according to their provenance and archival context.<br>It is a fundamental resource for research, teaching and the valorisation of ISEG's academic heritage.<\/p>\n\n\n\n<p><strong>Documentary collections in the spotlight<\/strong>:<\/p>\n\n\n\n<div class=\"wp-block-columns is-layout-flex wp-container-core-columns-is-layout-1 wp-block-columns-is-layout-flex\">\n<div class=\"wp-block-column is-layout-flow wp-block-column-is-layout-flow\" style=\"flex-basis:100%\">\n<div class=\"block-media-long-text\">\n\t<div class=\"container\">\n\t\t<div class=\"block-media-long-text__container inverted\">\n\t\t\t<div class=\"block-media-long-text__content\">\n\t\t\t\t<h3>Francisco Jos\u00e9 Cruz Pereira de Moura Archive<\/h3>\n<p><span lang=\"pt\" data-olk-copy-source=\"MessageBody\">Fund made up of documents produced and collected by <strong>Francisco Jos\u00e9 Cruz Pereira de Moura<\/strong> throughout his life, reflecting his intervention in academic, political, cultural and institutional areas.<\/span><\/p>\n<p><span lang=\"pt\">Multifaceted figure - <strong>professor, economist, politician and minister<\/strong> -This collection of documents allows us to understand his career and the impact of his work in different spheres of Portuguese society.<\/span><\/p>\n<p data-start=\"909\" data-end=\"948\">\ud83d\udc49 <a href=\"https:\/\/sistema-arquivos-iseg.ulisboa.pt\/details?id=324229&amp;detailsType=Description\"><strong data-start=\"912\" data-end=\"948\">Access the document collection<\/strong><\/a><\/p>\n\t\t\t<\/div>\n\t\t\t<div class=\"block-media-long-text__media\">\n\t\t\t\t<img decoding=\"async\" src=\"https:\/\/www.iseg.ulisboa.pt\/biblioteca\/wp-content\/uploads\/sites\/9\/2026\/03\/Captura-de-ecra-2026-03-21-154304-e1774109206235.png\" class=\"image-cover\" alt=\"\" srcset=\"https:\/\/www.iseg.ulisboa.pt\/biblioteca\/wp-content\/uploads\/sites\/9\/2026\/03\/Captura-de-ecra-2026-03-21-154304-e1774109206235.png 239w, https:\/\/www.iseg.ulisboa.pt\/biblioteca\/wp-content\/uploads\/sites\/9\/2026\/03\/Captura-de-ecra-2026-03-21-154304-e1774109206235-227x300.png 227w, https:\/\/www.iseg.ulisboa.pt\/biblioteca\/wp-content\/uploads\/sites\/9\/2026\/03\/Captura-de-ecra-2026-03-21-154304-e1774109206235-9x12.png 9w\" sizes=\"(max-width: 239px) 100vw, 239px\" \/>\t\t\t<\/div>\n\t\t<\/div>\n\t<\/div>\n<\/div>\n<\/div>\n<\/div>\n\n\n\n<div class=\"block-media-long-text\">\n\t<div class=\"container\">\n\t\t<div class=\"block-media-long-text__container\">\n\t\t\t<div class=\"block-media-long-text__content\">\n\t\t\t\t<h3>Jos\u00e9 Ribeiro de Albuquerque Archive<\/h3>\n<p data-start=\"999\" data-end=\"1110\">This fund mainly brings together <strong data-start=\"1026\" data-end=\"1078\">drafts, manuscripts and scientific documentation,<\/strong> highlighting Jos\u00e9 Ribeiro de Albuquerque's activity as a researcher and university professor.<\/p>\n<p data-start=\"1112\" data-end=\"1325\"><span data-olk-copy-source=\"MessageBody\">It allows us to follow his work process, as well as the evolution of his scientific thinking, with a special focus on maths and its applications to economics.<\/span><\/p>\n<p data-start=\"1327\" data-end=\"1366\">\ud83d\udc49 <a href=\"https:\/\/sistema-arquivos-iseg.ulisboa.pt\/details?id=326287&amp;detailsType=Description\"><strong data-start=\"1330\" data-end=\"1366\">Access the document collection<\/strong><\/a><\/p>\n\t\t\t<\/div>\n\t\t\t<div class=\"block-media-long-text__media\">\n\t\t\t\t<img decoding=\"async\" src=\"https:\/\/www.iseg.ulisboa.pt\/biblioteca\/wp-content\/uploads\/sites\/9\/2026\/03\/Captura-de-ecra-2026-03-21-154859-e1774109251216.png\" class=\"image-cover\" alt=\"\" srcset=\"https:\/\/www.iseg.ulisboa.pt\/biblioteca\/wp-content\/uploads\/sites\/9\/2026\/03\/Captura-de-ecra-2026-03-21-154859-e1774109251216.png 238w, https:\/\/www.iseg.ulisboa.pt\/biblioteca\/wp-content\/uploads\/sites\/9\/2026\/03\/Captura-de-ecra-2026-03-21-154859-e1774109251216-227x300.png 227w, https:\/\/www.iseg.ulisboa.pt\/biblioteca\/wp-content\/uploads\/sites\/9\/2026\/03\/Captura-de-ecra-2026-03-21-154859-e1774109251216-9x12.png 9w\" sizes=\"(max-width: 238px) 100vw, 238px\" \/>\t\t\t<\/div>\n\t\t<\/div>\n\t<\/div>\n<\/div>","protected":false},"excerpt":{"rendered":"O Arquivo Hist\u00f3rico do ISEG preserva e valoriza a mem\u00f3ria institucional, cient\u00edfica e cultural da Escola, reunindo documenta\u00e7\u00e3o \u00fanica associada \u00e0 sua hist\u00f3ria e \u00e0s personalidades que a marcaram.Integra fundos&nbsp;[&#8230;]","protected":false},"author":36,"featured_media":0,"parent":0,"menu_order":1,"comment_status":"closed","ping_status":"closed","template":"tpl-default-full-width.php","meta":{"inline_featured_image":false,"_uag_custom_page_level_css":"","footnotes":""},"acf":[],"uagb_featured_image_src":{"full":false,"thumbnail":false,"medium":false,"medium_large":false,"large":false,"1536x1536":false,"2048x2048":false,"trp-custom-language-flag":false},"uagb_author_info":{"display_name":"lcarmo","author_link":"https:\/\/www.iseg.ulisboa.pt\/biblioteca\/en\/author\/lcarmo\/"},"uagb_comment_info":0,"uagb_excerpt":"O Arquivo Hist\u00f3rico do ISEG preserva e valoriza a mem\u00f3ria institucional, cient\u00edfica e cultural da Escola, reunindo documenta\u00e7\u00e3o \u00fanica associada \u00e0 sua hist\u00f3ria e \u00e0s personalidades que a marcaram.Integra fundos&nbsp;[...]","_links":{"self":[{"href":"https:\/\/www.iseg.ulisboa.pt\/biblioteca\/en\/wp-json\/wp\/v2\/pages\/5524"}],"collection":[{"href":"https:\/\/www.iseg.ulisboa.pt\/biblioteca\/en\/wp-json\/wp\/v2\/pages"}],"about":[{"href":"https:\/\/www.iseg.ulisboa.pt\/biblioteca\/en\/wp-json\/wp\/v2\/types\/page"}],"author":[{"embeddable":true,"href":"https:\/\/www.iseg.ulisboa.pt\/biblioteca\/en\/wp-json\/wp\/v2\/users\/36"}],"replies":[{"embeddable":true,"href":"https:\/\/www.iseg.ulisboa.pt\/biblioteca\/en\/wp-json\/wp\/v2\/comments?post=5524"}],"version-history":[{"count":15,"href":"https:\/\/www.iseg.ulisboa.pt\/biblioteca\/en\/wp-json\/wp\/v2\/pages\/5524\/revisions"}],"predecessor-version":[{"id":5565,"href":"https:\/\/www.iseg.ulisboa.pt\/biblioteca\/en\/wp-json\/wp\/v2\/pages\/5524\/revisions\/5565"}],"wp:attachment":[{"href":"https:\/\/www.iseg.ulisboa.pt\/biblioteca\/en\/wp-json\/wp\/v2\/media?parent=5524"}],"curies":[{"name":"wp","href":"https:\/\/api.w.org\/{rel}","templated":true}]}}