{"id":1024,"date":"2023-03-29T10:17:46","date_gmt":"2023-03-29T10:17:46","guid":{"rendered":"https:\/\/www.iseg.ulisboa.pt\/biblioteca\/?page_id=1024"},"modified":"2026-03-21T17:12:17","modified_gmt":"2026-03-21T17:12:17","slug":"recursos","status":"publish","type":"page","link":"https:\/\/www.iseg.ulisboa.pt\/biblioteca\/recursos\/","title":{"rendered":"Recursos"},"content":{"rendered":"\n<section class=\"block-hero-full-width course-hero wf-section\">\n        <div class=\"course-hero__name\">\n            <h1 class=\"course-hero__heading \"><span class=\"course-hero__heading-span\">Recursos<\/span><\/h1>\n    <\/div>\n            <div class=\"course-hero__backdrop has-iseg-yellow-background\"><\/div>\n    \n    <div class=\"course-hero__image\">\n    <img decoding=\"async\" src=\"https:\/\/www.iseg.ulisboa.pt\/biblioteca\/wp-content\/uploads\/sites\/9\/2023\/04\/Design-sem-nome-2023-04-20T165041.470.jpg\" class=\"image-cover\" alt=\"\" srcset=\"https:\/\/www.iseg.ulisboa.pt\/biblioteca\/wp-content\/uploads\/sites\/9\/2023\/04\/Design-sem-nome-2023-04-20T165041.470.jpg 1600w, https:\/\/www.iseg.ulisboa.pt\/biblioteca\/wp-content\/uploads\/sites\/9\/2023\/04\/Design-sem-nome-2023-04-20T165041.470-300x150.jpg 300w, https:\/\/www.iseg.ulisboa.pt\/biblioteca\/wp-content\/uploads\/sites\/9\/2023\/04\/Design-sem-nome-2023-04-20T165041.470-1536x768.jpg 1536w, https:\/\/www.iseg.ulisboa.pt\/biblioteca\/wp-content\/uploads\/sites\/9\/2023\/04\/Design-sem-nome-2023-04-20T165041.470-18x9.jpg 18w\" sizes=\"(max-width: 1600px) 100vw, 1600px\" \/>    <\/div>\n<\/section>\n\n<div class=\"block-course-features\">\n    <div class=\"container\">\n                        <div class=\"course-features__intro\"><p>A biblioteca disp\u00f5e de vastos recursos bibliogr\u00e1ficos que podem ser consultados nas suas instala\u00e7\u00f5es ou online.<\/p>\n<\/div>\n                <div class=\"course-features__grid\">\n        \n            <div class=\"course-features__item\">\n                                    <div class=\"course-features__image\">\n                        <img decoding=\"async\" src=\"https:\/\/www.iseg.ulisboa.pt\/biblioteca\/wp-content\/uploads\/sites\/9\/2023\/04\/Design-sem-nome-2023-04-20T164940.621.jpg\" loading=\"lazy\" sizes=\"(max-width: 479px) 86vw, (max-width: 767px) 82vw, (max-width: 991px) 41vw, 32vw\" srcset=\"https:\/\/www.iseg.ulisboa.pt\/biblioteca\/wp-content\/uploads\/sites\/9\/2023\/04\/Design-sem-nome-2023-04-20T164940.621.jpg 500w, https:\/\/www.iseg.ulisboa.pt\/biblioteca\/wp-content\/uploads\/sites\/9\/2023\/04\/Design-sem-nome-2023-04-20T164940.621.jpg 800w, https:\/\/www.iseg.ulisboa.pt\/biblioteca\/wp-content\/uploads\/sites\/9\/2023\/04\/Design-sem-nome-2023-04-20T164940.621.jpg 1080w, https:\/\/www.iseg.ulisboa.pt\/biblioteca\/wp-content\/uploads\/sites\/9\/2023\/04\/Design-sem-nome-2023-04-20T164940.621.jpg 1340w\" alt=\"\" class=\"image-cover\">\n                    <\/div>\n                                <div class=\"course-features__content\">\n                    <div class=\"course-features__topcut\"><\/div>\n                    <h4 class=\"course-features__heading\">\n                                                    <a href=\"https:\/\/www.iseg.ulisboa.pt\/biblioteca\/recursos\/a-colecao\/\">A Cole\u00e7\u00e3o<\/a>\n                                            <\/h4>\n                    <div class=\"course-features__text\">Uma das melhores cole\u00e7\u00f5es existente no pa\u00eds nas \u00e1reas de Economia, Gest\u00e3o, Ci\u00eancias Auxiliares e afins.<\/div>\n                                            <a href=\"https:\/\/www.iseg.ulisboa.pt\/biblioteca\/recursos\/a-colecao\/\"  class=\"link-learnmore\">Consultar<\/a>\n                                    <\/div>\n            <\/div>\n\n        \n            <div class=\"course-features__item\">\n                                    <div class=\"course-features__image\">\n                        <img decoding=\"async\" src=\"https:\/\/www.iseg.ulisboa.pt\/biblioteca\/wp-content\/uploads\/sites\/9\/2023\/04\/Design-sem-nome-2023-04-20T165629.677.jpg\" loading=\"lazy\" sizes=\"(max-width: 479px) 86vw, (max-width: 767px) 82vw, (max-width: 991px) 41vw, 32vw\" srcset=\"https:\/\/www.iseg.ulisboa.pt\/biblioteca\/wp-content\/uploads\/sites\/9\/2023\/04\/Design-sem-nome-2023-04-20T165629.677.jpg 500w, https:\/\/www.iseg.ulisboa.pt\/biblioteca\/wp-content\/uploads\/sites\/9\/2023\/04\/Design-sem-nome-2023-04-20T165629.677.jpg 800w, https:\/\/www.iseg.ulisboa.pt\/biblioteca\/wp-content\/uploads\/sites\/9\/2023\/04\/Design-sem-nome-2023-04-20T165629.677.jpg 1080w, https:\/\/www.iseg.ulisboa.pt\/biblioteca\/wp-content\/uploads\/sites\/9\/2023\/04\/Design-sem-nome-2023-04-20T165629.677.jpg 1340w\" alt=\"\" class=\"image-cover\">\n                    <\/div>\n                                <div class=\"course-features__content\">\n                    <div class=\"course-features__topcut\"><\/div>\n                    <h4 class=\"course-features__heading\">\n                                                    <a href=\"https:\/\/catalogo-iseg.biblioteca.ulisboa.pt\/\">Cat\u00e1logo<\/a>\n                                            <\/h4>\n                    <div class=\"course-features__text\">O Cat\u00e1logo Coletivo da Universidade de Lisboa permite efetuar pesquisas nas cole\u00e7\u00f5es das v\u00e1rias unidades org\u00e2nicas da institui\u00e7\u00e3o.<\/div>\n                                            <a href=\"https:\/\/catalogo-iseg.biblioteca.ulisboa.pt\/\" target=\"_blank\" class=\"link-learnmore\">Consultar<\/a>\n                                    <\/div>\n            <\/div>\n\n        \n            <div class=\"course-features__item\">\n                                    <div class=\"course-features__image\">\n                        <img decoding=\"async\" src=\"https:\/\/www.iseg.ulisboa.pt\/biblioteca\/wp-content\/uploads\/sites\/9\/2023\/02\/repositorio-cientifico.jpg\" loading=\"lazy\" sizes=\"(max-width: 479px) 86vw, (max-width: 767px) 82vw, (max-width: 991px) 41vw, 32vw\" srcset=\"https:\/\/www.iseg.ulisboa.pt\/biblioteca\/wp-content\/uploads\/sites\/9\/2023\/02\/repositorio-cientifico.jpg 500w, https:\/\/www.iseg.ulisboa.pt\/biblioteca\/wp-content\/uploads\/sites\/9\/2023\/02\/repositorio-cientifico.jpg 800w, https:\/\/www.iseg.ulisboa.pt\/biblioteca\/wp-content\/uploads\/sites\/9\/2023\/02\/repositorio-cientifico.jpg 1080w, https:\/\/www.iseg.ulisboa.pt\/biblioteca\/wp-content\/uploads\/sites\/9\/2023\/02\/repositorio-cientifico.jpg 1340w\" alt=\"\" class=\"image-cover\">\n                    <\/div>\n                                <div class=\"course-features__content\">\n                    <div class=\"course-features__topcut\"><\/div>\n                    <h4 class=\"course-features__heading\">\n                                                    <a href=\"http:\/\/hdl.handle.net\/10400.5\/1\">Reposit\u00f3rio Cient\u00edfico do ISEG<\/a>\n                                            <\/h4>\n                    <div class=\"course-features__text\">Cole\u00e7\u00e3o de teses, disserta\u00e7\u00f5es e artigos resultantes das atividades de investiga\u00e7\u00e3o desenvolvidas no ISEG.<\/div>\n                                            <a href=\"http:\/\/hdl.handle.net\/10400.5\/1\" target=\"_blank\" class=\"link-learnmore\">Consultar<\/a>\n                                    <\/div>\n            <\/div>\n\n        \n            <div class=\"course-features__item\">\n                                    <div class=\"course-features__image\">\n                        <img decoding=\"async\" src=\"https:\/\/www.iseg.ulisboa.pt\/biblioteca\/wp-content\/uploads\/sites\/9\/2023\/02\/EBSCO.jpg\" loading=\"lazy\" sizes=\"(max-width: 479px) 86vw, (max-width: 767px) 82vw, (max-width: 991px) 41vw, 32vw\" srcset=\"https:\/\/www.iseg.ulisboa.pt\/biblioteca\/wp-content\/uploads\/sites\/9\/2023\/02\/EBSCO.jpg 500w, https:\/\/www.iseg.ulisboa.pt\/biblioteca\/wp-content\/uploads\/sites\/9\/2023\/02\/EBSCO.jpg 800w, https:\/\/www.iseg.ulisboa.pt\/biblioteca\/wp-content\/uploads\/sites\/9\/2023\/02\/EBSCO.jpg 1080w, https:\/\/www.iseg.ulisboa.pt\/biblioteca\/wp-content\/uploads\/sites\/9\/2023\/02\/EBSCO.jpg 1340w\" alt=\"\" class=\"image-cover\">\n                    <\/div>\n                                <div class=\"course-features__content\">\n                    <div class=\"course-features__topcut\"><\/div>\n                    <h4 class=\"course-features__heading\">\n                                                    <a href=\"https:\/\/search.ebscohost.com\/login.aspx?authtype=sso&amp;custid=s6058661&amp;groupid=main&amp;profile=eds\">EDS &#8211; Pesquisa Integrada<\/a>\n                                            <\/h4>\n                    <div class=\"course-features__text\">Plataforma para a pesquisa integrada, e em simult\u00e2neo, em milh\u00f5es de artigos cient\u00edficos e cap\u00edtulos de eBooks.<\/div>\n                                            <a href=\"https:\/\/search.ebscohost.com\/login.aspx?authtype=sso&amp;custid=s6058661&amp;groupid=main&amp;profile=eds\" target=\"_blank\" class=\"link-learnmore\">Consultar<\/a>\n                                    <\/div>\n            <\/div>\n\n        \n            <div class=\"course-features__item\">\n                                    <div class=\"course-features__image\">\n                        <img decoding=\"async\" src=\"https:\/\/www.iseg.ulisboa.pt\/biblioteca\/wp-content\/uploads\/sites\/9\/2023\/02\/periodicos.jpg\" loading=\"lazy\" sizes=\"(max-width: 479px) 86vw, (max-width: 767px) 82vw, (max-width: 991px) 41vw, 32vw\" srcset=\"https:\/\/www.iseg.ulisboa.pt\/biblioteca\/wp-content\/uploads\/sites\/9\/2023\/02\/periodicos.jpg 500w, https:\/\/www.iseg.ulisboa.pt\/biblioteca\/wp-content\/uploads\/sites\/9\/2023\/02\/periodicos.jpg 800w, https:\/\/www.iseg.ulisboa.pt\/biblioteca\/wp-content\/uploads\/sites\/9\/2023\/02\/periodicos.jpg 1080w, https:\/\/www.iseg.ulisboa.pt\/biblioteca\/wp-content\/uploads\/sites\/9\/2023\/02\/periodicos.jpg 1340w\" alt=\"\" class=\"image-cover\">\n                    <\/div>\n                                <div class=\"course-features__content\">\n                    <div class=\"course-features__topcut\"><\/div>\n                    <h4 class=\"course-features__heading\">\n                                                    <a href=\"https:\/\/www.iseg.ulisboa.pt\/biblioteca\/recursos\/revistas-academicas\/\">Revistas Acad\u00e9micas Online<\/a>\n                                            <\/h4>\n                    <div class=\"course-features__text\">Peri\u00f3dicos, assinados pelo ISEG, em texto integral e cujo acesso pode ser feito online.<\/div>\n                                            <a href=\"https:\/\/www.iseg.ulisboa.pt\/biblioteca\/recursos\/revistas-academicas\/\"  class=\"link-learnmore\">Consultar<\/a>\n                                    <\/div>\n            <\/div>\n\n        \n            <div class=\"course-features__item\">\n                                    <div class=\"course-features__image\">\n                        <img decoding=\"async\" src=\"https:\/\/www.iseg.ulisboa.pt\/biblioteca\/wp-content\/uploads\/sites\/9\/2023\/04\/iStock-175254453.jpg\" loading=\"lazy\" sizes=\"(max-width: 479px) 86vw, (max-width: 767px) 82vw, (max-width: 991px) 41vw, 32vw\" srcset=\"https:\/\/www.iseg.ulisboa.pt\/biblioteca\/wp-content\/uploads\/sites\/9\/2023\/04\/iStock-175254453.jpg 500w, https:\/\/www.iseg.ulisboa.pt\/biblioteca\/wp-content\/uploads\/sites\/9\/2023\/04\/iStock-175254453.jpg 800w, https:\/\/www.iseg.ulisboa.pt\/biblioteca\/wp-content\/uploads\/sites\/9\/2023\/04\/iStock-175254453.jpg 1080w, https:\/\/www.iseg.ulisboa.pt\/biblioteca\/wp-content\/uploads\/sites\/9\/2023\/04\/iStock-175254453.jpg 1340w\" alt=\"\" class=\"image-cover\">\n                    <\/div>\n                                <div class=\"course-features__content\">\n                    <div class=\"course-features__topcut\"><\/div>\n                    <h4 class=\"course-features__heading\">\n                                                    <a href=\"https:\/\/www.iseg.ulisboa.pt\/biblioteca\/recursos\/ebooks\/\">eBooks<\/a>\n                                            <\/h4>\n                    <div class=\"course-features__text\">Na Biblioteca pode aceder a cole\u00e7\u00f5es de e-books e a e-books de acesso restrito ao ISEG.<\/div>\n                                            <a href=\"https:\/\/www.iseg.ulisboa.pt\/biblioteca\/recursos\/ebooks\/\"  class=\"link-learnmore\">Consultar<\/a>\n                                    <\/div>\n            <\/div>\n\n        \n            <div class=\"course-features__item\">\n                                    <div class=\"course-features__image\">\n                        <img decoding=\"async\" src=\"https:\/\/www.iseg.ulisboa.pt\/biblioteca\/wp-content\/uploads\/sites\/9\/2023\/02\/bases-de-dados.jpg\" loading=\"lazy\" sizes=\"(max-width: 479px) 86vw, (max-width: 767px) 82vw, (max-width: 991px) 41vw, 32vw\" srcset=\"https:\/\/www.iseg.ulisboa.pt\/biblioteca\/wp-content\/uploads\/sites\/9\/2023\/02\/bases-de-dados.jpg 500w, https:\/\/www.iseg.ulisboa.pt\/biblioteca\/wp-content\/uploads\/sites\/9\/2023\/02\/bases-de-dados.jpg 800w, https:\/\/www.iseg.ulisboa.pt\/biblioteca\/wp-content\/uploads\/sites\/9\/2023\/02\/bases-de-dados.jpg 1080w, https:\/\/www.iseg.ulisboa.pt\/biblioteca\/wp-content\/uploads\/sites\/9\/2023\/02\/bases-de-dados.jpg 1340w\" alt=\"\" class=\"image-cover\">\n                    <\/div>\n                                <div class=\"course-features__content\">\n                    <div class=\"course-features__topcut\"><\/div>\n                    <h4 class=\"course-features__heading\">\n                                                    <a href=\"https:\/\/www.iseg.ulisboa.pt\/biblioteca\/recursos\/bases-de-dados\/\">Bases de Dados<\/a>\n                                            <\/h4>\n                    <div class=\"course-features__text\">Na Biblioteca pode aceder a bases de dados bibliogr\u00e1ficas e num\u00e9ricas de acesso livre ou acesso restrito ao ISEG.<\/div>\n                                            <a href=\"https:\/\/www.iseg.ulisboa.pt\/biblioteca\/recursos\/bases-de-dados\/\"  class=\"link-learnmore\">Consultar<\/a>\n                                    <\/div>\n            <\/div>\n\n        \n            <div class=\"course-features__item\">\n                                    <div class=\"course-features__image\">\n                        <img decoding=\"async\" src=\"https:\/\/www.iseg.ulisboa.pt\/biblioteca\/wp-content\/uploads\/sites\/9\/2023\/04\/iStock-458573931.jpg\" loading=\"lazy\" sizes=\"(max-width: 479px) 86vw, (max-width: 767px) 82vw, (max-width: 991px) 41vw, 32vw\" srcset=\"https:\/\/www.iseg.ulisboa.pt\/biblioteca\/wp-content\/uploads\/sites\/9\/2023\/04\/iStock-458573931.jpg 500w, https:\/\/www.iseg.ulisboa.pt\/biblioteca\/wp-content\/uploads\/sites\/9\/2023\/04\/iStock-458573931.jpg 800w, https:\/\/www.iseg.ulisboa.pt\/biblioteca\/wp-content\/uploads\/sites\/9\/2023\/04\/iStock-458573931.jpg 1080w, https:\/\/www.iseg.ulisboa.pt\/biblioteca\/wp-content\/uploads\/sites\/9\/2023\/04\/iStock-458573931.jpg 1340w\" alt=\"\" class=\"image-cover\">\n                    <\/div>\n                                <div class=\"course-features__content\">\n                    <div class=\"course-features__topcut\"><\/div>\n                    <h4 class=\"course-features__heading\">\n                                                    <a href=\"https:\/\/www.iseg.ulisboa.pt\/biblioteca\/recursos\/jornais-e-revistas\/\">Jornais e Revistas<\/a>\n                                            <\/h4>\n                    <div class=\"course-features__text\">Comunica\u00e7\u00e3o social generalista com aten\u00e7\u00e3o especial a assuntos econ\u00f3micos, neg\u00f3cios e pol\u00edtica internacional.<\/div>\n                                            <a href=\"https:\/\/www.iseg.ulisboa.pt\/biblioteca\/recursos\/jornais-e-revistas\/\" target=\"_blank\" class=\"link-learnmore\">Consultar<\/a>\n                                    <\/div>\n            <\/div>\n\n        \n            <div class=\"course-features__item\">\n                                    <div class=\"course-features__image\">\n                        <img decoding=\"async\" src=\"https:\/\/www.iseg.ulisboa.pt\/biblioteca\/wp-content\/uploads\/sites\/9\/2025\/09\/Copia-de-Pack-Social-Media-Biblioteca-15.png\" loading=\"lazy\" sizes=\"(max-width: 479px) 86vw, (max-width: 767px) 82vw, (max-width: 991px) 41vw, 32vw\" srcset=\"https:\/\/www.iseg.ulisboa.pt\/biblioteca\/wp-content\/uploads\/sites\/9\/2025\/09\/Copia-de-Pack-Social-Media-Biblioteca-15.png 500w, https:\/\/www.iseg.ulisboa.pt\/biblioteca\/wp-content\/uploads\/sites\/9\/2025\/09\/Copia-de-Pack-Social-Media-Biblioteca-15.png 800w, https:\/\/www.iseg.ulisboa.pt\/biblioteca\/wp-content\/uploads\/sites\/9\/2025\/09\/Copia-de-Pack-Social-Media-Biblioteca-15.png 1080w, https:\/\/www.iseg.ulisboa.pt\/biblioteca\/wp-content\/uploads\/sites\/9\/2025\/09\/Copia-de-Pack-Social-Media-Biblioteca-15.png 1340w\" alt=\"\" class=\"image-cover\">\n                    <\/div>\n                                <div class=\"course-features__content\">\n                    <div class=\"course-features__topcut\"><\/div>\n                    <h4 class=\"course-features__heading\">\n                                                    <a href=\"https:\/\/researchportal.ulisboa.pt\/pt\/\">ULisboa Research Portal<\/a>\n                                            <\/h4>\n                    <div class=\"course-features__text\">O ULisboa Research Portal \u00e9 uma plataforma p\u00fablica que re\u00fane e disponibiliza informa\u00e7\u00e3o sobre a investiga\u00e7\u00e3o cient\u00edfica desenvolvida na Universidade de Lisboa.<\/div>\n                                            <a href=\"https:\/\/researchportal.ulisboa.pt\/pt\/\"  class=\"link-learnmore\">Consultar<\/a>\n                                    <\/div>\n            <\/div>\n\n        \n            <div class=\"course-features__item\">\n                                    <div class=\"course-features__image\">\n                        <img decoding=\"async\" src=\"https:\/\/www.iseg.ulisboa.pt\/biblioteca\/wp-content\/uploads\/sites\/9\/2025\/04\/Arquivo-Historicov1.jpg\" loading=\"lazy\" sizes=\"(max-width: 479px) 86vw, (max-width: 767px) 82vw, (max-width: 991px) 41vw, 32vw\" srcset=\"https:\/\/www.iseg.ulisboa.pt\/biblioteca\/wp-content\/uploads\/sites\/9\/2025\/04\/Arquivo-Historicov1.jpg 500w, https:\/\/www.iseg.ulisboa.pt\/biblioteca\/wp-content\/uploads\/sites\/9\/2025\/04\/Arquivo-Historicov1.jpg 800w, https:\/\/www.iseg.ulisboa.pt\/biblioteca\/wp-content\/uploads\/sites\/9\/2025\/04\/Arquivo-Historicov1.jpg 1080w, https:\/\/www.iseg.ulisboa.pt\/biblioteca\/wp-content\/uploads\/sites\/9\/2025\/04\/Arquivo-Historicov1.jpg 1340w\" alt=\"\" class=\"image-cover\">\n                    <\/div>\n                                <div class=\"course-features__content\">\n                    <div class=\"course-features__topcut\"><\/div>\n                    <h4 class=\"course-features__heading\">\n                                                    <a href=\"https:\/\/www.iseg.ulisboa.pt\/biblioteca\/arquivo-historico\/\">Arquivo Hist\u00f3rico<\/a>\n                                            <\/h4>\n                    <div class=\"course-features__text\">O Arquivo Hist\u00f3rico do ISEG \u00e9 um espa\u00e7o online dedicado \u00e0 preserva\u00e7\u00e3o e divulga\u00e7\u00e3o da mem\u00f3ria da nossa escola. Aqui pode encontrar documentos hist\u00f3ricos, fotografias, publica\u00e7\u00f5es e outros registos que testemunham a hist\u00f3ria do ISEG. <\/div>\n                                            <a href=\"https:\/\/www.iseg.ulisboa.pt\/biblioteca\/arquivo-historico\/\"  class=\"link-learnmore\">Consultar<\/a>\n                                    <\/div>\n            <\/div>\n\n                <\/div>\n        <\/div>\n<\/div>","protected":false},"excerpt":{"rendered":"","protected":false},"author":2,"featured_media":1211,"parent":0,"menu_order":0,"comment_status":"closed","ping_status":"closed","template":"tpl-page-blocks.php","meta":{"inline_featured_image":false,"_uag_custom_page_level_css":"","footnotes":""},"acf":[],"uagb_featured_image_src":{"full":["https:\/\/www.iseg.ulisboa.pt\/biblioteca\/wp-content\/uploads\/sites\/9\/2023\/04\/IMG_0835.jpg",1533,1335,false],"thumbnail":["https:\/\/www.iseg.ulisboa.pt\/biblioteca\/wp-content\/uploads\/sites\/9\/2023\/04\/IMG_0835-150x150.jpg",150,150,true],"medium":["https:\/\/www.iseg.ulisboa.pt\/biblioteca\/wp-content\/uploads\/sites\/9\/2023\/04\/IMG_0835-300x261.jpg",300,261,true],"medium_large":["https:\/\/www.iseg.ulisboa.pt\/biblioteca\/wp-content\/uploads\/sites\/9\/2023\/04\/IMG_0835.jpg",768,669,false],"large":["https:\/\/www.iseg.ulisboa.pt\/biblioteca\/wp-content\/uploads\/sites\/9\/2023\/04\/IMG_0835.jpg",1024,892,false],"1536x1536":["https:\/\/www.iseg.ulisboa.pt\/biblioteca\/wp-content\/uploads\/sites\/9\/2023\/04\/IMG_0835.jpg",1533,1335,false],"2048x2048":["https:\/\/www.iseg.ulisboa.pt\/biblioteca\/wp-content\/uploads\/sites\/9\/2023\/04\/IMG_0835.jpg",1533,1335,false],"trp-custom-language-flag":["https:\/\/www.iseg.ulisboa.pt\/biblioteca\/wp-content\/uploads\/sites\/9\/2023\/04\/IMG_0835-14x12.jpg",14,12,true]},"uagb_author_info":{"display_name":"Major","author_link":"https:\/\/www.iseg.ulisboa.pt\/biblioteca\/author\/leihla\/"},"uagb_comment_info":0,"uagb_excerpt":null,"_links":{"self":[{"href":"https:\/\/www.iseg.ulisboa.pt\/biblioteca\/wp-json\/wp\/v2\/pages\/1024"}],"collection":[{"href":"https:\/\/www.iseg.ulisboa.pt\/biblioteca\/wp-json\/wp\/v2\/pages"}],"about":[{"href":"https:\/\/www.iseg.ulisboa.pt\/biblioteca\/wp-json\/wp\/v2\/types\/page"}],"author":[{"embeddable":true,"href":"https:\/\/www.iseg.ulisboa.pt\/biblioteca\/wp-json\/wp\/v2\/users\/2"}],"replies":[{"embeddable":true,"href":"https:\/\/www.iseg.ulisboa.pt\/biblioteca\/wp-json\/wp\/v2\/comments?post=1024"}],"version-history":[{"count":68,"href":"https:\/\/www.iseg.ulisboa.pt\/biblioteca\/wp-json\/wp\/v2\/pages\/1024\/revisions"}],"predecessor-version":[{"id":5548,"href":"https:\/\/www.iseg.ulisboa.pt\/biblioteca\/wp-json\/wp\/v2\/pages\/1024\/revisions\/5548"}],"wp:featuredmedia":[{"embeddable":true,"href":"https:\/\/www.iseg.ulisboa.pt\/biblioteca\/wp-json\/wp\/v2\/media\/1211"}],"wp:attachment":[{"href":"https:\/\/www.iseg.ulisboa.pt\/biblioteca\/wp-json\/wp\/v2\/media?parent=1024"}],"curies":[{"name":"wp","href":"https:\/\/api.w.org\/{rel}","templated":true}]}}