{"id":113,"date":"2023-01-22T15:00:29","date_gmt":"2023-01-22T15:00:29","guid":{"rendered":"https:\/\/www.iseg.ulisboa.pt\/biblioteca\/?page_id=113"},"modified":"2023-10-25T14:17:26","modified_gmt":"2023-10-25T14:17:26","slug":"servicos","status":"publish","type":"page","link":"https:\/\/www.iseg.ulisboa.pt\/biblioteca\/informacoes\/servicos\/","title":{"rendered":"Servi\u00e7os"},"content":{"rendered":"\n<p class=\"has-large-font-size\">A biblioteca, promove a recolha, tratamento e difus\u00e3o de informa\u00e7\u00e3o bibliogr\u00e1fica, apoio a a\u00e7\u00f5es de car\u00e1cter pedag\u00f3gico e cient\u00edfico e promo\u00e7\u00e3o do interc\u00e2mbio com organiza\u00e7\u00f5es cong\u00e9neres nacionais, estrangeiras e internacionais.<\/p>\n\n\n\n<div class=\"wp-block-pb-accordion-item c-accordion__item js-accordion-item no-js\" data-initially-open=\"false\" data-click-to-close=\"true\" data-auto-close=\"true\" data-scroll=\"false\" data-scroll-offset=\"0\"><h3 id=\"at-1130\" class=\"c-accordion__title js-accordion-controller\" role=\"button\">Servi\u00e7os<\/h3><div id=\"ac-1130\" class=\"c-accordion__content\">\n<p>A biblioteca do ISEG presta diferentes tipos de servi\u00e7os, que, para efeitos de presta\u00e7\u00e3o de servi\u00e7os externos, s\u00e3o divididos em tr\u00eas (3) grupos:<\/p>\n\n\n\n<figure class=\"wp-block-table block-table-studyplan has-iseg-pink-thead\"><table class=\"has-fixed-layout\"><thead><tr><th class=\"has-text-align-left\" data-align=\"left\">Grupo 1<\/th><\/tr><\/thead><tbody><tr><td class=\"has-text-align-left\" data-align=\"left\">&#8211; Pesquisa de Informa\u00e7\u00e3o<\/td><\/tr><tr><td class=\"has-text-align-left\" data-align=\"left\">&#8211; Fornecimento de refer\u00eancias bibliogr\u00e1ficas<\/td><\/tr><tr><td class=\"has-text-align-left\" data-align=\"left\">&#8211; Informa\u00e7\u00e3o estat\u00edstica<\/td><\/tr><tr><td class=\"has-text-align-left\" data-align=\"left\">&#8211; Artigos de peri\u00f3dicos<\/td><\/tr><tr><td class=\"has-text-align-left\" data-align=\"left\">Os pre\u00e7os destes servi\u00e7os s\u00e3o fixados anualmente pela Presid\u00eancia do ISEG mediante proposta da Biblioteca.<\/td><\/tr><\/tbody><\/table><\/figure>\n\n\n\n<figure class=\"wp-block-table block-table-studyplan has-iseg-yellow-thead\"><table class=\"has-fixed-layout\"><thead><tr><th class=\"has-text-align-left\" data-align=\"left\">Grupo 2<\/th><\/tr><\/thead><tbody><tr><td class=\"has-text-align-left\" data-align=\"left\">&#8211; Empr\u00e9stimos de monografias&nbsp;<\/td><\/tr><tr><td class=\"has-text-align-left\" data-align=\"left\">&#8211; Bibliografias&nbsp;tem\u00e1ticas&nbsp;<\/td><\/tr><tr><td class=\"has-text-align-left\" data-align=\"left\">O fornecimento destes servi\u00e7os s\u00f3 pode ser efetuado mediante o pagamento de inscri\u00e7\u00e3o na biblioteca, v\u00e1lida por um ano e renov\u00e1vel no fim desse per\u00edodo. O montante respetivo \u00e9 fixado anualmente. A cada utilizador externo n\u00e3o podem ser emprestadas mais que duas (2) obras em simult\u00e2neo, e o prazo do empr\u00e9stimo n\u00e3o pode exceder os oito (8) dias.<\/td><\/tr><\/tbody><\/table><\/figure>\n\n\n\n<figure class=\"wp-block-table block-table-studyplan has-iseg-blue-thead\"><table class=\"has-fixed-layout\"><thead><tr><th class=\"has-text-align-left\" data-align=\"left\">Grupo 3<\/th><\/tr><\/thead><tbody><tr><td class=\"has-text-align-left\" data-align=\"left\">&#8211; Bibliografias tem\u00e1ticas&nbsp;<\/td><\/tr><tr><td class=\"has-text-align-left\" data-align=\"left\">&#8211; Assessoria t\u00e9cnica a outras institui\u00e7\u00f5es&nbsp;<\/td><\/tr><tr><td class=\"has-text-align-left\" data-align=\"left\">&#8211; Forma\u00e7\u00e3o nas \u00e1reas da biblioteconomia e gest\u00e3o de informa\u00e7\u00e3o&nbsp;<\/td><\/tr><tr><td class=\"has-text-align-left\" data-align=\"left\">Os servi\u00e7os prestados neste grupo s\u00e3o objeto de acordos e contratos.<\/td><\/tr><\/tbody><\/table><\/figure>\n\n\n\n<p><br>Taxa de servi\u00e7o: 5,00 \u20ac<\/p>\n<\/div><\/div>\n\n\n\n<div class=\"wp-block-pb-accordion-item c-accordion__item js-accordion-item no-js\" data-initially-open=\"false\" data-click-to-close=\"true\" data-auto-close=\"true\" data-scroll=\"false\" data-scroll-offset=\"0\"><h3 id=\"at-1131\" class=\"c-accordion__title js-accordion-controller\" role=\"button\">Cart\u00e3o de Leitor<\/h3><div id=\"ac-1131\" class=\"c-accordion__content\">\n<p>Ser\u00e1 emitido cart\u00e3o de leitor da biblioteca para os estudantes de ERASMUS e utilizadores externos.<\/p>\n\n\n\n<p>O cart\u00e3o de leitor pode ser obtido no Piso 2 da Biblioteca sendo necess\u00e1rio:<\/p>\n\n\n\n<ul>\n<li>Documento comprovativo da inscri\u00e7\u00e3o (ERASMUS);&nbsp;<\/li>\n\n\n\n<li>Documento comprovativo que foi aluno do ISEG (alumni)<\/li>\n<\/ul>\n\n\n\n<figure class=\"wp-block-table\"><table><tbody><tr><td><strong>Tabela de Pre\u00e7os<\/strong><\/td><td><\/td><\/tr><tr><td>Cart\u00e3o de Leitor Externo<br>(Se optar por esta modalidade, passar\u00e1 a ter o estatuto de utilizador Interno.)<\/td><td>100,00 \u20ac \/ano<\/td><\/tr><tr><td>Novo cart\u00e3o (s\u00f3 se aplica em caso de perda do cart\u00e3o)<\/td><td>10,00 \u20ac<\/td><\/tr><\/tbody><\/table><\/figure>\n<\/div><\/div>\n\n\n\n<div class=\"wp-block-pb-accordion-item c-accordion__item js-accordion-item no-js\" data-initially-open=\"false\" data-click-to-close=\"true\" data-auto-close=\"true\" data-scroll=\"false\" data-scroll-offset=\"0\"><h3 id=\"at-1132\" class=\"c-accordion__title js-accordion-controller\" role=\"button\">Empr\u00e9stimo Interbibliotecas<\/h3><div id=\"ac-1132\" class=\"c-accordion__content\">\n<p>O Empr\u00e9stimo Interbibliotecas (EIB) consiste no fornecimento de obras, n\u00e3o existentes no fundo da biblioteca, provenientes de outras institui\u00e7\u00f5es, por solicita\u00e7\u00e3o dos leitores.<\/p>\n\n\n\n<p>A requisi\u00e7\u00e3o e o empr\u00e9stimo e a devolu\u00e7\u00e3o das obras ao abrigo do EIB \u00e9 efetuado no piso 1.<\/p>\n\n\n\n<p><a href=\"https:\/\/docs.google.com\/forms\/d\/1UOWd2njcB3tsW0bq1qYCPDoBkEt2OoAscHM6XtJHu9c\/viewform?edit_requested=true\">Formul\u00e1rio EIB<\/a><\/p>\n\n\n\n<p><\/p>\n\n\n\n<figure class=\"wp-block-table\"><table><tbody><tr><td class=\"has-text-align-left\" data-align=\"left\"><strong>Tabela de Pre\u00e7os<\/strong><\/td><td><\/td><\/tr><tr><td class=\"has-text-align-left\" data-align=\"left\">Empr\u00e9stimo Interbibliotecas <br>(Gratuito para institui\u00e7\u00f5es com protocolo)<\/td><td>25,00 \u20ac<\/td><\/tr><\/tbody><\/table><\/figure>\n\n\n\n<h2 class=\"wp-block-heading\"><a href=\"https:\/\/www.iseg.ulisboa.pt\/aquila\/unidade\/DDI\/sobre\/informacoes\/emprestimo-interbibliotecas\"><\/a><\/h2>\n<\/div><\/div>\n","protected":false},"excerpt":{"rendered":"A biblioteca, promove a recolha, tratamento e difus\u00e3o de informa\u00e7\u00e3o bibliogr\u00e1fica, apoio a a\u00e7\u00f5es de car\u00e1cter pedag\u00f3gico e cient\u00edfico e promo\u00e7\u00e3o do interc\u00e2mbio com organiza\u00e7\u00f5es cong\u00e9neres nacionais, estrangeiras e internacionais.","protected":false},"author":2,"featured_media":0,"parent":83,"menu_order":4,"comment_status":"closed","ping_status":"closed","template":"","meta":{"inline_featured_image":false,"_uag_custom_page_level_css":"","footnotes":""},"acf":[],"uagb_featured_image_src":{"full":false,"thumbnail":false,"medium":false,"medium_large":false,"large":false,"1536x1536":false,"2048x2048":false,"trp-custom-language-flag":false},"uagb_author_info":{"display_name":"Major","author_link":"https:\/\/www.iseg.ulisboa.pt\/biblioteca\/author\/leihla\/"},"uagb_comment_info":0,"uagb_excerpt":"A biblioteca, promove a recolha, tratamento e difus\u00e3o de informa\u00e7\u00e3o bibliogr\u00e1fica, apoio a a\u00e7\u00f5es de car\u00e1cter pedag\u00f3gico e cient\u00edfico e promo\u00e7\u00e3o do interc\u00e2mbio com organiza\u00e7\u00f5es cong\u00e9neres nacionais, estrangeiras e internacionais.","_links":{"self":[{"href":"https:\/\/www.iseg.ulisboa.pt\/biblioteca\/wp-json\/wp\/v2\/pages\/113"}],"collection":[{"href":"https:\/\/www.iseg.ulisboa.pt\/biblioteca\/wp-json\/wp\/v2\/pages"}],"about":[{"href":"https:\/\/www.iseg.ulisboa.pt\/biblioteca\/wp-json\/wp\/v2\/types\/page"}],"author":[{"embeddable":true,"href":"https:\/\/www.iseg.ulisboa.pt\/biblioteca\/wp-json\/wp\/v2\/users\/2"}],"replies":[{"embeddable":true,"href":"https:\/\/www.iseg.ulisboa.pt\/biblioteca\/wp-json\/wp\/v2\/comments?post=113"}],"version-history":[{"count":43,"href":"https:\/\/www.iseg.ulisboa.pt\/biblioteca\/wp-json\/wp\/v2\/pages\/113\/revisions"}],"predecessor-version":[{"id":1332,"href":"https:\/\/www.iseg.ulisboa.pt\/biblioteca\/wp-json\/wp\/v2\/pages\/113\/revisions\/1332"}],"up":[{"embeddable":true,"href":"https:\/\/www.iseg.ulisboa.pt\/biblioteca\/wp-json\/wp\/v2\/pages\/83"}],"wp:attachment":[{"href":"https:\/\/www.iseg.ulisboa.pt\/biblioteca\/wp-json\/wp\/v2\/media?parent=113"}],"curies":[{"name":"wp","href":"https:\/\/api.w.org\/{rel}","templated":true}]}}