{"id":4444,"date":"2025-07-28T14:18:05","date_gmt":"2025-07-28T14:18:05","guid":{"rendered":"https:\/\/www.iseg.ulisboa.pt\/biblioteca\/?page_id=4444"},"modified":"2026-01-28T15:22:32","modified_gmt":"2026-01-28T15:22:32","slug":"biblioteca-em-numeros","status":"publish","type":"page","link":"https:\/\/www.iseg.ulisboa.pt\/biblioteca\/informacoes\/biblioteca-em-numeros\/","title":{"rendered":"Biblioteca em N\u00fameros"},"content":{"rendered":"\n<p>Aqui apresentamos os principais dados anuais da Biblioteca do ISEG. Estes n\u00fameros mostram a utiliza\u00e7\u00e3o dos nossos servi\u00e7os, recursos e espa\u00e7os, permitindo acompanhar a sua evolu\u00e7\u00e3o ao longo do tempo.<\/p>\n\n\n\n<hr class=\"wp-block-separator has-alpha-channel-opacity\" \/>\n\n\n\n<h2 class=\"wp-block-heading\">Infogr\u00e1ficos Anuais<\/h2>\n\n\n\n<div class=\"wp-block-pb-accordion-item c-accordion__item js-accordion-item no-js\" data-initially-open=\"false\" data-click-to-close=\"true\" data-auto-close=\"true\" data-scroll=\"false\" data-scroll-offset=\"0\"><h2 id=\"at-44440\" class=\"c-accordion__title js-accordion-controller\" role=\"button\">2025<\/h2><div id=\"ac-44440\" class=\"c-accordion__content\">\n<figure class=\"wp-block-image size-full\"><img loading=\"lazy\" decoding=\"async\" width=\"1414\" height=\"2000\" src=\"https:\/\/www.iseg.ulisboa.pt\/biblioteca\/wp-content\/uploads\/sites\/9\/2026\/01\/Red-White-Modern-Simple-Social-Media-Report-A4-Document-2.png\" alt=\"\" class=\"wp-image-5214\" srcset=\"https:\/\/www.iseg.ulisboa.pt\/biblioteca\/wp-content\/uploads\/sites\/9\/2026\/01\/Red-White-Modern-Simple-Social-Media-Report-A4-Document-2.png 1414w, https:\/\/www.iseg.ulisboa.pt\/biblioteca\/wp-content\/uploads\/sites\/9\/2026\/01\/Red-White-Modern-Simple-Social-Media-Report-A4-Document-2-212x300.png 212w, https:\/\/www.iseg.ulisboa.pt\/biblioteca\/wp-content\/uploads\/sites\/9\/2026\/01\/Red-White-Modern-Simple-Social-Media-Report-A4-Document-2-1086x1536.png 1086w, https:\/\/www.iseg.ulisboa.pt\/biblioteca\/wp-content\/uploads\/sites\/9\/2026\/01\/Red-White-Modern-Simple-Social-Media-Report-A4-Document-2-8x12.png 8w\" sizes=\"(max-width: 1414px) 100vw, 1414px\" \/><\/figure>\n\n\n\n<p class=\"has-text-align-left\">                     <a href=\"https:\/\/www.iseg.ulisboa.pt\/biblioteca\/wp-content\/uploads\/sites\/9\/2026\/01\/Relatorioanual2025-1.pdf\" data-type=\"attachment\" data-id=\"5230\"><strong>Relat\u00f3rio Anual 2025<\/strong><\/a><\/p>\n<\/div><\/div>\n\n\n\n<hr class=\"wp-block-separator has-alpha-channel-opacity\" \/>\n","protected":false},"excerpt":{"rendered":"Aqui apresentamos os principais dados anuais da Biblioteca do ISEG. Estes n\u00fameros mostram a utiliza\u00e7\u00e3o dos nossos servi\u00e7os, recursos e espa\u00e7os, permitindo acompanhar a sua evolu\u00e7\u00e3o ao longo do tempo.&nbsp;[&#8230;]","protected":false},"author":5,"featured_media":0,"parent":83,"menu_order":20,"comment_status":"closed","ping_status":"closed","template":"","meta":{"inline_featured_image":false,"_uag_custom_page_level_css":"","footnotes":""},"acf":[],"uagb_featured_image_src":{"full":false,"thumbnail":false,"medium":false,"medium_large":false,"large":false,"1536x1536":false,"2048x2048":false,"trp-custom-language-flag":false},"uagb_author_info":{"display_name":"diogoalmeida","author_link":"https:\/\/www.iseg.ulisboa.pt\/biblioteca\/author\/diogoalmeida\/"},"uagb_comment_info":0,"uagb_excerpt":"Aqui apresentamos os principais dados anuais da Biblioteca do ISEG. Estes n\u00fameros mostram a utiliza\u00e7\u00e3o dos nossos servi\u00e7os, recursos e espa\u00e7os, permitindo acompanhar a sua evolu\u00e7\u00e3o ao longo do tempo.&nbsp;[...]","_links":{"self":[{"href":"https:\/\/www.iseg.ulisboa.pt\/biblioteca\/wp-json\/wp\/v2\/pages\/4444"}],"collection":[{"href":"https:\/\/www.iseg.ulisboa.pt\/biblioteca\/wp-json\/wp\/v2\/pages"}],"about":[{"href":"https:\/\/www.iseg.ulisboa.pt\/biblioteca\/wp-json\/wp\/v2\/types\/page"}],"author":[{"embeddable":true,"href":"https:\/\/www.iseg.ulisboa.pt\/biblioteca\/wp-json\/wp\/v2\/users\/5"}],"replies":[{"embeddable":true,"href":"https:\/\/www.iseg.ulisboa.pt\/biblioteca\/wp-json\/wp\/v2\/comments?post=4444"}],"version-history":[{"count":24,"href":"https:\/\/www.iseg.ulisboa.pt\/biblioteca\/wp-json\/wp\/v2\/pages\/4444\/revisions"}],"predecessor-version":[{"id":5232,"href":"https:\/\/www.iseg.ulisboa.pt\/biblioteca\/wp-json\/wp\/v2\/pages\/4444\/revisions\/5232"}],"up":[{"embeddable":true,"href":"https:\/\/www.iseg.ulisboa.pt\/biblioteca\/wp-json\/wp\/v2\/pages\/83"}],"wp:attachment":[{"href":"https:\/\/www.iseg.ulisboa.pt\/biblioteca\/wp-json\/wp\/v2\/media?parent=4444"}],"curies":[{"name":"wp","href":"https:\/\/api.w.org\/{rel}","templated":true}]}}