{"id":4916,"date":"2025-11-21T12:21:11","date_gmt":"2025-11-21T12:21:11","guid":{"rendered":"https:\/\/www.iseg.ulisboa.pt\/biblioteca\/?page_id=4916"},"modified":"2026-02-04T15:52:04","modified_gmt":"2026-02-04T15:52:04","slug":"historia","status":"publish","type":"page","link":"https:\/\/www.iseg.ulisboa.pt\/biblioteca\/historia\/","title":{"rendered":"Hist\u00f3ria da Biblioteca Francisco Pereira de Moura"},"content":{"rendered":"\n<div class=\"block-media-long-text\">\n\t<div class=\"container\">\n\t\t<div class=\"block-media-long-text__container inverted\">\n\t\t\t<div class=\"block-media-long-text__content\">\n\t\t\t\t<h3><strong>1911\u20131918 | As Origens<\/strong><\/h3>\n<p>A Biblioteca do ISEG nasceu em <strong>1911<\/strong>, aquando da cria\u00e7\u00e3o do ent\u00e3o <strong>Instituto Superior do Com\u00e9rcio (ISC)<\/strong>.<br \/>\nIniciou fun\u00e7\u00f5es oficialmente em <strong>15 de abril de 1914<\/strong>, um ano ap\u00f3s o in\u00edcio das atividades letivas.<\/p>\n<p>A sua base foi a antiga biblioteca do <strong>Instituto Industrial e Comercial de Lisboa<\/strong>, transferida parcialmente para o ISC, com um acervo inicial de cerca de <strong>650 livros<\/strong> e algumas das mais prestigiadas revistas da \u00e9poca \u2014 entre elas, o <em>Journal des \u00c9conomistes.<\/em><\/p>\n\t\t\t<\/div>\n\t\t\t<div class=\"block-media-long-text__media\">\n\t\t\t\t<img decoding=\"async\" src=\"https:\/\/www.iseg.ulisboa.pt\/biblioteca\/wp-content\/uploads\/sites\/9\/2025\/11\/Biblioteca.png\" class=\"image-cover\" alt=\"\" srcset=\"https:\/\/www.iseg.ulisboa.pt\/biblioteca\/wp-content\/uploads\/sites\/9\/2025\/11\/Biblioteca.png 1082w, https:\/\/www.iseg.ulisboa.pt\/biblioteca\/wp-content\/uploads\/sites\/9\/2025\/11\/Biblioteca-300x231.png 300w, https:\/\/www.iseg.ulisboa.pt\/biblioteca\/wp-content\/uploads\/sites\/9\/2025\/11\/Biblioteca-16x12.png 16w\" sizes=\"(max-width: 1082px) 100vw, 1082px\" \/>\t\t\t<\/div>\n\t\t<\/div>\n\t<\/div>\n<\/div>\n\n\n\n<div class=\"block-media-long-text\">\n\t<div class=\"container\">\n\t\t<div class=\"block-media-long-text__container \">\n\t\t\t<div class=\"block-media-long-text__content\">\n\t\t\t\t<h3><strong>1918\u20131970 | Biblioteca<\/strong><\/h3>\n<p>Durante v\u00e1rias d\u00e9cadas, a biblioteca do ISEG funcionou no atual <strong>Sal\u00e3o Nobre<\/strong>, um espa\u00e7o central da vida acad\u00e9mica da Escola, que chegou tamb\u00e9m a acolher, de forma tempor\u00e1ria, o <strong>Museu Comercial<\/strong>.<\/p>\n<p>Em 1918, no \u00e2mbito do crescimento e diversifica\u00e7\u00e3o do acervo, foi constru\u00eddo um <strong>varandim<\/strong> especificamente dedicado \u00e0s publica\u00e7\u00f5es peri\u00f3dicas, refor\u00e7ando o papel da biblioteca como lugar de estudo, investiga\u00e7\u00e3o e atualiza\u00e7\u00e3o cient\u00edfica cont\u00ednua.<\/p>\n\t\t\t<\/div>\n\t\t\t<div class=\"block-media-long-text__media\">\n\t\t\t\t<img decoding=\"async\" src=\"https:\/\/www.iseg.ulisboa.pt\/biblioteca\/wp-content\/uploads\/sites\/9\/2026\/02\/Salao-Nobre-Biblioteca.jpeg\" class=\"image-cover\" alt=\"\" srcset=\"https:\/\/www.iseg.ulisboa.pt\/biblioteca\/wp-content\/uploads\/sites\/9\/2026\/02\/Salao-Nobre-Biblioteca.jpeg 1280w, https:\/\/www.iseg.ulisboa.pt\/biblioteca\/wp-content\/uploads\/sites\/9\/2026\/02\/Salao-Nobre-Biblioteca-300x212.jpeg 300w, https:\/\/www.iseg.ulisboa.pt\/biblioteca\/wp-content\/uploads\/sites\/9\/2026\/02\/Salao-Nobre-Biblioteca-18x12.jpeg 18w\" sizes=\"(max-width: 1280px) 100vw, 1280px\" \/>\t\t\t<\/div>\n\t\t<\/div>\n\t<\/div>\n<\/div>\n\n\n\n<div class=\"block-media-long-text\">\n\t<div class=\"container\">\n\t\t<div class=\"block-media-long-text__container inverted\">\n\t\t\t<div class=\"block-media-long-text__content\">\n\t\t\t\t<h3><strong>1972\u20131990 | Transi\u00e7\u00e3o e Moderniza\u00e7\u00e3o<\/strong><\/h3>\n<p>Em dezembro de 1972 foi inaugurada a <strong>Sala 8<\/strong>, conhecida como <strong>Sala Verde<\/strong>, no piso superior do edif\u00edcio do Quelhas. Este novo espa\u00e7o acolheu publica\u00e7\u00f5es do <strong>INE<\/strong>, <strong>OCDE<\/strong>, <strong>ONU<\/strong>, <strong>Banco de Portugal<\/strong> e revistas cient\u00edficas.<\/p>\n<p>Nos anos 80, com as obras no edif\u00edcio do Quelhas, a documenta\u00e7\u00e3o foi transferida para o <strong>Edif\u00edcio Bento de Jesus Cara\u00e7a<\/strong>, na Rua Miguel Lupi. Nesta fase, foi criado o <strong>Centro de Informa\u00e7\u00e3o e Documenta\u00e7\u00e3o (CID)<\/strong>, e iniciou-se a <strong>informatiza\u00e7\u00e3o da biblioteca<\/strong>, com liga\u00e7\u00e3o \u00e0 PORBASE e a redes internacionais (DIALOG, ECHO, SELEX, SCAD). Foram tamb\u00e9m disponibilizadas bases de dados bibliogr\u00e1ficas em CD-ROM \u2014 um avan\u00e7o significativo para a \u00e9poca.<\/p>\n\t\t\t<\/div>\n\t\t\t<div class=\"block-media-long-text__media\">\n\t\t\t\t<img decoding=\"async\" src=\"https:\/\/www.iseg.ulisboa.pt\/biblioteca\/wp-content\/uploads\/sites\/9\/2026\/02\/Sala-Verde-Biblioteca.jpeg\" class=\"image-cover\" alt=\"\" srcset=\"https:\/\/www.iseg.ulisboa.pt\/biblioteca\/wp-content\/uploads\/sites\/9\/2026\/02\/Sala-Verde-Biblioteca.jpeg 1280w, https:\/\/www.iseg.ulisboa.pt\/biblioteca\/wp-content\/uploads\/sites\/9\/2026\/02\/Sala-Verde-Biblioteca-300x214.jpeg 300w, https:\/\/www.iseg.ulisboa.pt\/biblioteca\/wp-content\/uploads\/sites\/9\/2026\/02\/Sala-Verde-Biblioteca-18x12.jpeg 18w\" sizes=\"(max-width: 1280px) 100vw, 1280px\" \/>\t\t\t<\/div>\n\t\t<\/div>\n\t<\/div>\n<\/div>\n\n\n\n<div class=\"block-media-long-text\">\n\t<div class=\"container\">\n\t\t<div class=\"block-media-long-text__container \">\n\t\t\t<div class=\"block-media-long-text__content\">\n\t\t\t\t<h3><strong>1998 | A Nova Biblioteca Francisco Pereira de Moura<\/strong><\/h3>\n<p>Em 1998, com a expans\u00e3o do campus e a reabilita\u00e7\u00e3o do Convento das Inglesinhas, foi inaugurada a <strong>Biblioteca Francisco Pereira de Moura<\/strong>.<br \/>\nEste edif\u00edcio moderno, com <strong>cinco pisos<\/strong>, foi projetado para acolher um acervo em constante crescimento e servir uma comunidade cient\u00edfica cada vez mais internacional.<\/p>\n\t\t\t<\/div>\n\t\t\t<div class=\"block-media-long-text__media\">\n\t\t\t\t<img decoding=\"async\" src=\"https:\/\/www.iseg.ulisboa.pt\/biblioteca\/wp-content\/uploads\/sites\/9\/2026\/02\/Nova-Biblioteca.jpg\" class=\"image-cover\" alt=\"\" srcset=\"https:\/\/www.iseg.ulisboa.pt\/biblioteca\/wp-content\/uploads\/sites\/9\/2026\/02\/Nova-Biblioteca.jpg 1080w, https:\/\/www.iseg.ulisboa.pt\/biblioteca\/wp-content\/uploads\/sites\/9\/2026\/02\/Nova-Biblioteca-300x300.jpg 300w, https:\/\/www.iseg.ulisboa.pt\/biblioteca\/wp-content\/uploads\/sites\/9\/2026\/02\/Nova-Biblioteca-150x150.jpg 150w, https:\/\/www.iseg.ulisboa.pt\/biblioteca\/wp-content\/uploads\/sites\/9\/2026\/02\/Nova-Biblioteca-12x12.jpg 12w\" sizes=\"(max-width: 1080px) 100vw, 1080px\" \/>\t\t\t<\/div>\n\t\t<\/div>\n\t<\/div>\n<\/div>\n\n\n\n<div class=\"block-media-long-text\">\n\t<div class=\"container\">\n\t\t<div class=\"block-media-long-text__container inverted\">\n\t\t\t<div class=\"block-media-long-text__content\">\n\t\t\t\t<h3><strong>Arquitetura &amp; Campus | Gon\u00e7alo Byrne<br \/>\n<\/strong><\/h3>\n<p class=\"p1\">A biblioteca integra o <strong>plano de expans\u00e3o do ISEG<\/strong> e liga a cidade ao campus atrav\u00e9s de um percurso pedonal entre a Rua das Francesinhas e a Rua Miguel Lupi.<\/p>\n<p class=\"p1\">Com <strong>planta em \u201cV\u201d<\/strong>, o edif\u00edcio articula-se com o conjunto hist\u00f3rico, enquanto o projeto paisag\u00edstico cria p\u00e1tios e zonas verdes abertos \u00e0 cidade.<\/p>\n\t\t\t<\/div>\n\t\t\t<div class=\"block-media-long-text__media\">\n\t\t\t\t<img decoding=\"async\" src=\"https:\/\/www.iseg.ulisboa.pt\/biblioteca\/wp-content\/uploads\/sites\/9\/2026\/02\/Biblioteca-Ext1.jpg\" class=\"image-cover\" alt=\"\" srcset=\"https:\/\/www.iseg.ulisboa.pt\/biblioteca\/wp-content\/uploads\/sites\/9\/2026\/02\/Biblioteca-Ext1.jpg 622w, https:\/\/www.iseg.ulisboa.pt\/biblioteca\/wp-content\/uploads\/sites\/9\/2026\/02\/Biblioteca-Ext1-300x225.jpg 300w, https:\/\/www.iseg.ulisboa.pt\/biblioteca\/wp-content\/uploads\/sites\/9\/2026\/02\/Biblioteca-Ext1-16x12.jpg 16w\" sizes=\"(max-width: 622px) 100vw, 622px\" \/>\t\t\t<\/div>\n\t\t<\/div>\n\t<\/div>\n<\/div>\n\n\n\n<h3 class=\"wp-block-heading\"><strong>Hoje | Um Centro de Conhecimento Aberto<\/strong><\/h3>\n\n\n\n<p>Atualmente, a Biblioteca Francisco Pereira de Moura \u00e9 <strong>uma das maiores bibliotecas especializadas em Economia e Gest\u00e3o em Portugal<\/strong>, reunindo um vasto acervo f\u00edsico e digital, servi\u00e7os de apoio \u00e0 investiga\u00e7\u00e3o, recursos de acesso aberto e espa\u00e7os de estudo modernos e acolhedores. Mais de um s\u00e9culo depois da sua cria\u00e7\u00e3o, a biblioteca mant\u00e9m-se fiel \u00e0 sua miss\u00e3o: <strong>ser um espa\u00e7o de acesso, preserva\u00e7\u00e3o e partilha de conhecimento<\/strong> \u2014 um pilar essencial da identidade do ISEG e da Universidade de Lisboa.<\/p>\n","protected":false},"excerpt":{"rendered":"Hoje | Um Centro de Conhecimento Aberto Atualmente, a Biblioteca Francisco Pereira de Moura \u00e9 uma das maiores bibliotecas especializadas em Economia e Gest\u00e3o em Portugal, reunindo um vasto acervo&nbsp;[&#8230;]","protected":false},"author":5,"featured_media":0,"parent":0,"menu_order":0,"comment_status":"closed","ping_status":"closed","template":"tpl-default-full-width.php","meta":{"inline_featured_image":false,"_uag_custom_page_level_css":"","footnotes":""},"acf":[],"uagb_featured_image_src":{"full":false,"thumbnail":false,"medium":false,"medium_large":false,"large":false,"1536x1536":false,"2048x2048":false,"trp-custom-language-flag":false},"uagb_author_info":{"display_name":"diogoalmeida","author_link":"https:\/\/www.iseg.ulisboa.pt\/biblioteca\/author\/diogoalmeida\/"},"uagb_comment_info":0,"uagb_excerpt":"Hoje | Um Centro de Conhecimento Aberto Atualmente, a Biblioteca Francisco Pereira de Moura \u00e9 uma das maiores bibliotecas especializadas em Economia e Gest\u00e3o em Portugal, reunindo um vasto acervo&nbsp;[...]","_links":{"self":[{"href":"https:\/\/www.iseg.ulisboa.pt\/biblioteca\/wp-json\/wp\/v2\/pages\/4916"}],"collection":[{"href":"https:\/\/www.iseg.ulisboa.pt\/biblioteca\/wp-json\/wp\/v2\/pages"}],"about":[{"href":"https:\/\/www.iseg.ulisboa.pt\/biblioteca\/wp-json\/wp\/v2\/types\/page"}],"author":[{"embeddable":true,"href":"https:\/\/www.iseg.ulisboa.pt\/biblioteca\/wp-json\/wp\/v2\/users\/5"}],"replies":[{"embeddable":true,"href":"https:\/\/www.iseg.ulisboa.pt\/biblioteca\/wp-json\/wp\/v2\/comments?post=4916"}],"version-history":[{"count":15,"href":"https:\/\/www.iseg.ulisboa.pt\/biblioteca\/wp-json\/wp\/v2\/pages\/4916\/revisions"}],"predecessor-version":[{"id":5527,"href":"https:\/\/www.iseg.ulisboa.pt\/biblioteca\/wp-json\/wp\/v2\/pages\/4916\/revisions\/5527"}],"wp:attachment":[{"href":"https:\/\/www.iseg.ulisboa.pt\/biblioteca\/wp-json\/wp\/v2\/media?parent=4916"}],"curies":[{"name":"wp","href":"https:\/\/api.w.org\/{rel}","templated":true}]}}