{"id":5079,"date":"2026-01-02T13:30:41","date_gmt":"2026-01-02T13:30:41","guid":{"rendered":"https:\/\/www.iseg.ulisboa.pt\/biblioteca\/?page_id=5079"},"modified":"2026-01-02T13:34:40","modified_gmt":"2026-01-02T13:34:40","slug":"novidades-bibliograficas-2026","status":"publish","type":"page","link":"https:\/\/www.iseg.ulisboa.pt\/biblioteca\/novidades-bibliograficas-2026\/","title":{"rendered":"Novidades Bibliogr\u00e1ficas 2026"},"content":{"rendered":"\n<div class=\"block-library has-border\">\n\t<div class=\"container\">\n\t\t\t\t\t\t\t<div class=\"library-tabs__menu-wrapper\">\n\t\t\t\t<div class=\"\">\n\t\t\t\t\t<div class=\"library-tabs__menu\">\n\t\t\t\t\t\t\t\t\t\t\t\t\t<a href=\"#library-tab__mar\" class=\"library-list-tabs__link\">Mar<\/a>\n\t\t\t\t\t\t\t\t\t\t\t\t\t<a href=\"#library-tab__abr\" class=\"library-list-tabs__link\">Abr<\/a>\n\t\t\t\t\t\t\t\t\t\t\t\t\t<a href=\"#library-tab__maio\" class=\"library-list-tabs__link\">Maio<\/a>\n\t\t\t\t\t\t\t\t\t\t\t\t\t<a href=\"#library-tab__junho\" class=\"library-list-tabs__link\">Junho<\/a>\n\t\t\t\t\t\t\t\t\t\t\t\t\t<a href=\"#library-tab__julho\" class=\"library-list-tabs__link\">Julho<\/a>\n\t\t\t\t\t\t\t\t\t\t\t\t\t<a href=\"#library-tab__agosto\" class=\"library-list-tabs__link\">Agosto<\/a>\n\t\t\t\t\t\t\t\t\t\t\t\t\t<a href=\"#library-tab__set\" class=\"library-list-tabs__link\">Set<\/a>\n\t\t\t\t\t\t\t\t\t\t\t\t\t<a href=\"#library-tab__out\" class=\"library-list-tabs__link\">Out<\/a>\n\t\t\t\t\t\t\t\t\t\t\t\t\t<a href=\"#library-tab__nov\" class=\"library-list-tabs__link\">Nov<\/a>\n\t\t\t\t\t\t\t\t\t\t\t\t\t<a href=\"#library-tab__dez\" class=\"library-list-tabs__link\">Dez<\/a>\n\t\t\t\t\t\t\t\t\t\t\t\t\t<a href=\"#library-tab__jan\" class=\"library-list-tabs__link\">Jan<\/a>\n\t\t\t\t\t\t\t\t\t\t\t\t\t<a href=\"#library-tab__fev\" class=\"library-list-tabs__link\">Fev<\/a>\n\t\t\t\t\t\t\t\t\t\t\t<\/div>\n\t\t\t\t<\/div>\n\t\t\t<\/div>\n\t\t\n\t\t<div class=\"library-tabs__content\">\n\t\t\t\t\t\t\t<div class=\"library-tab\" id=\"library-tab__mar\">\n\t\t\t\t\t\t\t\t\t\t<div class=\"block-library-list js-lmc-container\">\n\t\t\t\t\t\t\n\t\t\t\t\t\t\t\t\t\t\t\t\t\t\t\t<div class=\"library-list-item js-list-item\">\n\t\t\t\t\t\t\t\t\t<div class=\"library-card \" title=\"\">\n\n\t\t\t\t\t\t\t\t\t\t\t\t\t\t\t\t\t\t\t\t\t<a target=\"\" href=\"https:\/\/catalogo-iseg.biblioteca.ulisboa.pt\/cgi-bin\/koha\/opac-detail.pl?biblionumber=1761956&amp;q=an%C3%A1lise%20mult%C3%ADvoca%20e%20n%C3%A3o%20suave\" class=\"library-card__image has-link\">\n\t\t\t\t\t\t\t\t\t\t\t\t<img decoding=\"async\" src=\"https:\/\/www.iseg.ulisboa.pt\/biblioteca\/wp-content\/uploads\/sites\/9\/2026\/03\/Livros-NOVIDADES-19.png\" class=\"image-cover wp-post-image\" alt=\"\" srcset=\"https:\/\/www.iseg.ulisboa.pt\/biblioteca\/wp-content\/uploads\/sites\/9\/2026\/03\/Livros-NOVIDADES-19.png 1512w, https:\/\/www.iseg.ulisboa.pt\/biblioteca\/wp-content\/uploads\/sites\/9\/2026\/03\/Livros-NOVIDADES-19-200x300.png 200w, https:\/\/www.iseg.ulisboa.pt\/biblioteca\/wp-content\/uploads\/sites\/9\/2026\/03\/Livros-NOVIDADES-19-1024x1536.png 1024w, https:\/\/www.iseg.ulisboa.pt\/biblioteca\/wp-content\/uploads\/sites\/9\/2026\/03\/Livros-NOVIDADES-19-1365x2048.png 1365w, https:\/\/www.iseg.ulisboa.pt\/biblioteca\/wp-content\/uploads\/sites\/9\/2026\/03\/Livros-NOVIDADES-19-8x12.png 8w\" sizes=\"(max-width: 1512px) 100vw, 1512px\" \/>\t\t\t\t\t\t\t\t\t\t\t<\/a>\n\t\t\t\t\t\t\t\t\t\t\t\t\t\t\t\t\t\t\t\t<div class=\"resource-cota\">QA402.3 G65 2018<\/div>\n\t\t\t\t\t\t\t\t\t\t\t\t\t\t\t\t\t\t\t\t\t\t\t\t\t\t\t\t\t\t\t\t\t<a target=\"\" href=\"https:\/\/catalogo-iseg.biblioteca.ulisboa.pt\/cgi-bin\/koha\/opac-detail.pl?biblionumber=1761956&amp;q=an%C3%A1lise%20mult%C3%ADvoca%20e%20n%C3%A3o%20suave\" class=\"library-card__title\">An\u00e1lise mult\u00edvoca e n\u00e3o suava<\/a>\n\t\t\t\t\t\t\t\t\t\t\t\t\t\t\t\t\t\t\t\t\t\n\t\t\t\t\t\t\t\t\t\t\n\t\t\t\t\t\t\t\t\t<\/div>\n\n\t\t\t\t\t\t\t\t<\/div>\n\n\t\t\t\t\t\t\n\t\t\t\t\t\t\t\t\t\t\t\t\t\t\t\t<div class=\"library-list-item js-list-item\">\n\t\t\t\t\t\t\t\t\t<div class=\"library-card \" title=\"\">\n\n\t\t\t\t\t\t\t\t\t\t\t\t\t\t\t\t\t\t\t\t\t<a target=\"\" href=\"https:\/\/catalogo-iseg.biblioteca.ulisboa.pt\/cgi-bin\/koha\/opac-detail.pl?biblionumber=1761977\" class=\"library-card__image has-link\">\n\t\t\t\t\t\t\t\t\t\t\t\t<img decoding=\"async\" src=\"https:\/\/www.iseg.ulisboa.pt\/biblioteca\/wp-content\/uploads\/sites\/9\/2026\/03\/Livros-NOVIDADES-21.png\" class=\"image-cover wp-post-image\" alt=\"\" srcset=\"https:\/\/www.iseg.ulisboa.pt\/biblioteca\/wp-content\/uploads\/sites\/9\/2026\/03\/Livros-NOVIDADES-21.png 1512w, https:\/\/www.iseg.ulisboa.pt\/biblioteca\/wp-content\/uploads\/sites\/9\/2026\/03\/Livros-NOVIDADES-21-200x300.png 200w, https:\/\/www.iseg.ulisboa.pt\/biblioteca\/wp-content\/uploads\/sites\/9\/2026\/03\/Livros-NOVIDADES-21-1024x1536.png 1024w, https:\/\/www.iseg.ulisboa.pt\/biblioteca\/wp-content\/uploads\/sites\/9\/2026\/03\/Livros-NOVIDADES-21-1365x2048.png 1365w, https:\/\/www.iseg.ulisboa.pt\/biblioteca\/wp-content\/uploads\/sites\/9\/2026\/03\/Livros-NOVIDADES-21-8x12.png 8w\" sizes=\"(max-width: 1512px) 100vw, 1512px\" \/>\t\t\t\t\t\t\t\t\t\t\t<\/a>\n\t\t\t\t\t\t\t\t\t\t\t\t\t\t\t\t\t\t\t\t<div class=\"resource-cota\">QA241. M57 2025<\/div>\n\t\t\t\t\t\t\t\t\t\t\t\t\t\t\t\t\t\t\t\t\t\t\t\t\t\t\t\t\t\t\t\t\t<a target=\"\" href=\"https:\/\/catalogo-iseg.biblioteca.ulisboa.pt\/cgi-bin\/koha\/opac-detail.pl?biblionumber=1761977\" class=\"library-card__title\">Uma introdu\u00e7\u00e3o \u00e0 teoria dos n\u00fameros<\/a>\n\t\t\t\t\t\t\t\t\t\t\t\t\t\t\t\t\t\t\t\t\t\n\t\t\t\t\t\t\t\t\t\t\n\t\t\t\t\t\t\t\t\t<\/div>\n\n\t\t\t\t\t\t\t\t<\/div>\n\n\t\t\t\t\t\t\t\t\t\t\t<\/div>\n\t\t\t\t<\/div>\n\t\t\t\t\t\t\t<div class=\"library-tab\" id=\"library-tab__abr\">\n\t\t\t\t\t\t\t\t\t\t<div class=\"block-library-list js-lmc-container\">\n\t\t\t\t\t\t\t\t\t\t\t<\/div>\n\t\t\t\t<\/div>\n\t\t\t\t\t\t\t<div class=\"library-tab\" id=\"library-tab__maio\">\n\t\t\t\t\t\t\t\t\t\t<div class=\"block-library-list js-lmc-container\">\n\t\t\t\t\t\t\t\t\t\t\t<\/div>\n\t\t\t\t<\/div>\n\t\t\t\t\t\t\t<div class=\"library-tab\" id=\"library-tab__junho\">\n\t\t\t\t\t\t\t\t\t\t<div class=\"block-library-list js-lmc-container\">\n\t\t\t\t\t\t\t\t\t\t\t<\/div>\n\t\t\t\t<\/div>\n\t\t\t\t\t\t\t<div class=\"library-tab\" id=\"library-tab__julho\">\n\t\t\t\t\t\t\t\t\t\t<div class=\"block-library-list js-lmc-container\">\n\t\t\t\t\t\t\t\t\t\t\t<\/div>\n\t\t\t\t<\/div>\n\t\t\t\t\t\t\t<div class=\"library-tab\" id=\"library-tab__agosto\">\n\t\t\t\t\t\t\t\t\t\t<div class=\"block-library-list js-lmc-container\">\n\t\t\t\t\t\t\t\t\t\t\t<\/div>\n\t\t\t\t<\/div>\n\t\t\t\t\t\t\t<div class=\"library-tab\" id=\"library-tab__set\">\n\t\t\t\t\t\t\t\t\t\t<div class=\"block-library-list js-lmc-container\">\n\t\t\t\t\t\t\t\t\t\t\t<\/div>\n\t\t\t\t<\/div>\n\t\t\t\t\t\t\t<div class=\"library-tab\" id=\"library-tab__out\">\n\t\t\t\t\t\t\t\t\t\t<div class=\"block-library-list js-lmc-container\">\n\t\t\t\t\t\t\t\t\t\t\t<\/div>\n\t\t\t\t<\/div>\n\t\t\t\t\t\t\t<div class=\"library-tab\" id=\"library-tab__nov\">\n\t\t\t\t\t\t\t\t\t\t<div class=\"block-library-list js-lmc-container\">\n\t\t\t\t\t\t\t\t\t\t\t<\/div>\n\t\t\t\t<\/div>\n\t\t\t\t\t\t\t<div class=\"library-tab\" id=\"library-tab__dez\">\n\t\t\t\t\t\t\t\t\t\t<div class=\"block-library-list js-lmc-container\">\n\t\t\t\t\t\t\t\t\t\t\t<\/div>\n\t\t\t\t<\/div>\n\t\t\t\t\t\t\t<div class=\"library-tab\" id=\"library-tab__jan\">\n\t\t\t\t\t\t\t\t\t\t<div class=\"block-library-list js-lmc-container\">\n\t\t\t\t\t\t\n\t\t\t\t\t\t\t\t\t\t\t\t\t\t\t\t<div class=\"library-list-item js-list-item\">\n\t\t\t\t\t\t\t\t\t<div class=\"library-card \" title=\"\">\n\n\t\t\t\t\t\t\t\t\t\t\t\t\t\t\t\t\t\t\t\t\t<a target=\"\" href=\"https:\/\/catalogo-iseg.biblioteca.ulisboa.pt\/cgi-bin\/koha\/opac-detail.pl?biblionumber=1760080&amp;q=a%20ordem%20do%20capital%20:%20como%20os%20economistas%20inventaram%20a%20austeridade%20e%20abriram%20o%20caminho%20ao%20fascismo\" class=\"library-card__image has-link\">\n\t\t\t\t\t\t\t\t\t\t\t\t<img decoding=\"async\" src=\"https:\/\/www.iseg.ulisboa.pt\/biblioteca\/wp-content\/uploads\/sites\/9\/2026\/02\/Livros-NOVIDADES-15.png\" class=\"image-cover wp-post-image\" alt=\"\" srcset=\"https:\/\/www.iseg.ulisboa.pt\/biblioteca\/wp-content\/uploads\/sites\/9\/2026\/02\/Livros-NOVIDADES-15.png 1512w, https:\/\/www.iseg.ulisboa.pt\/biblioteca\/wp-content\/uploads\/sites\/9\/2026\/02\/Livros-NOVIDADES-15-200x300.png 200w, https:\/\/www.iseg.ulisboa.pt\/biblioteca\/wp-content\/uploads\/sites\/9\/2026\/02\/Livros-NOVIDADES-15-1024x1536.png 1024w, https:\/\/www.iseg.ulisboa.pt\/biblioteca\/wp-content\/uploads\/sites\/9\/2026\/02\/Livros-NOVIDADES-15-1365x2048.png 1365w, https:\/\/www.iseg.ulisboa.pt\/biblioteca\/wp-content\/uploads\/sites\/9\/2026\/02\/Livros-NOVIDADES-15-8x12.png 8w\" sizes=\"(max-width: 1512px) 100vw, 1512px\" \/>\t\t\t\t\t\t\t\t\t\t\t<\/a>\n\t\t\t\t\t\t\t\t\t\t\t\t\t\t\t\t\t\t\t\t<div class=\"resource-cota\">HB501 .M38 2024<\/div>\n\t\t\t\t\t\t\t\t\t\t\t\t\t\t\t\t\t\t\t\t\t\t\t\t\t\t\t\t\t\t\t\t\t<a target=\"\" href=\"https:\/\/catalogo-iseg.biblioteca.ulisboa.pt\/cgi-bin\/koha\/opac-detail.pl?biblionumber=1760080&amp;q=a%20ordem%20do%20capital%20:%20como%20os%20economistas%20inventaram%20a%20austeridade%20e%20abriram%20o%20caminho%20ao%20fascismo\" class=\"library-card__title\">A ordem do capital<\/a>\n\t\t\t\t\t\t\t\t\t\t\t\t\t\t\t\t\t\t\t\t\t\n\t\t\t\t\t\t\t\t\t\t\n\t\t\t\t\t\t\t\t\t<\/div>\n\n\t\t\t\t\t\t\t\t<\/div>\n\n\t\t\t\t\t\t\n\t\t\t\t\t\t\t\t\t\t\t\t\t\t\t\t<div class=\"library-list-item js-list-item\">\n\t\t\t\t\t\t\t\t\t<div class=\"library-card \" title=\"\">\n\n\t\t\t\t\t\t\t\t\t\t\t\t\t\t\t\t\t\t\t\t\t<a target=\"\" href=\"https:\/\/catalogo-iseg.biblioteca.ulisboa.pt\/cgi-bin\/koha\/opac-detail.pl?biblionumber=1762007&amp;q=marx%20for%20the%2021st%20century\" class=\"library-card__image has-link\">\n\t\t\t\t\t\t\t\t\t\t\t\t<img decoding=\"async\" src=\"https:\/\/www.iseg.ulisboa.pt\/biblioteca\/wp-content\/uploads\/sites\/9\/2026\/03\/Livros-NOVIDADES-20.png\" class=\"image-cover wp-post-image\" alt=\"\" srcset=\"https:\/\/www.iseg.ulisboa.pt\/biblioteca\/wp-content\/uploads\/sites\/9\/2026\/03\/Livros-NOVIDADES-20.png 1512w, https:\/\/www.iseg.ulisboa.pt\/biblioteca\/wp-content\/uploads\/sites\/9\/2026\/03\/Livros-NOVIDADES-20-200x300.png 200w, https:\/\/www.iseg.ulisboa.pt\/biblioteca\/wp-content\/uploads\/sites\/9\/2026\/03\/Livros-NOVIDADES-20-1024x1536.png 1024w, https:\/\/www.iseg.ulisboa.pt\/biblioteca\/wp-content\/uploads\/sites\/9\/2026\/03\/Livros-NOVIDADES-20-1365x2048.png 1365w, https:\/\/www.iseg.ulisboa.pt\/biblioteca\/wp-content\/uploads\/sites\/9\/2026\/03\/Livros-NOVIDADES-20-8x12.png 8w\" sizes=\"(max-width: 1512px) 100vw, 1512px\" \/>\t\t\t\t\t\t\t\t\t\t\t<\/a>\n\t\t\t\t\t\t\t\t\t\t\t\t\t\t\t\t\t\t\t\t<div class=\"resource-cota\">HB97.5 M37 2025<\/div>\n\t\t\t\t\t\t\t\t\t\t\t\t\t\t\t\t\t\t\t\t\t\t\t\t\t\t\t\t\t\t\t\t\t<a target=\"\" href=\"https:\/\/catalogo-iseg.biblioteca.ulisboa.pt\/cgi-bin\/koha\/opac-detail.pl?biblionumber=1762007&amp;q=marx%20for%20the%2021st%20century\" class=\"library-card__title\">Marx for the 21st century : reevaluatibg Marx&#8217;s critique of political economy<\/a>\n\t\t\t\t\t\t\t\t\t\t\t\t\t\t\t\t\t\t\t\t\t\n\t\t\t\t\t\t\t\t\t\t\n\t\t\t\t\t\t\t\t\t<\/div>\n\n\t\t\t\t\t\t\t\t<\/div>\n\n\t\t\t\t\t\t\t\t\t\t\t<\/div>\n\t\t\t\t<\/div>\n\t\t\t\t\t\t\t<div class=\"library-tab\" id=\"library-tab__fev\">\n\t\t\t\t\t\t\t\t\t\t<div class=\"block-library-list js-lmc-container\">\n\t\t\t\t\t\t\n\t\t\t\t\t\t\t\t\t\t\t\t\t\t\t\t<div class=\"library-list-item js-list-item\">\n\t\t\t\t\t\t\t\t\t<div class=\"library-card \" title=\"\">\n\n\t\t\t\t\t\t\t\t\t\t\t\t\t\t\t\t\t\t\t\t\t<a target=\"\" href=\"https:\/\/catalogo-iseg.biblioteca.ulisboa.pt\/cgi-bin\/koha\/opac-detail.pl?biblionumber=1761701\" class=\"library-card__image has-link\">\n\t\t\t\t\t\t\t\t\t\t\t\t<img decoding=\"async\" src=\"https:\/\/www.iseg.ulisboa.pt\/biblioteca\/wp-content\/uploads\/sites\/9\/2026\/02\/Livros-NOVIDADES-16-1.png\" class=\"image-cover wp-post-image\" alt=\"\" srcset=\"https:\/\/www.iseg.ulisboa.pt\/biblioteca\/wp-content\/uploads\/sites\/9\/2026\/02\/Livros-NOVIDADES-16-1.png 1512w, https:\/\/www.iseg.ulisboa.pt\/biblioteca\/wp-content\/uploads\/sites\/9\/2026\/02\/Livros-NOVIDADES-16-1-200x300.png 200w, https:\/\/www.iseg.ulisboa.pt\/biblioteca\/wp-content\/uploads\/sites\/9\/2026\/02\/Livros-NOVIDADES-16-1-1024x1536.png 1024w, https:\/\/www.iseg.ulisboa.pt\/biblioteca\/wp-content\/uploads\/sites\/9\/2026\/02\/Livros-NOVIDADES-16-1-1365x2048.png 1365w, https:\/\/www.iseg.ulisboa.pt\/biblioteca\/wp-content\/uploads\/sites\/9\/2026\/02\/Livros-NOVIDADES-16-1-8x12.png 8w\" sizes=\"(max-width: 1512px) 100vw, 1512px\" \/>\t\t\t\t\t\t\t\t\t\t\t<\/a>\n\t\t\t\t\t\t\t\t\t\t\t\t\t\t\t\t\t\t\t\t<div class=\"resource-cota\">HD30.28 .G73 2024<\/div>\n\t\t\t\t\t\t\t\t\t\t\t\t\t\t\t\t\t\t\t\t\t\t\t\t\t\t\t\t\t\t\t\t\t<a target=\"\" href=\"https:\/\/catalogo-iseg.biblioteca.ulisboa.pt\/cgi-bin\/koha\/opac-detail.pl?biblionumber=1761701\" class=\"library-card__title\">Contemporary strategy analysis<\/a>\n\t\t\t\t\t\t\t\t\t\t\t\t\t\t\t\t\t\t\t\t\t\n\t\t\t\t\t\t\t\t\t\t\n\t\t\t\t\t\t\t\t\t<\/div>\n\n\t\t\t\t\t\t\t\t<\/div>\n\n\t\t\t\t\t\t\n\t\t\t\t\t\t\t\t\t\t\t\t\t\t\t\t<div class=\"library-list-item js-list-item\">\n\t\t\t\t\t\t\t\t\t<div class=\"library-card \" title=\"\">\n\n\t\t\t\t\t\t\t\t\t\t\t\t\t\t\t\t\t\t\t\t\t<a target=\"\" href=\"https:\/\/catalogo-iseg.biblioteca.ulisboa.pt\/cgi-bin\/koha\/opac-detail.pl?biblionumber=1761735\" class=\"library-card__image has-link\">\n\t\t\t\t\t\t\t\t\t\t\t\t<img decoding=\"async\" src=\"https:\/\/www.iseg.ulisboa.pt\/biblioteca\/wp-content\/uploads\/sites\/9\/2026\/02\/Livros-NOVIDADES-18.png\" class=\"image-cover wp-post-image\" alt=\"\" srcset=\"https:\/\/www.iseg.ulisboa.pt\/biblioteca\/wp-content\/uploads\/sites\/9\/2026\/02\/Livros-NOVIDADES-18.png 1512w, https:\/\/www.iseg.ulisboa.pt\/biblioteca\/wp-content\/uploads\/sites\/9\/2026\/02\/Livros-NOVIDADES-18-200x300.png 200w, https:\/\/www.iseg.ulisboa.pt\/biblioteca\/wp-content\/uploads\/sites\/9\/2026\/02\/Livros-NOVIDADES-18-1024x1536.png 1024w, https:\/\/www.iseg.ulisboa.pt\/biblioteca\/wp-content\/uploads\/sites\/9\/2026\/02\/Livros-NOVIDADES-18-1365x2048.png 1365w, https:\/\/www.iseg.ulisboa.pt\/biblioteca\/wp-content\/uploads\/sites\/9\/2026\/02\/Livros-NOVIDADES-18-8x12.png 8w\" sizes=\"(max-width: 1512px) 100vw, 1512px\" \/>\t\t\t\t\t\t\t\t\t\t\t<\/a>\n\t\t\t\t\t\t\t\t\t\t\t\t\t\t\t\t\t\t\t\t<div class=\"resource-cota\">HD30.28 .J64 2023<\/div>\n\t\t\t\t\t\t\t\t\t\t\t\t\t\t\t\t\t\t\t\t\t\t\t\t\t\t\t\t\t\t\t\t\t<a target=\"\" href=\"https:\/\/catalogo-iseg.biblioteca.ulisboa.pt\/cgi-bin\/koha\/opac-detail.pl?biblionumber=1761735\" class=\"library-card__title\">Exploring strategy : text and cases<\/a>\n\t\t\t\t\t\t\t\t\t\t\t\t\t\t\t\t\t\t\t\t\t\n\t\t\t\t\t\t\t\t\t\t\n\t\t\t\t\t\t\t\t\t<\/div>\n\n\t\t\t\t\t\t\t\t<\/div>\n\n\t\t\t\t\t\t\t\t\t\t\t<\/div>\n\t\t\t\t<\/div>\n\t\t\t\t\t<\/div>\n\t<\/div>\n<\/div>\n<\/div>\n\n\n<script>\n\t$('.library-tabs__menu .library-list-tabs__link:first-child').addClass('w--current');\n\t$('.library-tab').hide();\n\t$('.library-tab:first').show();\n\t$('.library-tabs__menu .library-list-tabs__link').click(function() {\n\t\t$('.library-tabs__menu .library-list-tabs__link').removeClass('w--current');\n\t\t$(this).addClass('w--current');\n\t\t$('.library-tab').hide();\n\t\tvar activeTab = $(this).attr('href');\n\t\t$(activeTab).fadeIn();\n\t\treturn false;\n\t});\n<\/script>\n","protected":false},"excerpt":{"rendered":"","protected":false},"author":36,"featured_media":0,"parent":0,"menu_order":0,"comment_status":"closed","ping_status":"closed","template":"","meta":{"inline_featured_image":false,"_uag_custom_page_level_css":"","footnotes":""},"acf":[],"uagb_featured_image_src":{"full":false,"thumbnail":false,"medium":false,"medium_large":false,"large":false,"1536x1536":false,"2048x2048":false,"trp-custom-language-flag":false},"uagb_author_info":{"display_name":"lcarmo","author_link":"https:\/\/www.iseg.ulisboa.pt\/biblioteca\/author\/lcarmo\/"},"uagb_comment_info":0,"uagb_excerpt":null,"_links":{"self":[{"href":"https:\/\/www.iseg.ulisboa.pt\/biblioteca\/wp-json\/wp\/v2\/pages\/5079"}],"collection":[{"href":"https:\/\/www.iseg.ulisboa.pt\/biblioteca\/wp-json\/wp\/v2\/pages"}],"about":[{"href":"https:\/\/www.iseg.ulisboa.pt\/biblioteca\/wp-json\/wp\/v2\/types\/page"}],"author":[{"embeddable":true,"href":"https:\/\/www.iseg.ulisboa.pt\/biblioteca\/wp-json\/wp\/v2\/users\/36"}],"replies":[{"embeddable":true,"href":"https:\/\/www.iseg.ulisboa.pt\/biblioteca\/wp-json\/wp\/v2\/comments?post=5079"}],"version-history":[{"count":3,"href":"https:\/\/www.iseg.ulisboa.pt\/biblioteca\/wp-json\/wp\/v2\/pages\/5079\/revisions"}],"predecessor-version":[{"id":5083,"href":"https:\/\/www.iseg.ulisboa.pt\/biblioteca\/wp-json\/wp\/v2\/pages\/5079\/revisions\/5083"}],"wp:attachment":[{"href":"https:\/\/www.iseg.ulisboa.pt\/biblioteca\/wp-json\/wp\/v2\/media?parent=5079"}],"curies":[{"name":"wp","href":"https:\/\/api.w.org\/{rel}","templated":true}]}}