{"id":795,"date":"2023-02-22T20:38:04","date_gmt":"2023-02-22T20:38:04","guid":{"rendered":"https:\/\/www.iseg.ulisboa.pt\/biblioteca\/?page_id=795"},"modified":"2024-09-30T10:53:27","modified_gmt":"2024-09-30T10:53:27","slug":"wifi-e-proxy","status":"publish","type":"page","link":"https:\/\/www.iseg.ulisboa.pt\/biblioteca\/informacoes\/wifi-e-proxy\/","title":{"rendered":"WiFi e Proxy"},"content":{"rendered":"\n<p>A biblioteca Francisco Pereira de Moura possui rede WI-FI, atrav\u00e9s da rede Eduroam (Education Roaming), para todos os professores, investigadores, funcion\u00e1rio e alunos ISEG.<\/p>\n\n\n\n<p>Para configurar o seu equipamento aceda <a href=\"https:\/\/www.iseg.ulisboa.pt\/wp-content\/uploads\/Eduroam-ISEG_PT.pdf\">aqui<\/a>.<\/p>\n\n\n\n<p>Os utilizadores externos do ISEG poder\u00e3o aceder \u00e0 rede Wi-Fi da seguinte <a href=\"https:\/\/www.iseg.ulisboa.pt\/wp-content\/uploads\/Wi-Fi-ISEG-Guests_PT.pdf\">forma<\/a>. <\/p>\n\n\n\n<div style=\"height:30px\" aria-hidden=\"true\" class=\"wp-block-spacer\"><\/div>\n\n\n\n<h3 class=\"wp-block-heading\">Acesso Proxy a Bases de Dados<\/h3>\n\n\n\n<p>O acesso \u00e0s bases de dados da Biblioteca \u00e9 efetuado na p\u00e1gina\u00a0da\u00a0 Biblioteca Francisco Pereira de Moura.<\/p>\n\n\n\n<p>No entanto, nem todas as bases de dados podem ser consultadas via internet, a Eikon+Datastrem requer consulta presencial no piso zero da biblioteca e a base de dados Bloomberg pode ser consultada no Laborat\u00f3rio Bloomberg (Quelhas) e na sala de inform\u00e1tica (Francesinhas 2).<\/p>\n\n\n\n<p><\/p>\n\n\n\n<p>Se pretende aceder \u00e0s bases de dados e revistas eletr\u00f3nicas subscritas pelo ISEG, fora do Campus do ISEG, siga as instru\u00e7\u00f5es de configura\u00e7\u00e3o do seu equipamento <a href=\"https:\/\/www.iseg.ulisboa.pt\/wp-content\/uploads\/Acesso-ISEG_Proxy_PT.pdf\">aqui<\/a>.<\/p>\n","protected":false},"excerpt":{"rendered":"A biblioteca Francisco Pereira de Moura possui rede WI-FI, atrav\u00e9s da rede Eduroam (Education Roaming), para todos os professores, investigadores, funcion\u00e1rio e alunos ISEG. Para configurar o seu equipamento aceda&nbsp;[&#8230;]","protected":false},"author":5,"featured_media":0,"parent":83,"menu_order":3,"comment_status":"closed","ping_status":"closed","template":"","meta":{"inline_featured_image":false,"_uag_custom_page_level_css":"","footnotes":""},"acf":[],"uagb_featured_image_src":{"full":false,"thumbnail":false,"medium":false,"medium_large":false,"large":false,"1536x1536":false,"2048x2048":false,"trp-custom-language-flag":false},"uagb_author_info":{"display_name":"diogoalmeida","author_link":"https:\/\/www.iseg.ulisboa.pt\/biblioteca\/author\/diogoalmeida\/"},"uagb_comment_info":0,"uagb_excerpt":"A biblioteca Francisco Pereira de Moura possui rede WI-FI, atrav\u00e9s da rede Eduroam (Education Roaming), para todos os professores, investigadores, funcion\u00e1rio e alunos ISEG. Para configurar o seu equipamento aceda&nbsp;[...]","_links":{"self":[{"href":"https:\/\/www.iseg.ulisboa.pt\/biblioteca\/wp-json\/wp\/v2\/pages\/795"}],"collection":[{"href":"https:\/\/www.iseg.ulisboa.pt\/biblioteca\/wp-json\/wp\/v2\/pages"}],"about":[{"href":"https:\/\/www.iseg.ulisboa.pt\/biblioteca\/wp-json\/wp\/v2\/types\/page"}],"author":[{"embeddable":true,"href":"https:\/\/www.iseg.ulisboa.pt\/biblioteca\/wp-json\/wp\/v2\/users\/5"}],"replies":[{"embeddable":true,"href":"https:\/\/www.iseg.ulisboa.pt\/biblioteca\/wp-json\/wp\/v2\/comments?post=795"}],"version-history":[{"count":15,"href":"https:\/\/www.iseg.ulisboa.pt\/biblioteca\/wp-json\/wp\/v2\/pages\/795\/revisions"}],"predecessor-version":[{"id":3590,"href":"https:\/\/www.iseg.ulisboa.pt\/biblioteca\/wp-json\/wp\/v2\/pages\/795\/revisions\/3590"}],"up":[{"embeddable":true,"href":"https:\/\/www.iseg.ulisboa.pt\/biblioteca\/wp-json\/wp\/v2\/pages\/83"}],"wp:attachment":[{"href":"https:\/\/www.iseg.ulisboa.pt\/biblioteca\/wp-json\/wp\/v2\/media?parent=795"}],"curies":[{"name":"wp","href":"https:\/\/api.w.org\/{rel}","templated":true}]}}