{"id":83,"date":"2023-01-22T14:37:43","date_gmt":"2023-01-22T14:37:43","guid":{"rendered":"https:\/\/www.iseg.ulisboa.pt\/biblioteca\/?page_id=83"},"modified":"2023-11-07T15:36:34","modified_gmt":"2023-11-07T15:36:34","slug":"informacoes","status":"publish","type":"page","link":"https:\/\/www.iseg.ulisboa.pt\/biblioteca\/informacoes\/","title":{"rendered":"Informa\u00e7\u00f5es"},"content":{"rendered":"\n<section class=\"block-hero-full-width course-hero wf-section\">\n        <div class=\"course-hero__name\">\n            <h1 class=\"course-hero__heading has-iseg-white-color\"><span class=\"course-hero__heading-span\">Informa\u00e7\u00f5es<\/span><\/h1>\n    <\/div>\n            <div class=\"course-hero__backdrop has-iseg-dark-grey-background\"><\/div>\n    \n    <div class=\"course-hero__image\">\n    <img decoding=\"async\" src=\"https:\/\/www.iseg.ulisboa.pt\/biblioteca\/wp-content\/uploads\/sites\/9\/2023\/01\/Design-sem-nome-2023-04-20T164544.629.jpg\" class=\"image-cover\" alt=\"\" srcset=\"https:\/\/www.iseg.ulisboa.pt\/biblioteca\/wp-content\/uploads\/sites\/9\/2023\/01\/Design-sem-nome-2023-04-20T164544.629.jpg 1600w, https:\/\/www.iseg.ulisboa.pt\/biblioteca\/wp-content\/uploads\/sites\/9\/2023\/01\/Design-sem-nome-2023-04-20T164544.629-300x150.jpg 300w, https:\/\/www.iseg.ulisboa.pt\/biblioteca\/wp-content\/uploads\/sites\/9\/2023\/01\/Design-sem-nome-2023-04-20T164544.629-1536x768.jpg 1536w, https:\/\/www.iseg.ulisboa.pt\/biblioteca\/wp-content\/uploads\/sites\/9\/2023\/01\/Design-sem-nome-2023-04-20T164544.629-18x9.jpg 18w\" sizes=\"(max-width: 1600px) 100vw, 1600px\" \/>    <\/div>\n<\/section>\n\n\n<div style=\"background-color: #413f4b;\" class=\"block-publications\">\n\t<div class=\"container\">\n\t\t<div class=\"block-header\">\n\t\t\t<h2 style=\"color: #ffffff;\">\n\t\t\t\tA biblioteca\t\t\t<\/h2>\n\t\t\t\t\t<\/div>\n\t\t\t\t\t<p class=\"block-header-intro\">A biblioteca, promove a recolha, tratamento e difus\u00e3o de informa\u00e7\u00e3o bibliogr\u00e1fica, apoio a a\u00e7\u00f5es de car\u00e1cter pedag\u00f3gico e cient\u00edfico e promo\u00e7\u00e3o do interc\u00e2mbio com organiza\u00e7\u00f5es cong\u00e9neres nacionais, estrangeiras e internacionais.<\/p>\n\t\t\n\t\t<div class=\"publications-list\">\n\t\t\t\t\t\t\t\t\t\t\t\t<div class=\"publications-list__item has-iseg-yellow-background\">\n\t\t\t\t\t\t<div class=\"publications__item-title\">Guia do Utilizador<\/div>\n\t\t\t\t\t\t<a href=\"https:\/\/www.iseg.ulisboa.pt\/biblioteca\/informacoes\/guia-do-utilizador-2\/\" class=\"link-learnmore\" title=\"Guia do Utilizador\" target=\"_blank\">Explorar<\/a>\n\t\t\t\t\t<\/div>\n\t\t\t\t\t\t\t\t\t\t\t\t\t\t\t\t<div class=\"publications-list__item has-iseg-green-background\">\n\t\t\t\t\t\t<div class=\"publications__item-title\">Regulamento<\/div>\n\t\t\t\t\t\t<a href=\"https:\/\/www.iseg.ulisboa.pt\/biblioteca\/informacoes\/regulamento\/\" class=\"link-learnmore\" title=\"Regulamento\" target=\"_self\">Explorar<\/a>\n\t\t\t\t\t<\/div>\n\t\t\t\t\t\t\t\t\t\t\t\t\t\t\t\t<div class=\"publications-list__item has-iseg-pink-background\">\n\t\t\t\t\t\t<div class=\"publications__item-title\">Forma\u00e7\u00e3o de Utilizadores<\/div>\n\t\t\t\t\t\t<a href=\"https:\/\/www.iseg.ulisboa.pt\/biblioteca\/informacoes\/formacao-de-utilizadores\/\" class=\"link-learnmore\" title=\"Forma\u00e7\u00e3o de Utilizadores\" target=\"_self\">Explorar<\/a>\n\t\t\t\t\t<\/div>\n\t\t\t\t\t\t\t\t\t\t\t\t\t\t\t\t<div class=\"publications-list__item has-iseg-blue-background\">\n\t\t\t\t\t\t<div class=\"publications__item-title\">FAQ<\/div>\n\t\t\t\t\t\t<a href=\"https:\/\/www.iseg.ulisboa.pt\/biblioteca\/informacoes\/faq\/\" class=\"link-learnmore\" title=\"FAQ\" target=\"_self\">Explorar<\/a>\n\t\t\t\t\t<\/div>\n\t\t\t\t\t\t\t\t\t<\/div>\n\t<\/div>\n<\/div>","protected":false},"excerpt":{"rendered":"","protected":false},"author":2,"featured_media":0,"parent":0,"menu_order":3,"comment_status":"closed","ping_status":"closed","template":"tpl-page-blocks.php","meta":{"inline_featured_image":false,"_uag_custom_page_level_css":"","footnotes":""},"acf":[],"uagb_featured_image_src":{"full":false,"thumbnail":false,"medium":false,"medium_large":false,"large":false,"1536x1536":false,"2048x2048":false,"trp-custom-language-flag":false},"uagb_author_info":{"display_name":"Major","author_link":"https:\/\/www.iseg.ulisboa.pt\/biblioteca\/author\/leihla\/"},"uagb_comment_info":0,"uagb_excerpt":null,"_links":{"self":[{"href":"https:\/\/www.iseg.ulisboa.pt\/biblioteca\/wp-json\/wp\/v2\/pages\/83"}],"collection":[{"href":"https:\/\/www.iseg.ulisboa.pt\/biblioteca\/wp-json\/wp\/v2\/pages"}],"about":[{"href":"https:\/\/www.iseg.ulisboa.pt\/biblioteca\/wp-json\/wp\/v2\/types\/page"}],"author":[{"embeddable":true,"href":"https:\/\/www.iseg.ulisboa.pt\/biblioteca\/wp-json\/wp\/v2\/users\/2"}],"replies":[{"embeddable":true,"href":"https:\/\/www.iseg.ulisboa.pt\/biblioteca\/wp-json\/wp\/v2\/comments?post=83"}],"version-history":[{"count":29,"href":"https:\/\/www.iseg.ulisboa.pt\/biblioteca\/wp-json\/wp\/v2\/pages\/83\/revisions"}],"predecessor-version":[{"id":3278,"href":"https:\/\/www.iseg.ulisboa.pt\/biblioteca\/wp-json\/wp\/v2\/pages\/83\/revisions\/3278"}],"wp:attachment":[{"href":"https:\/\/www.iseg.ulisboa.pt\/biblioteca\/wp-json\/wp\/v2\/media?parent=83"}],"curies":[{"name":"wp","href":"https:\/\/api.w.org\/{rel}","templated":true}]}}