{"id":65,"date":"2023-03-28T19:13:12","date_gmt":"2023-03-28T19:13:12","guid":{"rendered":"https:\/\/www.iseg.ulisboa.pt\/careers\/?page_id=65"},"modified":"2026-02-19T14:12:11","modified_gmt":"2026-02-19T14:12:11","slug":"engage-with-students","status":"publish","type":"page","link":"https:\/\/www.iseg.ulisboa.pt\/careers\/en\/companies\/engage-with-students\/","title":{"rendered":"Recruitment Solutions"},"content":{"rendered":"<h3 class=\"wp-block-heading\"><strong>recruit on campus<\/strong><\/h3>\n\n\n\n<p>Attract and hire top talent through activities organized on our Campus. These are some of our events:<\/p>\n\n\n\n<ul>\n<li>Career Forum;<\/li>\n\n\n\n<li>Networking events;<\/li>\n\n\n\n<li>Speed Interviews;<\/li>\n\n\n\n<li>Career Talks;<\/li>\n\n\n\n<li>Summer Internships Roadshow;<\/li>\n\n\n\n<li>Case competitions;<\/li>\n\n\n\n<li>Workshops.<\/li>\n<\/ul>\n\n\n\n<p><strong>Some of these activities are exclusive to our Career Partners.&nbsp;<\/strong><\/p>\n\n\n\n<hr class=\"wp-block-separator has-css-opacity\"\/>\n\n\n\n<h3 class=\"wp-block-heading\"><strong><strong>Recruit Off Campus<\/strong><\/strong><\/h3>\n\n\n\n<p>Get to know our students by inviting them to visit your company or to other events outside the <em>campus<\/em>.<\/p>\n\n\n\n<ul>\n<li>Open Days;<\/li>\n\n\n\n<li>Job Shadowing;<\/li>\n\n\n\n<li>Career Days;<\/li>\n\n\n\n<li>Business Breakfasts \/ Lunches \/ Cocktails.<\/li>\n<\/ul>\n\n\n\n<hr class=\"wp-block-separator has-css-opacity\"\/>\n\n\n\n<h3 class=\"wp-block-heading\"><strong><strong>Recruit online<\/strong><\/strong><\/h3>\n\n\n\n<p>Hire and connect with ISEG talent:<\/p>\n\n\n\n<ul>\n<li><a href=\"https:\/\/employer.thecareeros.com\/\">Career Hub<\/a>;<\/li>\n\n\n\n<li>CV Books (exclusive for our Partners).<\/li>\n<\/ul>\n\n\n\n<p><\/p>\n\n\n\n<p><\/p>\n\n\n\n<hr class=\"wp-block-separator has-alpha-channel-opacity\"\/>\n\n\n\n<p><a id=\"_msocom_1\"><\/a><\/p>","protected":false},"excerpt":{"rendered":"Recruiting on Campus Attract and hire top talent through activities organised on our campus. These are some of our events: Some of these activities are exclusive to our [...]","protected":false},"author":5,"featured_media":0,"parent":55,"menu_order":3,"comment_status":"closed","ping_status":"closed","template":"","meta":{"inline_featured_image":false,"_uag_custom_page_level_css":"","footnotes":""},"acf":[],"uagb_featured_image_src":{"full":false,"thumbnail":false,"medium":false,"medium_large":false,"large":false,"1536x1536":false,"2048x2048":false,"trp-custom-language-flag":false},"uagb_author_info":{"display_name":"diogoalmeida","author_link":"https:\/\/www.iseg.ulisboa.pt\/careers\/en\/author\/diogoalmeida\/"},"uagb_comment_info":0,"uagb_excerpt":"Recrutar no Campus Atraia e contrate talentos de topo atrav\u00e9s de atividades organizadas no nosso Campus. Estes s\u00e3o alguns dos nossos eventos: Algumas destas actividades s\u00e3o exclusivas para os nossos&nbsp;[...]","_links":{"self":[{"href":"https:\/\/www.iseg.ulisboa.pt\/careers\/en\/wp-json\/wp\/v2\/pages\/65"}],"collection":[{"href":"https:\/\/www.iseg.ulisboa.pt\/careers\/en\/wp-json\/wp\/v2\/pages"}],"about":[{"href":"https:\/\/www.iseg.ulisboa.pt\/careers\/en\/wp-json\/wp\/v2\/types\/page"}],"author":[{"embeddable":true,"href":"https:\/\/www.iseg.ulisboa.pt\/careers\/en\/wp-json\/wp\/v2\/users\/5"}],"replies":[{"embeddable":true,"href":"https:\/\/www.iseg.ulisboa.pt\/careers\/en\/wp-json\/wp\/v2\/comments?post=65"}],"version-history":[{"count":5,"href":"https:\/\/www.iseg.ulisboa.pt\/careers\/en\/wp-json\/wp\/v2\/pages\/65\/revisions"}],"predecessor-version":[{"id":791,"href":"https:\/\/www.iseg.ulisboa.pt\/careers\/en\/wp-json\/wp\/v2\/pages\/65\/revisions\/791"}],"up":[{"embeddable":true,"href":"https:\/\/www.iseg.ulisboa.pt\/careers\/en\/wp-json\/wp\/v2\/pages\/55"}],"wp:attachment":[{"href":"https:\/\/www.iseg.ulisboa.pt\/careers\/en\/wp-json\/wp\/v2\/media?parent=65"}],"curies":[{"name":"WP","href":"https:\/\/api.w.org\/{rel}","templated":true}]}}