{"id":84,"date":"2023-03-28T21:40:43","date_gmt":"2023-03-28T21:40:43","guid":{"rendered":"https:\/\/www.iseg.ulisboa.pt\/careers\/?page_id=84"},"modified":"2026-02-19T14:10:49","modified_gmt":"2026-02-19T14:10:49","slug":"career-planning-and-development","status":"publish","type":"page","link":"https:\/\/www.iseg.ulisboa.pt\/careers\/en\/students\/career-planning-and-development\/","title":{"rendered":"Career Planning &amp; Development"},"content":{"rendered":"<p class=\"has-large-font-size\">When your course ends, life after ISEG will take its course. So it&#039;s time to start making plans about what you want to do after you stop being a student.<\/p>\n\n\n\n<p>There are many ways to approach career management, so find the one that works best for you.<\/p>\n\n\n\n<p>Think about your priorities, discover your alternatives and prepare for the next steps.<\/p>\n\n\n\n<p><strong>Here are some food points to help you through the process.<\/strong><\/p>\n\n\n\n<ul>\n<li>Who are you and what do you want to become?<\/li>\n\n\n\n<li>What are you looking for in the short and medium term?<\/li>\n\n\n\n<li>Find out how the job market works.<\/li>\n\n\n\n<li>Know yourself and evaluate yourself: self-knowledge increases the chances of feeling fulfilled throughout your professional career.<\/li>\n\n\n\n<li>Know your life and career priorities so that you can make appropriate and informed choices.<\/li>\n<\/ul>\n\n\n\n<hr class=\"wp-block-separator has-css-opacity\"\/>\n\n\n\n<h3 class=\"wp-block-heading\"><strong><strong>What does self-knowledge involve?<\/strong><\/strong><\/h3>\n\n\n\n<ul>\n<li>Identify your interests, what you really like to do.<\/li>\n\n\n\n<li>Reflect on your skills, strengths and weaknesses, values and personality traits.<\/li>\n\n\n\n<li>Ask for feedback from people who know you well and list the skills you have already used and developed during your studies, internships\/jobs, hobbies, extracurricular activities, etc. Later, identify what your strengths are and what you need to develop to make your plans come true.&nbsp;<\/li>\n\n\n\n<li>Thinking about times when time went by so quickly that you didn&#039;t even notice! In those situations, you were probably using one or more of your strengths. Strengths, in terms of skills, are those that usually make you feel energized.<\/li>\n<\/ul>\n\n\n\n<p>We believe these reflections will help you make decisions now and in the future.<\/p>\n\n\n\n<hr class=\"wp-block-separator has-css-opacity\"\/>\n\n\n\n<h4 class=\"wp-block-heading\"><strong><strong>The activities below can help you identify skills, strengths, values and personality traits.<\/strong><\/strong><\/h4>\n\n\n\n<ul>\n<li>Make an appointment to discuss your self-assessment with a Career Consultant. We can help you develop your <em>self concept<\/em>, thinking about your skills, characteristics, values, motivations and understanding how these can relate to possible career choices.<\/li>\n\n\n\n<li>Consult the online tools we have developed for you.<\/li>\n\n\n\n<li>Consult our <em>Career Guide <\/em>(available at <a href=\"https:\/\/phdisegutl.sharepoint.com\/sites\/Careers\">Reserved Area<\/a> from ISEG Career Services<em>).<\/em><\/li>\n\n\n\n<li>Participate in our events. They can help you get to know the job market better and understand how you can start your career. Consult our <em><a href=\"https:\/\/app.thecareeros.com\/app\/event-os?tab=all-events\">Career Hub<\/a><\/em> or ours <a href=\"https:\/\/www.iseg.ulisboa.pt\/careers\/en\/eventos\/\">events page<\/a> to see upcoming events.<\/li>\n<\/ul>","protected":false},"excerpt":{"rendered":"When your course is over, life after ISEG will take its course. So it's time to start making plans about what you want to do after you leave [...]","protected":false},"author":5,"featured_media":35,"parent":73,"menu_order":0,"comment_status":"closed","ping_status":"closed","template":"","meta":{"inline_featured_image":false,"_uag_custom_page_level_css":"","footnotes":""},"acf":[],"uagb_featured_image_src":{"full":["https:\/\/www.iseg.ulisboa.pt\/careers\/wp-content\/uploads\/sites\/19\/2023\/03\/hero-career-planning.jpeg",1600,800,false],"thumbnail":["https:\/\/www.iseg.ulisboa.pt\/careers\/wp-content\/uploads\/sites\/19\/2023\/03\/hero-career-planning-150x150.jpeg",150,150,true],"medium":["https:\/\/www.iseg.ulisboa.pt\/careers\/wp-content\/uploads\/sites\/19\/2023\/03\/hero-career-planning-300x150.jpeg",300,150,true],"medium_large":["https:\/\/www.iseg.ulisboa.pt\/careers\/wp-content\/uploads\/sites\/19\/2023\/03\/hero-career-planning.jpeg",768,384,false],"large":["https:\/\/www.iseg.ulisboa.pt\/careers\/wp-content\/uploads\/sites\/19\/2023\/03\/hero-career-planning.jpeg",1024,512,false],"1536x1536":["https:\/\/www.iseg.ulisboa.pt\/careers\/wp-content\/uploads\/sites\/19\/2023\/03\/hero-career-planning-1536x768.jpeg",1536,768,true],"2048x2048":["https:\/\/www.iseg.ulisboa.pt\/careers\/wp-content\/uploads\/sites\/19\/2023\/03\/hero-career-planning.jpeg",1600,800,false],"trp-custom-language-flag":["https:\/\/www.iseg.ulisboa.pt\/careers\/wp-content\/uploads\/sites\/19\/2023\/03\/hero-career-planning.jpeg",18,9,false]},"uagb_author_info":{"display_name":"diogoalmeida","author_link":"https:\/\/www.iseg.ulisboa.pt\/careers\/en\/author\/diogoalmeida\/"},"uagb_comment_info":0,"uagb_excerpt":"Quando o teu curso terminar, a vida ap\u00f3s ISEG seguir\u00e1 o seu rumo. Portanto, \u00e9 tempo de come\u00e7ar a fazer planos sobre o que queres fazer depois de deixares de&nbsp;[...]","_links":{"self":[{"href":"https:\/\/www.iseg.ulisboa.pt\/careers\/en\/wp-json\/wp\/v2\/pages\/84"}],"collection":[{"href":"https:\/\/www.iseg.ulisboa.pt\/careers\/en\/wp-json\/wp\/v2\/pages"}],"about":[{"href":"https:\/\/www.iseg.ulisboa.pt\/careers\/en\/wp-json\/wp\/v2\/types\/page"}],"author":[{"embeddable":true,"href":"https:\/\/www.iseg.ulisboa.pt\/careers\/en\/wp-json\/wp\/v2\/users\/5"}],"replies":[{"embeddable":true,"href":"https:\/\/www.iseg.ulisboa.pt\/careers\/en\/wp-json\/wp\/v2\/comments?post=84"}],"version-history":[{"count":2,"href":"https:\/\/www.iseg.ulisboa.pt\/careers\/en\/wp-json\/wp\/v2\/pages\/84\/revisions"}],"predecessor-version":[{"id":790,"href":"https:\/\/www.iseg.ulisboa.pt\/careers\/en\/wp-json\/wp\/v2\/pages\/84\/revisions\/790"}],"up":[{"embeddable":true,"href":"https:\/\/www.iseg.ulisboa.pt\/careers\/en\/wp-json\/wp\/v2\/pages\/73"}],"wp:featuredmedia":[{"embeddable":true,"href":"https:\/\/www.iseg.ulisboa.pt\/careers\/en\/wp-json\/wp\/v2\/media\/35"}],"wp:attachment":[{"href":"https:\/\/www.iseg.ulisboa.pt\/careers\/en\/wp-json\/wp\/v2\/media?parent=84"}],"curies":[{"name":"WP","href":"https:\/\/api.w.org\/{rel}","templated":true}]}}