{"id":88,"date":"2023-03-28T21:43:46","date_gmt":"2023-03-28T21:43:46","guid":{"rendered":"https:\/\/www.iseg.ulisboa.pt\/careers\/?page_id=88"},"modified":"2026-02-03T12:33:02","modified_gmt":"2026-02-03T12:33:02","slug":"jobs-and-internships","status":"publish","type":"page","link":"https:\/\/www.iseg.ulisboa.pt\/careers\/en\/students\/jobs-and-internships\/","title":{"rendered":"Internships and Jobs"},"content":{"rendered":"<p class=\"has-large-font-size\">During your career at ISEG and up to two years after completing your studies, we provide you with several career platforms where you can explore job offers and internships.<\/p>\n\n\n\n<hr class=\"wp-block-separator has-css-opacity\"\/>\n\n\n\n<div class=\"wp-block-columns is-layout-flex wp-container-core-columns-is-layout-1 wp-block-columns-is-layout-flex\">\n<div class=\"wp-block-column is-layout-flow wp-block-column-is-layout-flow\" style=\"flex-basis:33.33%\">\n<figure class=\"wp-block-image size-full\"><a href=\"https:\/\/app.thecareeros.com\/app\/dashboard\"><img loading=\"lazy\" decoding=\"async\" width=\"1372\" height=\"1375\" src=\"https:\/\/www.iseg.ulisboa.pt\/careers\/wp-content\/uploads\/sites\/19\/2026\/02\/CareerHub_CareerOS.png\" alt=\"\" class=\"wp-image-761\" srcset=\"https:\/\/www.iseg.ulisboa.pt\/careers\/wp-content\/uploads\/sites\/19\/2026\/02\/CareerHub_CareerOS.png 1372w, https:\/\/www.iseg.ulisboa.pt\/careers\/wp-content\/uploads\/sites\/19\/2026\/02\/CareerHub_CareerOS-300x300.png 300w, https:\/\/www.iseg.ulisboa.pt\/careers\/wp-content\/uploads\/sites\/19\/2026\/02\/CareerHub_CareerOS-150x150.png 150w, https:\/\/www.iseg.ulisboa.pt\/careers\/wp-content\/uploads\/sites\/19\/2026\/02\/CareerHub_CareerOS-12x12.png 12w\" sizes=\"(max-width: 1372px) 100vw, 1372px\" \/><\/a><\/figure>\n<\/div>\n\n\n\n<div class=\"wp-block-column is-layout-flow wp-block-column-is-layout-flow\" style=\"flex-basis:66.66%\">\n<p>The <strong>Career Hub (CareerOS) <\/strong>is ISEG&#039;s main career platform <em>Career Services<\/em>. Here you can find all the information you need for your preparation and transition to the world of work. It is also here that employers interested in recruiting ISEG students advertise their opportunities.<\/p>\n\n\n\n<p><strong>Register<\/strong> with your institutional email (\u2026@aln.iseg.ulisboa.pt) and start exploring the platform now.<\/p>\n\n\n\n<p class=\"link-learnmore\"><a href=\"https:\/\/app.thecareeros.com\/app\/dashboard\" data-type=\"link\" data-id=\"https:\/\/app.thecareeros.com\/app\/dashboard\" target=\"_blank\" rel=\"noreferrer noopener\">Go to Career Hub<\/a><\/p>\n<\/div>\n<\/div>\n\n\n\n<hr class=\"wp-block-separator has-css-opacity\"\/>\n\n\n\n<div class=\"wp-block-columns is-layout-flex wp-container-core-columns-is-layout-2 wp-block-columns-is-layout-flex\">\n<div class=\"wp-block-column is-layout-flow wp-block-column-is-layout-flow\" style=\"flex-basis:33.33%\">\n<figure class=\"wp-block-image size-full\"><img loading=\"lazy\" decoding=\"async\" width=\"400\" height=\"103\" src=\"https:\/\/www.iseg.ulisboa.pt\/careers\/wp-content\/uploads\/sites\/19\/2026\/01\/content-1.webp\" alt=\"\" class=\"wp-image-751\" srcset=\"https:\/\/www.iseg.ulisboa.pt\/careers\/wp-content\/uploads\/sites\/19\/2026\/01\/content-1.webp 400w, https:\/\/www.iseg.ulisboa.pt\/careers\/wp-content\/uploads\/sites\/19\/2026\/01\/content-1-300x77.webp 300w, https:\/\/www.iseg.ulisboa.pt\/careers\/wp-content\/uploads\/sites\/19\/2026\/01\/content-1-18x5.webp 18w\" sizes=\"(max-width: 400px) 100vw, 400px\" \/><\/figure>\n<\/div>\n\n\n\n<div class=\"wp-block-column is-layout-flow wp-block-column-is-layout-flow\" style=\"flex-basis:66.66%\">\n<p>JobTeaser is a platform where you can book consultancies with the Career Services team and find job vacancies.<\/p>\n\n\n\n<p><strong>You can access this platform at <a href=\"https:\/\/phdisegutl.sharepoint.com\/sites\/Careers\/\">Reserved Area<\/a> from Career Services.<\/strong><\/p>\n<\/div>\n<\/div>\n\n\n\n<hr class=\"wp-block-separator has-css-opacity\"\/>\n\n\n\n<div class=\"wp-block-columns is-layout-flex wp-container-core-columns-is-layout-3 wp-block-columns-is-layout-flex\">\n<div class=\"wp-block-column is-layout-flow wp-block-column-is-layout-flow\" style=\"flex-basis:33.33%\">\n<figure class=\"wp-block-image size-full\"><img loading=\"lazy\" decoding=\"async\" width=\"400\" height=\"400\" src=\"https:\/\/www.iseg.ulisboa.pt\/careers\/wp-content\/uploads\/sites\/19\/2023\/03\/ft-going-global.png\" alt=\"\" class=\"wp-image-29\" srcset=\"https:\/\/www.iseg.ulisboa.pt\/careers\/wp-content\/uploads\/sites\/19\/2023\/03\/ft-going-global.png 400w, https:\/\/www.iseg.ulisboa.pt\/careers\/wp-content\/uploads\/sites\/19\/2023\/03\/ft-going-global-300x300.png 300w, https:\/\/www.iseg.ulisboa.pt\/careers\/wp-content\/uploads\/sites\/19\/2023\/03\/ft-going-global-150x150.png 150w\" sizes=\"(max-width: 400px) 100vw, 400px\" \/><\/figure>\n<\/div>\n\n\n\n<div class=\"wp-block-column is-layout-flow wp-block-column-is-layout-flow\" style=\"flex-basis:66.66%\">\n<p>A <strong>GoinGlobal<\/strong> is a platform that allows you to search for internship and job opportunities around the world. Contains more than 40 <em>Country Career Guides<\/em>, full of country-specific information. This is the platform of choice if you want to study or work abroad.<\/p>\n\n\n\n<p><strong>You can access this platform at <a href=\"https:\/\/phdisegutl.sharepoint.com\/sites\/Careers\/\">Reserved Area<\/a> from Career Services.<\/strong><\/p>\n<\/div>\n<\/div>\n\n\n\n<hr class=\"wp-block-separator has-css-opacity\"\/>\n\n\n\n<div class=\"wp-block-columns is-layout-flex wp-container-core-columns-is-layout-4 wp-block-columns-is-layout-flex\">\n<div class=\"wp-block-column is-layout-flow wp-block-column-is-layout-flow\" style=\"flex-basis:33.33%\">\n<figure class=\"wp-block-image size-full\"><img loading=\"lazy\" decoding=\"async\" width=\"400\" height=\"400\" src=\"https:\/\/www.iseg.ulisboa.pt\/careers\/wp-content\/uploads\/sites\/19\/2023\/03\/ft-highred.png\" alt=\"\" class=\"wp-image-27\" srcset=\"https:\/\/www.iseg.ulisboa.pt\/careers\/wp-content\/uploads\/sites\/19\/2023\/03\/ft-highred.png 400w, https:\/\/www.iseg.ulisboa.pt\/careers\/wp-content\/uploads\/sites\/19\/2023\/03\/ft-highred-300x300.png 300w, https:\/\/www.iseg.ulisboa.pt\/careers\/wp-content\/uploads\/sites\/19\/2023\/03\/ft-highred-150x150.png 150w\" sizes=\"(max-width: 400px) 100vw, 400px\" \/><\/figure>\n<\/div>\n\n\n\n<div class=\"wp-block-column is-layout-flow wp-block-column-is-layout-flow\" style=\"flex-basis:66.66%\">\n<p>A <strong>Highered <\/strong>is a platform where you can find global opportunities, which include internships and jobs around the world as well as various assessment tools (psychometric tests and <em>assessments<\/em>) that will help you prepare for recruitment processes.<\/p>\n\n\n\n<p>You will also have access from here to the <em>Coursera<\/em>, one of the largest online training and certification platforms in the world, in a huge variety of areas, created by Stanford University (US).<\/p>\n\n\n\n<p><strong>You can access this platform at <a href=\"https:\/\/phdisegutl.sharepoint.com\/sites\/Careers\/\">Reserved Area<\/a> from Career Services.<\/strong><\/p>\n<\/div>\n<\/div>\n\n\n\n<hr class=\"wp-block-separator has-css-opacity\"\/>\n\n\n\n<div class=\"wp-block-columns is-layout-flex wp-container-core-columns-is-layout-5 wp-block-columns-is-layout-flex\">\n<div class=\"wp-block-column is-layout-flow wp-block-column-is-layout-flow\" style=\"flex-basis:33.33%\">\n<figure class=\"wp-block-image size-full is-resized\"><img loading=\"lazy\" decoding=\"async\" width=\"2560\" height=\"2131\" src=\"https:\/\/www.iseg.ulisboa.pt\/careers\/wp-content\/uploads\/sites\/19\/2025\/09\/talent-1-scaled.jpg\" alt=\"\" class=\"wp-image-450\" style=\"width:352px;height:auto\" srcset=\"https:\/\/www.iseg.ulisboa.pt\/careers\/wp-content\/uploads\/sites\/19\/2025\/09\/talent-1-scaled.jpg 2560w, https:\/\/www.iseg.ulisboa.pt\/careers\/wp-content\/uploads\/sites\/19\/2025\/09\/talent-1-300x250.jpg 300w, https:\/\/www.iseg.ulisboa.pt\/careers\/wp-content\/uploads\/sites\/19\/2025\/09\/talent-1-1536x1279.jpg 1536w, https:\/\/www.iseg.ulisboa.pt\/careers\/wp-content\/uploads\/sites\/19\/2025\/09\/talent-1-2048x1705.jpg 2048w, https:\/\/www.iseg.ulisboa.pt\/careers\/wp-content\/uploads\/sites\/19\/2025\/09\/talent-1-14x12.jpg 14w\" sizes=\"(max-width: 2560px) 100vw, 2560px\" \/><\/figure>\n<\/div>\n\n\n\n<div class=\"wp-block-column is-layout-flow wp-block-column-is-layout-flow\" style=\"flex-basis:66.66%\">\n<p>On the platform of <strong>Talent Portugal <\/strong>you can find information on a large number of companies, from different sectors of activity, that offer internships (curricular, summer and professional, national and international), in the most varied functional areas<\/p>\n\n\n\n<p><strong>You can access this platform at <a href=\"https:\/\/phdisegutl.sharepoint.com\/sites\/Careers\/\">Reserved Area<\/a> from Career Services.<\/strong><\/p>\n<\/div>\n<\/div>\n\n\n\n<hr class=\"wp-block-separator has-css-opacity\"\/>\n\n\n\n<p class=\"button w-button\"><a href=\"https:\/\/phdisegutl.sharepoint.com\/:u:\/r\/sites\/Teste\/SitePages\/human-resource-home.aspx?csf=1&amp;web=1&amp;e=wHgCmf\" target=\"_blank\" rel=\"noreferrer noopener\">Reserved Area<\/a><\/p>\n\n\n\n<h3 class=\"wp-block-heading\"><strong>Other internship and job search sites<\/strong><\/h3>\n\n\n\n<p>We have compiled for you a list of job sites covering a range of functional areas, types of organizations and sectors:<\/p>\n\n\n\n<ul>\n<li><a href=\"https:\/\/www.linkedin.com\/jobs\/\">https:\/\/www.linkedin.com\/jobs\/<\/a><\/li>\n\n\n\n<li><a href=\"https:\/\/www.empregoestagios.com\/\">https:\/\/www.empregoestagios.com\/<\/a><\/li>\n\n\n\n<li><a href=\"https:\/\/expressoemprego.pt\/\">https:\/\/expressoemprego.pt\/<\/a><\/li>\n\n\n\n<li><a href=\"https:\/\/emprego.sapo.pt\/\">https:\/\/emprego.sapo.pt\/<\/a><\/li>\n\n\n\n<li><a href=\"https:\/\/www.itjobs.pt\/\">https:\/\/www.itjobs.pt\/<\/a> (IT)<\/li>\n\n\n\n<li><a href=\"https:\/\/www.net-empregos.com\/\">https:\/\/www.net-empregos.com\/<\/a><\/li>\n\n\n\n<li><a href=\"https:\/\/www.alertaemprego.pt\/\">https:\/\/www.alertaemprego.pt\/<\/a><\/li>\n\n\n\n<li><a href=\"http:\/\/www.empregosonline.pt\/\">http:\/\/www.empregosonline.pt\/<\/a><\/li>\n\n\n\n<li><a href=\"https:\/\/empregomais.com\/\">https:\/\/empregomais.com\/<\/a><\/li>\n\n\n\n<li><a href=\"https:\/\/www.cargadetrabalhos.net\/\">https:\/\/www.cargadetrabalhos.net\/<\/a> (Marketing and Communication)<\/li>\n\n\n\n<li><a href=\"https:\/\/www.turijobs.pt\/\">https:\/\/www.turijobs.pt\/<\/a> (Tourism)<\/li>\n\n\n\n<li><a href=\"https:\/\/pt.indeed.com\/\">https:\/\/pt.indeed.com\/<\/a><\/li>\n\n\n\n<li><a href=\"https:\/\/www.glassdoor.com\/index.htm\">https:\/\/www.glassdoor.com\/index.htm<\/a><\/li>\n\n\n\n<li><a href=\"https:\/\/www.careerjet.pt\/\">https:\/\/www.careerjet.pt\/<\/a><\/li>\n<\/ul>","protected":false},"excerpt":{"rendered":"During your time at ISEG and for up to two years after completing your studies, we provide you with various career platforms where you can explore job offers and [...]","protected":false},"author":5,"featured_media":0,"parent":73,"menu_order":0,"comment_status":"closed","ping_status":"closed","template":"","meta":{"inline_featured_image":false,"_uag_custom_page_level_css":"","footnotes":""},"acf":[],"uagb_featured_image_src":{"full":false,"thumbnail":false,"medium":false,"medium_large":false,"large":false,"1536x1536":false,"2048x2048":false,"trp-custom-language-flag":false},"uagb_author_info":{"display_name":"diogoalmeida","author_link":"https:\/\/www.iseg.ulisboa.pt\/careers\/en\/author\/diogoalmeida\/"},"uagb_comment_info":0,"uagb_excerpt":"Durante o teu percurso no ISEG e at\u00e9 dois anos ap\u00f3s a conclus\u00e3o dos estudos, colocamos \u00e0 tua disposi\u00e7\u00e3o diversas plataformas de carreira onde podes explorar ofertas de emprego e&nbsp;[...]","_links":{"self":[{"href":"https:\/\/www.iseg.ulisboa.pt\/careers\/en\/wp-json\/wp\/v2\/pages\/88"}],"collection":[{"href":"https:\/\/www.iseg.ulisboa.pt\/careers\/en\/wp-json\/wp\/v2\/pages"}],"about":[{"href":"https:\/\/www.iseg.ulisboa.pt\/careers\/en\/wp-json\/wp\/v2\/types\/page"}],"author":[{"embeddable":true,"href":"https:\/\/www.iseg.ulisboa.pt\/careers\/en\/wp-json\/wp\/v2\/users\/5"}],"replies":[{"embeddable":true,"href":"https:\/\/www.iseg.ulisboa.pt\/careers\/en\/wp-json\/wp\/v2\/comments?post=88"}],"version-history":[{"count":10,"href":"https:\/\/www.iseg.ulisboa.pt\/careers\/en\/wp-json\/wp\/v2\/pages\/88\/revisions"}],"predecessor-version":[{"id":764,"href":"https:\/\/www.iseg.ulisboa.pt\/careers\/en\/wp-json\/wp\/v2\/pages\/88\/revisions\/764"}],"up":[{"embeddable":true,"href":"https:\/\/www.iseg.ulisboa.pt\/careers\/en\/wp-json\/wp\/v2\/pages\/73"}],"wp:attachment":[{"href":"https:\/\/www.iseg.ulisboa.pt\/careers\/en\/wp-json\/wp\/v2\/media?parent=88"}],"curies":[{"name":"WP","href":"https:\/\/api.w.org\/{rel}","templated":true}]}}