{"id":91,"date":"2023-03-28T21:45:04","date_gmt":"2023-03-28T21:45:04","guid":{"rendered":"https:\/\/www.iseg.ulisboa.pt\/careers\/?page_id=91"},"modified":"2026-02-19T14:36:09","modified_gmt":"2026-02-19T14:36:09","slug":"about","status":"publish","type":"page","link":"https:\/\/www.iseg.ulisboa.pt\/careers\/en\/about\/","title":{"rendered":"About"},"content":{"rendered":"<div class=\"wp-block-columns is-layout-flex wp-container-core-columns-is-layout-1 wp-block-columns-is-layout-flex\">\n<div class=\"wp-block-column is-layout-flow wp-block-column-is-layout-flow\">\n<section class=\"w-full mb-20\">\n    <div class=\"@container\">\n                    <h2 class=\"block-key-contacts__heading has-iseg-red-color\">Contacts<\/h2>\n                <div class=\"grid grid-cols-1 @4xl:grid-cols-4 @2xl:grid-cols-3 gap-4\">\n                            <div class=\"bg-neutral-50 py-4 px-4 font-medium text-black\">\n                    <img decoding=\"async\" src=\"https:\/\/www.iseg.ulisboa.pt\/careers\/wp-content\/themes\/iseg\/assets\/images\/location.svg\" alt=\"Location\">\n                    <h3 class=\"mt-4 mb-2 font-bold !text-xl\">\n                        Address                    <\/h3>\n                    Francesinhas Building 1<br \/>\r\nFloor -1                 <\/div>\n                                        <div class=\"bg-neutral-50 py-4 px-4 font-medium text-black\">\n                    <img decoding=\"async\" src=\"https:\/\/www.iseg.ulisboa.pt\/careers\/wp-content\/themes\/iseg\/assets\/images\/email.svg\" alt=\"Email\">\n                    <h3 class=\"mt-4 mb-2 font-bold !text-xl\">\n                        Email                    <\/h3>\n                                            <a href=\"mailto:careers@iseg.ulisboa.pt\" class=\"block break-all\">\n                            careers@iseg.ulisboa.pt                        <\/a>\n                                    <\/div>\n                                        <div class=\"bg-neutral-50 py-4 px-4 font-medium text-black\">\n                    <img decoding=\"async\" src=\"https:\/\/www.iseg.ulisboa.pt\/careers\/wp-content\/themes\/iseg\/assets\/images\/phone.svg\" alt=\"Phone\">\n                    <h3 class=\"mt-4 mb-2 font-bold !text-xl\">\n                        Telephone                    <\/h3>\n                                            <a href=\"telto:(+351) 213 922 773\" class=\"block break-all\">(+351) 213 922 773<\/a>\n                                            <a href=\"telto:(+351) 213 925 896\" class=\"block break-all\">(+351) 213 925 896<\/a>\n                                            <a href=\"telto:(+351) 213 925 899\" class=\"block break-all\">(+351) 213 925 899<\/a>\n                                    <\/div>\n                                        <div class=\"bg-neutral-50 py-4 px-4 font-medium text-black\">\n                    <img decoding=\"async\" src=\"https:\/\/www.iseg.ulisboa.pt\/careers\/wp-content\/themes\/iseg\/assets\/images\/clock.svg\" alt=\"Clock\">\n                    <h3 class=\"mt-4 mb-2 font-bold !text-xl\">\n                        Opening Hours                    <\/h3>\n                    Monday to Friday*<br \/>\r\n10h00 - 12h00<br \/>\r\n14h00 - 16h00                <\/div>\n                    <\/div>\n    <\/div>\n<\/section>\n\n\n<p class=\"has-text-align-right has-small-font-size\">*For face-to-face or online consultations outside these hours, please request an appointment via the Career Platform or by emailing <a href=\"mailto:careers@iseg.ulisboa.pt\">careers@iseg.ulisboa.pt<\/a>.<\/p>\n<\/div>\n<\/div>\n\n\n\n<section class=\"block-team\">\n    <div class=\"container\">\n                    <h2 class=\"block-team__text\"><h2 class=\"has-iseg-red-color\">Meet the team<\/h2>\n<\/h2>\n                \n\t\t<div class=\"team-list js-lmc-container\" data-columns>\n\t\t\t\n                \t\t\t\t\n                <div class=\"faculty-list__item js-list-item\">\n                    <a href=\"https:\/\/www.iseg.ulisboa.pt\/en\/professional_staff\/ana-margarida-figueira\/\" class=\"faculty-item__photo\">\n                    <img decoding=\"async\" src=\"https:\/\/www.iseg.ulisboa.pt\/careers\/wp-content\/uploads\/2023\/02\/Ana-Margarida-Figueira.jpg\" class=\"image-cover wp-post-image\" alt=\"\" srcset=\"https:\/\/www.iseg.ulisboa.pt\/careers\/wp-content\/uploads\/2023\/02\/Ana-Margarida-Figueira.jpg 1080w, https:\/\/www.iseg.ulisboa.pt\/careers\/wp-content\/uploads\/2023\/02\/Ana-Margarida-Figueira-300x300.jpg 300w, https:\/\/www.iseg.ulisboa.pt\/careers\/wp-content\/uploads\/2023\/02\/Ana-Margarida-Figueira-150x150.jpg 150w\" sizes=\"(max-width: 1080px) 100vw, 1080px\" \/>                    <\/a>\n                    <a href=\"https:\/\/www.iseg.ulisboa.pt\/en\/professional_staff\/ana-margarida-figueira\/\" class=\"faculty-item__name\">Ana Margarida Figueira<\/a>\n                    <div class=\"faculty-item__job\">Career Services Consultant<\/div>\n                                        <a class=\"faculty-item__email\" href=\"mailto:mfigueira@iseg.ulisboa.pt\">mfigueira@iseg.ulisboa.pt<\/a>\n                    <br>\n                                                            <a class=\"faculty-item__phone\" href=\"telto:(+351) 213 922 773\">(+351) 213 922 773<\/a>\n                                    <\/div>\n\n\t\t\t\n                \t\t\t\t\n                <div class=\"faculty-list__item js-list-item\">\n                    <a href=\"https:\/\/www.iseg.ulisboa.pt\/en\/professional_staff\/sofia-matos\/\" class=\"faculty-item__photo\">\n                    <img decoding=\"async\" src=\"https:\/\/www.iseg.ulisboa.pt\/careers\/wp-content\/uploads\/2023\/02\/Sofia-Matos.jpg\" class=\"image-cover wp-post-image\" alt=\"\" srcset=\"https:\/\/www.iseg.ulisboa.pt\/careers\/wp-content\/uploads\/2023\/02\/Sofia-Matos.jpg 1080w, https:\/\/www.iseg.ulisboa.pt\/careers\/wp-content\/uploads\/2023\/02\/Sofia-Matos-300x300.jpg 300w, https:\/\/www.iseg.ulisboa.pt\/careers\/wp-content\/uploads\/2023\/02\/Sofia-Matos-150x150.jpg 150w\" sizes=\"(max-width: 1080px) 100vw, 1080px\" \/>                    <\/a>\n                    <a href=\"https:\/\/www.iseg.ulisboa.pt\/en\/professional_staff\/sofia-matos\/\" class=\"faculty-item__name\">Sofia Matos<\/a>\n                    <div class=\"faculty-item__job\">Career Services Consultant<\/div>\n                                        <a class=\"faculty-item__email\" href=\"mailto:sofiam@iseg.ulisboa.pt\">sofiam@iseg.ulisboa.pt<\/a>\n                    <br>\n                                                            <a class=\"faculty-item__phone\" href=\"telto:(+351) 213 925 896\">(+351) 213 925 896<\/a>\n                                    <\/div>\n\n\t\t\t\n                \t\t\t\t\n                <div class=\"faculty-list__item js-list-item\">\n                    <a href=\"https:\/\/www.iseg.ulisboa.pt\/en\/professional_staff\/vera-rodrigues\/\" class=\"faculty-item__photo\">\n                    <img decoding=\"async\" src=\"https:\/\/www.iseg.ulisboa.pt\/careers\/wp-content\/uploads\/Vera-Rodrigues.jpg\" class=\"image-cover wp-post-image\" alt=\"\" srcset=\"https:\/\/www.iseg.ulisboa.pt\/careers\/wp-content\/uploads\/Vera-Rodrigues.jpg 1080w, https:\/\/www.iseg.ulisboa.pt\/careers\/wp-content\/uploads\/Vera-Rodrigues-300x300.jpg 300w, https:\/\/www.iseg.ulisboa.pt\/careers\/wp-content\/uploads\/Vera-Rodrigues-150x150.jpg 150w, https:\/\/www.iseg.ulisboa.pt\/careers\/wp-content\/uploads\/Vera-Rodrigues-12x12.jpg 12w\" sizes=\"(max-width: 1080px) 100vw, 1080px\" \/>                    <\/a>\n                    <a href=\"https:\/\/www.iseg.ulisboa.pt\/en\/professional_staff\/vera-rodrigues\/\" class=\"faculty-item__name\">Vera Rodrigues<\/a>\n                    <div class=\"faculty-item__job\">Senior Technician<\/div>\n                                        <a class=\"faculty-item__email\" href=\"mailto:vera.rodrigues@iseg.ulisboa.pt\">vera.rodrigues@iseg.ulisboa.pt<\/a>\n                    <br>\n                                                            <a class=\"faculty-item__phone\" href=\"telto:(+351) 213 925 899\">(+351) 213 925 899<\/a>\n                                    <\/div>\n\n\t\t\t\t\t<\/div>\n    <\/div>\n<\/section>\n\n<div class=\"block-intro-text has-iseg-white-color has-iseg-dark-grey-background\">\n\t<div class=\"intro-text\">ISEG Careers Services is committed to working with students, alumni and employers to support the recruitment needs of local, national and international organisations.<\/div>\n\t<div class=\"intro-text-anim-left-layer\"><\/div>\n\t<div class=\"intro-text-anim-right-layer\"><\/div>\n<\/div>","protected":false},"excerpt":{"rendered":"For appointments, whether in person or online, outside of regular hours, we kindly request that you schedule through the Career Platform or via email at careers@iseg.ulisboa.pt.","protected":false},"author":5,"featured_media":0,"parent":0,"menu_order":7,"comment_status":"closed","ping_status":"closed","template":"tpl-page-blocks.php","meta":{"inline_featured_image":false,"_uag_custom_page_level_css":"","footnotes":""},"acf":[],"uagb_featured_image_src":{"full":false,"thumbnail":false,"medium":false,"medium_large":false,"large":false,"1536x1536":false,"2048x2048":false,"trp-custom-language-flag":false},"uagb_author_info":{"display_name":"diogoalmeida","author_link":"https:\/\/www.iseg.ulisboa.pt\/careers\/en\/author\/diogoalmeida\/"},"uagb_comment_info":0,"uagb_excerpt":"*Para atendimentos, presenciais ou online, fora deste hor\u00e1rio, agradecemos que seja feito o pedido de agendamento atrav\u00e9s da Plataforma de Carreira ou atrav\u00e9s do email careers@iseg.ulisboa.pt.","_links":{"self":[{"href":"https:\/\/www.iseg.ulisboa.pt\/careers\/en\/wp-json\/wp\/v2\/pages\/91"}],"collection":[{"href":"https:\/\/www.iseg.ulisboa.pt\/careers\/en\/wp-json\/wp\/v2\/pages"}],"about":[{"href":"https:\/\/www.iseg.ulisboa.pt\/careers\/en\/wp-json\/wp\/v2\/types\/page"}],"author":[{"embeddable":true,"href":"https:\/\/www.iseg.ulisboa.pt\/careers\/en\/wp-json\/wp\/v2\/users\/5"}],"replies":[{"embeddable":true,"href":"https:\/\/www.iseg.ulisboa.pt\/careers\/en\/wp-json\/wp\/v2\/comments?post=91"}],"version-history":[{"count":27,"href":"https:\/\/www.iseg.ulisboa.pt\/careers\/en\/wp-json\/wp\/v2\/pages\/91\/revisions"}],"predecessor-version":[{"id":803,"href":"https:\/\/www.iseg.ulisboa.pt\/careers\/en\/wp-json\/wp\/v2\/pages\/91\/revisions\/803"}],"wp:attachment":[{"href":"https:\/\/www.iseg.ulisboa.pt\/careers\/en\/wp-json\/wp\/v2\/media?parent=91"}],"curies":[{"name":"WP","href":"https:\/\/api.w.org\/{rel}","templated":true}]}}