{"id":131,"date":"2023-10-12T15:19:37","date_gmt":"2023-10-12T15:19:37","guid":{"rendered":"https:\/\/www.iseg.ulisboa.pt\/careers\/?page_id=131"},"modified":"2025-10-31T16:02:13","modified_gmt":"2025-10-31T16:02:13","slug":"careerforum","status":"publish","type":"page","link":"https:\/\/www.iseg.ulisboa.pt\/careers\/careerforum\/","title":{"rendered":"Career Forum"},"content":{"rendered":"\n<figure class=\"wp-block-image size-full\"><img loading=\"lazy\" decoding=\"async\" width=\"2560\" height=\"480\" src=\"https:\/\/www.iseg.ulisboa.pt\/careers\/wp-content\/uploads\/sites\/19\/2025\/10\/CF25_Header-Site-1.png\" alt=\"\" class=\"wp-image-612\" srcset=\"https:\/\/www.iseg.ulisboa.pt\/careers\/wp-content\/uploads\/sites\/19\/2025\/10\/CF25_Header-Site-1.png 2560w, https:\/\/www.iseg.ulisboa.pt\/careers\/wp-content\/uploads\/sites\/19\/2025\/10\/CF25_Header-Site-1-300x56.png 300w, https:\/\/www.iseg.ulisboa.pt\/careers\/wp-content\/uploads\/sites\/19\/2025\/10\/CF25_Header-Site-1-1536x288.png 1536w, https:\/\/www.iseg.ulisboa.pt\/careers\/wp-content\/uploads\/sites\/19\/2025\/10\/CF25_Header-Site-1-2048x384.png 2048w, https:\/\/www.iseg.ulisboa.pt\/careers\/wp-content\/uploads\/sites\/19\/2025\/10\/CF25_Header-Site-1-18x3.png 18w\" sizes=\"(max-width: 2560px) 100vw, 2560px\" \/><\/figure>\n\n\n\n<div class=\"wp-block-columns is-layout-flex wp-container-core-columns-is-layout-1 wp-block-columns-is-layout-flex\">\n<div class=\"wp-block-column uag-hide-mob is-layout-flow wp-block-column-is-layout-flow\" style=\"flex-basis:33.33%\">\n<figure class=\"wp-block-image size-full\"><img decoding=\"async\" src=\"https:\/\/www.iseg.ulisboa.pt\/wp-content\/uploads\/2022\/10\/CF-22-Item1.png\" alt=\"\" class=\"wp-image-29111\" \/><\/figure>\n<\/div>\n\n\n\n<div class=\"wp-block-column is-layout-flow wp-block-column-is-layout-flow\" style=\"flex-basis:66%\">\n<p>De <strong>5 a 6 de novembro<\/strong>, teremos o maior evento de empregabilidade do ISEG, a principal porta de entrada dos alunos no mercado de trabalho.<\/p>\n\n\n\n<p>Ao longo dos<strong> 2 dias<\/strong> do evento desta <strong>28\u00aa edi\u00e7\u00e3o do&nbsp;ISEG&nbsp;<\/strong><em><strong>Career Forum<\/strong><\/em>, encontrar\u00e1s mais de <strong>60 empresas<\/strong>, nacionais e multinacionais, \u00e0 procura de novos talentos.<\/p>\n\n\n\n<p>N\u00e3o percas a oportunidade de participar no&nbsp;<strong>Networking Cocktail<\/strong> <strong>with Companies<\/strong>, na&nbsp;<em><strong>Career Fair<\/strong><\/em>, no <strong>Talent BootcampX<\/strong> e em muitas outras atividades pensadas para ti.<\/p>\n\n\n\n<p>Prepara-te para arrancar com a tua carreira e participa, ainda, nos&nbsp;<strong>workshops de prepara\u00e7\u00e3o<\/strong>&nbsp;que organiz\u00e1mos para ti!<\/p>\n\n\n\n<p class=\"link-learnmore\"><a href=\"https:\/\/www.iseg.ulisboa.pt\/careers\/careerforum\/empresas-presentes\/\" data-type=\"page\" data-id=\"140\">Conhece as empresas presentes<\/a><\/p>\n\n\n\n<p class=\"link-learnmore\"><a href=\"https:\/\/app.beamian.com\/iseg-career-forum-2025\/new-visitor?type=5611\">Regista-te como Participante<\/a><\/p>\n\n\n\n<div class=\"wp-block-file\"><a id=\"wp-block-file--media-4225cecf-7739-40c0-b296-483b4816883e\" href=\"https:\/\/www.iseg.ulisboa.pt\/careers\/wp-content\/uploads\/sites\/19\/2025\/10\/Survival-Guide-for-Students_ISEGCareerForum_V2-1.pdf\"><strong>Faz download do teu &#8220;Survival Guide para Estudantes&#8221; e garante o teu sucesso neste evento!<\/strong><\/a><\/div>\n<\/div>\n<\/div>\n\n\n\n<div class=\"wp-block-columns is-layout-flex wp-container-core-columns-is-layout-2 wp-block-columns-is-layout-flex\">\n<div class=\"wp-block-column is-layout-flow wp-block-column-is-layout-flow\">\n<h2 class=\"wp-block-heading has-text-align-left has-iseg-red-color has-text-color\">Programa<\/h2>\n<\/div>\n<\/div>\n\n\n\n<div class=\"wp-block-columns is-layout-flex wp-container-core-columns-is-layout-3 wp-block-columns-is-layout-flex\">\n<div class=\"wp-block-column is-layout-flow wp-block-column-is-layout-flow\">\n<h3 class=\"wp-block-heading\">5 de novembro<\/h3>\n<\/div>\n<\/div>\n\n\n\n<div class=\"wp-block-columns is-layout-flex wp-container-core-columns-is-layout-4 wp-block-columns-is-layout-flex\">\n<div class=\"wp-block-column is-layout-flow wp-block-column-is-layout-flow\" style=\"flex-basis:25%\">\n<h6 class=\"wp-block-heading\"><strong><strong>10h00 \u2013 18h0<\/strong><\/strong>0<\/h6>\n\n\n\n<figure class=\"wp-block-image size-full\"><img loading=\"lazy\" decoding=\"async\" width=\"262\" height=\"198\" src=\"https:\/\/www.iseg.ulisboa.pt\/careers\/wp-content\/uploads\/sites\/19\/2025\/10\/Unknown.png\" alt=\"\" class=\"wp-image-627\" srcset=\"https:\/\/www.iseg.ulisboa.pt\/careers\/wp-content\/uploads\/sites\/19\/2025\/10\/Unknown.png 262w, https:\/\/www.iseg.ulisboa.pt\/careers\/wp-content\/uploads\/sites\/19\/2025\/10\/Unknown-16x12.png 16w\" sizes=\"(max-width: 262px) 100vw, 262px\" \/><\/figure>\n<\/div>\n\n\n\n<div class=\"wp-block-column is-layout-flow wp-block-column-is-layout-flow\" style=\"flex-basis:66.66%\">\n<h5 class=\"wp-block-heading\"><strong><strong><em>Career Fair<\/em><\/strong><\/strong><\/h5>\n\n\n\n<p>Visita o&nbsp;<em>stand<\/em>&nbsp;das empresas convidadas no P\u00e1tio das Francesinhas! Conhece os seus recrutadores e descobre as oportunidades de emprego\/est\u00e1gios que podem ter para ti, bem como a sua miss\u00e3o, vis\u00e3o e valores, a sua cultura, os seus servi\u00e7os\/produtos e os seus projetos.<\/p>\n\n\n\n<p class=\"link-learnmore\"><a href=\"https:\/\/www.iseg.ulisboa.pt\/careers\/careerforum\/empresas-presentes\/\" data-type=\"page\" data-id=\"29348\">Conhece as empresas presentes<\/a><\/p>\n<\/div>\n<\/div>\n\n\n\n<div class=\"wp-block-columns is-layout-flex wp-container-core-columns-is-layout-5 wp-block-columns-is-layout-flex\">\n<div class=\"wp-block-column is-layout-flow wp-block-column-is-layout-flow\" style=\"flex-basis:25%\">\n<h6 class=\"wp-block-heading\"><strong><strong>10h00 \u2013 18h0<\/strong><\/strong>0<\/h6>\n\n\n\n<figure class=\"wp-block-image size-full\"><img loading=\"lazy\" decoding=\"async\" width=\"262\" height=\"198\" src=\"https:\/\/www.iseg.ulisboa.pt\/careers\/wp-content\/uploads\/sites\/19\/2025\/10\/Illustration_ImageHub.png\" alt=\"\" class=\"wp-image-629\" srcset=\"https:\/\/www.iseg.ulisboa.pt\/careers\/wp-content\/uploads\/sites\/19\/2025\/10\/Illustration_ImageHub.png 262w, https:\/\/www.iseg.ulisboa.pt\/careers\/wp-content\/uploads\/sites\/19\/2025\/10\/Illustration_ImageHub-16x12.png 16w\" sizes=\"(max-width: 262px) 100vw, 262px\" \/><\/figure>\n<\/div>\n\n\n\n<div class=\"wp-block-column is-layout-flow wp-block-column-is-layout-flow\" style=\"flex-basis:66.66%\">\n<h5 class=\"wp-block-heading\"><strong><strong><em>Image Hub<\/em><\/strong><\/strong> &#8211; Sala de Conv\u00edvio <\/h5>\n\n\n\n<p>Precisas de uma fotografia profissional para o teu CV? Tens d\u00favidas sobre o que vestir numa entrevista de emprego ou quais as cores que mais te favorecem?<\/p>\n\n\n\n<p>Visita o nosso <strong>Image Hub<\/strong> e aproveita as dicas personalizadas da nossa <strong>consultora de imagem<\/strong>. Recebe conselhos sobre estilo, cores e apresenta\u00e7\u00e3o para te destacar no mercado de trabalho. Al\u00e9m disso, ter\u00e1s <strong>a oportunidade de tirar fotografias profissionais <\/strong>para enriquecer o teu CV e aumentar o teu impacto numa candidatura.<\/p>\n\n\n\n<p>Marca a diferen\u00e7a com uma imagem \u00e0 tua altura!<\/p>\n\n\n\n<p class=\"link-learnmore\"><a href=\"https:\/\/www.iseg.ulisboa.pt\/pt\/career-forum2022\/empresas\/\" data-type=\"page\" data-id=\"29348\"><\/a><\/p>\n<\/div>\n<\/div>\n\n\n\n<div class=\"wp-block-columns is-layout-flex wp-container-core-columns-is-layout-6 wp-block-columns-is-layout-flex\">\n<div class=\"wp-block-column is-layout-flow wp-block-column-is-layout-flow\" style=\"flex-basis:25%\">\n<h6 class=\"wp-block-heading\"><strong><strong>10h00 \u2013 17h<\/strong><\/strong>30<\/h6>\n\n\n\n<p><\/p>\n\n\n\n<figure class=\"wp-block-image size-full is-resized\"><img loading=\"lazy\" decoding=\"async\" width=\"1280\" height=\"265\" src=\"https:\/\/www.iseg.ulisboa.pt\/careers\/wp-content\/uploads\/sites\/19\/2025\/10\/Inditex_logo_black.svg_.png\" alt=\"\" class=\"wp-image-651\" style=\"width:300px;height:auto\" srcset=\"https:\/\/www.iseg.ulisboa.pt\/careers\/wp-content\/uploads\/sites\/19\/2025\/10\/Inditex_logo_black.svg_.png 1280w, https:\/\/www.iseg.ulisboa.pt\/careers\/wp-content\/uploads\/sites\/19\/2025\/10\/Inditex_logo_black.svg_-300x62.png 300w, https:\/\/www.iseg.ulisboa.pt\/careers\/wp-content\/uploads\/sites\/19\/2025\/10\/Inditex_logo_black.svg_-18x4.png 18w\" sizes=\"(max-width: 1280px) 100vw, 1280px\" \/><\/figure>\n<\/div>\n\n\n\n<div class=\"wp-block-column is-layout-flow wp-block-column-is-layout-flow\" style=\"flex-basis:66.66%\">\n<h5 class=\"wp-block-heading\"><strong><strong><em><strong>Inditex Talent Chats<\/strong><\/em><\/strong><\/strong><\/h5>\n\n\n\n<p>Conversa cara a cara com o People Team da Inditex e mostra o teu talento.<\/p>\n\n\n\n<p>Estas entrevistas curtas s\u00e3o a tua porta de entrada para o <strong>Inditex Talent Program<\/strong>&nbsp;&#8211; uma oportunidade de come\u00e7ar a tua carreira num ambiente global e din\u00e2mico.<\/p>\n\n\n\n<p><strong>Do you enjoy having new challenges every day? Inditex is your place!<\/strong><\/p>\n\n\n\n<p class=\"link-learnmore\"><a href=\"https:\/\/www.iseg.ulisboa.pt\/pt\/career-forum2022\/empresas\/\" data-type=\"page\" data-id=\"29348\"><\/a><\/p>\n<\/div>\n<\/div>\n\n\n\n<div class=\"wp-block-columns is-layout-flex wp-container-core-columns-is-layout-7 wp-block-columns-is-layout-flex\">\n<div class=\"wp-block-column is-layout-flow wp-block-column-is-layout-flow\" style=\"flex-basis:25%\">\n<h6 class=\"wp-block-heading\"><strong><strong>11h00 \u2013 18h<\/strong><\/strong>30<\/h6>\n<\/div>\n\n\n\n<div class=\"wp-block-column is-layout-flow wp-block-column-is-layout-flow\" style=\"flex-basis:66.66%\">\n<h5 class=\"wp-block-heading\"><strong><strong><em>15 Minutes with HR<\/em><\/strong><\/strong><\/h5>\n\n\n\n<p>J\u00e1 te perguntaste o que realmente acontece nos bastidores de um <strong>processo de recrutamento<\/strong>?<\/p>\n\n\n\n<p>Nesta sess\u00e3o de <strong>15 minutos<\/strong>, um <strong>profissional de RH<\/strong> partilhar\u00e1 informa\u00e7\u00f5es privilegiadas sobre como os candidatos s\u00e3o avaliados, quais qualidades os recrutadores realmente valorizam e como pode se destacar nos processos de sele\u00e7\u00e3o.<\/p>\n\n\n\n<p>Tamb\u00e9m ter\u00e1s a oportunidade de fazer as suas pr\u00f3prias perguntas num formato aberto de perguntas e respostas \u2014 uma oportunidade \u00fanica de obter respostas honestas diretamente de algu\u00e9m que sabe como as decis\u00f5es de contrata\u00e7\u00e3o s\u00e3o tomadas.<\/p>\n\n\n\n<p class=\"link-learnmore\"><a href=\"https:\/\/www.iseg.ulisboa.pt\/pt\/career-forum2022\/empresas\/\" data-type=\"page\" data-id=\"29348\"><\/a><\/p>\n<\/div>\n<\/div>\n\n\n\n<div class=\"wp-block-columns is-layout-flex wp-container-core-columns-is-layout-8 wp-block-columns-is-layout-flex\">\n<div class=\"wp-block-column is-layout-flow wp-block-column-is-layout-flow\">\n<h3 class=\"wp-block-heading\">6 de novembro<\/h3>\n<\/div>\n<\/div>\n\n\n\n<div class=\"wp-block-columns is-layout-flex wp-container-core-columns-is-layout-9 wp-block-columns-is-layout-flex\">\n<div class=\"wp-block-column is-layout-flow wp-block-column-is-layout-flow\" style=\"flex-basis:25%\">\n<h6 class=\"wp-block-heading\"><strong><strong><strong><strong>09h00 \u2013 18h00<\/strong><\/strong><\/strong><\/strong><\/h6>\n\n\n\n<figure class=\"wp-block-image size-full\"><img loading=\"lazy\" decoding=\"async\" width=\"262\" height=\"198\" src=\"https:\/\/www.iseg.ulisboa.pt\/careers\/wp-content\/uploads\/sites\/19\/2025\/10\/Illustration_Bootcamp.png\" alt=\"\" class=\"wp-image-630\" srcset=\"https:\/\/www.iseg.ulisboa.pt\/careers\/wp-content\/uploads\/sites\/19\/2025\/10\/Illustration_Bootcamp.png 262w, https:\/\/www.iseg.ulisboa.pt\/careers\/wp-content\/uploads\/sites\/19\/2025\/10\/Illustration_Bootcamp-16x12.png 16w\" sizes=\"(max-width: 262px) 100vw, 262px\" \/><\/figure>\n<\/div>\n\n\n\n<div class=\"wp-block-column is-layout-flow wp-block-column-is-layout-flow\" style=\"flex-basis:66.66%\">\n<h5 class=\"wp-block-heading\"><em>Talent <\/em>BootcampX by Magma Studio<\/h5>\n\n\n\n<figure class=\"wp-block-image size-full is-resized\"><img loading=\"lazy\" decoding=\"async\" width=\"423\" height=\"146\" src=\"https:\/\/www.iseg.ulisboa.pt\/careers\/wp-content\/uploads\/sites\/19\/2024\/10\/Magma-Logo.png\" alt=\"\" class=\"wp-image-372\" style=\"width:200px\" srcset=\"https:\/\/www.iseg.ulisboa.pt\/careers\/wp-content\/uploads\/sites\/19\/2024\/10\/Magma-Logo.png 423w, https:\/\/www.iseg.ulisboa.pt\/careers\/wp-content\/uploads\/sites\/19\/2024\/10\/Magma-Logo-300x104.png 300w, https:\/\/www.iseg.ulisboa.pt\/careers\/wp-content\/uploads\/sites\/19\/2024\/10\/Magma-Logo-18x6.png 18w\" sizes=\"(max-width: 423px) 100vw, 423px\" \/><\/figure>\n\n\n\n<p>O&nbsp;<em>Talent BootcampX<\/em>&nbsp;\u00e9 a iniciativa que se ir\u00e1&nbsp;realizar no segundo dia do evento. Este momento tem como objetivo ajudar-te a pensar na tua carreira e a desenvolver as tuas compet\u00eancias pessoais e de empregabilidade.<br><br>Da curadoria da Magma Studio, este&nbsp;\u00e9 o acelerador de carreiras que te ajuda a entender o teu talento e a coloc\u00e1-lo em contacto com quem importa.<br><br>Nesta din\u00e2mica, contaremos com in\u00fameros profissionais, das mais diversas \u00e1reas, que distribu\u00eddos em pain\u00e9is, ir\u00e3o ouvir o teu&nbsp;<em>pitch<\/em>&nbsp;e partilhar&nbsp;<em>feedback<\/em>&nbsp;personalizado, que ser\u00e1 certamente muito \u00fatil para o teu futuro acad\u00e9mico e\/ou profissional.<br><br>N\u00e3o percas esta oportunidade e inscreve-te <a href=\"https:\/\/hub.magmastudio.pt\/programa_details\/1752831291889x297078524689093900?Filtro%20Nome=&amp;Filtro%20Tipo=Talent%20Bootcamp&amp;source=gab\">aqui<\/a>.<\/p>\n<\/div>\n<\/div>\n\n\n\n<div class=\"wp-block-columns is-layout-flex wp-container-core-columns-is-layout-10 wp-block-columns-is-layout-flex\">\n<div class=\"wp-block-column is-layout-flow wp-block-column-is-layout-flow\" style=\"flex-basis:25%\">\n<h6 class=\"wp-block-heading\"><strong><strong><strong><strong>18h00 \u2013 20h00<\/strong><\/strong><\/strong><\/strong><\/h6>\n\n\n\n<figure class=\"wp-block-image size-full\"><img loading=\"lazy\" decoding=\"async\" width=\"262\" height=\"198\" src=\"https:\/\/www.iseg.ulisboa.pt\/careers\/wp-content\/uploads\/sites\/19\/2025\/10\/Illustration_NetworkCocktail.png\" alt=\"\" class=\"wp-image-631\" srcset=\"https:\/\/www.iseg.ulisboa.pt\/careers\/wp-content\/uploads\/sites\/19\/2025\/10\/Illustration_NetworkCocktail.png 262w, https:\/\/www.iseg.ulisboa.pt\/careers\/wp-content\/uploads\/sites\/19\/2025\/10\/Illustration_NetworkCocktail-16x12.png 16w\" sizes=\"(max-width: 262px) 100vw, 262px\" \/><\/figure>\n<\/div>\n\n\n\n<div class=\"wp-block-column is-layout-flow wp-block-column-is-layout-flow\" style=\"flex-basis:66.66%\">\n<h5 class=\"wp-block-heading\">Networking Cocktail<\/h5>\n\n\n\n<p>Junta-te a n\u00f3s para uma tarde descontra\u00edda, onde os alunos podem interagir com representantes de empresas que tamb\u00e9m s\u00e3o ex-alunos do ISEG.<\/p>\n\n\n\n<p>Troca experi\u00eancias, obt\u00e9m insights e expande a tua rede de contactos num ambiente informal e inspirador.<\/p>\n\n\n\n<p><\/p>\n<\/div>\n<\/div>\n\n\n<div class=\"block-big-text has-iseg-blue-background\">\n\t<div class=\"big-text-anim-left-layer\"><\/div>\n\t<div class=\"big-text-anim-right-layer\"><\/div>\n\t<div class=\"big-text-container\">\n\t\t<div class=\"big-text-content\">\n\n\t\t\t\t\t\t\t<p class=\"has-iseg-white-color\">+ 150 empresas \u00e0 tua espera<\/p>\n\t\t\t\t\t\t\t<p class=\"\">Inscri\u00e7\u00f5es abertas!<\/p>\n\t\t\t\n\t\t\t\t\t<\/div>\n\t\t\t\t\t<a href=\"https:\/\/app.beamian.com\/iseg-career-forum-2025\/new-visitor?type=5611\" class=\"button button-white w-button\" title=\"Registo Participante\" target=\"_self\">\n\t\t\t\tRegisto Participante\t\t\t<\/a>\n\t\t\t<\/div>\n<\/div>\n\n<div class=\"block-course-features\">\n    <div class=\"container\">\n                    <div class=\"course-features__grid\">\n        \n            <div class=\"course-features__item\">\n                                    <div class=\"course-features__image\">\n                        <img decoding=\"async\" src=\"https:\/\/www.iseg.ulisboa.pt\/careers\/wp-content\/uploads\/sites\/19\/2023\/10\/Beamian.jpeg\" loading=\"lazy\" sizes=\"(max-width: 479px) 86vw, (max-width: 767px) 82vw, (max-width: 991px) 41vw, 32vw\" srcset=\"https:\/\/www.iseg.ulisboa.pt\/careers\/wp-content\/uploads\/sites\/19\/2023\/10\/Beamian.jpeg 500w, https:\/\/www.iseg.ulisboa.pt\/careers\/wp-content\/uploads\/sites\/19\/2023\/10\/Beamian.jpeg 800w, https:\/\/www.iseg.ulisboa.pt\/careers\/wp-content\/uploads\/sites\/19\/2023\/10\/Beamian.jpeg 1080w, https:\/\/www.iseg.ulisboa.pt\/careers\/wp-content\/uploads\/sites\/19\/2023\/10\/Beamian.jpeg 1340w\" alt=\"\" class=\"image-cover\">\n                    <\/div>\n                                <div class=\"course-features__content\">\n                    <div class=\"course-features__topcut\"><\/div>\n                    <h4 class=\"course-features__heading\">\n                                                    <a href=\"https:\/\/www.iseg.ulisboa.pt\/careers\/careerforum\/servico-beamian\/\">No ISEG Career Forum a entrega do CV \u00e9 sem papel!<\/a>\n                                            <\/h4>\n                    <div class=\"course-features__text\">Conhece a tecnologia que iremos utilizar e todos os passos que ter\u00e1s de fazer antes e no dia do evento.<\/div>\n                                            <a href=\"https:\/\/www.iseg.ulisboa.pt\/careers\/careerforum\/servico-beamian\/\"  class=\"link-learnmore\">Beamian<\/a>\n                                    <\/div>\n            <\/div>\n\n        \n            <div class=\"course-features__item\">\n                                    <div class=\"course-features__image\">\n                        <img decoding=\"async\" src=\"https:\/\/www.iseg.ulisboa.pt\/careers\/wp-content\/uploads\/sites\/19\/2023\/10\/JobTeaser.png\" loading=\"lazy\" sizes=\"(max-width: 479px) 86vw, (max-width: 767px) 82vw, (max-width: 991px) 41vw, 32vw\" srcset=\"https:\/\/www.iseg.ulisboa.pt\/careers\/wp-content\/uploads\/sites\/19\/2023\/10\/JobTeaser.png 500w, https:\/\/www.iseg.ulisboa.pt\/careers\/wp-content\/uploads\/sites\/19\/2023\/10\/JobTeaser.png 800w, https:\/\/www.iseg.ulisboa.pt\/careers\/wp-content\/uploads\/sites\/19\/2023\/10\/JobTeaser.png 1080w, https:\/\/www.iseg.ulisboa.pt\/careers\/wp-content\/uploads\/sites\/19\/2023\/10\/JobTeaser.png 1340w\" alt=\"\" class=\"image-cover\">\n                    <\/div>\n                                <div class=\"course-features__content\">\n                    <div class=\"course-features__topcut\"><\/div>\n                    <h4 class=\"course-features__heading\">\n                                                    <a href=\"https:\/\/iseg-ulisboa.jobteaser.com\/en\/users\/sign_in\">J\u00e1 conheces o nosso Career Hub?<\/a>\n                                            <\/h4>\n                    <div class=\"course-features__text\">Podes consultar ofertas de emprego e de est\u00e1gios, nacionais e internacionais, na plataforma de carreira do ISEG.<\/div>\n                                            <a href=\"https:\/\/iseg-ulisboa.jobteaser.com\/en\/users\/sign_in\" target=\"_blank\" class=\"link-learnmore\">ISEG JobTeaser<\/a>\n                                    <\/div>\n            <\/div>\n\n        \n            <div class=\"course-features__item\">\n                                    <div class=\"course-features__image\">\n                        <img decoding=\"async\" src=\"https:\/\/www.iseg.ulisboa.pt\/careers\/wp-content\/uploads\/sites\/19\/2023\/10\/Registo.jpeg\" loading=\"lazy\" sizes=\"(max-width: 479px) 86vw, (max-width: 767px) 82vw, (max-width: 991px) 41vw, 32vw\" srcset=\"https:\/\/www.iseg.ulisboa.pt\/careers\/wp-content\/uploads\/sites\/19\/2023\/10\/Registo.jpeg 500w, https:\/\/www.iseg.ulisboa.pt\/careers\/wp-content\/uploads\/sites\/19\/2023\/10\/Registo.jpeg 800w, https:\/\/www.iseg.ulisboa.pt\/careers\/wp-content\/uploads\/sites\/19\/2023\/10\/Registo.jpeg 1080w, https:\/\/www.iseg.ulisboa.pt\/careers\/wp-content\/uploads\/sites\/19\/2023\/10\/Registo.jpeg 1340w\" alt=\"\" class=\"image-cover\">\n                    <\/div>\n                                <div class=\"course-features__content\">\n                    <div class=\"course-features__topcut\"><\/div>\n                    <h4 class=\"course-features__heading\">\n                                                    <a href=\"https:\/\/app.beamian.com\/iseg-career-forum-2025\/\">Plataforma do evento<\/a>\n                                            <\/h4>\n                    <div class=\"course-features__text\">Consulta as empresas, submete o teu CV.<\/div>\n                                            <a href=\"https:\/\/app.beamian.com\/iseg-career-forum-2025\/\"  class=\"link-learnmore\">Aceder ao evento<\/a>\n                                    <\/div>\n            <\/div>\n\n                <\/div>\n        <\/div>\n<\/div>\n\n\n<div class=\"wp-block-columns is-layout-flex wp-container-core-columns-is-layout-11 wp-block-columns-is-layout-flex\">\n<div class=\"wp-block-column is-layout-flow wp-block-column-is-layout-flow\">\n<figure class=\"wp-block-image size-full\"><img loading=\"lazy\" decoding=\"async\" width=\"1065\" height=\"207\" src=\"https:\/\/www.iseg.ulisboa.pt\/careers\/wp-content\/uploads\/sites\/19\/2025\/10\/CF25_Sponsors.png\" alt=\"\" class=\"wp-image-646\" srcset=\"https:\/\/www.iseg.ulisboa.pt\/careers\/wp-content\/uploads\/sites\/19\/2025\/10\/CF25_Sponsors.png 1065w, https:\/\/www.iseg.ulisboa.pt\/careers\/wp-content\/uploads\/sites\/19\/2025\/10\/CF25_Sponsors-300x58.png 300w, https:\/\/www.iseg.ulisboa.pt\/careers\/wp-content\/uploads\/sites\/19\/2025\/10\/CF25_Sponsors-18x3.png 18w\" sizes=\"(max-width: 1065px) 100vw, 1065px\" \/><\/figure>\n<\/div>\n<\/div>\n","protected":false},"excerpt":{"rendered":"De 5 a 6 de novembro, teremos o maior evento de empregabilidade do ISEG, a principal porta de entrada dos alunos no mercado de trabalho. Ao longo dos 2 dias&nbsp;[&#8230;]","protected":false},"author":5,"featured_media":645,"parent":0,"menu_order":1,"comment_status":"closed","ping_status":"closed","template":"tpl-page-blocks.php","meta":{"inline_featured_image":false,"_uag_custom_page_level_css":"","footnotes":""},"acf":[],"uagb_featured_image_src":{"full":["https:\/\/www.iseg.ulisboa.pt\/careers\/wp-content\/uploads\/sites\/19\/2025\/10\/CF25_Sponsors-MetaTag.png",1200,630,false],"thumbnail":["https:\/\/www.iseg.ulisboa.pt\/careers\/wp-content\/uploads\/sites\/19\/2025\/10\/CF25_Sponsors-MetaTag-150x150.png",150,150,true],"medium":["https:\/\/www.iseg.ulisboa.pt\/careers\/wp-content\/uploads\/sites\/19\/2025\/10\/CF25_Sponsors-MetaTag-300x158.png",300,158,true],"medium_large":["https:\/\/www.iseg.ulisboa.pt\/careers\/wp-content\/uploads\/sites\/19\/2025\/10\/CF25_Sponsors-MetaTag.png",768,403,false],"large":["https:\/\/www.iseg.ulisboa.pt\/careers\/wp-content\/uploads\/sites\/19\/2025\/10\/CF25_Sponsors-MetaTag.png",1024,538,false],"1536x1536":["https:\/\/www.iseg.ulisboa.pt\/careers\/wp-content\/uploads\/sites\/19\/2025\/10\/CF25_Sponsors-MetaTag.png",1200,630,false],"2048x2048":["https:\/\/www.iseg.ulisboa.pt\/careers\/wp-content\/uploads\/sites\/19\/2025\/10\/CF25_Sponsors-MetaTag.png",1200,630,false],"trp-custom-language-flag":["https:\/\/www.iseg.ulisboa.pt\/careers\/wp-content\/uploads\/sites\/19\/2025\/10\/CF25_Sponsors-MetaTag-18x9.png",18,9,true]},"uagb_author_info":{"display_name":"diogoalmeida","author_link":"https:\/\/www.iseg.ulisboa.pt\/careers\/author\/diogoalmeida\/"},"uagb_comment_info":0,"uagb_excerpt":"De 5 a 6 de novembro, teremos o maior evento de empregabilidade do ISEG, a principal porta de entrada dos alunos no mercado de trabalho. Ao longo dos 2 dias&nbsp;[...]","_links":{"self":[{"href":"https:\/\/www.iseg.ulisboa.pt\/careers\/wp-json\/wp\/v2\/pages\/131"}],"collection":[{"href":"https:\/\/www.iseg.ulisboa.pt\/careers\/wp-json\/wp\/v2\/pages"}],"about":[{"href":"https:\/\/www.iseg.ulisboa.pt\/careers\/wp-json\/wp\/v2\/types\/page"}],"author":[{"embeddable":true,"href":"https:\/\/www.iseg.ulisboa.pt\/careers\/wp-json\/wp\/v2\/users\/5"}],"replies":[{"embeddable":true,"href":"https:\/\/www.iseg.ulisboa.pt\/careers\/wp-json\/wp\/v2\/comments?post=131"}],"version-history":[{"count":85,"href":"https:\/\/www.iseg.ulisboa.pt\/careers\/wp-json\/wp\/v2\/pages\/131\/revisions"}],"predecessor-version":[{"id":688,"href":"https:\/\/www.iseg.ulisboa.pt\/careers\/wp-json\/wp\/v2\/pages\/131\/revisions\/688"}],"wp:featuredmedia":[{"embeddable":true,"href":"https:\/\/www.iseg.ulisboa.pt\/careers\/wp-json\/wp\/v2\/media\/645"}],"wp:attachment":[{"href":"https:\/\/www.iseg.ulisboa.pt\/careers\/wp-json\/wp\/v2\/media?parent=131"}],"curies":[{"name":"wp","href":"https:\/\/api.w.org\/{rel}","templated":true}]}}