{"id":492,"date":"2025-09-30T10:03:55","date_gmt":"2025-09-30T10:03:55","guid":{"rendered":"https:\/\/www.iseg.ulisboa.pt\/careers\/?page_id=492"},"modified":"2026-04-07T10:47:44","modified_gmt":"2026-04-07T10:47:44","slug":"publicar-ofertas-de-emprego-ou-de-estagio","status":"publish","type":"page","link":"https:\/\/www.iseg.ulisboa.pt\/careers\/para-recrutadores\/publicar-ofertas-de-emprego-ou-de-estagio\/","title":{"rendered":"Publicar Ofertas de Emprego ou de Est\u00e1gio"},"content":{"rendered":"\n<h2 class=\"wp-block-heading\">Plataforma de Emprego<\/h2>\n\n\n\n<p>Atrav\u00e9s do nosso<strong> Career Hub<\/strong> (by CareerOS), a plataforma oficial do <strong>ISEG Career Services<\/strong>, as empresas podem divulgar de forma simples e aut\u00f3noma as suas ofertas de emprego ou de est\u00e1gio dirigidas \u00e0 nossa comunidade acad\u00e9mica.<\/p>\n\n\n\n<p>Se pretende divulgar ofertas aos nosso alunos, contacte-nos para o email <a href=\"mailto:careers@iseg.ulisboa.pt\">careers@iseg.ulisboa.pt<\/a> e solicite para ser adicionado como nosso Employer Partner!<\/p>\n\n\n\n<h2 class=\"wp-block-heading\">Est\u00e1gios<\/h2>\n\n\n\n<p>A realiza\u00e7\u00e3o de est\u00e1gios permite uma maior aproxima\u00e7\u00e3o entre as empresas e os estudantes, promovendo uma integra\u00e7\u00e3o no mercado de trabalho mais suave, s\u00f3lida e estruturada.<\/p>\n\n\n\n<p>O ISEG pode protocolar com as empresas e os estudantes os seguintes tipos de est\u00e1gios:<\/p>\n\n\n\n<ul>\n<li><strong>Est\u00e1gio Extracurricular &#8211; <\/strong>como complemento volunt\u00e1rio \u00e0 forma\u00e7\u00e3o acad\u00e9mica (Est\u00e1gios de Ver\u00e3o est\u00e3o inclu\u00eddos nesta categoria)<\/li>\n\n\n\n<li><strong>Est\u00e1gio&nbsp;Curricular como&nbsp;Trabalho Final de Mestrado (TFM)<\/strong>, integrado no plano de estudos dos alunos de mestrado<\/li>\n\n\n\n<li><strong>Est\u00e1gio Curricular<\/strong> no \u00e2mbito da Unidade Curricular de Est\u00e1gio (dispon\u00edvel apenas para as licenciaturas de Gest\u00e3o\/Management)<\/li>\n<\/ul>\n\n\n\n<p>As condi\u00e7\u00f5es particulares de cada tipo de est\u00e1gio podem ser consultadas\u00a0<strong>aqui<\/strong> (em atualiza\u00e7\u00e3o)<\/p>\n\n\n\n<p>Todas as propostas devem respeitar o <strong><a href=\"https:\/\/www.iseg.ulisboa.pt\/careers\/wp-content\/uploads\/sites\/19\/2025\/04\/Regulamento-de-Estagios_ISEG_2025_PT.pdf\">Regulamento de Est\u00e1gios do ISEG<\/a><\/strong>, garantindo a qualidade pedag\u00f3gica e profissional das experi\u00eancias oferecidas.<\/p>\n\n\n\n<p><\/p>\n","protected":false},"excerpt":{"rendered":"Plataforma de Emprego Atrav\u00e9s do nosso Career Hub (by CareerOS), a plataforma oficial do ISEG Career Services, as empresas podem divulgar de forma simples e aut\u00f3noma as suas ofertas de&nbsp;[&#8230;]","protected":false},"author":24,"featured_media":0,"parent":55,"menu_order":2,"comment_status":"closed","ping_status":"closed","template":"","meta":{"inline_featured_image":false,"_uag_custom_page_level_css":"","footnotes":""},"acf":[],"uagb_featured_image_src":{"full":false,"thumbnail":false,"medium":false,"medium_large":false,"large":false,"1536x1536":false,"2048x2048":false,"trp-custom-language-flag":false},"uagb_author_info":{"display_name":"mfigueira","author_link":"https:\/\/www.iseg.ulisboa.pt\/careers\/author\/mfigueira\/"},"uagb_comment_info":0,"uagb_excerpt":"Plataforma de Emprego Atrav\u00e9s do nosso Career Hub (by CareerOS), a plataforma oficial do ISEG Career Services, as empresas podem divulgar de forma simples e aut\u00f3noma as suas ofertas de&nbsp;[...]","_links":{"self":[{"href":"https:\/\/www.iseg.ulisboa.pt\/careers\/wp-json\/wp\/v2\/pages\/492"}],"collection":[{"href":"https:\/\/www.iseg.ulisboa.pt\/careers\/wp-json\/wp\/v2\/pages"}],"about":[{"href":"https:\/\/www.iseg.ulisboa.pt\/careers\/wp-json\/wp\/v2\/types\/page"}],"author":[{"embeddable":true,"href":"https:\/\/www.iseg.ulisboa.pt\/careers\/wp-json\/wp\/v2\/users\/24"}],"replies":[{"embeddable":true,"href":"https:\/\/www.iseg.ulisboa.pt\/careers\/wp-json\/wp\/v2\/comments?post=492"}],"version-history":[{"count":15,"href":"https:\/\/www.iseg.ulisboa.pt\/careers\/wp-json\/wp\/v2\/pages\/492\/revisions"}],"predecessor-version":[{"id":828,"href":"https:\/\/www.iseg.ulisboa.pt\/careers\/wp-json\/wp\/v2\/pages\/492\/revisions\/828"}],"up":[{"embeddable":true,"href":"https:\/\/www.iseg.ulisboa.pt\/careers\/wp-json\/wp\/v2\/pages\/55"}],"wp:attachment":[{"href":"https:\/\/www.iseg.ulisboa.pt\/careers\/wp-json\/wp\/v2\/media?parent=492"}],"curies":[{"name":"wp","href":"https:\/\/api.w.org\/{rel}","templated":true}]}}