{"id":504,"date":"2025-09-30T08:53:55","date_gmt":"2025-09-30T08:53:55","guid":{"rendered":"https:\/\/www.iseg.ulisboa.pt\/careers\/?page_id=504"},"modified":"2025-10-06T12:46:57","modified_gmt":"2025-10-06T12:46:57","slug":"career-tools-resources","status":"publish","type":"page","link":"https:\/\/www.iseg.ulisboa.pt\/careers\/estudantes\/career-tools-resources\/","title":{"rendered":"Career Tools &amp; Resources"},"content":{"rendered":"\n<p>Nesta p\u00e1gina encontras um conjunto de <strong>materiais pr\u00e1ticos<\/strong> que te v\u00e3o apoiar em todas as etapas do teu percurso profissional. Desde guias para a constru\u00e7\u00e3o de um <strong>CV<\/strong> e <strong>carta de motiva\u00e7\u00e3o<\/strong>, at\u00e9 recursos sobre <strong>entrevistas de emprego<\/strong>, <strong>din\u00e2micas de grupo<\/strong> ou <strong>networking<\/strong>. Reunimos informa\u00e7\u00e3o \u00fatil para que possas preparar-te de forma s\u00f3lida e confiante.<\/p>\n\n\n\n<p>Explora os conte\u00fados dispon\u00edveis, adapta-os \u00e0 tua realidade e d\u00e1 o pr\u00f3ximo passo na tua carreira com mais seguran\u00e7a e prepara\u00e7\u00e3o.<\/p>\n\n\n\n<p class=\"button w-button\"><a href=\"https:\/\/phdisegutl.sharepoint.com\/:u:\/r\/sites\/Teste\/SitePages\/human-resource-home.aspx?csf=1&amp;web=1&amp;e=wHgCmf\" target=\"_blank\" rel=\"noreferrer noopener\">\u00c1rea Reservada<\/a><\/p>\n","protected":false},"excerpt":{"rendered":"Nesta p\u00e1gina encontras um conjunto de materiais pr\u00e1ticos que te v\u00e3o apoiar em todas as etapas do teu percurso profissional. Desde guias para a constru\u00e7\u00e3o de um CV e carta&nbsp;[&#8230;]","protected":false},"author":24,"featured_media":0,"parent":73,"menu_order":5,"comment_status":"closed","ping_status":"closed","template":"","meta":{"inline_featured_image":false,"_uag_custom_page_level_css":"","footnotes":""},"acf":[],"uagb_featured_image_src":{"full":false,"thumbnail":false,"medium":false,"medium_large":false,"large":false,"1536x1536":false,"2048x2048":false,"trp-custom-language-flag":false},"uagb_author_info":{"display_name":"mfigueira","author_link":"https:\/\/www.iseg.ulisboa.pt\/careers\/author\/mfigueira\/"},"uagb_comment_info":0,"uagb_excerpt":"Nesta p\u00e1gina encontras um conjunto de materiais pr\u00e1ticos que te v\u00e3o apoiar em todas as etapas do teu percurso profissional. Desde guias para a constru\u00e7\u00e3o de um CV e carta&nbsp;[...]","_links":{"self":[{"href":"https:\/\/www.iseg.ulisboa.pt\/careers\/wp-json\/wp\/v2\/pages\/504"}],"collection":[{"href":"https:\/\/www.iseg.ulisboa.pt\/careers\/wp-json\/wp\/v2\/pages"}],"about":[{"href":"https:\/\/www.iseg.ulisboa.pt\/careers\/wp-json\/wp\/v2\/types\/page"}],"author":[{"embeddable":true,"href":"https:\/\/www.iseg.ulisboa.pt\/careers\/wp-json\/wp\/v2\/users\/24"}],"replies":[{"embeddable":true,"href":"https:\/\/www.iseg.ulisboa.pt\/careers\/wp-json\/wp\/v2\/comments?post=504"}],"version-history":[{"count":10,"href":"https:\/\/www.iseg.ulisboa.pt\/careers\/wp-json\/wp\/v2\/pages\/504\/revisions"}],"predecessor-version":[{"id":743,"href":"https:\/\/www.iseg.ulisboa.pt\/careers\/wp-json\/wp\/v2\/pages\/504\/revisions\/743"}],"up":[{"embeddable":true,"href":"https:\/\/www.iseg.ulisboa.pt\/careers\/wp-json\/wp\/v2\/pages\/73"}],"wp:attachment":[{"href":"https:\/\/www.iseg.ulisboa.pt\/careers\/wp-json\/wp\/v2\/media?parent=504"}],"curies":[{"name":"wp","href":"https:\/\/api.w.org\/{rel}","templated":true}]}}