{"id":55,"date":"2023-03-28T19:08:52","date_gmt":"2023-03-28T19:08:52","guid":{"rendered":"https:\/\/www.iseg.ulisboa.pt\/careers\/?page_id=55"},"modified":"2026-03-10T13:52:20","modified_gmt":"2026-03-10T13:52:20","slug":"para-recrutadores","status":"publish","type":"page","link":"https:\/\/www.iseg.ulisboa.pt\/careers\/para-recrutadores\/","title":{"rendered":"Para Recrutadores"},"content":{"rendered":"\n<section class=\"block-hero-full-width course-hero wf-section\">\n        <div class=\"course-hero__name\">\n            <h1 class=\"course-hero__heading has-iseg-white-color\"><span class=\"course-hero__heading-span\">Recrutar estudantes e ex-alunos do ISEG<\/span><\/h1>\n    <\/div>\n            <div class=\"course-hero__backdrop has-iseg-blue-background\"><\/div>\n    \n    <div class=\"course-hero__image\">\n    <img decoding=\"async\" src=\"https:\/\/www.iseg.ulisboa.pt\/careers\/wp-content\/uploads\/sites\/19\/2025\/10\/54133185323_fdc3f33445_o-e1759756595815.jpg\" class=\"image-cover\" alt=\"\" srcset=\"https:\/\/www.iseg.ulisboa.pt\/careers\/wp-content\/uploads\/sites\/19\/2025\/10\/54133185323_fdc3f33445_o-e1759756595815.jpg 1915w, https:\/\/www.iseg.ulisboa.pt\/careers\/wp-content\/uploads\/sites\/19\/2025\/10\/54133185323_fdc3f33445_o-e1759756595815-300x97.jpg 300w, https:\/\/www.iseg.ulisboa.pt\/careers\/wp-content\/uploads\/sites\/19\/2025\/10\/54133185323_fdc3f33445_o-e1759756595815-1536x497.jpg 1536w, https:\/\/www.iseg.ulisboa.pt\/careers\/wp-content\/uploads\/sites\/19\/2025\/10\/54133185323_fdc3f33445_o-e1759756595815-18x6.jpg 18w, https:\/\/www.iseg.ulisboa.pt\/careers\/wp-content\/uploads\/sites\/19\/2025\/10\/54133185323_fdc3f33445_o-e1759756595815-768x249.jpg 768w, https:\/\/www.iseg.ulisboa.pt\/careers\/wp-content\/uploads\/sites\/19\/2025\/10\/54133185323_fdc3f33445_o-e1759756595815-1024x332.jpg 1024w\" sizes=\"(max-width: 1915px) 100vw, 1915px\" \/>    <\/div>\n<\/section>\n\n<div class=\"block-course-features\">\n    <div class=\"container\">\n                        <div class=\"course-features__intro\"><h2>Career\u00a0Services<\/h2>\n<p>O ISEG <em>Career Services<\/em> est\u00e1 empenhado em trabalhar com empregadores &#8211; organiza\u00e7\u00f5es locais, nacionais e internacionais &#8211; para apoiar as suas necessidades de recrutamento.<\/p>\n<\/div>\n                <div class=\"course-features__grid\">\n        \n            <div class=\"course-features__item\">\n                                    <div class=\"course-features__image\">\n                        <img decoding=\"async\" src=\"https:\/\/www.iseg.ulisboa.pt\/careers\/wp-content\/uploads\/sites\/19\/2023\/03\/card-recruitment.jpeg\" loading=\"lazy\" sizes=\"(max-width: 479px) 86vw, (max-width: 767px) 82vw, (max-width: 991px) 41vw, 32vw\" srcset=\"https:\/\/www.iseg.ulisboa.pt\/careers\/wp-content\/uploads\/sites\/19\/2023\/03\/card-recruitment.jpeg 500w, https:\/\/www.iseg.ulisboa.pt\/careers\/wp-content\/uploads\/sites\/19\/2023\/03\/card-recruitment.jpeg 800w, https:\/\/www.iseg.ulisboa.pt\/careers\/wp-content\/uploads\/sites\/19\/2023\/03\/card-recruitment.jpeg 1080w, https:\/\/www.iseg.ulisboa.pt\/careers\/wp-content\/uploads\/sites\/19\/2023\/03\/card-recruitment.jpeg 1340w\" alt=\"\" class=\"image-cover\">\n                    <\/div>\n                                <div class=\"course-features__content\">\n                    <div class=\"course-features__topcut\"><\/div>\n                    <h4 class=\"course-features__heading\">\n                                                    <a href=\"https:\/\/www.iseg.ulisboa.pt\/careers\/para-recrutadores\/solucoes-de-recrutamento\/\">Solu\u00e7\u00f5es de Recrutamento<\/a>\n                                            <\/h4>\n                    <div class=\"course-features__text\">Atraia e contrate talentos de topo atrav\u00e9s de atividades organizadas no nosso campus, online ou nas instala\u00e7\u00f5es da sua empresa. <\/div>\n                                            <a href=\"https:\/\/www.iseg.ulisboa.pt\/careers\/para-recrutadores\/solucoes-de-recrutamento\/\"  class=\"link-learnmore\">Saiba mais<\/a>\n                                    <\/div>\n            <\/div>\n\n        \n            <div class=\"course-features__item\">\n                                    <div class=\"course-features__image\">\n                        <img decoding=\"async\" src=\"https:\/\/www.iseg.ulisboa.pt\/careers\/wp-content\/uploads\/sites\/19\/2023\/03\/card-career-platform.jpeg\" loading=\"lazy\" sizes=\"(max-width: 479px) 86vw, (max-width: 767px) 82vw, (max-width: 991px) 41vw, 32vw\" srcset=\"https:\/\/www.iseg.ulisboa.pt\/careers\/wp-content\/uploads\/sites\/19\/2023\/03\/card-career-platform.jpeg 500w, https:\/\/www.iseg.ulisboa.pt\/careers\/wp-content\/uploads\/sites\/19\/2023\/03\/card-career-platform.jpeg 800w, https:\/\/www.iseg.ulisboa.pt\/careers\/wp-content\/uploads\/sites\/19\/2023\/03\/card-career-platform.jpeg 1080w, https:\/\/www.iseg.ulisboa.pt\/careers\/wp-content\/uploads\/sites\/19\/2023\/03\/card-career-platform.jpeg 1340w\" alt=\"\" class=\"image-cover\">\n                    <\/div>\n                                <div class=\"course-features__content\">\n                    <div class=\"course-features__topcut\"><\/div>\n                    <h4 class=\"course-features__heading\">\n                                                    <a href=\"https:\/\/www.iseg.ulisboa.pt\/careers\/para-recrutadores\/publicar-ofertas-de-emprego-ou-de-estagio\/\">Publicar Ofertas de Emprego ou de Est\u00e1gio<\/a>\n                                            <\/h4>\n                    <div class=\"course-features__text\">Tem oportunidades de est\u00e1gios ou de empregos que queira divulgar entre os nossos alunos?<\/div>\n                                            <a href=\"https:\/\/www.iseg.ulisboa.pt\/careers\/para-recrutadores\/publicar-ofertas-de-emprego-ou-de-estagio\/\" target=\"_blank\" class=\"link-learnmore\">Saiba Mais<\/a>\n                                    <\/div>\n            <\/div>\n\n                <\/div>\n        <\/div>\n<\/div>\n\n<div class=\"block-intro-text has-iseg-white-color has-iseg-blue-background\">\n\t<div class=\"intro-text\">O ISEG foi a primeira escola portuguesa de Economia e Gest\u00e3o e faz parte da maior e mais reconhecida universidade do pa\u00eds, a Universidade de Lisboa. Inspiramos e formamos estudantes talentosos a tornarem-se profissionais de topo, com uma s\u00f3lida forma\u00e7\u00e3o acad\u00e9mica e respeito pela \u00e9tica, responsabilidade social e desenvolvimento sustent\u00e1vel, que podem fazer a diferen\u00e7a.<\/div>\n\t<div class=\"intro-text-anim-left-layer\"><\/div>\n\t<div class=\"intro-text-anim-right-layer\"><\/div>\n<\/div>\n\n\n<div class=\"block-key-numbers\">\n\t<div class=\"container\">\n\n\t\t<div class=\"block-key-numbers-list has-4-columns\">\n\t\t\t\t\t\t\t<div class=\"key-number-card one\">\n\t\t\t\t\t<div class=\"key-number-card-number\">5000<\/div>\n\t\t\t\t\t<div class=\"key-numbers-card-byline\">Estudantes<\/div>\n\t\t\t\t<\/div>\n\t\t\t\t\t\t\t<div class=\"key-number-card two\">\n\t\t\t\t\t<div class=\"key-number-card-number\">25%<\/div>\n\t\t\t\t\t<div class=\"key-numbers-card-byline\">Estudantes internacionais de mais de 70 pa\u00edses.<\/div>\n\t\t\t\t<\/div>\n\t\t\t\t\t\t\t<div class=\"key-number-card three\">\n\t\t\t\t\t<div class=\"key-number-card-number\">49<\/div>\n\t\t\t\t\t<div class=\"key-numbers-card-byline\">Programas (11 Licenciaturas, 25 Mestrados e 13 Doutoramentos)<\/div>\n\t\t\t\t<\/div>\n\t\t\t\t\t\t\t<div class=\"key-number-card four\">\n\t\t\t\t\t<div class=\"key-number-card-number\">96%<\/div>\n\t\t\t\t\t<div class=\"key-numbers-card-byline\">Taxa de empregabilidade m\u00e9dia<\/div>\n\t\t\t\t<\/div>\n\t\t\t\t\t\t\n\t\t<\/div>\n\n\t<\/div>\n<\/div>\n\n\n<div class=\"wp-block-columns is-layout-flex wp-container-core-columns-is-layout-1 wp-block-columns-is-layout-flex\">\n<div class=\"wp-block-column is-layout-flow wp-block-column-is-layout-flow\">\n<figure class=\"wp-block-image size-full\"><img loading=\"lazy\" decoding=\"async\" width=\"1362\" height=\"580\" src=\"https:\/\/www.iseg.ulisboa.pt\/careers\/wp-content\/uploads\/sites\/19\/2026\/03\/Premium-Partners-2.png\" alt=\"\" class=\"wp-image-812\" srcset=\"https:\/\/www.iseg.ulisboa.pt\/careers\/wp-content\/uploads\/sites\/19\/2026\/03\/Premium-Partners-2.png 1362w, https:\/\/www.iseg.ulisboa.pt\/careers\/wp-content\/uploads\/sites\/19\/2026\/03\/Premium-Partners-2-300x128.png 300w, https:\/\/www.iseg.ulisboa.pt\/careers\/wp-content\/uploads\/sites\/19\/2026\/03\/Premium-Partners-2-18x8.png 18w\" sizes=\"(max-width: 1362px) 100vw, 1362px\" \/><\/figure>\n<\/div>\n<\/div>\n","protected":false},"excerpt":{"rendered":"","protected":false},"author":5,"featured_media":0,"parent":0,"menu_order":5,"comment_status":"closed","ping_status":"closed","template":"tpl-page-blocks.php","meta":{"inline_featured_image":false,"_uag_custom_page_level_css":"","footnotes":""},"acf":[],"uagb_featured_image_src":{"full":false,"thumbnail":false,"medium":false,"medium_large":false,"large":false,"1536x1536":false,"2048x2048":false,"trp-custom-language-flag":false},"uagb_author_info":{"display_name":"diogoalmeida","author_link":"https:\/\/www.iseg.ulisboa.pt\/careers\/author\/diogoalmeida\/"},"uagb_comment_info":0,"uagb_excerpt":null,"_links":{"self":[{"href":"https:\/\/www.iseg.ulisboa.pt\/careers\/wp-json\/wp\/v2\/pages\/55"}],"collection":[{"href":"https:\/\/www.iseg.ulisboa.pt\/careers\/wp-json\/wp\/v2\/pages"}],"about":[{"href":"https:\/\/www.iseg.ulisboa.pt\/careers\/wp-json\/wp\/v2\/types\/page"}],"author":[{"embeddable":true,"href":"https:\/\/www.iseg.ulisboa.pt\/careers\/wp-json\/wp\/v2\/users\/5"}],"replies":[{"embeddable":true,"href":"https:\/\/www.iseg.ulisboa.pt\/careers\/wp-json\/wp\/v2\/comments?post=55"}],"version-history":[{"count":36,"href":"https:\/\/www.iseg.ulisboa.pt\/careers\/wp-json\/wp\/v2\/pages\/55\/revisions"}],"predecessor-version":[{"id":813,"href":"https:\/\/www.iseg.ulisboa.pt\/careers\/wp-json\/wp\/v2\/pages\/55\/revisions\/813"}],"wp:attachment":[{"href":"https:\/\/www.iseg.ulisboa.pt\/careers\/wp-json\/wp\/v2\/media?parent=55"}],"curies":[{"name":"wp","href":"https:\/\/api.w.org\/{rel}","templated":true}]}}