{"id":738,"date":"2026-01-29T11:21:42","date_gmt":"2026-01-29T11:21:42","guid":{"rendered":"https:\/\/www.iseg.ulisboa.pt\/careers\/?page_id=738"},"modified":"2026-03-31T15:00:19","modified_gmt":"2026-03-31T15:00:19","slug":"destaques-career-services","status":"publish","type":"page","link":"https:\/\/www.iseg.ulisboa.pt\/careers\/destaques-career-services\/","title":{"rendered":"Destaques &#8211; Career Services"},"content":{"rendered":"\n<p>Nesta p\u00e1gina colocamos os eventos e oportunidades de est\u00e1gio que consideramos mais relevantes para os alunos do ISEG. <\/p>\n\n\n\n<p><strong>Programas de Est\u00e1gio<\/strong><\/p>\n\n\n\n<ul>\n<li><a href=\"https:\/\/www.iseg.ulisboa.pt\/careers\/pan-european-seal-young-professionals-programme-2026-2027\/\">Pan-European Seal Young Professionals Programme 2026\/2027<\/a><\/li>\n\n\n\n<li><a href=\"https:\/\/trainees.loreal.pt\/\">L\u2019Or\u00e9al Internship Program<\/a><\/li>\n\n\n\n<li><a href=\"https:\/\/join.pmicareers.com\/gb\/en\/job\/22980\">Future In Progress Interns Portugal &#8211;  Tabaqueira\/Philip Morris International<\/a><\/li>\n<\/ul>\n\n\n\n<p><strong>Eventos<\/strong><\/p>\n\n\n\n<ul>\n<li><a href=\"https:\/\/survey.alchemer.eu\/s3\/90997354\/CaixaOpenDay2026\">Open Day Caixa<\/a><\/li>\n\n\n\n<li><a href=\"https:\/\/forms.office.com\/pages\/responsepage.aspx?id=g0AYnCDeWUiWjJbybbC_4ZsLS4fltCxEsn6V3j3NgMxUNVI2TjU2NVJGOE9LV0swNVRTRkdaUFRERC4u&amp;_cldee=MuzPjW5_lazfvLbOwNepRgXHNnpTtKWWPBg1N6gof7BkZyJLHvcf6Fk83GnEO4S8O0u9j_SHfWcvwOXyywA-wg&amp;recipientid=contact-b92117da47a3ef118a6a000d3a69f482-73edd10825254cc58454ccb5efac234d&amp;route=shorturl\">Open Day KMPG<\/a><\/li>\n\n\n\n<li><a href=\"https:\/\/forms.cloud.microsoft\/pages\/responsepage.aspx?id=g0AYnCDeWUiWjJbybbC_4ZsLS4fltCxEsn6V3j3NgMxUMVZTU1JRUFY3VUNHR01ENUJWRjAzWVIxUC4u&amp;route=shorturl\">RPS &#8211; Recruitment Process Simulation 2026<\/a><\/li>\n<\/ul>\n","protected":false},"excerpt":{"rendered":"Nesta p\u00e1gina colocamos os eventos e oportunidades de est\u00e1gio que consideramos mais relevantes para os alunos do ISEG. Programas de Est\u00e1gio Eventos","protected":false},"author":24,"featured_media":0,"parent":0,"menu_order":0,"comment_status":"closed","ping_status":"closed","template":"","meta":{"inline_featured_image":false,"_uag_custom_page_level_css":"","footnotes":""},"acf":[],"uagb_featured_image_src":{"full":false,"thumbnail":false,"medium":false,"medium_large":false,"large":false,"1536x1536":false,"2048x2048":false,"trp-custom-language-flag":false},"uagb_author_info":{"display_name":"mfigueira","author_link":"https:\/\/www.iseg.ulisboa.pt\/careers\/author\/mfigueira\/"},"uagb_comment_info":0,"uagb_excerpt":"Nesta p\u00e1gina colocamos os eventos e oportunidades de est\u00e1gio que consideramos mais relevantes para os alunos do ISEG. Programas de Est\u00e1gio Eventos","_links":{"self":[{"href":"https:\/\/www.iseg.ulisboa.pt\/careers\/wp-json\/wp\/v2\/pages\/738"}],"collection":[{"href":"https:\/\/www.iseg.ulisboa.pt\/careers\/wp-json\/wp\/v2\/pages"}],"about":[{"href":"https:\/\/www.iseg.ulisboa.pt\/careers\/wp-json\/wp\/v2\/types\/page"}],"author":[{"embeddable":true,"href":"https:\/\/www.iseg.ulisboa.pt\/careers\/wp-json\/wp\/v2\/users\/24"}],"replies":[{"embeddable":true,"href":"https:\/\/www.iseg.ulisboa.pt\/careers\/wp-json\/wp\/v2\/comments?post=738"}],"version-history":[{"count":9,"href":"https:\/\/www.iseg.ulisboa.pt\/careers\/wp-json\/wp\/v2\/pages\/738\/revisions"}],"predecessor-version":[{"id":826,"href":"https:\/\/www.iseg.ulisboa.pt\/careers\/wp-json\/wp\/v2\/pages\/738\/revisions\/826"}],"wp:attachment":[{"href":"https:\/\/www.iseg.ulisboa.pt\/careers\/wp-json\/wp\/v2\/media?parent=738"}],"curies":[{"name":"wp","href":"https:\/\/api.w.org\/{rel}","templated":true}]}}