{"id":82,"date":"2023-03-28T21:39:22","date_gmt":"2023-03-28T21:39:22","guid":{"rendered":"https:\/\/www.iseg.ulisboa.pt\/careers\/?page_id=82"},"modified":"2026-02-19T14:04:40","modified_gmt":"2026-02-19T14:04:40","slug":"aconselhamento-de-carreira","status":"publish","type":"page","link":"https:\/\/www.iseg.ulisboa.pt\/careers\/estudantes\/aconselhamento-de-carreira\/","title":{"rendered":"Aconselhamento de Carreira"},"content":{"rendered":"\n<p class=\"has-large-font-size\">A oportunidade de teres um contacto personalizado com um Consultor de Carreira pode ser crucial para te ajudar no in\u00edcio do teu percurso profissional.<\/p>\n\n\n\n<p><strong><strong>Temas das sess\u00f5es que podes solicitar<\/strong><\/strong>:<\/p>\n\n\n\n<hr class=\"wp-block-separator has-alpha-channel-opacity\"\/>\n\n\n\n<h3 class=\"wp-block-heading\"><strong>Orienta\u00e7\u00e3o de carreira<\/strong><\/h3>\n\n\n\n<p>Se est\u00e1s inseguro sobre o que gostarias de fazer, se tens d\u00favidas sobre o rumo que queres dar \u00e0 tua vida profissional, poder\u00e1s agendar uma sess\u00e3o de orienta\u00e7\u00e3o com um Consultor de Carreira especializado.<\/p>\n\n\n\n<p><strong>Nesta sess\u00e3o podes abordar qualquer tema relacionado com os seguintes t\u00f3picos:<\/strong><\/p>\n\n\n\n<ul>\n<li>Planeamento da carreira;<\/li>\n\n\n\n<li>Objetivos profissionais;<\/li>\n\n\n\n<li>Estrat\u00e9gias de procura de emprego;<\/li>\n\n\n\n<li>Op\u00e7\u00f5es de estudo;<\/li>\n\n\n\n<li>Como expandir a tua rede de contactos;<\/li>\n\n\n\n<li>Processos de recrutamento.<\/li>\n<\/ul>\n\n\n\n<p><\/p>\n\n\n\n<hr class=\"wp-block-separator has-css-opacity\"\/>\n\n\n\n<h3 class=\"wp-block-heading\">Feedback do CV da Carta de Motiva\u00e7\u00e3o<\/h3>\n\n\n\n<p>Revemos e esclarecemos quest\u00f5es sobre o teu CV ou Carta de Motiva\u00e7\u00e3o. Dever\u00e1s para isso apresentar uma base j\u00e1 criada, podendo seguir o modelo recomendado e apresentado na <a href=\"https:\/\/phdisegutl.sharepoint.com\/sites\/Careers\/\">\u00c1rea Reservada<\/a> do ISEG Career Services.<\/p>\n\n\n\n<hr class=\"wp-block-separator has-css-opacity\"\/>\n\n\n\n<h3 class=\"wp-block-heading\"><strong>LinkedIn feedback<\/strong><\/h3>\n\n\n\n<p>Revemos ou apoiamos o desenvolvimento de um perfil na rede profissional LinkedIn, ferramenta essencial na tua procura de emprego. Antes de iniciares a cria\u00e7\u00e3o desse perfil, recomendamos a leitura do artigo sobre o LinkedIn na <a href=\"https:\/\/phdisegutl.sharepoint.com\/sites\/Careers\/\">\u00c1rea Reservada<\/a> do ISEG Career Services<em>.<\/em><\/p>\n\n\n\n<hr class=\"wp-block-separator has-css-opacity\"\/>\n\n\n\n<h3 class=\"wp-block-heading\"><strong>Prepara\u00e7\u00e3o para Entrevista<\/strong><\/h3>\n\n\n\n<p>A entrevista \u00e9 um dos momentos de avalia\u00e7\u00e3o mais cr\u00edticos na decis\u00e3o de admiss\u00e3o de um novo colaborador. Esta sess\u00e3o d\u00e1-te a oportunidade de praticar as t\u00e9cnicas de entrevista, simular e obter feedback sobre o teu desempenho. Dever\u00e1s ler cuidadosamente o artigo sobre Entrevistas disponibilizado na <a href=\"https:\/\/phdisegutl.sharepoint.com\/sites\/Careers\/\">\u00c1rea Reservada<\/a> do ISEG Career Services.<\/p>\n\n\n\n<hr class=\"wp-block-separator has-css-opacity\"\/>\n\n\n\n<h3 class=\"wp-block-heading\"><strong>Alumni Career Advisory (2-5 anos)<\/strong><\/h3>\n\n\n\n<p>Enquanto ex-aluno podes aceder a uma sess\u00e3o de <em>coaching<\/em> de carreira por ano. Podes utilizar as sess\u00f5es para quaisquer temas relacionados com carreira, para discutir os teus planos de desenvolvimento profissional (se estiveres a considerar uma mudan\u00e7a) ou para te apoiar em candidaturas e entrevistas.<\/p>\n\n\n\n<hr class=\"wp-block-separator has-css-opacity\"\/>\n\n\n\n<p class=\"button\"><a href=\"https:\/\/phdisegutl.sharepoint.com\/:u:\/r\/sites\/Careers\/SitePages\/Book-an-appointment-with-us!arca-uma-sess%C3%A3o-connosco!.aspx?csf=1&amp;web=1&amp;e=31GWry\" data-type=\"link\" data-id=\"https:\/\/phdisegutl.sharepoint.com\/:u:\/r\/sites\/Careers\/SitePages\/Book-an-appointment-with-us!arca-uma-sess%C3%A3o-connosco!.aspx?csf=1&amp;web=1&amp;e=31GWry\">Agenda a tua sess\u00e3o<\/a><\/p>\n","protected":false},"excerpt":{"rendered":"A oportunidade de teres um contacto personalizado com um Consultor de Carreira pode ser crucial para te ajudar no in\u00edcio do teu percurso profissional. Temas das sess\u00f5es que podes solicitar:&nbsp;[&#8230;]","protected":false},"author":5,"featured_media":0,"parent":73,"menu_order":0,"comment_status":"closed","ping_status":"closed","template":"","meta":{"inline_featured_image":false,"_uag_custom_page_level_css":"","footnotes":""},"acf":[],"uagb_featured_image_src":{"full":false,"thumbnail":false,"medium":false,"medium_large":false,"large":false,"1536x1536":false,"2048x2048":false,"trp-custom-language-flag":false},"uagb_author_info":{"display_name":"diogoalmeida","author_link":"https:\/\/www.iseg.ulisboa.pt\/careers\/author\/diogoalmeida\/"},"uagb_comment_info":0,"uagb_excerpt":"A oportunidade de teres um contacto personalizado com um Consultor de Carreira pode ser crucial para te ajudar no in\u00edcio do teu percurso profissional. Temas das sess\u00f5es que podes solicitar:&nbsp;[...]","_links":{"self":[{"href":"https:\/\/www.iseg.ulisboa.pt\/careers\/wp-json\/wp\/v2\/pages\/82"}],"collection":[{"href":"https:\/\/www.iseg.ulisboa.pt\/careers\/wp-json\/wp\/v2\/pages"}],"about":[{"href":"https:\/\/www.iseg.ulisboa.pt\/careers\/wp-json\/wp\/v2\/types\/page"}],"author":[{"embeddable":true,"href":"https:\/\/www.iseg.ulisboa.pt\/careers\/wp-json\/wp\/v2\/users\/5"}],"replies":[{"embeddable":true,"href":"https:\/\/www.iseg.ulisboa.pt\/careers\/wp-json\/wp\/v2\/comments?post=82"}],"version-history":[{"count":3,"href":"https:\/\/www.iseg.ulisboa.pt\/careers\/wp-json\/wp\/v2\/pages\/82\/revisions"}],"predecessor-version":[{"id":788,"href":"https:\/\/www.iseg.ulisboa.pt\/careers\/wp-json\/wp\/v2\/pages\/82\/revisions\/788"}],"up":[{"embeddable":true,"href":"https:\/\/www.iseg.ulisboa.pt\/careers\/wp-json\/wp\/v2\/pages\/73"}],"wp:attachment":[{"href":"https:\/\/www.iseg.ulisboa.pt\/careers\/wp-json\/wp\/v2\/media?parent=82"}],"curies":[{"name":"wp","href":"https:\/\/api.w.org\/{rel}","templated":true}]}}