{"id":84,"date":"2023-03-28T21:40:43","date_gmt":"2023-03-28T21:40:43","guid":{"rendered":"https:\/\/www.iseg.ulisboa.pt\/careers\/?page_id=84"},"modified":"2026-02-19T14:10:49","modified_gmt":"2026-02-19T14:10:49","slug":"planeamento-e-desenvolvimento-de-carreira","status":"publish","type":"page","link":"https:\/\/www.iseg.ulisboa.pt\/careers\/estudantes\/planeamento-e-desenvolvimento-de-carreira\/","title":{"rendered":"Planeamento e Desenvolvimento de Carreira"},"content":{"rendered":"\n<p class=\"has-large-font-size\">Quando o teu curso terminar, a vida ap\u00f3s ISEG seguir\u00e1 o seu rumo. Portanto, \u00e9 tempo de come\u00e7ar a fazer planos sobre o que queres fazer depois de deixares de ser estudante.<\/p>\n\n\n\n<p>H\u00e1 muitas formas de abordar a gest\u00e3o de carreiras, por isso descobre a que funciona melhor para ti.<\/p>\n\n\n\n<p>Pensa nas tuas prioridades, descobre as tuas alternativas e prepara-te para os pr\u00f3ximos passos.<\/p>\n\n\n\n<p><strong>Seguem-se alguns pontos de reflex\u00e3o que te ajudar\u00e3o no processo.<\/strong><\/p>\n\n\n\n<ul>\n<li>Quem \u00e9s e no que te queres tornar?<\/li>\n\n\n\n<li>O que procuras a curto e m\u00e9dio prazo?<\/li>\n\n\n\n<li>Descobre a forma como funciona o mercado de trabalho.<\/li>\n\n\n\n<li>Conhece-te e avalia-te: o autoconhecimento aumenta as probabilidades de te sentires realizado ao longo do teu percurso profissional.<\/li>\n\n\n\n<li>Conhece as tuas prioridades de vida e carreira para que possas fazer escolhas adequadas e informadas.<\/li>\n<\/ul>\n\n\n\n<hr class=\"wp-block-separator has-css-opacity\"\/>\n\n\n\n<h3 class=\"wp-block-heading\"><strong><strong>O que envolve o autoconhecimento?<\/strong><\/strong><\/h3>\n\n\n\n<ul>\n<li>Identificar os teus interesses, o que realmente gostas de fazer.<\/li>\n\n\n\n<li>Refletir sobre as tuas compet\u00eancias, pontos fortes e fracos, valores e caracter\u00edsticas de personalidade.<\/li>\n\n\n\n<li>Pedir feedback a pessoas que te conhecem bem e listar as compet\u00eancias que j\u00e1 utilizaste e desenvolveste durante os teus estudos, est\u00e1gios\/empregos, hobbies, atividades extracurriculares, etc. Posteriormente, identificar quais s\u00e3o os teus pontos fortes e os que precisas de desenvolver para concretizares os teus planos.&nbsp;<\/li>\n\n\n\n<li>Pensar em ocasi\u00f5es em que o tempo passou t\u00e3o depressa, que nem te apercebeste! Nessas situa\u00e7\u00f5es, provavelmente estavas a usar um ou mais dos teus pontos fortes. Os pontos fortes, em termos de compet\u00eancias, s\u00e3o aqueles que normalmente te fazem sentir energizado.<\/li>\n<\/ul>\n\n\n\n<p>Acreditamos que estas reflex\u00f5es te v\u00e3o ajudar a tomar decis\u00f5es agora e no futuro.<\/p>\n\n\n\n<hr class=\"wp-block-separator has-css-opacity\"\/>\n\n\n\n<h4 class=\"wp-block-heading\"><strong><strong>As atividades abaixo podem ajudar-te a identificar compet\u00eancias, pontos fortes, valores e caracter\u00edsticas de personalidade.<\/strong><\/strong><\/h4>\n\n\n\n<ul>\n<li>Marca uma sess\u00e3o para discutir a tua autoavalia\u00e7\u00e3o com um Consultor de Carreira. Podemos ajudar-te a desenvolver o teu <em>self-concept<\/em>, pensando nas tuas compet\u00eancias, caracter\u00edsticas, valores, motiva\u00e7\u00f5es e compreender como estas se podem relacionar com poss\u00edveis escolhas de carreira.<\/li>\n\n\n\n<li>Consulta as ferramentas online que desenvolvemos para ti.<\/li>\n\n\n\n<li>Consulta o nosso <em>Career Guide <\/em>(dispon\u00edvel na <a href=\"https:\/\/phdisegutl.sharepoint.com\/sites\/Careers\">\u00c1rea Reservada<\/a> do ISEG Career Services<em>).<\/em><\/li>\n\n\n\n<li>Participa nos nossos eventos. Eles poder\u00e3o ajudar-te a conhecer melhor o mercado de trabalho e compreender de que forma poder\u00e1s iniciar a tua carreira. Consulta o nosso <em><a href=\"https:\/\/app.thecareeros.com\/app\/event-os?tab=all-events\">Career Hub<\/a><\/em> ou a nossa <a href=\"https:\/\/www.iseg.ulisboa.pt\/careers\/eventos\/\">p\u00e1gina de eventos<\/a> para ver os eventos que se aproximam.<\/li>\n<\/ul>\n","protected":false},"excerpt":{"rendered":"Quando o teu curso terminar, a vida ap\u00f3s ISEG seguir\u00e1 o seu rumo. Portanto, \u00e9 tempo de come\u00e7ar a fazer planos sobre o que queres fazer depois de deixares de&nbsp;[&#8230;]","protected":false},"author":5,"featured_media":35,"parent":73,"menu_order":0,"comment_status":"closed","ping_status":"closed","template":"","meta":{"inline_featured_image":false,"_uag_custom_page_level_css":"","footnotes":""},"acf":[],"uagb_featured_image_src":{"full":["https:\/\/www.iseg.ulisboa.pt\/careers\/wp-content\/uploads\/sites\/19\/2023\/03\/hero-career-planning.jpeg",1600,800,false],"thumbnail":["https:\/\/www.iseg.ulisboa.pt\/careers\/wp-content\/uploads\/sites\/19\/2023\/03\/hero-career-planning-150x150.jpeg",150,150,true],"medium":["https:\/\/www.iseg.ulisboa.pt\/careers\/wp-content\/uploads\/sites\/19\/2023\/03\/hero-career-planning-300x150.jpeg",300,150,true],"medium_large":["https:\/\/www.iseg.ulisboa.pt\/careers\/wp-content\/uploads\/sites\/19\/2023\/03\/hero-career-planning.jpeg",768,384,false],"large":["https:\/\/www.iseg.ulisboa.pt\/careers\/wp-content\/uploads\/sites\/19\/2023\/03\/hero-career-planning.jpeg",1024,512,false],"1536x1536":["https:\/\/www.iseg.ulisboa.pt\/careers\/wp-content\/uploads\/sites\/19\/2023\/03\/hero-career-planning-1536x768.jpeg",1536,768,true],"2048x2048":["https:\/\/www.iseg.ulisboa.pt\/careers\/wp-content\/uploads\/sites\/19\/2023\/03\/hero-career-planning.jpeg",1600,800,false],"trp-custom-language-flag":["https:\/\/www.iseg.ulisboa.pt\/careers\/wp-content\/uploads\/sites\/19\/2023\/03\/hero-career-planning.jpeg",18,9,false]},"uagb_author_info":{"display_name":"diogoalmeida","author_link":"https:\/\/www.iseg.ulisboa.pt\/careers\/author\/diogoalmeida\/"},"uagb_comment_info":0,"uagb_excerpt":"Quando o teu curso terminar, a vida ap\u00f3s ISEG seguir\u00e1 o seu rumo. Portanto, \u00e9 tempo de come\u00e7ar a fazer planos sobre o que queres fazer depois de deixares de&nbsp;[...]","_links":{"self":[{"href":"https:\/\/www.iseg.ulisboa.pt\/careers\/wp-json\/wp\/v2\/pages\/84"}],"collection":[{"href":"https:\/\/www.iseg.ulisboa.pt\/careers\/wp-json\/wp\/v2\/pages"}],"about":[{"href":"https:\/\/www.iseg.ulisboa.pt\/careers\/wp-json\/wp\/v2\/types\/page"}],"author":[{"embeddable":true,"href":"https:\/\/www.iseg.ulisboa.pt\/careers\/wp-json\/wp\/v2\/users\/5"}],"replies":[{"embeddable":true,"href":"https:\/\/www.iseg.ulisboa.pt\/careers\/wp-json\/wp\/v2\/comments?post=84"}],"version-history":[{"count":2,"href":"https:\/\/www.iseg.ulisboa.pt\/careers\/wp-json\/wp\/v2\/pages\/84\/revisions"}],"predecessor-version":[{"id":790,"href":"https:\/\/www.iseg.ulisboa.pt\/careers\/wp-json\/wp\/v2\/pages\/84\/revisions\/790"}],"up":[{"embeddable":true,"href":"https:\/\/www.iseg.ulisboa.pt\/careers\/wp-json\/wp\/v2\/pages\/73"}],"wp:featuredmedia":[{"embeddable":true,"href":"https:\/\/www.iseg.ulisboa.pt\/careers\/wp-json\/wp\/v2\/media\/35"}],"wp:attachment":[{"href":"https:\/\/www.iseg.ulisboa.pt\/careers\/wp-json\/wp\/v2\/media?parent=84"}],"curies":[{"name":"wp","href":"https:\/\/api.w.org\/{rel}","templated":true}]}}