{"id":88,"date":"2023-03-28T21:43:46","date_gmt":"2023-03-28T21:43:46","guid":{"rendered":"https:\/\/www.iseg.ulisboa.pt\/careers\/?page_id=88"},"modified":"2026-02-03T12:33:02","modified_gmt":"2026-02-03T12:33:02","slug":"vagas-e-estagios","status":"publish","type":"page","link":"https:\/\/www.iseg.ulisboa.pt\/careers\/estudantes\/vagas-e-estagios\/","title":{"rendered":"Est\u00e1gios e Empregos"},"content":{"rendered":"\n<p class=\"has-large-font-size\">Durante o teu percurso no ISEG e at\u00e9 dois anos ap\u00f3s a conclus\u00e3o dos estudos, colocamos \u00e0 tua disposi\u00e7\u00e3o diversas plataformas de carreira onde podes explorar ofertas de emprego e est\u00e1gios.<\/p>\n\n\n\n<hr class=\"wp-block-separator has-css-opacity\"\/>\n\n\n\n<div class=\"wp-block-columns is-layout-flex wp-container-core-columns-is-layout-1 wp-block-columns-is-layout-flex\">\n<div class=\"wp-block-column is-layout-flow wp-block-column-is-layout-flow\" style=\"flex-basis:33.33%\">\n<figure class=\"wp-block-image size-full\"><a href=\"https:\/\/app.thecareeros.com\/app\/dashboard\"><img loading=\"lazy\" decoding=\"async\" width=\"1372\" height=\"1375\" src=\"https:\/\/www.iseg.ulisboa.pt\/careers\/wp-content\/uploads\/sites\/19\/2026\/02\/CareerHub_CareerOS.png\" alt=\"\" class=\"wp-image-761\" srcset=\"https:\/\/www.iseg.ulisboa.pt\/careers\/wp-content\/uploads\/sites\/19\/2026\/02\/CareerHub_CareerOS.png 1372w, https:\/\/www.iseg.ulisboa.pt\/careers\/wp-content\/uploads\/sites\/19\/2026\/02\/CareerHub_CareerOS-300x300.png 300w, https:\/\/www.iseg.ulisboa.pt\/careers\/wp-content\/uploads\/sites\/19\/2026\/02\/CareerHub_CareerOS-150x150.png 150w, https:\/\/www.iseg.ulisboa.pt\/careers\/wp-content\/uploads\/sites\/19\/2026\/02\/CareerHub_CareerOS-12x12.png 12w\" sizes=\"(max-width: 1372px) 100vw, 1372px\" \/><\/a><\/figure>\n<\/div>\n\n\n\n<div class=\"wp-block-column is-layout-flow wp-block-column-is-layout-flow\" style=\"flex-basis:66.66%\">\n<p>O <strong>Career Hub (CareerOS) <\/strong>\u00e9 a principal plataforma de carreiras do ISEG <em>Career Services<\/em>. Aqui podes encontrar toda a informa\u00e7\u00e3o que necessitas para a tua prepara\u00e7\u00e3o e transi\u00e7\u00e3o para o mundo do trabalho. \u00c9 tamb\u00e9m aqui que os empregadores interessados em recrutar estudantes do ISEG publicitam as suas oportunidades.<\/p>\n\n\n\n<p><strong>Regista-te<\/strong> com o teu email institucional (\u2026@aln.iseg.ulisboa.pt) e come\u00e7a j\u00e1 a explorar a plataforma.<\/p>\n\n\n\n<p class=\"link-learnmore\"><a href=\"https:\/\/app.thecareeros.com\/app\/dashboard\" data-type=\"link\" data-id=\"https:\/\/app.thecareeros.com\/app\/dashboard\" target=\"_blank\" rel=\"noreferrer noopener\">Ir para o Career Hub<\/a><\/p>\n<\/div>\n<\/div>\n\n\n\n<hr class=\"wp-block-separator has-css-opacity\"\/>\n\n\n\n<div class=\"wp-block-columns is-layout-flex wp-container-core-columns-is-layout-2 wp-block-columns-is-layout-flex\">\n<div class=\"wp-block-column is-layout-flow wp-block-column-is-layout-flow\" style=\"flex-basis:33.33%\">\n<figure class=\"wp-block-image size-full\"><img loading=\"lazy\" decoding=\"async\" width=\"400\" height=\"103\" src=\"https:\/\/www.iseg.ulisboa.pt\/careers\/wp-content\/uploads\/sites\/19\/2026\/01\/content-1.webp\" alt=\"\" class=\"wp-image-751\" srcset=\"https:\/\/www.iseg.ulisboa.pt\/careers\/wp-content\/uploads\/sites\/19\/2026\/01\/content-1.webp 400w, https:\/\/www.iseg.ulisboa.pt\/careers\/wp-content\/uploads\/sites\/19\/2026\/01\/content-1-300x77.webp 300w, https:\/\/www.iseg.ulisboa.pt\/careers\/wp-content\/uploads\/sites\/19\/2026\/01\/content-1-18x5.webp 18w\" sizes=\"(max-width: 400px) 100vw, 400px\" \/><\/figure>\n<\/div>\n\n\n\n<div class=\"wp-block-column is-layout-flow wp-block-column-is-layout-flow\" style=\"flex-basis:66.66%\">\n<p>A JobTeaser \u00e9 uma plataforma onde podes fazer marca\u00e7\u00f5es de consultorias com a equipa do Career Services, bem como encontrar ofertas de emprego.<\/p>\n\n\n\n<p><strong>Encontra o acesso a esta plataforma na <a href=\"https:\/\/phdisegutl.sharepoint.com\/sites\/Careers\/\">\u00c1rea Reservada<\/a> do Career Services.<\/strong><\/p>\n<\/div>\n<\/div>\n\n\n\n<hr class=\"wp-block-separator has-css-opacity\"\/>\n\n\n\n<div class=\"wp-block-columns is-layout-flex wp-container-core-columns-is-layout-3 wp-block-columns-is-layout-flex\">\n<div class=\"wp-block-column is-layout-flow wp-block-column-is-layout-flow\" style=\"flex-basis:33.33%\">\n<figure class=\"wp-block-image size-full\"><img loading=\"lazy\" decoding=\"async\" width=\"400\" height=\"400\" src=\"https:\/\/www.iseg.ulisboa.pt\/careers\/wp-content\/uploads\/sites\/19\/2023\/03\/ft-going-global.png\" alt=\"\" class=\"wp-image-29\" srcset=\"https:\/\/www.iseg.ulisboa.pt\/careers\/wp-content\/uploads\/sites\/19\/2023\/03\/ft-going-global.png 400w, https:\/\/www.iseg.ulisboa.pt\/careers\/wp-content\/uploads\/sites\/19\/2023\/03\/ft-going-global-300x300.png 300w, https:\/\/www.iseg.ulisboa.pt\/careers\/wp-content\/uploads\/sites\/19\/2023\/03\/ft-going-global-150x150.png 150w\" sizes=\"(max-width: 400px) 100vw, 400px\" \/><\/figure>\n<\/div>\n\n\n\n<div class=\"wp-block-column is-layout-flow wp-block-column-is-layout-flow\" style=\"flex-basis:66.66%\">\n<p>A <strong>GoinGlobal<\/strong> \u00e9 uma plataforma que te permite procurar oportunidades de est\u00e1gio e emprego em todo o mundo. Cont\u00e9m ainda mais de 40 <em>Country Career Guides<\/em>, repletos de informa\u00e7\u00e3o espec\u00edfica sobre cada pa\u00eds. Esta \u00e9 a plataforma de elei\u00e7\u00e3o se quiseres estudar ou trabalhar no estrangeiro.<\/p>\n\n\n\n<p><strong>Encontra o acesso a esta plataforma na <a href=\"https:\/\/phdisegutl.sharepoint.com\/sites\/Careers\/\">\u00c1rea Reservada<\/a> do Career Services.<\/strong><\/p>\n<\/div>\n<\/div>\n\n\n\n<hr class=\"wp-block-separator has-css-opacity\"\/>\n\n\n\n<div class=\"wp-block-columns is-layout-flex wp-container-core-columns-is-layout-4 wp-block-columns-is-layout-flex\">\n<div class=\"wp-block-column is-layout-flow wp-block-column-is-layout-flow\" style=\"flex-basis:33.33%\">\n<figure class=\"wp-block-image size-full\"><img loading=\"lazy\" decoding=\"async\" width=\"400\" height=\"400\" src=\"https:\/\/www.iseg.ulisboa.pt\/careers\/wp-content\/uploads\/sites\/19\/2023\/03\/ft-highred.png\" alt=\"\" class=\"wp-image-27\" srcset=\"https:\/\/www.iseg.ulisboa.pt\/careers\/wp-content\/uploads\/sites\/19\/2023\/03\/ft-highred.png 400w, https:\/\/www.iseg.ulisboa.pt\/careers\/wp-content\/uploads\/sites\/19\/2023\/03\/ft-highred-300x300.png 300w, https:\/\/www.iseg.ulisboa.pt\/careers\/wp-content\/uploads\/sites\/19\/2023\/03\/ft-highred-150x150.png 150w\" sizes=\"(max-width: 400px) 100vw, 400px\" \/><\/figure>\n<\/div>\n\n\n\n<div class=\"wp-block-column is-layout-flow wp-block-column-is-layout-flow\" style=\"flex-basis:66.66%\">\n<p>A <strong>Highered <\/strong>\u00e9 uma plataforma onde podes encontrar oportunidades globais, que incluem est\u00e1gios e empregos em todo o mundo bem como diversas ferramentas de avalia\u00e7\u00e3o (testes psicom\u00e9tricos e <em>assessments<\/em>) que te ajudar\u00e3o na prepara\u00e7\u00e3o para processos de recrutamento.<\/p>\n\n\n\n<p>Tamb\u00e9m ter\u00e1s acesso a partir daqui \u00e0 <em>Coursera<\/em>, uma das maiores plataformas de forma\u00e7\u00e3o e certifica\u00e7\u00f5es online do mundo, numa enorme variedade de \u00e1reas, criada pela Stanford University (US).<\/p>\n\n\n\n<p><strong>Encontra o acesso a esta plataforma na <a href=\"https:\/\/phdisegutl.sharepoint.com\/sites\/Careers\/\">\u00c1rea Reservada<\/a> do Career Services.<\/strong><\/p>\n<\/div>\n<\/div>\n\n\n\n<hr class=\"wp-block-separator has-css-opacity\"\/>\n\n\n\n<div class=\"wp-block-columns is-layout-flex wp-container-core-columns-is-layout-5 wp-block-columns-is-layout-flex\">\n<div class=\"wp-block-column is-layout-flow wp-block-column-is-layout-flow\" style=\"flex-basis:33.33%\">\n<figure class=\"wp-block-image size-full is-resized\"><img loading=\"lazy\" decoding=\"async\" width=\"2560\" height=\"2131\" src=\"https:\/\/www.iseg.ulisboa.pt\/careers\/wp-content\/uploads\/sites\/19\/2025\/09\/talent-1-scaled.jpg\" alt=\"\" class=\"wp-image-450\" style=\"width:352px;height:auto\" srcset=\"https:\/\/www.iseg.ulisboa.pt\/careers\/wp-content\/uploads\/sites\/19\/2025\/09\/talent-1-scaled.jpg 2560w, https:\/\/www.iseg.ulisboa.pt\/careers\/wp-content\/uploads\/sites\/19\/2025\/09\/talent-1-300x250.jpg 300w, https:\/\/www.iseg.ulisboa.pt\/careers\/wp-content\/uploads\/sites\/19\/2025\/09\/talent-1-1536x1279.jpg 1536w, https:\/\/www.iseg.ulisboa.pt\/careers\/wp-content\/uploads\/sites\/19\/2025\/09\/talent-1-2048x1705.jpg 2048w, https:\/\/www.iseg.ulisboa.pt\/careers\/wp-content\/uploads\/sites\/19\/2025\/09\/talent-1-14x12.jpg 14w\" sizes=\"(max-width: 2560px) 100vw, 2560px\" \/><\/figure>\n<\/div>\n\n\n\n<div class=\"wp-block-column is-layout-flow wp-block-column-is-layout-flow\" style=\"flex-basis:66.66%\">\n<p>Na plataforma da <strong>Talent Portugal <\/strong>podes encontrar informa\u00e7\u00e3o sobre um elevado n\u00famero de empresas, de diversos setores de atividade, que oferecem est\u00e1gios (curriculares, de ver\u00e3o e profissionais, nacionais e internacionais), nas mais variadas \u00e1reas funcionais<\/p>\n\n\n\n<p><strong>Encontra o acesso a esta plataforma na <a href=\"https:\/\/phdisegutl.sharepoint.com\/sites\/Careers\/\">\u00c1rea Reservada<\/a> do Career Services.<\/strong><\/p>\n<\/div>\n<\/div>\n\n\n\n<hr class=\"wp-block-separator has-css-opacity\"\/>\n\n\n\n<p class=\"button w-button\"><a href=\"https:\/\/phdisegutl.sharepoint.com\/:u:\/r\/sites\/Teste\/SitePages\/human-resource-home.aspx?csf=1&amp;web=1&amp;e=wHgCmf\" target=\"_blank\" rel=\"noreferrer noopener\">\u00c1rea Reservada<\/a><\/p>\n\n\n\n<h3 class=\"wp-block-heading\"><strong>Outros sites de procura de est\u00e1gio e emprego<\/strong><\/h3>\n\n\n\n<p>Compil\u00e1mos para ti uma lista de sites de emprego que cobrem uma s\u00e9rie de \u00e1reas funcionais, tipos de organiza\u00e7\u00f5es e sectores:<\/p>\n\n\n\n<ul>\n<li><a href=\"https:\/\/www.linkedin.com\/jobs\/\">https:\/\/www.linkedin.com\/jobs\/<\/a><\/li>\n\n\n\n<li><a href=\"https:\/\/www.empregoestagios.com\/\">https:\/\/www.empregoestagios.com\/<\/a><\/li>\n\n\n\n<li><a href=\"https:\/\/expressoemprego.pt\/\">https:\/\/expressoemprego.pt\/<\/a><\/li>\n\n\n\n<li><a href=\"https:\/\/emprego.sapo.pt\/\">https:\/\/emprego.sapo.pt\/<\/a><\/li>\n\n\n\n<li><a href=\"https:\/\/www.itjobs.pt\/\">https:\/\/www.itjobs.pt\/<\/a> (IT)<\/li>\n\n\n\n<li><a href=\"https:\/\/www.net-empregos.com\/\">https:\/\/www.net-empregos.com\/<\/a><\/li>\n\n\n\n<li><a href=\"https:\/\/www.alertaemprego.pt\/\">https:\/\/www.alertaemprego.pt\/<\/a><\/li>\n\n\n\n<li><a href=\"http:\/\/www.empregosonline.pt\/\">http:\/\/www.empregosonline.pt\/<\/a><\/li>\n\n\n\n<li><a href=\"https:\/\/empregomais.com\/\">https:\/\/empregomais.com\/<\/a><\/li>\n\n\n\n<li><a href=\"https:\/\/www.cargadetrabalhos.net\/\">https:\/\/www.cargadetrabalhos.net\/<\/a> (Marketing e Comunica\u00e7\u00e3o)<\/li>\n\n\n\n<li><a href=\"https:\/\/www.turijobs.pt\/\">https:\/\/www.turijobs.pt\/<\/a> (Turismo)<\/li>\n\n\n\n<li><a href=\"https:\/\/pt.indeed.com\/\">https:\/\/pt.indeed.com\/<\/a><\/li>\n\n\n\n<li><a href=\"https:\/\/www.glassdoor.com\/index.htm\">https:\/\/www.glassdoor.com\/index.htm<\/a><\/li>\n\n\n\n<li><a href=\"https:\/\/www.careerjet.pt\/\">https:\/\/www.careerjet.pt\/<\/a><\/li>\n<\/ul>\n","protected":false},"excerpt":{"rendered":"Durante o teu percurso no ISEG e at\u00e9 dois anos ap\u00f3s a conclus\u00e3o dos estudos, colocamos \u00e0 tua disposi\u00e7\u00e3o diversas plataformas de carreira onde podes explorar ofertas de emprego e&nbsp;[&#8230;]","protected":false},"author":5,"featured_media":0,"parent":73,"menu_order":0,"comment_status":"closed","ping_status":"closed","template":"","meta":{"inline_featured_image":false,"_uag_custom_page_level_css":"","footnotes":""},"acf":[],"uagb_featured_image_src":{"full":false,"thumbnail":false,"medium":false,"medium_large":false,"large":false,"1536x1536":false,"2048x2048":false,"trp-custom-language-flag":false},"uagb_author_info":{"display_name":"diogoalmeida","author_link":"https:\/\/www.iseg.ulisboa.pt\/careers\/author\/diogoalmeida\/"},"uagb_comment_info":0,"uagb_excerpt":"Durante o teu percurso no ISEG e at\u00e9 dois anos ap\u00f3s a conclus\u00e3o dos estudos, colocamos \u00e0 tua disposi\u00e7\u00e3o diversas plataformas de carreira onde podes explorar ofertas de emprego e&nbsp;[...]","_links":{"self":[{"href":"https:\/\/www.iseg.ulisboa.pt\/careers\/wp-json\/wp\/v2\/pages\/88"}],"collection":[{"href":"https:\/\/www.iseg.ulisboa.pt\/careers\/wp-json\/wp\/v2\/pages"}],"about":[{"href":"https:\/\/www.iseg.ulisboa.pt\/careers\/wp-json\/wp\/v2\/types\/page"}],"author":[{"embeddable":true,"href":"https:\/\/www.iseg.ulisboa.pt\/careers\/wp-json\/wp\/v2\/users\/5"}],"replies":[{"embeddable":true,"href":"https:\/\/www.iseg.ulisboa.pt\/careers\/wp-json\/wp\/v2\/comments?post=88"}],"version-history":[{"count":10,"href":"https:\/\/www.iseg.ulisboa.pt\/careers\/wp-json\/wp\/v2\/pages\/88\/revisions"}],"predecessor-version":[{"id":764,"href":"https:\/\/www.iseg.ulisboa.pt\/careers\/wp-json\/wp\/v2\/pages\/88\/revisions\/764"}],"up":[{"embeddable":true,"href":"https:\/\/www.iseg.ulisboa.pt\/careers\/wp-json\/wp\/v2\/pages\/73"}],"wp:attachment":[{"href":"https:\/\/www.iseg.ulisboa.pt\/careers\/wp-json\/wp\/v2\/media?parent=88"}],"curies":[{"name":"wp","href":"https:\/\/api.w.org\/{rel}","templated":true}]}}