{"id":10,"date":"2023-02-18T15:29:32","date_gmt":"2023-02-18T15:29:32","guid":{"rendered":"https:\/\/www.iseg.ulisboa.pt\/dsi\/?page_id=10"},"modified":"2024-01-25T15:41:17","modified_gmt":"2024-01-25T15:41:17","slug":"services","status":"publish","type":"page","link":"https:\/\/www.iseg.ulisboa.pt\/dsi\/en\/services\/","title":{"rendered":"Services"},"content":{"rendered":"<p>DSI provides various support services for the different applications, information systems, connectivity and digital devices for ISEG teachers, researchers, staff and students, which should be requested through the DSI Helpdesk.<\/p>\n\n\n<div class=\"block-course-features\">\n    <div class=\"container\">\n                    <div class=\"course-features__grid\">\n        \n            <div class=\"course-features__item\">\n                                    <div class=\"course-features__image\">\n                        <img decoding=\"async\" src=\"https:\/\/www.iseg.ulisboa.pt\/dsi\/wp-content\/uploads\/sites\/15\/2023\/04\/Acessos.jpg\" loading=\"lazy\" sizes=\"(max-width: 479px) 86vw, (max-width: 767px) 82vw, (max-width: 991px) 41vw, 32vw\" srcset=\"https:\/\/www.iseg.ulisboa.pt\/dsi\/wp-content\/uploads\/sites\/15\/2023\/04\/Acessos.jpg 500w, https:\/\/www.iseg.ulisboa.pt\/dsi\/wp-content\/uploads\/sites\/15\/2023\/04\/Acessos.jpg 800w, https:\/\/www.iseg.ulisboa.pt\/dsi\/wp-content\/uploads\/sites\/15\/2023\/04\/Acessos.jpg 1080w, https:\/\/www.iseg.ulisboa.pt\/dsi\/wp-content\/uploads\/sites\/15\/2023\/04\/Acessos.jpg 1340w\" alt=\"\" class=\"image-cover\">\n                    <\/div>\n                                <div class=\"course-features__content\">\n                    <div class=\"course-features__topcut\"><\/div>\n                    <h4 class=\"course-features__heading\">\n                                                    <a href=\"https:\/\/www.iseg.ulisboa.pt\/dsi\/en\/services\/access-account\/\">Access Account<\/a>\n                                            <\/h4>\n                    <div class=\"course-features__text\">As an ISEG student, teacher, researcher or employee, you are entitled to an account that will give you access to the ISEG IT System.<\/div>\n                                            <a href=\"https:\/\/www.iseg.ulisboa.pt\/dsi\/en\/services\/access-account\/\"  class=\"link-learnmore\">Access Account<\/a>\n                                    <\/div>\n            <\/div>\n\n        \n            <div class=\"course-features__item\">\n                                    <div class=\"course-features__image\">\n                        <img decoding=\"async\" src=\"https:\/\/www.iseg.ulisboa.pt\/dsi\/wp-content\/uploads\/sites\/15\/2023\/04\/Microsoft.jpg\" loading=\"lazy\" sizes=\"(max-width: 479px) 86vw, (max-width: 767px) 82vw, (max-width: 991px) 41vw, 32vw\" srcset=\"https:\/\/www.iseg.ulisboa.pt\/dsi\/wp-content\/uploads\/sites\/15\/2023\/04\/Microsoft.jpg 500w, https:\/\/www.iseg.ulisboa.pt\/dsi\/wp-content\/uploads\/sites\/15\/2023\/04\/Microsoft.jpg 800w, https:\/\/www.iseg.ulisboa.pt\/dsi\/wp-content\/uploads\/sites\/15\/2023\/04\/Microsoft.jpg 1080w, https:\/\/www.iseg.ulisboa.pt\/dsi\/wp-content\/uploads\/sites\/15\/2023\/04\/Microsoft.jpg 1340w\" alt=\"\" class=\"image-cover\">\n                    <\/div>\n                                <div class=\"course-features__content\">\n                    <div class=\"course-features__topcut\"><\/div>\n                    <h4 class=\"course-features__heading\">\n                                                    <a href=\"https:\/\/www.iseg.ulisboa.pt\/dsi\/en\/services\/m365\/\">M365 services (Email, Office, Teams and OneDrive)<\/a>\n                                            <\/h4>\n                    <div class=\"course-features__text\">As a student, teacher, researcher or employee of ISEG you are entitled to an Office365 account.<\/div>\n                                            <a href=\"https:\/\/www.iseg.ulisboa.pt\/dsi\/en\/services\/m365\/\"  class=\"link-learnmore\">Email, Office365 and Cloud Storage<\/a>\n                                    <\/div>\n            <\/div>\n\n        \n            <div class=\"course-features__item\">\n                                    <div class=\"course-features__image\">\n                        <img decoding=\"async\" src=\"https:\/\/www.iseg.ulisboa.pt\/dsi\/wp-content\/uploads\/sites\/15\/2023\/04\/Wireless-1.jpg\" loading=\"lazy\" sizes=\"(max-width: 479px) 86vw, (max-width: 767px) 82vw, (max-width: 991px) 41vw, 32vw\" srcset=\"https:\/\/www.iseg.ulisboa.pt\/dsi\/wp-content\/uploads\/sites\/15\/2023\/04\/Wireless-1.jpg 500w, https:\/\/www.iseg.ulisboa.pt\/dsi\/wp-content\/uploads\/sites\/15\/2023\/04\/Wireless-1.jpg 800w, https:\/\/www.iseg.ulisboa.pt\/dsi\/wp-content\/uploads\/sites\/15\/2023\/04\/Wireless-1.jpg 1080w, https:\/\/www.iseg.ulisboa.pt\/dsi\/wp-content\/uploads\/sites\/15\/2023\/04\/Wireless-1.jpg 1340w\" alt=\"\" class=\"image-cover\">\n                    <\/div>\n                                <div class=\"course-features__content\">\n                    <div class=\"course-features__topcut\"><\/div>\n                    <h4 class=\"course-features__heading\">\n                                                    <a href=\"https:\/\/www.iseg.ulisboa.pt\/dsi\/en\/eduroam-network\/\">Wireless network access<\/a>\n                                            <\/h4>\n                    <div class=\"course-features__text\">ISEG is connected to the Eduroam global network. Learn how to set up and join the network here.<\/div>\n                                            <a href=\"https:\/\/www.iseg.ulisboa.pt\/dsi\/en\/eduroam-network\/\"  class=\"link-learnmore\">Eduroam Network<\/a>\n                                    <\/div>\n            <\/div>\n\n        \n            <div class=\"course-features__item\">\n                                    <div class=\"course-features__image\">\n                        <img decoding=\"async\" src=\"https:\/\/www.iseg.ulisboa.pt\/dsi\/wp-content\/uploads\/sites\/15\/2023\/04\/Impressao.jpg\" loading=\"lazy\" sizes=\"(max-width: 479px) 86vw, (max-width: 767px) 82vw, (max-width: 991px) 41vw, 32vw\" srcset=\"https:\/\/www.iseg.ulisboa.pt\/dsi\/wp-content\/uploads\/sites\/15\/2023\/04\/Impressao.jpg 500w, https:\/\/www.iseg.ulisboa.pt\/dsi\/wp-content\/uploads\/sites\/15\/2023\/04\/Impressao.jpg 800w, https:\/\/www.iseg.ulisboa.pt\/dsi\/wp-content\/uploads\/sites\/15\/2023\/04\/Impressao.jpg 1080w, https:\/\/www.iseg.ulisboa.pt\/dsi\/wp-content\/uploads\/sites\/15\/2023\/04\/Impressao.jpg 1340w\" alt=\"\" class=\"image-cover\">\n                    <\/div>\n                                <div class=\"course-features__content\">\n                    <div class=\"course-features__topcut\"><\/div>\n                    <h4 class=\"course-features__heading\">\n                                                    <a href=\"https:\/\/www.iseg.ulisboa.pt\/dsi\/en\/services\/printing\/\">Printing Services<\/a>\n                                            <\/h4>\n                    <div class=\"course-features__text\">As a student, teacher, researcher or employee of ISEG you are entitled to an e-mail account, which can be translated into an Office365 account.<\/div>\n                                            <a href=\"https:\/\/www.iseg.ulisboa.pt\/dsi\/en\/services\/printing\/\"  class=\"link-learnmore\">Printing Services<\/a>\n                                    <\/div>\n            <\/div>\n\n        \n            <div class=\"course-features__item\">\n                                    <div class=\"course-features__image\">\n                        <img decoding=\"async\" src=\"https:\/\/www.iseg.ulisboa.pt\/dsi\/wp-content\/uploads\/sites\/15\/2023\/03\/heros-dsi.jpg\" loading=\"lazy\" sizes=\"(max-width: 479px) 86vw, (max-width: 767px) 82vw, (max-width: 991px) 41vw, 32vw\" srcset=\"https:\/\/www.iseg.ulisboa.pt\/dsi\/wp-content\/uploads\/sites\/15\/2023\/03\/heros-dsi.jpg 500w, https:\/\/www.iseg.ulisboa.pt\/dsi\/wp-content\/uploads\/sites\/15\/2023\/03\/heros-dsi.jpg 800w, https:\/\/www.iseg.ulisboa.pt\/dsi\/wp-content\/uploads\/sites\/15\/2023\/03\/heros-dsi.jpg 1080w, https:\/\/www.iseg.ulisboa.pt\/dsi\/wp-content\/uploads\/sites\/15\/2023\/03\/heros-dsi.jpg 1340w\" alt=\"\" class=\"image-cover\">\n                    <\/div>\n                                <div class=\"course-features__content\">\n                    <div class=\"course-features__topcut\"><\/div>\n                    <h4 class=\"course-features__heading\">\n                                                    <a href=\"https:\/\/www.iseg.ulisboa.pt\/dsi\/en\/information-systems\/\">Information systems<\/a>\n                                            <\/h4>\n                    <div class=\"course-features__text\">As a student, teacher, researcher or employee of ISEG you are entitled to an e-mail account, which can be translated into an Office365 account.<\/div>\n                                            <a href=\"https:\/\/www.iseg.ulisboa.pt\/dsi\/en\/information-systems\/\"  class=\"link-learnmore\">Information Systems<\/a>\n                                    <\/div>\n            <\/div>\n\n        \n            <div class=\"course-features__item\">\n                                <div class=\"course-features__content\">\n                    <div class=\"course-features__topcut\"><\/div>\n                    <h4 class=\"course-features__heading\">\n                                                    <a href=\"https:\/\/www.iseg.ulisboa.pt\/dsi\/en\/services\/classrooms-and-computer-rooms\/\">Classrooms and computer rooms<\/a>\n                                            <\/h4>\n                    <div class=\"course-features__text\">ISEG provides its students with access to computers in classrooms, computer rooms and the library, with access to software packages.<\/div>\n                                            <a href=\"https:\/\/www.iseg.ulisboa.pt\/dsi\/en\/services\/classrooms-and-computer-rooms\/\"  class=\"link-learnmore\">Classrooms and IT<\/a>\n                                    <\/div>\n            <\/div>\n\n        \n            <div class=\"course-features__item\">\n                                <div class=\"course-features__content\">\n                    <div class=\"course-features__topcut\"><\/div>\n                    <h4 class=\"course-features__heading\">\n                                                    Software and Other Resources Available to Students                                            <\/h4>\n                    <div class=\"course-features__text\">As a student, teacher, researcher or employee of ISEG you are entitled to an e-mail account, which can be translated into an Office365 account.<\/div>\n                                    <\/div>\n            <\/div>\n\n        \n            <div class=\"course-features__item\">\n                                <div class=\"course-features__content\">\n                    <div class=\"course-features__topcut\"><\/div>\n                    <h4 class=\"course-features__heading\">\n                                                    Software and Other Resources Available to Teaching and Non-Teaching Staff                                            <\/h4>\n                    <div class=\"course-features__text\">As a student, teacher, researcher or employee of ISEG you are entitled to an e-mail account, which can be translated into an Office365 account.<\/div>\n                                    <\/div>\n            <\/div>\n\n        \n            <div class=\"course-features__item\">\n                                <div class=\"course-features__content\">\n                    <div class=\"course-features__topcut\"><\/div>\n                    <h4 class=\"course-features__heading\">\n                                                    Other ULisboa resources                                            <\/h4>\n                    <div class=\"course-features__text\">As a student, teacher, researcher or employee of ISEG you are entitled to an e-mail account, which can be translated into an Office365 account.<\/div>\n                                    <\/div>\n            <\/div>\n\n                <\/div>\n        <\/div>\n<\/div>","protected":false},"excerpt":{"rendered":"The DSI provides various support services for different applications, information systems, connectivity and digital devices to ISEG teachers, researchers, staff and students, which should be requested through [...]","protected":false},"author":2,"featured_media":0,"parent":0,"menu_order":0,"comment_status":"closed","ping_status":"closed","template":"tpl-default-full-width.php","meta":{"inline_featured_image":false,"_uag_custom_page_level_css":"","footnotes":""},"acf":[],"uagb_featured_image_src":{"full":false,"thumbnail":false,"medium":false,"medium_large":false,"large":false,"1536x1536":false,"2048x2048":false,"trp-custom-language-flag":false},"uagb_author_info":{"display_name":"Major","author_link":"https:\/\/www.iseg.ulisboa.pt\/dsi\/en\/author\/leihla\/"},"uagb_comment_info":0,"uagb_excerpt":"A DSI disponibiliza v\u00e1rios servi\u00e7os de apoio \u00e0s diferentes aplica\u00e7\u00f5es, sistemas de informa\u00e7\u00e3o, conectividade e dispositivos digitais aos docentes, investigadores, funcion\u00e1rios e estudantes do ISEG, que devem ser solicitados atrav\u00e9s&nbsp;[...]","_links":{"self":[{"href":"https:\/\/www.iseg.ulisboa.pt\/dsi\/en\/wp-json\/wp\/v2\/pages\/10"}],"collection":[{"href":"https:\/\/www.iseg.ulisboa.pt\/dsi\/en\/wp-json\/wp\/v2\/pages"}],"about":[{"href":"https:\/\/www.iseg.ulisboa.pt\/dsi\/en\/wp-json\/wp\/v2\/types\/page"}],"author":[{"embeddable":true,"href":"https:\/\/www.iseg.ulisboa.pt\/dsi\/en\/wp-json\/wp\/v2\/users\/2"}],"replies":[{"embeddable":true,"href":"https:\/\/www.iseg.ulisboa.pt\/dsi\/en\/wp-json\/wp\/v2\/comments?post=10"}],"version-history":[{"count":28,"href":"https:\/\/www.iseg.ulisboa.pt\/dsi\/en\/wp-json\/wp\/v2\/pages\/10\/revisions"}],"predecessor-version":[{"id":256,"href":"https:\/\/www.iseg.ulisboa.pt\/dsi\/en\/wp-json\/wp\/v2\/pages\/10\/revisions\/256"}],"wp:attachment":[{"href":"https:\/\/www.iseg.ulisboa.pt\/dsi\/en\/wp-json\/wp\/v2\/media?parent=10"}],"curies":[{"name":"wp","href":"https:\/\/api.w.org\/{rel}","templated":true}]}}