{"id":12,"date":"2023-02-18T15:29:57","date_gmt":"2023-02-18T15:29:57","guid":{"rendered":"https:\/\/www.iseg.ulisboa.pt\/dsi\/?page_id=12"},"modified":"2023-04-16T00:13:29","modified_gmt":"2023-04-16T00:13:29","slug":"access-account","status":"publish","type":"page","link":"https:\/\/www.iseg.ulisboa.pt\/dsi\/en\/services\/access-account\/","title":{"rendered":"Access Account"},"content":{"rendered":"<p class=\"has-large-font-size\">As a student, teacher, researcher or employee of ISEG you are entitled to an account that will give you access to the ISEG IT System.<\/p>\n\n\n\n<p>This access is done through credentials (username and password) provided by the DSI, at the time of registration, in the case of students, or at the start of their duties, in other cases.<\/p>\n\n\n\n<p>When providing access credentials, the user is provided with the applicable regulations (e.g. <a href=\"https:\/\/www.iseg.ulisboa.pt\/dsi\/en\/aquila\/getFile.do\/?method=getFile&amp;fileId=866861&amp;_request_checksum_=e66af5586c9b32cfcdc339c501f910de7ab2542a\">Regulation Use of Computer Rooms<\/a>) which must be complied with, under penalty of immediate termination of access to all resources made available.<\/p>\n\n\n\n<p>Teachers, researchers and employees will be able to access the IT System in the equipment assigned in their offices or workplaces.<\/p>\n\n\n\n<p>This account allows access to the various services that make up ISEG&#039;s IT system:<\/p>\n\n\n\n<p><\/p>\n\n\n\n<ul>\n<li>M365 services (Email, Office, Teams and Onedrive (1.2))<\/li>\n\n\n\n<li><span style=\"color: initial\">Wireless network access (eduroam)<\/span><\/li>\n\n\n\n<li><span style=\"color: initial\">Printing services<\/span><\/li>\n\n\n\n<li>Classrooms and computer rooms<\/li>\n\n\n\n<li>Academic management systems (F\u00e9nix)<\/li>\n<\/ul>","protected":false},"excerpt":{"rendered":"As a student, teacher, researcher or employee of ISEG you are entitled to an account that will give you access to the ISEG IT System. This access is done through credentials (username [...]","protected":false},"author":2,"featured_media":0,"parent":10,"menu_order":0,"comment_status":"closed","ping_status":"closed","template":"","meta":{"inline_featured_image":false,"_uag_custom_page_level_css":"","footnotes":""},"acf":[],"uagb_featured_image_src":{"full":false,"thumbnail":false,"medium":false,"medium_large":false,"large":false,"1536x1536":false,"2048x2048":false,"trp-custom-language-flag":false},"uagb_author_info":{"display_name":"Major","author_link":"https:\/\/www.iseg.ulisboa.pt\/dsi\/en\/author\/leihla\/"},"uagb_comment_info":0,"uagb_excerpt":"Enquanto estudante, docente, investigador ou funcion\u00e1rio do ISEG tem direito a uma conta que lhe dar\u00e1 acesso ao Sistema Inform\u00e1tico do ISEG. Esse acesso, \u00e9 efetuado atrav\u00e9s de credenciais (username&nbsp;[...]","_links":{"self":[{"href":"https:\/\/www.iseg.ulisboa.pt\/dsi\/en\/wp-json\/wp\/v2\/pages\/12"}],"collection":[{"href":"https:\/\/www.iseg.ulisboa.pt\/dsi\/en\/wp-json\/wp\/v2\/pages"}],"about":[{"href":"https:\/\/www.iseg.ulisboa.pt\/dsi\/en\/wp-json\/wp\/v2\/types\/page"}],"author":[{"embeddable":true,"href":"https:\/\/www.iseg.ulisboa.pt\/dsi\/en\/wp-json\/wp\/v2\/users\/2"}],"replies":[{"embeddable":true,"href":"https:\/\/www.iseg.ulisboa.pt\/dsi\/en\/wp-json\/wp\/v2\/comments?post=12"}],"version-history":[{"count":3,"href":"https:\/\/www.iseg.ulisboa.pt\/dsi\/en\/wp-json\/wp\/v2\/pages\/12\/revisions"}],"predecessor-version":[{"id":151,"href":"https:\/\/www.iseg.ulisboa.pt\/dsi\/en\/wp-json\/wp\/v2\/pages\/12\/revisions\/151"}],"up":[{"embeddable":true,"href":"https:\/\/www.iseg.ulisboa.pt\/dsi\/en\/wp-json\/wp\/v2\/pages\/10"}],"wp:attachment":[{"href":"https:\/\/www.iseg.ulisboa.pt\/dsi\/en\/wp-json\/wp\/v2\/media?parent=12"}],"curies":[{"name":"wp","href":"https:\/\/api.w.org\/{rel}","templated":true}]}}