{"id":14,"date":"2023-02-18T15:36:16","date_gmt":"2023-02-18T15:36:16","guid":{"rendered":"https:\/\/www.iseg.ulisboa.pt\/dsi\/?page_id=14"},"modified":"2024-01-25T15:42:12","modified_gmt":"2024-01-25T15:42:12","slug":"eduroam-network","status":"publish","type":"page","link":"https:\/\/www.iseg.ulisboa.pt\/dsi\/en\/eduroam-network\/","title":{"rendered":"Eduroam Network"},"content":{"rendered":"<p class=\"has-large-font-size\">ISEG is connected to the global network <em>Eduroam<\/em>.<\/p>\n\n\n\n<p>The Eduroam (Education Roaming) network aims to provide the academic community with a mobility service between participating institutions. The eduroam network is currently available in 70 countries. For more information see <a rel=\"noreferrer noopener\" href=\"http:\/\/www.eduroam.pt\" target=\"_blank\">eduroam in Portugal<\/a> or <a rel=\"noreferrer noopener\" href=\"http:\/\/www.eduroam.org\" target=\"_blank\">eduroam International<\/a>.<\/p>\n\n\n\n<p>In most cases, the equipment automatically detects and configures ISEG's Eduroam wireless network. All you need to do is enter the username and password provided by your educational institution or participating institution:<\/p>\n\n\n\n<p><em><strong>username: lxxxxx@iseg.ulisboa.pt<\/strong><\/em><\/p>\n\n\n\n<p><em><strong>password: ************<\/strong><\/em><\/p>\n\n\n\n<p>Example of authentication for ISEG students.<\/p>\n\n\n\n<p>In all other cases, you can consult the configuration manuals in the <a href=\"https:\/\/www.iseg.ulisboa.pt\/dsi\/en\/documentation\/\">publications<\/a> this page.<\/p>\n\n\n\n<p>NOTE: You can also access the Eduroam wireless network via a sponsor (see the manual in the publications section - ISEG Guests).<\/p>","protected":false},"excerpt":{"rendered":"ISEG is connected to the global Eduroam network. The Eduroam (Education Roaming) network aims to provide the academic community with a mobility service between participating institutions. The network [...]","protected":false},"author":2,"featured_media":0,"parent":10,"menu_order":0,"comment_status":"closed","ping_status":"closed","template":"","meta":{"inline_featured_image":false,"_uag_custom_page_level_css":"","footnotes":""},"acf":[],"uagb_featured_image_src":{"full":false,"thumbnail":false,"medium":false,"medium_large":false,"large":false,"1536x1536":false,"2048x2048":false,"trp-custom-language-flag":false},"uagb_author_info":{"display_name":"Major","author_link":"https:\/\/www.iseg.ulisboa.pt\/dsi\/en\/author\/leihla\/"},"uagb_comment_info":0,"uagb_excerpt":"O ISEG encontra-se ligado \u00e0 rede mundial Eduroam. A rede Eduroam (Education Roaming) tem por objetivo disponibilizar \u00e0 comunidade acad\u00e9mica um servi\u00e7o de mobilidade, entre as institui\u00e7\u00f5es participantes. A rede&nbsp;[...]","_links":{"self":[{"href":"https:\/\/www.iseg.ulisboa.pt\/dsi\/en\/wp-json\/wp\/v2\/pages\/14"}],"collection":[{"href":"https:\/\/www.iseg.ulisboa.pt\/dsi\/en\/wp-json\/wp\/v2\/pages"}],"about":[{"href":"https:\/\/www.iseg.ulisboa.pt\/dsi\/en\/wp-json\/wp\/v2\/types\/page"}],"author":[{"embeddable":true,"href":"https:\/\/www.iseg.ulisboa.pt\/dsi\/en\/wp-json\/wp\/v2\/users\/2"}],"replies":[{"embeddable":true,"href":"https:\/\/www.iseg.ulisboa.pt\/dsi\/en\/wp-json\/wp\/v2\/comments?post=14"}],"version-history":[{"count":5,"href":"https:\/\/www.iseg.ulisboa.pt\/dsi\/en\/wp-json\/wp\/v2\/pages\/14\/revisions"}],"predecessor-version":[{"id":257,"href":"https:\/\/www.iseg.ulisboa.pt\/dsi\/en\/wp-json\/wp\/v2\/pages\/14\/revisions\/257"}],"up":[{"embeddable":true,"href":"https:\/\/www.iseg.ulisboa.pt\/dsi\/en\/wp-json\/wp\/v2\/pages\/10"}],"wp:attachment":[{"href":"https:\/\/www.iseg.ulisboa.pt\/dsi\/en\/wp-json\/wp\/v2\/media?parent=14"}],"curies":[{"name":"wp","href":"https:\/\/api.w.org\/{rel}","templated":true}]}}