{"id":160,"date":"2023-04-16T00:19:00","date_gmt":"2023-04-16T00:19:00","guid":{"rendered":"https:\/\/www.iseg.ulisboa.pt\/dsi\/?page_id=160"},"modified":"2024-02-20T16:15:08","modified_gmt":"2024-02-20T16:15:08","slug":"printing","status":"publish","type":"page","link":"https:\/\/www.iseg.ulisboa.pt\/dsi\/en\/services\/printing\/","title":{"rendered":"Printing Services"},"content":{"rendered":"<p><strong>The Printing System allows documents to be printed, photocopied and scanned on around 40 devices distributed throughout the campus.<\/strong><\/p>\n\n\n\n<p>Students only have access to the equipment available in the Computer Room and the Doctoral Room during their opening hours.<\/p>\n\n\n\n<p>In order to use the printers, you need to have an available balance, and students can top up their account with credit on the F\u00e9nix Portal.<\/p>\n\n\n\n<p>F\u00e9nix Login &gt; Personal &gt; Services &gt; Applications &gt; + Create &gt; Application type: Photocopies Card Charge<\/p>\n\n\n\n<p>Postgraduate, Master's and PhD students have an initial balance set at registration. At the end of this period, they must top up their accounts.<\/p>\n\n\n\n<p>The balance can be consulted on the equipment or on the <a href=\"https:\/\/172.16.1.36:9443\/end-user\/ui\">Printing System Portal<\/a>.<\/p>\n\n\n\n<p>Use of the equipment requires authentication with ISEG credentials or a card <em>contactless<\/em> previously associated (e.g. Student or Employee Card).<\/p>","protected":false},"excerpt":{"rendered":"The Printing System allows documents to be printed, photocopied and scanned on around 40 devices distributed around the campus. Students only have access to the equipment available in the [...]","protected":false},"author":5,"featured_media":0,"parent":10,"menu_order":0,"comment_status":"closed","ping_status":"closed","template":"","meta":{"inline_featured_image":false,"_uag_custom_page_level_css":"","footnotes":""},"acf":[],"uagb_featured_image_src":{"full":false,"thumbnail":false,"medium":false,"medium_large":false,"large":false,"1536x1536":false,"2048x2048":false,"trp-custom-language-flag":false},"uagb_author_info":{"display_name":"diogoalmeida","author_link":"https:\/\/www.iseg.ulisboa.pt\/dsi\/en\/author\/diogoalmeida\/"},"uagb_comment_info":0,"uagb_excerpt":"O Sistema de Impress\u00e3o permite a impress\u00e3o, fotoc\u00f3pia e digitaliza\u00e7\u00e3o de documentos em cerca de 40 equipamentos distribu\u00eddos pelo Campus. Os alunos apenas t\u00eam acesso aos equipamentos dispon\u00edveis na Sala&nbsp;[...]","_links":{"self":[{"href":"https:\/\/www.iseg.ulisboa.pt\/dsi\/en\/wp-json\/wp\/v2\/pages\/160"}],"collection":[{"href":"https:\/\/www.iseg.ulisboa.pt\/dsi\/en\/wp-json\/wp\/v2\/pages"}],"about":[{"href":"https:\/\/www.iseg.ulisboa.pt\/dsi\/en\/wp-json\/wp\/v2\/types\/page"}],"author":[{"embeddable":true,"href":"https:\/\/www.iseg.ulisboa.pt\/dsi\/en\/wp-json\/wp\/v2\/users\/5"}],"replies":[{"embeddable":true,"href":"https:\/\/www.iseg.ulisboa.pt\/dsi\/en\/wp-json\/wp\/v2\/comments?post=160"}],"version-history":[{"count":6,"href":"https:\/\/www.iseg.ulisboa.pt\/dsi\/en\/wp-json\/wp\/v2\/pages\/160\/revisions"}],"predecessor-version":[{"id":283,"href":"https:\/\/www.iseg.ulisboa.pt\/dsi\/en\/wp-json\/wp\/v2\/pages\/160\/revisions\/283"}],"up":[{"embeddable":true,"href":"https:\/\/www.iseg.ulisboa.pt\/dsi\/en\/wp-json\/wp\/v2\/pages\/10"}],"wp:attachment":[{"href":"https:\/\/www.iseg.ulisboa.pt\/dsi\/en\/wp-json\/wp\/v2\/media?parent=160"}],"curies":[{"name":"wp","href":"https:\/\/api.w.org\/{rel}","templated":true}]}}