{"id":181,"date":"2023-04-21T09:08:38","date_gmt":"2023-04-21T09:08:38","guid":{"rendered":"https:\/\/www.iseg.ulisboa.pt\/dsi\/?page_id=181"},"modified":"2024-01-25T15:49:31","modified_gmt":"2024-01-25T15:49:31","slug":"documentation","status":"publish","type":"page","link":"https:\/\/www.iseg.ulisboa.pt\/dsi\/en\/documentation\/","title":{"rendered":"Documentation"},"content":{"rendered":"<div class=\"wp-block-columns is-layout-flex wp-container-core-columns-is-layout-1 wp-block-columns-is-layout-flex\">\n<div class=\"wp-block-column is-layout-flow wp-block-column-is-layout-flow\">\n<p>In this section, detailed manuals are available for the different systems used at ISEG, including step-by-step instructions on how to use each one. <\/p>\n\n\n<div class=\"block-file-list\">\n\t<div class=\"container\">\n\t\t<div class=\"file-list\">\n\t\t\t<ul class=\"program-list\">\n                                    <li>\n                        <a target=\"_blank\" href=\"https:\/\/www.iseg.ulisboa.pt\/dsi\/wp-content\/uploads\/sites\/15\/2024\/01\/Eduroam-ISEG_PT.pdf\">\n                            <b>Eduroam Network Access Manual<\/b><div class=\"file_info\"> ( pdf, 457 KB ) <\/div>                        <\/a>\n                    <\/li>\n                                    <li>\n                        <a target=\"_blank\" href=\"https:\/\/www.iseg.ulisboa.pt\/dsi\/wp-content\/uploads\/sites\/15\/2024\/01\/Eduroam-ISEG_ENG.pdf\">\n                            <b>Eduroam_ENG Network Access Manual<\/b><div class=\"file_info\"> ( pdf, 449 KB ) <\/div>                        <\/a>\n                    <\/li>\n                                    <li>\n                        <a target=\"_blank\" href=\"https:\/\/www.iseg.ulisboa.pt\/dsi\/wp-content\/uploads\/sites\/15\/2024\/01\/Wi-Fi-ISEG-Guests_PT.pdf\">\n                            <b>ISEG Guests_EN Network Access Manual<\/b><div class=\"file_info\"> ( pdf, 349 KB ) <\/div>                        <\/a>\n                    <\/li>\n                                    <li>\n                        <a target=\"_blank\" href=\"https:\/\/www.iseg.ulisboa.pt\/dsi\/wp-content\/uploads\/sites\/15\/2024\/01\/Wi-Fi-ISEG-Guests_ENG.pdf\">\n                            <b>ISEG Guests_ENG Network Access Manual<\/b><div class=\"file_info\"> ( pdf, 317 KB ) <\/div>                        <\/a>\n                    <\/li>\n                                    <li>\n                        <a target=\"_blank\" href=\"https:\/\/www.iseg.ulisboa.pt\/dsi\/wp-content\/uploads\/sites\/15\/2024\/01\/Acesso-ISEG_Proxy_PT.pdf\">\n                            <b>Proxy_EN Access Manual<\/b><div class=\"file_info\"> ( pdf, 749 KB ) <\/div>                        <\/a>\n                    <\/li>\n                                    <li>\n                        <a target=\"_blank\" href=\"https:\/\/www.iseg.ulisboa.pt\/dsi\/wp-content\/uploads\/sites\/15\/2024\/01\/Acesso-ISEG_Proxy_ENG.pdf\">\n                            <b>Proxy_ENG Access Manual<\/b><div class=\"file_info\"> ( pdf, 405 KB ) <\/div>                        <\/a>\n                    <\/li>\n                            <\/ul>\n\t\t<\/div>\n\t<\/div>\n<\/div><\/div>\n<\/div>","protected":false},"excerpt":{"rendered":"In this section, detailed manuals are available for the different systems used at ISEG, including step-by-step instructions on how to use each one.","protected":false},"author":5,"featured_media":0,"parent":0,"menu_order":0,"comment_status":"closed","ping_status":"closed","template":"tpl-page-blocks.php","meta":{"inline_featured_image":false,"_uag_custom_page_level_css":"","footnotes":""},"acf":[],"uagb_featured_image_src":{"full":false,"thumbnail":false,"medium":false,"medium_large":false,"large":false,"1536x1536":false,"2048x2048":false,"trp-custom-language-flag":false},"uagb_author_info":{"display_name":"diogoalmeida","author_link":"https:\/\/www.iseg.ulisboa.pt\/dsi\/en\/author\/diogoalmeida\/"},"uagb_comment_info":0,"uagb_excerpt":"Nesta se\u00e7\u00e3o, est\u00e3o dispon\u00edveis manuais detalhados para os diferentes sistemas utilizados no ISEG, incluindo instru\u00e7\u00f5es passo a passo sobre como usar cada um deles.","_links":{"self":[{"href":"https:\/\/www.iseg.ulisboa.pt\/dsi\/en\/wp-json\/wp\/v2\/pages\/181"}],"collection":[{"href":"https:\/\/www.iseg.ulisboa.pt\/dsi\/en\/wp-json\/wp\/v2\/pages"}],"about":[{"href":"https:\/\/www.iseg.ulisboa.pt\/dsi\/en\/wp-json\/wp\/v2\/types\/page"}],"author":[{"embeddable":true,"href":"https:\/\/www.iseg.ulisboa.pt\/dsi\/en\/wp-json\/wp\/v2\/users\/5"}],"replies":[{"embeddable":true,"href":"https:\/\/www.iseg.ulisboa.pt\/dsi\/en\/wp-json\/wp\/v2\/comments?post=181"}],"version-history":[{"count":10,"href":"https:\/\/www.iseg.ulisboa.pt\/dsi\/en\/wp-json\/wp\/v2\/pages\/181\/revisions"}],"predecessor-version":[{"id":271,"href":"https:\/\/www.iseg.ulisboa.pt\/dsi\/en\/wp-json\/wp\/v2\/pages\/181\/revisions\/271"}],"wp:attachment":[{"href":"https:\/\/www.iseg.ulisboa.pt\/dsi\/en\/wp-json\/wp\/v2\/media?parent=181"}],"curies":[{"name":"wp","href":"https:\/\/api.w.org\/{rel}","templated":true}]}}