{"id":10,"date":"2023-02-18T15:29:32","date_gmt":"2023-02-18T15:29:32","guid":{"rendered":"https:\/\/www.iseg.ulisboa.pt\/dsi\/?page_id=10"},"modified":"2024-01-25T15:41:17","modified_gmt":"2024-01-25T15:41:17","slug":"servicos","status":"publish","type":"page","link":"https:\/\/www.iseg.ulisboa.pt\/dsi\/servicos\/","title":{"rendered":"Servi\u00e7os"},"content":{"rendered":"\n<p>A DSI disponibiliza v\u00e1rios servi\u00e7os de apoio \u00e0s diferentes aplica\u00e7\u00f5es, sistemas de informa\u00e7\u00e3o, conectividade e dispositivos digitais aos docentes, investigadores, funcion\u00e1rios e estudantes do ISEG, que devem ser solicitados atrav\u00e9s do Helpdesk DSI.<\/p>\n\n\n<div class=\"block-course-features\">\n    <div class=\"container\">\n                    <div class=\"course-features__grid\">\n        \n            <div class=\"course-features__item\">\n                                    <div class=\"course-features__image\">\n                        <img decoding=\"async\" src=\"https:\/\/www.iseg.ulisboa.pt\/dsi\/wp-content\/uploads\/sites\/15\/2023\/04\/Acessos.jpg\" loading=\"lazy\" sizes=\"(max-width: 479px) 86vw, (max-width: 767px) 82vw, (max-width: 991px) 41vw, 32vw\" srcset=\"https:\/\/www.iseg.ulisboa.pt\/dsi\/wp-content\/uploads\/sites\/15\/2023\/04\/Acessos.jpg 500w, https:\/\/www.iseg.ulisboa.pt\/dsi\/wp-content\/uploads\/sites\/15\/2023\/04\/Acessos.jpg 800w, https:\/\/www.iseg.ulisboa.pt\/dsi\/wp-content\/uploads\/sites\/15\/2023\/04\/Acessos.jpg 1080w, https:\/\/www.iseg.ulisboa.pt\/dsi\/wp-content\/uploads\/sites\/15\/2023\/04\/Acessos.jpg 1340w\" alt=\"\" class=\"image-cover\">\n                    <\/div>\n                                <div class=\"course-features__content\">\n                    <div class=\"course-features__topcut\"><\/div>\n                    <h4 class=\"course-features__heading\">\n                                                    <a href=\"https:\/\/www.iseg.ulisboa.pt\/dsi\/servicos\/conta-de-acesso\/\">Conta de Acesso<\/a>\n                                            <\/h4>\n                    <div class=\"course-features__text\">Enquanto aluno, docente, investigador ou funcion\u00e1rio do ISEG tem direito a uma conta que lhe dar\u00e1 acesso ao Sistema Inform\u00e1tico do ISEG.<\/div>\n                                            <a href=\"https:\/\/www.iseg.ulisboa.pt\/dsi\/servicos\/conta-de-acesso\/\"  class=\"link-learnmore\">Conta de Acesso<\/a>\n                                    <\/div>\n            <\/div>\n\n        \n            <div class=\"course-features__item\">\n                                    <div class=\"course-features__image\">\n                        <img decoding=\"async\" src=\"https:\/\/www.iseg.ulisboa.pt\/dsi\/wp-content\/uploads\/sites\/15\/2023\/04\/Microsoft.jpg\" loading=\"lazy\" sizes=\"(max-width: 479px) 86vw, (max-width: 767px) 82vw, (max-width: 991px) 41vw, 32vw\" srcset=\"https:\/\/www.iseg.ulisboa.pt\/dsi\/wp-content\/uploads\/sites\/15\/2023\/04\/Microsoft.jpg 500w, https:\/\/www.iseg.ulisboa.pt\/dsi\/wp-content\/uploads\/sites\/15\/2023\/04\/Microsoft.jpg 800w, https:\/\/www.iseg.ulisboa.pt\/dsi\/wp-content\/uploads\/sites\/15\/2023\/04\/Microsoft.jpg 1080w, https:\/\/www.iseg.ulisboa.pt\/dsi\/wp-content\/uploads\/sites\/15\/2023\/04\/Microsoft.jpg 1340w\" alt=\"\" class=\"image-cover\">\n                    <\/div>\n                                <div class=\"course-features__content\">\n                    <div class=\"course-features__topcut\"><\/div>\n                    <h4 class=\"course-features__heading\">\n                                                    <a href=\"https:\/\/www.iseg.ulisboa.pt\/dsi\/servicos\/m365\/\">Servi\u00e7os M365 (Email, Office, Teams e OneDrive)<\/a>\n                                            <\/h4>\n                    <div class=\"course-features__text\">Enquanto aluno, docente, investigador ou funcion\u00e1rio do ISEG tem direito a uma conta de Office365.<\/div>\n                                            <a href=\"https:\/\/www.iseg.ulisboa.pt\/dsi\/servicos\/m365\/\"  class=\"link-learnmore\">Email, Office365 e Armazenamento Cloud<\/a>\n                                    <\/div>\n            <\/div>\n\n        \n            <div class=\"course-features__item\">\n                                    <div class=\"course-features__image\">\n                        <img decoding=\"async\" src=\"https:\/\/www.iseg.ulisboa.pt\/dsi\/wp-content\/uploads\/sites\/15\/2023\/04\/Wireless-1.jpg\" loading=\"lazy\" sizes=\"(max-width: 479px) 86vw, (max-width: 767px) 82vw, (max-width: 991px) 41vw, 32vw\" srcset=\"https:\/\/www.iseg.ulisboa.pt\/dsi\/wp-content\/uploads\/sites\/15\/2023\/04\/Wireless-1.jpg 500w, https:\/\/www.iseg.ulisboa.pt\/dsi\/wp-content\/uploads\/sites\/15\/2023\/04\/Wireless-1.jpg 800w, https:\/\/www.iseg.ulisboa.pt\/dsi\/wp-content\/uploads\/sites\/15\/2023\/04\/Wireless-1.jpg 1080w, https:\/\/www.iseg.ulisboa.pt\/dsi\/wp-content\/uploads\/sites\/15\/2023\/04\/Wireless-1.jpg 1340w\" alt=\"\" class=\"image-cover\">\n                    <\/div>\n                                <div class=\"course-features__content\">\n                    <div class=\"course-features__topcut\"><\/div>\n                    <h4 class=\"course-features__heading\">\n                                                    <a href=\"https:\/\/www.iseg.ulisboa.pt\/dsi\/rede-eduroam\/\">Acesso \u00e0 Rede Wireless<\/a>\n                                            <\/h4>\n                    <div class=\"course-features__text\">O ISEG encontra-se ligado \u00e0 rede mundial Eduroam. Aprenda aqui a configurar e juntar-se \u00e0 rede.<\/div>\n                                            <a href=\"https:\/\/www.iseg.ulisboa.pt\/dsi\/rede-eduroam\/\"  class=\"link-learnmore\">Rede Eduroam<\/a>\n                                    <\/div>\n            <\/div>\n\n        \n            <div class=\"course-features__item\">\n                                    <div class=\"course-features__image\">\n                        <img decoding=\"async\" src=\"https:\/\/www.iseg.ulisboa.pt\/dsi\/wp-content\/uploads\/sites\/15\/2023\/04\/Impressao.jpg\" loading=\"lazy\" sizes=\"(max-width: 479px) 86vw, (max-width: 767px) 82vw, (max-width: 991px) 41vw, 32vw\" srcset=\"https:\/\/www.iseg.ulisboa.pt\/dsi\/wp-content\/uploads\/sites\/15\/2023\/04\/Impressao.jpg 500w, https:\/\/www.iseg.ulisboa.pt\/dsi\/wp-content\/uploads\/sites\/15\/2023\/04\/Impressao.jpg 800w, https:\/\/www.iseg.ulisboa.pt\/dsi\/wp-content\/uploads\/sites\/15\/2023\/04\/Impressao.jpg 1080w, https:\/\/www.iseg.ulisboa.pt\/dsi\/wp-content\/uploads\/sites\/15\/2023\/04\/Impressao.jpg 1340w\" alt=\"\" class=\"image-cover\">\n                    <\/div>\n                                <div class=\"course-features__content\">\n                    <div class=\"course-features__topcut\"><\/div>\n                    <h4 class=\"course-features__heading\">\n                                                    <a href=\"https:\/\/www.iseg.ulisboa.pt\/dsi\/servicos\/impressao\/\">Servi\u00e7os de Impress\u00e3o<\/a>\n                                            <\/h4>\n                    <div class=\"course-features__text\">Enquanto aluno, docente, investigador ou funcion\u00e1rio do ISEG tem direito a uma conta de correio electr\u00f3nico,\u00a0que se pode traduzir numa conta Office365.<\/div>\n                                            <a href=\"https:\/\/www.iseg.ulisboa.pt\/dsi\/servicos\/impressao\/\"  class=\"link-learnmore\">Servi\u00e7os de Impress\u00e3o<\/a>\n                                    <\/div>\n            <\/div>\n\n        \n            <div class=\"course-features__item\">\n                                    <div class=\"course-features__image\">\n                        <img decoding=\"async\" src=\"https:\/\/www.iseg.ulisboa.pt\/dsi\/wp-content\/uploads\/sites\/15\/2023\/03\/heros-dsi.jpg\" loading=\"lazy\" sizes=\"(max-width: 479px) 86vw, (max-width: 767px) 82vw, (max-width: 991px) 41vw, 32vw\" srcset=\"https:\/\/www.iseg.ulisboa.pt\/dsi\/wp-content\/uploads\/sites\/15\/2023\/03\/heros-dsi.jpg 500w, https:\/\/www.iseg.ulisboa.pt\/dsi\/wp-content\/uploads\/sites\/15\/2023\/03\/heros-dsi.jpg 800w, https:\/\/www.iseg.ulisboa.pt\/dsi\/wp-content\/uploads\/sites\/15\/2023\/03\/heros-dsi.jpg 1080w, https:\/\/www.iseg.ulisboa.pt\/dsi\/wp-content\/uploads\/sites\/15\/2023\/03\/heros-dsi.jpg 1340w\" alt=\"\" class=\"image-cover\">\n                    <\/div>\n                                <div class=\"course-features__content\">\n                    <div class=\"course-features__topcut\"><\/div>\n                    <h4 class=\"course-features__heading\">\n                                                    <a href=\"https:\/\/www.iseg.ulisboa.pt\/dsi\/sistemas-de-informacao\/\">Sistemas de informa\u00e7\u00e3o<\/a>\n                                            <\/h4>\n                    <div class=\"course-features__text\">Enquanto aluno, docente, investigador ou funcion\u00e1rio do ISEG tem direito a uma conta de correio electr\u00f3nico,\u00a0que se pode traduzir numa conta Office365.<\/div>\n                                            <a href=\"https:\/\/www.iseg.ulisboa.pt\/dsi\/sistemas-de-informacao\/\"  class=\"link-learnmore\">Sistemas de Informa\u00e7\u00e3o<\/a>\n                                    <\/div>\n            <\/div>\n\n        \n            <div class=\"course-features__item\">\n                                <div class=\"course-features__content\">\n                    <div class=\"course-features__topcut\"><\/div>\n                    <h4 class=\"course-features__heading\">\n                                                    <a href=\"https:\/\/www.iseg.ulisboa.pt\/dsi\/servicos\/salas-de-aula-e-de-informatica\/\">Salas de Aula e de Inform\u00e1tica<\/a>\n                                            <\/h4>\n                    <div class=\"course-features__text\">O ISEG disponibiliza aos seus alunos acesso aos computadores existentes nas salas de aula, salas de inform\u00e1tica e na biblioteca com a acesso a pacotes de software.<\/div>\n                                            <a href=\"https:\/\/www.iseg.ulisboa.pt\/dsi\/servicos\/salas-de-aula-e-de-informatica\/\"  class=\"link-learnmore\">Salas de aula e de Inform\u00e1tica<\/a>\n                                    <\/div>\n            <\/div>\n\n        \n            <div class=\"course-features__item\">\n                                <div class=\"course-features__content\">\n                    <div class=\"course-features__topcut\"><\/div>\n                    <h4 class=\"course-features__heading\">\n                                                    Software e Outros Recursos Disponibilizados para Alunos                                            <\/h4>\n                    <div class=\"course-features__text\">Enquanto aluno, docente, investigador ou funcion\u00e1rio do ISEG tem direito a uma conta de correio electr\u00f3nico,\u00a0que se pode traduzir numa conta Office365.<\/div>\n                                    <\/div>\n            <\/div>\n\n        \n            <div class=\"course-features__item\">\n                                <div class=\"course-features__content\">\n                    <div class=\"course-features__topcut\"><\/div>\n                    <h4 class=\"course-features__heading\">\n                                                    Software e Outros Recursos Disponibilizados para Funcion\u00e1rios Docentes e N\u00e3o Docentes                                            <\/h4>\n                    <div class=\"course-features__text\">Enquanto aluno, docente, investigador ou funcion\u00e1rio do ISEG tem direito a uma conta de correio electr\u00f3nico,\u00a0que se pode traduzir numa conta Office365.<\/div>\n                                    <\/div>\n            <\/div>\n\n        \n            <div class=\"course-features__item\">\n                                <div class=\"course-features__content\">\n                    <div class=\"course-features__topcut\"><\/div>\n                    <h4 class=\"course-features__heading\">\n                                                    Outros recursos ULisboa                                            <\/h4>\n                    <div class=\"course-features__text\">Enquanto aluno, docente, investigador ou funcion\u00e1rio do ISEG tem direito a uma conta de correio electr\u00f3nico,\u00a0que se pode traduzir numa conta Office365.<\/div>\n                                    <\/div>\n            <\/div>\n\n                <\/div>\n        <\/div>\n<\/div>","protected":false},"excerpt":{"rendered":"A DSI disponibiliza v\u00e1rios servi\u00e7os de apoio \u00e0s diferentes aplica\u00e7\u00f5es, sistemas de informa\u00e7\u00e3o, conectividade e dispositivos digitais aos docentes, investigadores, funcion\u00e1rios e estudantes do ISEG, que devem ser solicitados atrav\u00e9s&nbsp;[&#8230;]","protected":false},"author":2,"featured_media":0,"parent":0,"menu_order":0,"comment_status":"closed","ping_status":"closed","template":"tpl-default-full-width.php","meta":{"inline_featured_image":false,"_uag_custom_page_level_css":"","footnotes":""},"acf":[],"uagb_featured_image_src":{"full":false,"thumbnail":false,"medium":false,"medium_large":false,"large":false,"1536x1536":false,"2048x2048":false,"trp-custom-language-flag":false},"uagb_author_info":{"display_name":"Major","author_link":"https:\/\/www.iseg.ulisboa.pt\/dsi\/author\/leihla\/"},"uagb_comment_info":0,"uagb_excerpt":"A DSI disponibiliza v\u00e1rios servi\u00e7os de apoio \u00e0s diferentes aplica\u00e7\u00f5es, sistemas de informa\u00e7\u00e3o, conectividade e dispositivos digitais aos docentes, investigadores, funcion\u00e1rios e estudantes do ISEG, que devem ser solicitados atrav\u00e9s&nbsp;[...]","_links":{"self":[{"href":"https:\/\/www.iseg.ulisboa.pt\/dsi\/wp-json\/wp\/v2\/pages\/10"}],"collection":[{"href":"https:\/\/www.iseg.ulisboa.pt\/dsi\/wp-json\/wp\/v2\/pages"}],"about":[{"href":"https:\/\/www.iseg.ulisboa.pt\/dsi\/wp-json\/wp\/v2\/types\/page"}],"author":[{"embeddable":true,"href":"https:\/\/www.iseg.ulisboa.pt\/dsi\/wp-json\/wp\/v2\/users\/2"}],"replies":[{"embeddable":true,"href":"https:\/\/www.iseg.ulisboa.pt\/dsi\/wp-json\/wp\/v2\/comments?post=10"}],"version-history":[{"count":28,"href":"https:\/\/www.iseg.ulisboa.pt\/dsi\/wp-json\/wp\/v2\/pages\/10\/revisions"}],"predecessor-version":[{"id":256,"href":"https:\/\/www.iseg.ulisboa.pt\/dsi\/wp-json\/wp\/v2\/pages\/10\/revisions\/256"}],"wp:attachment":[{"href":"https:\/\/www.iseg.ulisboa.pt\/dsi\/wp-json\/wp\/v2\/media?parent=10"}],"curies":[{"name":"wp","href":"https:\/\/api.w.org\/{rel}","templated":true}]}}