{"id":155,"date":"2023-04-16T00:15:55","date_gmt":"2023-04-16T00:15:55","guid":{"rendered":"https:\/\/www.iseg.ulisboa.pt\/dsi\/?page_id=155"},"modified":"2024-01-25T15:49:08","modified_gmt":"2024-01-25T15:49:08","slug":"m365","status":"publish","type":"page","link":"https:\/\/www.iseg.ulisboa.pt\/dsi\/servicos\/m365\/","title":{"rendered":"Servi\u00e7os M365 (Email, Office, Teams e Onedrive)"},"content":{"rendered":"\n<p>Enquanto aluno, docente, investigador ou funcion\u00e1rio do ISEG tem direito a uma licen\u00e7a e conta Microsoft 365. Esta conta pode incluir o seguinte:<\/p>\n\n\n\n<ul>\n<li>Email (outlook online);<\/li>\n\n\n\n<li>OneDrive (espa\u00e7o em disco);<\/li>\n\n\n\n<li>Teams<\/li>\n\n\n\n<li>Office (instala\u00e7\u00e3o at\u00e9 5 equipamentos).<\/li>\n<\/ul>\n\n\n\n<p>Para outras contas de email, aceda ao Office365 <a rel=\"noreferrer noopener\" href=\"https:\/\/office.com\/\" target=\"_blank\">aqui<\/a>.<\/p>\n","protected":false},"excerpt":{"rendered":"Enquanto aluno, docente, investigador ou funcion\u00e1rio do ISEG tem direito a uma licen\u00e7a e conta Microsoft 365. Esta conta pode incluir o seguinte: Para outras contas de email, aceda ao&nbsp;[&#8230;]","protected":false},"author":5,"featured_media":0,"parent":10,"menu_order":0,"comment_status":"closed","ping_status":"closed","template":"","meta":{"inline_featured_image":false,"_uag_custom_page_level_css":"","footnotes":""},"acf":[],"uagb_featured_image_src":{"full":false,"thumbnail":false,"medium":false,"medium_large":false,"large":false,"1536x1536":false,"2048x2048":false,"trp-custom-language-flag":false},"uagb_author_info":{"display_name":"diogoalmeida","author_link":"https:\/\/www.iseg.ulisboa.pt\/dsi\/author\/diogoalmeida\/"},"uagb_comment_info":0,"uagb_excerpt":"Enquanto aluno, docente, investigador ou funcion\u00e1rio do ISEG tem direito a uma licen\u00e7a e conta Microsoft 365. Esta conta pode incluir o seguinte: Para outras contas de email, aceda ao&nbsp;[...]","_links":{"self":[{"href":"https:\/\/www.iseg.ulisboa.pt\/dsi\/wp-json\/wp\/v2\/pages\/155"}],"collection":[{"href":"https:\/\/www.iseg.ulisboa.pt\/dsi\/wp-json\/wp\/v2\/pages"}],"about":[{"href":"https:\/\/www.iseg.ulisboa.pt\/dsi\/wp-json\/wp\/v2\/types\/page"}],"author":[{"embeddable":true,"href":"https:\/\/www.iseg.ulisboa.pt\/dsi\/wp-json\/wp\/v2\/users\/5"}],"replies":[{"embeddable":true,"href":"https:\/\/www.iseg.ulisboa.pt\/dsi\/wp-json\/wp\/v2\/comments?post=155"}],"version-history":[{"count":4,"href":"https:\/\/www.iseg.ulisboa.pt\/dsi\/wp-json\/wp\/v2\/pages\/155\/revisions"}],"predecessor-version":[{"id":268,"href":"https:\/\/www.iseg.ulisboa.pt\/dsi\/wp-json\/wp\/v2\/pages\/155\/revisions\/268"}],"up":[{"embeddable":true,"href":"https:\/\/www.iseg.ulisboa.pt\/dsi\/wp-json\/wp\/v2\/pages\/10"}],"wp:attachment":[{"href":"https:\/\/www.iseg.ulisboa.pt\/dsi\/wp-json\/wp\/v2\/media?parent=155"}],"curies":[{"name":"wp","href":"https:\/\/api.w.org\/{rel}","templated":true}]}}