{"id":171,"date":"2023-04-16T00:40:01","date_gmt":"2023-04-16T00:40:01","guid":{"rendered":"https:\/\/www.iseg.ulisboa.pt\/dsi\/?page_id=171"},"modified":"2023-09-20T09:48:52","modified_gmt":"2023-09-20T09:48:52","slug":"sistemas-de-informacao","status":"publish","type":"page","link":"https:\/\/www.iseg.ulisboa.pt\/dsi\/sistemas-de-informacao\/","title":{"rendered":"Sistemas de Informa\u00e7\u00e3o"},"content":{"rendered":"<div class=\"block-course-features\">\n    <div class=\"container\">\n                    <div class=\"course-features__grid\">\n        \n            <div class=\"course-features__item\">\n                                <div class=\"course-features__content\">\n                    <div class=\"course-features__topcut\"><\/div>\n                    <h4 class=\"course-features__heading\">\n                                                    <a href=\"https:\/\/fenix.iseg.ulisboa.pt\/\">Gest\u00e3o Acad\u00e9mica (F\u00e9nix)<\/a>\n                                            <\/h4>\n                    <div class=\"course-features__text\">O F\u00e9nix \u00e9 o Sistema de Gest\u00e3o Acad\u00e9mica do ISEG, os alunos e docentes podem gerir os seus dados acad\u00e9micos e aceder a toda a informa\u00e7\u00e3o acad\u00e9mica.\r\n<\/div>\n                                            <a href=\"https:\/\/fenix.iseg.ulisboa.pt\/\"  class=\"link-learnmore\">Aceder ao F\u00e9nix<\/a>\n                                    <\/div>\n            <\/div>\n\n        \n            <div class=\"course-features__item\">\n                                <div class=\"course-features__content\">\n                    <div class=\"course-features__topcut\"><\/div>\n                    <h4 class=\"course-features__heading\">\n                                                    <a href=\"https:\/\/academ.iseg.ulisboa.pt\/\">Academ<\/a>\n                                            <\/h4>\n                    <div class=\"course-features__text\">Plataforma de publica\u00e7\u00e3o do corpo docente e de investiga\u00e7\u00e3o para processos de qualidade e acredita\u00e7\u00e3o.<\/div>\n                                            <a href=\"https:\/\/academ.iseg.ulisboa.pt\/\"  class=\"link-learnmore\">Aceder ao Academ<\/a>\n                                    <\/div>\n            <\/div>\n\n        \n            <div class=\"course-features__item\">\n                                <div class=\"course-features__content\">\n                    <div class=\"course-features__topcut\"><\/div>\n                    <h4 class=\"course-features__heading\">\n                                                    <a href=\"https:\/\/toni.iseg.ulisboa.pt\/\">Gest\u00e3o de Servi\u00e7o Docente (Toni)<\/a>\n                                            <\/h4>\n                    <div class=\"course-features__text\">Sistema de gest\u00e3o de servi\u00e7o docente desenvolvido pelo ISEG que permite a aloca\u00e7\u00e3o de horas letivas e unidades curriculares a todo o corpo docente da escola.<\/div>\n                                            <a href=\"https:\/\/toni.iseg.ulisboa.pt\/\"  class=\"link-learnmore\">Aceder ao Toni<\/a>\n                                    <\/div>\n            <\/div>\n\n        \n            <div class=\"course-features__item\">\n                                <div class=\"course-features__content\">\n                    <div class=\"course-features__topcut\"><\/div>\n                    <h4 class=\"course-features__heading\">\n                                                    <a href=\"https:\/\/jira.iseg.ulisboa.pt\/servicedesk\/customer\/portal\/3\/create\/19\">SAP<\/a>\n                                            <\/h4>\n                    <div class=\"course-features__text\">A gest\u00e3o dos recursos financeiros e de recursos humanos do ISEG \u00e9 realizado atrav\u00e9s do ERP SAP da ULisboa.<\/div>\n                                            <a href=\"https:\/\/jira.iseg.ulisboa.pt\/servicedesk\/customer\/portal\/3\/create\/19\"  class=\"link-learnmore\">Solicitar Acesso ao SAP<\/a>\n                                    <\/div>\n            <\/div>\n\n        \n            <div class=\"course-features__item\">\n                                <div class=\"course-features__content\">\n                    <div class=\"course-features__topcut\"><\/div>\n                    <h4 class=\"course-features__heading\">\n                                                    <a href=\"https:\/\/sap.ulisboa.pt\/\">Portal do Colaborador<\/a>\n                                            <\/h4>\n                    <div class=\"course-features__text\">A gest\u00e3o de assiduidade e f\u00e9rias dos colaboradores do ISEG pode ser realizada atrav\u00e9s do Portal do Colaborador.<\/div>\n                                            <a href=\"https:\/\/sap.ulisboa.pt\/\"  class=\"link-learnmore\">Acesso Portal do Colaborador<\/a>\n                                    <\/div>\n            <\/div>\n\n                <\/div>\n        <\/div>\n<\/div>","protected":false},"excerpt":{"rendered":"","protected":false},"author":5,"featured_media":0,"parent":0,"menu_order":0,"comment_status":"closed","ping_status":"closed","template":"tpl-default-full-width.php","meta":{"inline_featured_image":false,"_uag_custom_page_level_css":"","footnotes":""},"acf":[],"uagb_featured_image_src":{"full":false,"thumbnail":false,"medium":false,"medium_large":false,"large":false,"1536x1536":false,"2048x2048":false,"trp-custom-language-flag":false},"uagb_author_info":{"display_name":"diogoalmeida","author_link":"https:\/\/www.iseg.ulisboa.pt\/dsi\/author\/diogoalmeida\/"},"uagb_comment_info":0,"uagb_excerpt":null,"_links":{"self":[{"href":"https:\/\/www.iseg.ulisboa.pt\/dsi\/wp-json\/wp\/v2\/pages\/171"}],"collection":[{"href":"https:\/\/www.iseg.ulisboa.pt\/dsi\/wp-json\/wp\/v2\/pages"}],"about":[{"href":"https:\/\/www.iseg.ulisboa.pt\/dsi\/wp-json\/wp\/v2\/types\/page"}],"author":[{"embeddable":true,"href":"https:\/\/www.iseg.ulisboa.pt\/dsi\/wp-json\/wp\/v2\/users\/5"}],"replies":[{"embeddable":true,"href":"https:\/\/www.iseg.ulisboa.pt\/dsi\/wp-json\/wp\/v2\/comments?post=171"}],"version-history":[{"count":11,"href":"https:\/\/www.iseg.ulisboa.pt\/dsi\/wp-json\/wp\/v2\/pages\/171\/revisions"}],"predecessor-version":[{"id":247,"href":"https:\/\/www.iseg.ulisboa.pt\/dsi\/wp-json\/wp\/v2\/pages\/171\/revisions\/247"}],"wp:attachment":[{"href":"https:\/\/www.iseg.ulisboa.pt\/dsi\/wp-json\/wp\/v2\/media?parent=171"}],"curies":[{"name":"wp","href":"https:\/\/api.w.org\/{rel}","templated":true}]}}