{"id":3,"date":"2023-02-18T15:19:57","date_gmt":"2023-02-18T15:19:57","guid":{"rendered":"https:\/\/www.iseg.ulisboa.pt\/dsi\/?page_id=3"},"modified":"2025-09-18T10:51:41","modified_gmt":"2025-09-18T10:51:41","slug":"homepage","status":"publish","type":"page","link":"https:\/\/www.iseg.ulisboa.pt\/dsi\/","title":{"rendered":"Homepage"},"content":{"rendered":"\n<section class=\"block-hero-full-width course-hero wf-section\">\n        <div class=\"course-hero__name\">\n            <h1 class=\"course-hero__heading has-iseg-white-color\"><span class=\"course-hero__heading-span\">Dire\u00e7\u00e3o de Sistemas de Informa\u00e7\u00e3o<\/span><\/h1>\n    <\/div>\n            <div class=\"course-hero__backdrop has-iseg-dark-grey-background\"><\/div>\n    \n    <div class=\"course-hero__image\">\n    <img decoding=\"async\" src=\"https:\/\/www.iseg.ulisboa.pt\/dsi\/wp-content\/uploads\/sites\/15\/2023\/03\/card-students.jpg\" class=\"image-cover\" alt=\"\" srcset=\"https:\/\/www.iseg.ulisboa.pt\/dsi\/wp-content\/uploads\/sites\/15\/2023\/03\/card-students.jpg 1080w, https:\/\/www.iseg.ulisboa.pt\/dsi\/wp-content\/uploads\/sites\/15\/2023\/03\/card-students-300x225.jpg 300w, https:\/\/www.iseg.ulisboa.pt\/dsi\/wp-content\/uploads\/sites\/15\/2023\/03\/card-students-16x12.jpg 16w\" sizes=\"(max-width: 1080px) 100vw, 1080px\" \/>    <\/div>\n<\/section>\n\n<div class=\"block-course-features\">\n    <div class=\"container\">\n                    <div class=\"course-features__grid\">\n        \n            <div class=\"course-features__item\">\n                                <div class=\"course-features__content\">\n                    <div class=\"course-features__topcut\"><\/div>\n                    <h4 class=\"course-features__heading\">\n                                                    <a href=\"https:\/\/www.iseg.ulisboa.pt\/dsi\/servicos\/\">Servi\u00e7os Disponibilizados<\/a>\n                                            <\/h4>\n                    <div class=\"course-features__text\">A DSI disponibiliza v\u00e1rios servi\u00e7os aos alunos, docentes, investigadores e funcion\u00e1rios da Escola que podem ser solicitados atrav\u00e9s do Helpdesk DSI.<\/div>\n                                            <a href=\"https:\/\/www.iseg.ulisboa.pt\/dsi\/servicos\/\" target=\"_blank\" class=\"link-learnmore\">Servi\u00e7os<\/a>\n                                    <\/div>\n            <\/div>\n\n        \n            <div class=\"course-features__item\">\n                                <div class=\"course-features__content\">\n                    <div class=\"course-features__topcut\"><\/div>\n                    <h4 class=\"course-features__heading\">\n                                                    <a href=\"https:\/\/www.iseg.ulisboa.pt\/dsi\/documentacao\/\">Documenta\u00e7\u00e3o<\/a>\n                                            <\/h4>\n                    <div class=\"course-features__text\">Nesta se\u00e7\u00e3o, est\u00e3o dispon\u00edveis manuais detalhados para os diferentes sistemas utilizados no ISEG, incluindo instru\u00e7\u00f5es passo a passo sobre como usar cada um deles.<\/div>\n                                            <a href=\"https:\/\/www.iseg.ulisboa.pt\/dsi\/documentacao\/\" target=\"_blank\" class=\"link-learnmore\">Documenta\u00e7\u00e3o<\/a>\n                                    <\/div>\n            <\/div>\n\n        \n            <div class=\"course-features__item\">\n                                <div class=\"course-features__content\">\n                    <div class=\"course-features__topcut\"><\/div>\n                    <h4 class=\"course-features__heading\">\n                                                    <a href=\"https:\/\/jira.iseg.ulisboa.pt\/secure\/Dashboard.jspa\">Pedido de Suporte e Agendamento<\/a>\n                                            <\/h4>\n                    <div class=\"course-features__text\">Os agentes dos servi\u00e7os podem aceder ao sistema atrav\u00e9s dos seguintes link:<\/div>\n                                            <a href=\"https:\/\/jira.iseg.ulisboa.pt\/secure\/Dashboard.jspa\" target=\"_blank\" class=\"link-learnmore\">Helpdesk Agentes<\/a>\n                                    <\/div>\n            <\/div>\n\n                <\/div>\n        <\/div>\n<\/div>\n\n<div class=\"block-intro-text has-iseg-white-color has-iseg-blue-background\">\n\t<div class=\"intro-text\">A DSI presta servi\u00e7os aos alunos, docentes e funcion\u00e1rios do ISEG, no dom\u00ednio das tecnologias e sistemas de informa\u00e7\u00e3o, permitindo n\u00e3o apenas assegurar o seu regular funcionamento, como tamb\u00e9m apoiar a implementa\u00e7\u00e3o de novos projetos relacionados com o refor\u00e7o da componente digital dos seus cursos, servi\u00e7os e experi\u00eancia no campus. \u00c9 respons\u00e1vel pela gest\u00e3o dos meios de hardware, de software e de redes com o sentido de prestar um servi\u00e7o de qualidade.<\/div>\n\t<div class=\"intro-text-anim-left-layer\"><\/div>\n\t<div class=\"intro-text-anim-right-layer\"><\/div>\n<\/div>\n\n\n\n<div class=\"wp-block-columns is-layout-flex wp-container-core-columns-is-layout-1 wp-block-columns-is-layout-flex\">\n<div class=\"wp-block-column is-layout-flow wp-block-column-is-layout-flow\"><div class=\"block-contacts\">\n\t<div class=\"container\">\n\t\t<div class=\"block-header\">\n\t\t\t<h2 class=\"has-iseg-red-color\">Hor\u00e1rios de Funcionamento<\/h2>\n\t\t<\/div>\n\t\t<div class=\"block-contacts-list\">\n\t\t\t\n\t\t\t\t\t\t<div class=\"contact-card\">\n\t\t<div class=\"contact-card__title\">Dire\u00e7\u00e3o de Sistemas de Informa\u00e7\u00e3o<\/div>\n\t\t\t\t\t<a href=\"mailto:dsi@iseg.ulisboa.pt\">dsi@iseg.ulisboa.pt<\/a>\n\t\t\t\t\t\t\t\t\t\t\tDias \u00fateis: das 9h30 \u00e0s 13h00 e das 14h00 \u00e0s 17h00. <br \/>\r\nS\u00e1bados, Domingos e Feriados: encerrado.\t\t\t<\/div>\n\t\t\t\n\t\t\t\t\t\t<div class=\"contact-card\">\n\t\t<div class=\"contact-card__title\">Sala de Doutoramento<\/div>\n\t\t\t\t\t\t\t\t\t\t\tDias \u00fateis: das 7h45 \u00e0s 24h00.<br \/>\r\nS\u00e1bados: das 7h45 \u00e0s 14h00.<br \/>\r\nDomingos e Feriados: encerrado.\t\t\t<\/div>\n\t\t\t\n\t\t\t\t\t\t<div class=\"contact-card\">\n\t\t<div class=\"contact-card__title\">Sala de Inform\u00e1tica<\/div>\n\t\t\t\t\t\t\t<div>Tel: <a href=\"tel:213922828\" class=\"contact-card__phone\">213 922 828<\/a><\/div>\n\t\t\t\t\t\t\t\t\tDias \u00fateis: das 8h00 \u00e0s 23h00.<br \/>\r\nS\u00e1bados e Domingos: das 10h00 \u00e0s 18h00.<br \/>\r\nFeriados: encerrado.\t\t\t<\/div>\n\t\t\t\t\n\t\t<\/div>\n\t<\/div>\n<\/div>\n\n\n<section class=\"w-full mb-20\">\n    <div class=\"@container\">\n                    <h2 class=\"block-key-contacts__heading has-iseg-red-color\">Contatos<\/h2>\n                <div class=\"grid grid-cols-1 @4xl:grid-cols-4 @2xl:grid-cols-3 gap-4\">\n                            <div class=\"bg-neutral-50 py-4 px-4 font-medium text-black\">\n                    <img decoding=\"async\" src=\"https:\/\/www.iseg.ulisboa.pt\/dsi\/wp-content\/themes\/iseg\/assets\/images\/location.svg\" alt=\"Location\">\n                    <h3 class=\"mt-4 mb-2 font-bold !text-xl\">\n                        Address                    <\/h3>\n                    Rua Miguel Lupi, 20 R\/C<br \/>\r\n1249-078 Lisboa                <\/div>\n                                        <div class=\"bg-neutral-50 py-4 px-4 font-medium text-black\">\n                    <img decoding=\"async\" src=\"https:\/\/www.iseg.ulisboa.pt\/dsi\/wp-content\/themes\/iseg\/assets\/images\/email.svg\" alt=\"Email\">\n                    <h3 class=\"mt-4 mb-2 font-bold !text-xl\">\n                        Email                    <\/h3>\n                                            <a href=\"mailto:dsi@iseg.ulisboa.pt\" class=\"block break-all\">\n                            dsi@iseg.ulisboa.pt                        <\/a>\n                                    <\/div>\n                                        <div class=\"bg-neutral-50 py-4 px-4 font-medium text-black\">\n                    <img decoding=\"async\" src=\"https:\/\/www.iseg.ulisboa.pt\/dsi\/wp-content\/themes\/iseg\/assets\/images\/phone.svg\" alt=\"Phone\">\n                    <h3 class=\"mt-4 mb-2 font-bold !text-xl\">\n                        Telephone                    <\/h3>\n                                            <a href=\"telto:+351213925917\" class=\"block break-all\">+351213925917<\/a>\n                                    <\/div>\n                                        <div class=\"bg-neutral-50 py-4 px-4 font-medium text-black\">\n                    <img decoding=\"async\" src=\"https:\/\/www.iseg.ulisboa.pt\/dsi\/wp-content\/themes\/iseg\/assets\/images\/clock.svg\" alt=\"Clock\">\n                    <h3 class=\"mt-4 mb-2 font-bold !text-xl\">\n                        Opening Hours                    <\/h3>\n                    Dias \u00fateis: <br \/>\r\ndas 9h30 \u00e0s 13h00 <br \/>\r\ne das 14h00 \u00e0s 17h00<br \/>\r\n                <\/div>\n                    <\/div>\n    <\/div>\n<\/section><\/div>\n<\/div>\n\n\n\n<section class=\"block-team \">\n    <div class=\"container\">\n                    <h2 class=\"block-team__text \"><h2 class=\"has-iseg-red-color\">Meet the team<\/h2>\n<\/h2>\n                \n\t\t<div class=\"team-list js-lmc-container\" data-columns>\n\t\t\t\n                \t\t\t\t\n                <div class=\"faculty-list__item js-list-item\">\n                    <a href=\"https:\/\/www.iseg.ulisboa.pt\/professional_staff\/andre-kakoo-brioso\/\" class=\"faculty-item__photo \">\n                    <img decoding=\"async\" src=\"https:\/\/www.iseg.ulisboa.pt\/dsi\/wp-content\/uploads\/2023\/05\/akbrioso.jpg\" class=\"image-cover wp-post-image\" alt=\"\" srcset=\"https:\/\/www.iseg.ulisboa.pt\/dsi\/wp-content\/uploads\/2023\/05\/akbrioso.jpg 1080w, https:\/\/www.iseg.ulisboa.pt\/dsi\/wp-content\/uploads\/2023\/05\/akbrioso-300x300.jpg 300w, https:\/\/www.iseg.ulisboa.pt\/dsi\/wp-content\/uploads\/2023\/05\/akbrioso-150x150.jpg 150w, https:\/\/www.iseg.ulisboa.pt\/dsi\/wp-content\/uploads\/2023\/05\/akbrioso-12x12.jpg 12w\" sizes=\"(max-width: 1080px) 100vw, 1080px\" \/>                    <\/a>\n                    <a href=\"https:\/\/www.iseg.ulisboa.pt\/professional_staff\/andre-kakoo-brioso\/\" class=\"faculty-item__name \">Andr\u00e9 Kakoo Brioso<\/a>\n                    <div class=\"faculty-item__job\">Diretor de Servi\u00e7os<\/div>\n                                        <a class=\"faculty-item__email\" href=\"mailto:akbrioso@iseg.ulisboa.pt\">akbrioso@iseg.ulisboa.pt<\/a>\n                    <br>\n                                                        <\/div>\n\n\t\t\t\n                \t\t\t\t\n                <div class=\"faculty-list__item js-list-item\">\n                    <a href=\"https:\/\/www.iseg.ulisboa.pt\/professional_staff\/augusto-casal\/\" class=\"faculty-item__photo \">\n                    <img decoding=\"async\" src=\"https:\/\/www.iseg.ulisboa.pt\/dsi\/wp-content\/uploads\/2023\/05\/acasal.jpg\" class=\"image-cover wp-post-image\" alt=\"\" srcset=\"https:\/\/www.iseg.ulisboa.pt\/dsi\/wp-content\/uploads\/2023\/05\/acasal.jpg 1080w, https:\/\/www.iseg.ulisboa.pt\/dsi\/wp-content\/uploads\/2023\/05\/acasal-300x300.jpg 300w, https:\/\/www.iseg.ulisboa.pt\/dsi\/wp-content\/uploads\/2023\/05\/acasal-150x150.jpg 150w, https:\/\/www.iseg.ulisboa.pt\/dsi\/wp-content\/uploads\/2023\/05\/acasal-12x12.jpg 12w\" sizes=\"(max-width: 1080px) 100vw, 1080px\" \/>                    <\/a>\n                    <a href=\"https:\/\/www.iseg.ulisboa.pt\/professional_staff\/augusto-casal\/\" class=\"faculty-item__name \">Augusto Casal<\/a>\n                    <div class=\"faculty-item__job\">Coordenador<\/div>\n                                        <a class=\"faculty-item__email\" href=\"mailto:acasal@iseg.ulisboa.pt\">acasal@iseg.ulisboa.pt<\/a>\n                    <br>\n                                                        <\/div>\n\n\t\t\t\n                \t\t\t\t\n                <div class=\"faculty-list__item js-list-item\">\n                    <a href=\"\" class=\"faculty-item__photo disabled-link\">\n                    <img decoding=\"async\" src=\"https:\/\/www.iseg.ulisboa.pt\/dsi\/wp-content\/uploads\/2021\/02\/faculty-default.png\" class=\"image-cover\">                    <\/a>\n                    <a href=\"\" class=\"faculty-item__name disabled-link\"><\/a>\n                    <div class=\"faculty-item__job\"><\/div>\n                                                        <\/div>\n\n\t\t\t\n                \t\t\t\t\n                <div class=\"faculty-list__item js-list-item\">\n                    <a href=\"https:\/\/www.iseg.ulisboa.pt\/professional_staff\/fernando-apolinario\/\" class=\"faculty-item__photo \">\n                    <img decoding=\"async\" src=\"https:\/\/www.iseg.ulisboa.pt\/dsi\/wp-content\/uploads\/2021\/02\/faculty-default.png\" class=\"image-cover\">                    <\/a>\n                    <a href=\"https:\/\/www.iseg.ulisboa.pt\/professional_staff\/fernando-apolinario\/\" class=\"faculty-item__name \">Fernando Apolin\u00e1rio<\/a>\n                    <div class=\"faculty-item__job\">T\u00e9cnico de Inform\u00e1tica<\/div>\n                                        <a class=\"faculty-item__email\" href=\"mailto:ffjva@iseg.ulisboa.pt\">ffjva@iseg.ulisboa.pt<\/a>\n                    <br>\n                                                        <\/div>\n\n\t\t\t\n                \t\t\t\t\n                <div class=\"faculty-list__item js-list-item\">\n                    <a href=\"https:\/\/www.iseg.ulisboa.pt\/professional_staff\/jose-dias\/\" class=\"faculty-item__photo \">\n                    <img decoding=\"async\" src=\"https:\/\/www.iseg.ulisboa.pt\/dsi\/wp-content\/uploads\/Jose-Dias.jpg\" class=\"image-cover wp-post-image\" alt=\"\" srcset=\"https:\/\/www.iseg.ulisboa.pt\/dsi\/wp-content\/uploads\/Jose-Dias.jpg 1080w, https:\/\/www.iseg.ulisboa.pt\/dsi\/wp-content\/uploads\/Jose-Dias-300x300.jpg 300w, https:\/\/www.iseg.ulisboa.pt\/dsi\/wp-content\/uploads\/Jose-Dias-150x150.jpg 150w, https:\/\/www.iseg.ulisboa.pt\/dsi\/wp-content\/uploads\/Jose-Dias-12x12.jpg 12w\" sizes=\"(max-width: 1080px) 100vw, 1080px\" \/>                    <\/a>\n                    <a href=\"https:\/\/www.iseg.ulisboa.pt\/professional_staff\/jose-dias\/\" class=\"faculty-item__name \">Jos\u00e9 Dias<\/a>\n                    <div class=\"faculty-item__job\">Especialista de Inform\u00e1tica<\/div>\n                                        <a class=\"faculty-item__email\" href=\"mailto:qdias@iseg.ulisboa.pt\">qdias@iseg.ulisboa.pt<\/a>\n                    <br>\n                                                        <\/div>\n\n\t\t\t\n                \t\t\t\t\n                <div class=\"faculty-list__item js-list-item\">\n                    <a href=\"https:\/\/www.iseg.ulisboa.pt\/professional_staff\/joao-salgueiro\/\" class=\"faculty-item__photo \">\n                    <img decoding=\"async\" src=\"https:\/\/www.iseg.ulisboa.pt\/dsi\/wp-content\/uploads\/2023\/05\/joaos.jpg\" class=\"image-cover wp-post-image\" alt=\"\" srcset=\"https:\/\/www.iseg.ulisboa.pt\/dsi\/wp-content\/uploads\/2023\/05\/joaos.jpg 1080w, https:\/\/www.iseg.ulisboa.pt\/dsi\/wp-content\/uploads\/2023\/05\/joaos-300x300.jpg 300w, https:\/\/www.iseg.ulisboa.pt\/dsi\/wp-content\/uploads\/2023\/05\/joaos-150x150.jpg 150w, https:\/\/www.iseg.ulisboa.pt\/dsi\/wp-content\/uploads\/2023\/05\/joaos-12x12.jpg 12w\" sizes=\"(max-width: 1080px) 100vw, 1080px\" \/>                    <\/a>\n                    <a href=\"https:\/\/www.iseg.ulisboa.pt\/professional_staff\/joao-salgueiro\/\" class=\"faculty-item__name \">Jo\u00e3o Salgueiro<\/a>\n                    <div class=\"faculty-item__job\">Especialista de Inform\u00e1tica<\/div>\n                                        <a class=\"faculty-item__email\" href=\"mailto:joaos@iseg.ulisboa.pt\">joaos@iseg.ulisboa.pt<\/a>\n                    <br>\n                                                        <\/div>\n\n\t\t\t\n                \t\t\t\t\n                <div class=\"faculty-list__item js-list-item\">\n                    <a href=\"https:\/\/www.iseg.ulisboa.pt\/professional_staff\/marco-oliveira\/\" class=\"faculty-item__photo \">\n                    <img decoding=\"async\" src=\"https:\/\/www.iseg.ulisboa.pt\/dsi\/wp-content\/uploads\/Marco-Oliveira-1.jpg\" class=\"image-cover wp-post-image\" alt=\"\" srcset=\"https:\/\/www.iseg.ulisboa.pt\/dsi\/wp-content\/uploads\/Marco-Oliveira-1.jpg 1080w, https:\/\/www.iseg.ulisboa.pt\/dsi\/wp-content\/uploads\/Marco-Oliveira-1-300x300.jpg 300w, https:\/\/www.iseg.ulisboa.pt\/dsi\/wp-content\/uploads\/Marco-Oliveira-1-150x150.jpg 150w, https:\/\/www.iseg.ulisboa.pt\/dsi\/wp-content\/uploads\/Marco-Oliveira-1-12x12.jpg 12w\" sizes=\"(max-width: 1080px) 100vw, 1080px\" \/>                    <\/a>\n                    <a href=\"https:\/\/www.iseg.ulisboa.pt\/professional_staff\/marco-oliveira\/\" class=\"faculty-item__name \">Marco Oliveira<\/a>\n                    <div class=\"faculty-item__job\">T\u00e9cnico de Inform\u00e1tica<\/div>\n                                        <a class=\"faculty-item__email\" href=\"mailto:marco.oliveira@iseg.ulisboa.pt\">marco.oliveira@iseg.ulisboa.pt<\/a>\n                    <br>\n                                                        <\/div>\n\n\t\t\t\n                \t\t\t\t\n                <div class=\"faculty-list__item js-list-item\">\n                    <a href=\"https:\/\/www.iseg.ulisboa.pt\/professional_staff\/ulisses-santo\/\" class=\"faculty-item__photo \">\n                    <img decoding=\"async\" src=\"https:\/\/www.iseg.ulisboa.pt\/dsi\/wp-content\/uploads\/2021\/02\/faculty-default.png\" class=\"image-cover\">                    <\/a>\n                    <a href=\"https:\/\/www.iseg.ulisboa.pt\/professional_staff\/ulisses-santo\/\" class=\"faculty-item__name \">Ulisses Santo<\/a>\n                    <div class=\"faculty-item__job\">T\u00e9cnico de Inform\u00e1tica<\/div>\n                                        <a class=\"faculty-item__email\" href=\"mailto:ulisses.santo@iseg.ulisboa.pt\">ulisses.santo@iseg.ulisboa.pt<\/a>\n                    <br>\n                                                        <\/div>\n\n\t\t\t\t\t<\/div>\n    <\/div>\n<\/section>","protected":false},"excerpt":{"rendered":"","protected":false},"author":2,"featured_media":0,"parent":0,"menu_order":0,"comment_status":"closed","ping_status":"closed","template":"tpl-page-blocks.php","meta":{"inline_featured_image":false,"_uag_custom_page_level_css":"","footnotes":""},"acf":[],"uagb_featured_image_src":{"full":false,"thumbnail":false,"medium":false,"medium_large":false,"large":false,"1536x1536":false,"2048x2048":false,"trp-custom-language-flag":false},"uagb_author_info":{"display_name":"Major","author_link":"https:\/\/www.iseg.ulisboa.pt\/dsi\/author\/leihla\/"},"uagb_comment_info":0,"uagb_excerpt":null,"_links":{"self":[{"href":"https:\/\/www.iseg.ulisboa.pt\/dsi\/wp-json\/wp\/v2\/pages\/3"}],"collection":[{"href":"https:\/\/www.iseg.ulisboa.pt\/dsi\/wp-json\/wp\/v2\/pages"}],"about":[{"href":"https:\/\/www.iseg.ulisboa.pt\/dsi\/wp-json\/wp\/v2\/types\/page"}],"author":[{"embeddable":true,"href":"https:\/\/www.iseg.ulisboa.pt\/dsi\/wp-json\/wp\/v2\/users\/2"}],"replies":[{"embeddable":true,"href":"https:\/\/www.iseg.ulisboa.pt\/dsi\/wp-json\/wp\/v2\/comments?post=3"}],"version-history":[{"count":55,"href":"https:\/\/www.iseg.ulisboa.pt\/dsi\/wp-json\/wp\/v2\/pages\/3\/revisions"}],"predecessor-version":[{"id":293,"href":"https:\/\/www.iseg.ulisboa.pt\/dsi\/wp-json\/wp\/v2\/pages\/3\/revisions\/293"}],"wp:attachment":[{"href":"https:\/\/www.iseg.ulisboa.pt\/dsi\/wp-json\/wp\/v2\/media?parent=3"}],"curies":[{"name":"wp","href":"https:\/\/api.w.org\/{rel}","templated":true}]}}