{"id":1215,"date":"2021-01-14T15:47:16","date_gmt":"2021-01-14T15:47:16","guid":{"rendered":"https:\/\/iseg.gomo.dev\/?page_id=1215"},"modified":"2025-06-03T10:46:03","modified_gmt":"2025-06-03T10:46:03","slug":"student-services","status":"publish","type":"page","link":"https:\/\/www.iseg.ulisboa.pt\/en\/to-study-2\/student-services\/","title":{"rendered":"Student Services"},"content":{"rendered":"<h2 class=\"wp-block-heading\" id=\"servicos-academicos\"><strong>Academic Services<\/strong><\/h2>\n\n\n\n<p>The Academic Services are responsible for the administrative management of students' academic affairs. They are organized into 3 departments: Undergraduate Degrees (SECLIC); Master's Degrees and Doctorates (SMD) and IMO - International Mobility Office, for students on international mobility. The quickest way to get information about your academic situation, including payment of fees, is the student portal on FENIX.<\/p>\n\n\n\n<p>For other matters, you can contact us preferably by e-mail at our institutional address, in person or by telephone during office hours.<\/p>\n\n\n\n<p><a href=\"https:\/\/www.iseg.ulisboa.pt\/en\/secretaria\/\"><strong>Academic Services website<\/strong><\/a><\/p>\n\n\n\n<hr class=\"wp-block-separator has-css-opacity\"\/>\n\n\n\n<h2 class=\"wp-block-heading\"><strong>IT Services<\/strong><\/h2>\n\n\n\n<p>The IT Division (DSI) provides a service to students, faculty and employees for all matters regarding technology and information systems, and is responsible for the management of all hardware, software, and networks. The IT Helpdesk is the first point of contact for all questions and support concerning the platforms and IT services that are available to students on campus.<\/p>\n\n\n\n<ul>\n<li><strong>Fenix<\/strong> - where you can consult not only your academic journey, but also all material made available by faculty for each discipline;<\/li>\n\n\n\n<li><strong>Outlook<\/strong> \u2013 for receiving and sending Schoo  emails and for the receipt of newsletters and important information from the various ISEG services;<\/li>\n\n\n\n<li><strong>Office 365<\/strong> \u2013 where it is possible to access all Microsoft applications on a single platform, from PowerPoint, Word, Outlook or Excel;<\/li>\n\n\n\n<li><strong>Microsoft Teams<\/strong> \u2013 a platform where you can attend lectures online.<\/li>\n<\/ul>\n\n\n\n<p>IT helpdesk support is provided remotely. For in-person assistance, you will need to book an appointment.<\/p>\n\n\n\n<p><strong><a href=\"https:\/\/www.iseg.ulisboa.pt\/en\/dsi\/\" target=\"_blank\" rel=\"noreferrer noopener\">IT Helpdesk<\/a><\/strong><\/p>\n\n\n\n<hr class=\"wp-block-separator has-css-opacity\"\/>\n\n\n\n<h2 class=\"wp-block-heading\" id=\"biblioteca\"><strong>Francisco Pereira de Moura Library<\/strong><\/h2>\n\n\n\n<p>The Francisco Pereira de Moura Library is housed in a five-story building with spacious reading and study rooms, and the largest collection of works on economic and business sciences in Portugal. Students have access to several bibliographic databases, with up-to-date statistical information, where they can consult the most diverse case studies, free of charge, during extended hours.<\/p>\n\n\n\n<p><a href=\"https:\/\/www.iseg.ulisboa.pt\/en\/library\/\" target=\"_blank\" rel=\"noreferrer noopener\">Francisco Pereira de Moura Library<\/a><\/p>\n\n\n\n<hr class=\"wp-block-separator has-css-opacity\"\/>\n\n\n\n<h2 class=\"wp-block-heading\"><strong>Student Ombudsman<\/strong><\/h2>\n\n\n\n<p>The Student Ombudsman, whose function is to defend and promote the rights and interests of students in the various aspects of the academy \u2013 administrative, scientific and pedagogical.<\/p>\n\n\n\n<p><a href=\"https:\/\/www.iseg.ulisboa.pt\/en\/to-study-2\/student-services\/student-ombudsman\/\" data-type=\"page\" data-id=\"37275\" target=\"_blank\" rel=\"noreferrer noopener\">Student Ombudsman<\/a><\/p>\n\n\n\n<hr class=\"wp-block-separator has-css-opacity\"\/>\n\n\n\n<h2 class=\"wp-block-heading\"><strong>Student Support Office<\/strong><\/h2>\n\n\n\n<p>The Student Support Office intends to identify the difficulties associated with the academic integration process so that students can adapt successfully, that is, promoting their academic success, development and well-being.<\/p>\n\n\n\n<p><strong><a href=\"https:\/\/www.iseg.ulisboa.pt\/en\/to-study-2\/student-services\/student-support-office\/\" data-type=\"page\" data-id=\"36378\">Student Support Office<\/a><\/strong><\/p>","protected":false},"excerpt":{"rendered":"Academic Services Academic Services is responsible for the administrative management of students' academic affairs. They are organized into 3 departments: Bachelor's Degrees (SECLIC); Master's Degrees and Doctorates (SMD) and IMO - International [...]","protected":false},"author":2,"featured_media":0,"parent":212,"menu_order":5,"comment_status":"closed","ping_status":"closed","template":"","meta":{"inline_featured_image":false,"_uag_custom_page_level_css":"","footnotes":""},"acf":[],"yoast_head":"<!-- This site is optimized with the Yoast SEO plugin v22.6 - https:\/\/yoast.com\/wordpress\/plugins\/seo\/ -->\n<title>Servi\u00e7os para Estudantes - ISEG<\/title>\n<meta name=\"robots\" content=\"index, follow, max-snippet:-1, max-image-preview:large, max-video-preview:-1\" \/>\n<link rel=\"canonical\" href=\"https:\/\/www.iseg.ulisboa.pt\/en\/to-study-2\/student-services\/\" \/>\n<meta name=\"twitter:label1\" content=\"Est. reading time\" \/>\n\t<meta name=\"twitter:data1\" content=\"3 minutes\" \/>\n<script type=\"application\/ld+json\" class=\"yoast-schema-graph\">{\"@context\":\"https:\/\/schema.org\",\"@graph\":[{\"@type\":\"WebPage\",\"@id\":\"https:\/\/www.iseg.ulisboa.pt\/en\/to-study-2\/student-services\/\",\"url\":\"https:\/\/www.iseg.ulisboa.pt\/en\/to-study-2\/student-services\/\",\"name\":\"Servi\u00e7os para Estudantes - ISEG\",\"isPartOf\":{\"@id\":\"https:\/\/www.iseg.ulisboa.pt\/en\/#website\"},\"datePublished\":\"2021-01-14T15:47:16+00:00\",\"dateModified\":\"2025-06-03T10:46:03+00:00\",\"breadcrumb\":{\"@id\":\"https:\/\/www.iseg.ulisboa.pt\/en\/to-study-2\/student-services\/#breadcrumb\"},\"inLanguage\":\"en-US\",\"potentialAction\":[{\"@type\":\"ReadAction\",\"target\":[\"https:\/\/www.iseg.ulisboa.pt\/en\/to-study-2\/student-services\/\"]}]},{\"@type\":\"BreadcrumbList\",\"@id\":\"https:\/\/www.iseg.ulisboa.pt\/en\/to-study-2\/student-services\/#breadcrumb\",\"itemListElement\":[{\"@type\":\"ListItem\",\"position\":1,\"name\":\"Home\",\"item\":\"https:\/\/www.iseg.ulisboa.pt\/\"},{\"@type\":\"ListItem\",\"position\":2,\"name\":\"Estudar\",\"item\":\"https:\/\/www.iseg.ulisboa.pt\/estudar\/\"},{\"@type\":\"ListItem\",\"position\":3,\"name\":\"Servi\u00e7os para Estudantes\"}]},{\"@type\":\"WebSite\",\"@id\":\"https:\/\/www.iseg.ulisboa.pt\/en\/#website\",\"url\":\"https:\/\/www.iseg.ulisboa.pt\/en\/\",\"name\":\"ISEG\",\"description\":\"Lisbon School of Economics &amp; Management\",\"publisher\":{\"@id\":\"https:\/\/www.iseg.ulisboa.pt\/en\/#organization\"},\"potentialAction\":[{\"@type\":\"SearchAction\",\"target\":{\"@type\":\"EntryPoint\",\"urlTemplate\":\"https:\/\/www.iseg.ulisboa.pt\/en\/?s={search_term_string}\"},\"query-input\":\"required name=search_term_string\"}],\"inLanguage\":\"en-US\"},{\"@type\":\"Organization\",\"@id\":\"https:\/\/www.iseg.ulisboa.pt\/en\/#organization\",\"name\":\"ISEG\",\"url\":\"https:\/\/www.iseg.ulisboa.pt\/en\/\",\"logo\":{\"@type\":\"ImageObject\",\"inLanguage\":\"en-US\",\"@id\":\"https:\/\/www.iseg.ulisboa.pt\/en\/#\/schema\/logo\/image\/\",\"url\":\"https:\/\/www.iseg.ulisboa.pt\/wp-content\/uploads\/2021\/02\/iseg-logo-ul.svg\",\"contentUrl\":\"https:\/\/www.iseg.ulisboa.pt\/wp-content\/uploads\/2021\/02\/iseg-logo-ul.svg\",\"width\":250,\"height\":120,\"caption\":\"ISEG\"},\"image\":{\"@id\":\"https:\/\/www.iseg.ulisboa.pt\/en\/#\/schema\/logo\/image\/\"},\"sameAs\":[\"https:\/\/www.facebook.com\/iseg.pt\",\"https:\/\/x.com\/iseglisbon\",\"https:\/\/www.instagram.com\/iseglisbon\/\",\"https:\/\/www.linkedin.com\/school\/iseglisbon\/\",\"https:\/\/www.youtube.com\/user\/DMREISEG\"]}]}<\/script>\n<!-- \/ Yoast SEO plugin. -->","yoast_head_json":{"title":"Student Services - ISEG","robots":{"index":"index","follow":"follow","max-snippet":"max-snippet:-1","max-image-preview":"max-image-preview:large","max-video-preview":"max-video-preview:-1"},"canonical":"https:\/\/www.iseg.ulisboa.pt\/en\/to-study-2\/student-services\/","twitter_misc":{"Est. reading time":"3 minutes"},"schema":{"@context":"https:\/\/schema.org","@graph":[{"@type":"WebPage","@id":"https:\/\/www.iseg.ulisboa.pt\/en\/to-study-2\/student-services\/","url":"https:\/\/www.iseg.ulisboa.pt\/en\/to-study-2\/student-services\/","name":"Student Services - ISEG","isPartOf":{"@id":"https:\/\/www.iseg.ulisboa.pt\/en\/#website"},"datePublished":"2021-01-14T15:47:16+00:00","dateModified":"2025-06-03T10:46:03+00:00","breadcrumb":{"@id":"https:\/\/www.iseg.ulisboa.pt\/en\/to-study-2\/student-services\/#breadcrumb"},"inLanguage":"en-US","potentialAction":[{"@type":"ReadAction","target":["https:\/\/www.iseg.ulisboa.pt\/en\/to-study-2\/student-services\/"]}]},{"@type":"BreadcrumbList","@id":"https:\/\/www.iseg.ulisboa.pt\/en\/to-study-2\/student-services\/#breadcrumb","itemListElement":[{"@type":"ListItem","position":1,"name":"Home","item":"https:\/\/www.iseg.ulisboa.pt\/"},{"@type":"ListItem","position":2,"name":"Estudar","item":"https:\/\/www.iseg.ulisboa.pt\/estudar\/"},{"@type":"ListItem","position":3,"name":"Servi\u00e7os para Estudantes"}]},{"@type":"WebSite","@id":"https:\/\/www.iseg.ulisboa.pt\/en\/#website","url":"https:\/\/www.iseg.ulisboa.pt\/en\/","name":"ISEG","description":"Lisbon School of Economics &amp; Management","publisher":{"@id":"https:\/\/www.iseg.ulisboa.pt\/en\/#organization"},"potentialAction":[{"@type":"SearchAction","target":{"@type":"EntryPoint","urlTemplate":"https:\/\/www.iseg.ulisboa.pt\/en\/?s={search_term_string}"},"query-input":"required name=search_term_string"}],"inLanguage":"en-US"},{"@type":"Organization","@id":"https:\/\/www.iseg.ulisboa.pt\/en\/#organization","name":"ISEG","url":"https:\/\/www.iseg.ulisboa.pt\/en\/","logo":{"@type":"ImageObject","inLanguage":"en-US","@id":"https:\/\/www.iseg.ulisboa.pt\/en\/#\/schema\/logo\/image\/","url":"https:\/\/www.iseg.ulisboa.pt\/wp-content\/uploads\/2021\/02\/iseg-logo-ul.svg","contentUrl":"https:\/\/www.iseg.ulisboa.pt\/wp-content\/uploads\/2021\/02\/iseg-logo-ul.svg","width":250,"height":120,"caption":"ISEG"},"image":{"@id":"https:\/\/www.iseg.ulisboa.pt\/en\/#\/schema\/logo\/image\/"},"sameAs":["https:\/\/www.facebook.com\/iseg.pt","https:\/\/x.com\/iseglisbon","https:\/\/www.instagram.com\/iseglisbon\/","https:\/\/www.linkedin.com\/school\/iseglisbon\/","https:\/\/www.youtube.com\/user\/DMREISEG"]}]}},"uagb_featured_image_src":{"full":false,"thumbnail":false,"medium":false,"medium_large":false,"large":false,"1536x1536":false,"2048x2048":false,"trp-custom-language-flag":false},"uagb_author_info":{"display_name":"Major","author_link":"https:\/\/www.iseg.ulisboa.pt\/en\/author\/leihla\/"},"uagb_comment_info":0,"uagb_excerpt":"Servi\u00e7os Acad\u00e9micos Os Servi\u00e7os Acad\u00e9micos s\u00e3o respons\u00e1veis \u200b\u200bpela gest\u00e3o administrativa dos assuntos acad\u00e9micos dos alunos. Est\u00e3o organizados em 3 departamentos: Licenciaturas (SECLIC); Mestrados e Doutoramentos (SMD) e IMO \u2013 International&nbsp;[...]","_links":{"self":[{"href":"https:\/\/www.iseg.ulisboa.pt\/en\/wp-json\/wp\/v2\/pages\/1215"}],"collection":[{"href":"https:\/\/www.iseg.ulisboa.pt\/en\/wp-json\/wp\/v2\/pages"}],"about":[{"href":"https:\/\/www.iseg.ulisboa.pt\/en\/wp-json\/wp\/v2\/types\/page"}],"author":[{"embeddable":true,"href":"https:\/\/www.iseg.ulisboa.pt\/en\/wp-json\/wp\/v2\/users\/2"}],"replies":[{"embeddable":true,"href":"https:\/\/www.iseg.ulisboa.pt\/en\/wp-json\/wp\/v2\/comments?post=1215"}],"version-history":[{"count":0,"href":"https:\/\/www.iseg.ulisboa.pt\/en\/wp-json\/wp\/v2\/pages\/1215\/revisions"}],"up":[{"embeddable":true,"href":"https:\/\/www.iseg.ulisboa.pt\/en\/wp-json\/wp\/v2\/pages\/212"}],"wp:attachment":[{"href":"https:\/\/www.iseg.ulisboa.pt\/en\/wp-json\/wp\/v2\/media?parent=1215"}],"curies":[{"name":"wp","href":"https:\/\/api.w.org\/{rel}","templated":true}]}}