{"id":1221,"date":"2021-01-14T15:50:07","date_gmt":"2021-01-14T15:50:07","guid":{"rendered":"https:\/\/iseg.gomo.dev\/?page_id=1221"},"modified":"2023-03-18T16:13:33","modified_gmt":"2023-03-18T16:13:33","slug":"why-iseg","status":"publish","type":"page","link":"https:\/\/www.iseg.ulisboa.pt\/en\/to-study-2\/why-iseg\/","title":{"rendered":"Why ISEG?"},"content":{"rendered":"<p class=\"has-large-font-size\">ISEG is the perfect place for those who want to make history and be ahead of the game. For more than a century, ISEG has educated generations of leaders and successful professionals. An outstanding faculty and benchmark research centers are responsible for placing ISEG in the forefront of economics, management and finance. 10 things you gain by joining ISEG:<\/p>\n\n\n\n<hr class=\"wp-block-separator has-css-opacity\" \/>\n\n\n\n<h4 class=\"wp-block-heading\">1. You enrich your curriculum.<\/h4>\n\n\n\n<p>ISEG Lisbon entered the prestigious <strong>Financial Times Global FT Rankings, <\/strong>with the Master in Finance, and is accredited by\u00a0<strong>AACSB<\/strong>, a distinction which has only been earned by 5% of business schools in the world.<\/p>\n\n\n\n<hr class=\"wp-block-separator has-css-opacity\" \/>\n\n\n\n<h4 class=\"wp-block-heading\">2. You feel safe.<\/h4>\n\n\n\n<p>The&nbsp;<strong>ISEG campus<\/strong>&nbsp;has the certification<strong> COVID-SAFE<\/strong>, awarded by APCER, a guarantee of safety and readiness to adapt to the pandemic crisis.<\/p>\n\n\n\n<hr class=\"wp-block-separator has-css-opacity\" \/>\n\n\n\n<h4 class=\"wp-block-heading\">3. You\u2019re always connected.<\/h4>\n\n\n\n<p>All lecture rooms are technologically fully equipped, for a perfect learning experience, whether it be online, in-person, or hybrid.<\/p>\n\n\n\n<hr class=\"wp-block-separator has-css-opacity\" \/>\n\n\n\n<h4 class=\"wp-block-heading\">4. You broaden your horizons.<\/h4>\n\n\n\n<p>ISEG is part of Universidade de Lisboa, the leading Portuguese university according to the selective Shanghai Ranking (ARWU), witch has an impressive list of partnerships with top-ranked international schools.<\/p>\n\n\n\n<hr class=\"wp-block-separator has-css-opacity\" \/>\n\n\n\n<h4 class=\"wp-block-heading\">5. You live like a \u201cLisboeta\u201d.<\/h4>\n\n\n\n<p>ISEG is perfectly located for Lisbon\u2019s downtown lifestyle experience. It\u2019s a vibrant, multi-cultural and cosmopolitan European capital.<\/p>\n\n\n\n<hr class=\"wp-block-separator has-css-opacity\" \/>\n\n\n\n<h4 class=\"wp-block-heading\">6. You\u2019re surrounded by knowledge. <\/h4>\n\n\n\n<p>The&nbsp;<strong>high quality research centers<\/strong>&nbsp;are engaged in a diverse array of international research projects.<\/p>\n\n\n\n<hr class=\"wp-block-separator has-css-opacity\" \/>\n\n\n\n<h4 class=\"wp-block-heading\">7.  You\u2019re part of an inclusive club. <\/h4>\n\n\n\n<p>ISEG has a large, diversified, global network of talented and successful Alumni.<\/p>\n\n\n\n<hr class=\"wp-block-separator has-css-opacity\" \/>\n\n\n\n<h4 class=\"wp-block-heading\">8. You become an asset.<\/h4>\n\n\n\n<p>ISEG graduates are highly desirable to top employers, both in the private and in the public sector, all over the world.<\/p>\n\n\n\n<hr class=\"wp-block-separator has-css-opacity\" \/>\n\n\n\n<h4 class=\"wp-block-heading\">9. You join a winning team.<\/h4>\n\n\n\n<p>ISEG students and faculty are well known for winning international and national awards for best case studies, best dissertations and research output, best applied projects, as well as in student competitions, such as the CFA Challenge or the Junior Achievement Awards.<\/p>\n\n\n\n<hr class=\"wp-block-separator has-css-opacity\" \/>\n\n\n\n<h4 class=\"wp-block-heading\">10. You grab your future.<\/h4>\n\n\n\n<p>ISEG students benefit from a collegiate and open-minded atmosphere, in which the United Nations\u2019 Sustainable Development Goals (SDGs) play a special role, witch leaves them well prepared in quantitative subjects and to become influential and conscientious leaders.<\/p>","protected":false},"excerpt":{"rendered":"ISEG is the ideal place for those who want to make history and always be at the front of the pack. For more than a century, ISEG has been training generations of leaders [...]","protected":false},"author":2,"featured_media":0,"parent":212,"menu_order":4,"comment_status":"closed","ping_status":"closed","template":"","meta":{"inline_featured_image":false,"_uag_custom_page_level_css":"","footnotes":""},"acf":[],"yoast_head":"<!-- This site is optimized with the Yoast SEO plugin v22.6 - https:\/\/yoast.com\/wordpress\/plugins\/seo\/ -->\n<title>Porqu\u00ea o ISEG - ISEG<\/title>\n<meta name=\"robots\" content=\"index, follow, max-snippet:-1, max-image-preview:large, max-video-preview:-1\" \/>\n<link rel=\"canonical\" href=\"https:\/\/www.iseg.ulisboa.pt\/en\/to-study-2\/why-iseg\/\" \/>\n<meta name=\"twitter:label1\" content=\"Est. reading time\" \/>\n\t<meta name=\"twitter:data1\" content=\"2 minutes\" \/>\n<script type=\"application\/ld+json\" class=\"yoast-schema-graph\">{\"@context\":\"https:\/\/schema.org\",\"@graph\":[{\"@type\":\"WebPage\",\"@id\":\"https:\/\/www.iseg.ulisboa.pt\/en\/to-study-2\/why-iseg\/\",\"url\":\"https:\/\/www.iseg.ulisboa.pt\/en\/to-study-2\/why-iseg\/\",\"name\":\"Porqu\u00ea o ISEG - ISEG\",\"isPartOf\":{\"@id\":\"https:\/\/www.iseg.ulisboa.pt\/en\/#website\"},\"datePublished\":\"2021-01-14T15:50:07+00:00\",\"dateModified\":\"2023-03-18T16:13:33+00:00\",\"breadcrumb\":{\"@id\":\"https:\/\/www.iseg.ulisboa.pt\/en\/to-study-2\/why-iseg\/#breadcrumb\"},\"inLanguage\":\"en-US\",\"potentialAction\":[{\"@type\":\"ReadAction\",\"target\":[\"https:\/\/www.iseg.ulisboa.pt\/en\/to-study-2\/why-iseg\/\"]}]},{\"@type\":\"BreadcrumbList\",\"@id\":\"https:\/\/www.iseg.ulisboa.pt\/en\/to-study-2\/why-iseg\/#breadcrumb\",\"itemListElement\":[{\"@type\":\"ListItem\",\"position\":1,\"name\":\"Home\",\"item\":\"https:\/\/www.iseg.ulisboa.pt\/\"},{\"@type\":\"ListItem\",\"position\":2,\"name\":\"Estudar\",\"item\":\"https:\/\/www.iseg.ulisboa.pt\/estudar\/\"},{\"@type\":\"ListItem\",\"position\":3,\"name\":\"Porqu\u00ea o ISEG\"}]},{\"@type\":\"WebSite\",\"@id\":\"https:\/\/www.iseg.ulisboa.pt\/en\/#website\",\"url\":\"https:\/\/www.iseg.ulisboa.pt\/en\/\",\"name\":\"ISEG\",\"description\":\"Lisbon School of Economics &amp; Management\",\"publisher\":{\"@id\":\"https:\/\/www.iseg.ulisboa.pt\/en\/#organization\"},\"potentialAction\":[{\"@type\":\"SearchAction\",\"target\":{\"@type\":\"EntryPoint\",\"urlTemplate\":\"https:\/\/www.iseg.ulisboa.pt\/en\/?s={search_term_string}\"},\"query-input\":\"required name=search_term_string\"}],\"inLanguage\":\"en-US\"},{\"@type\":\"Organization\",\"@id\":\"https:\/\/www.iseg.ulisboa.pt\/en\/#organization\",\"name\":\"ISEG\",\"url\":\"https:\/\/www.iseg.ulisboa.pt\/en\/\",\"logo\":{\"@type\":\"ImageObject\",\"inLanguage\":\"en-US\",\"@id\":\"https:\/\/www.iseg.ulisboa.pt\/en\/#\/schema\/logo\/image\/\",\"url\":\"https:\/\/www.iseg.ulisboa.pt\/wp-content\/uploads\/2021\/02\/iseg-logo-ul.svg\",\"contentUrl\":\"https:\/\/www.iseg.ulisboa.pt\/wp-content\/uploads\/2021\/02\/iseg-logo-ul.svg\",\"width\":250,\"height\":120,\"caption\":\"ISEG\"},\"image\":{\"@id\":\"https:\/\/www.iseg.ulisboa.pt\/en\/#\/schema\/logo\/image\/\"},\"sameAs\":[\"https:\/\/www.facebook.com\/iseg.pt\",\"https:\/\/x.com\/iseglisbon\",\"https:\/\/www.instagram.com\/iseglisbon\/\",\"https:\/\/www.linkedin.com\/school\/iseglisbon\/\",\"https:\/\/www.youtube.com\/user\/DMREISEG\"]}]}<\/script>\n<!-- \/ Yoast SEO plugin. -->","yoast_head_json":{"title":"Why ISEG - ISEG","robots":{"index":"index","follow":"follow","max-snippet":"max-snippet:-1","max-image-preview":"max-image-preview:large","max-video-preview":"max-video-preview:-1"},"canonical":"https:\/\/www.iseg.ulisboa.pt\/en\/to-study-2\/why-iseg\/","twitter_misc":{"Est. reading time":"2 minutes"},"schema":{"@context":"https:\/\/schema.org","@graph":[{"@type":"WebPage","@id":"https:\/\/www.iseg.ulisboa.pt\/en\/to-study-2\/why-iseg\/","url":"https:\/\/www.iseg.ulisboa.pt\/en\/to-study-2\/why-iseg\/","name":"Why ISEG - ISEG","isPartOf":{"@id":"https:\/\/www.iseg.ulisboa.pt\/en\/#website"},"datePublished":"2021-01-14T15:50:07+00:00","dateModified":"2023-03-18T16:13:33+00:00","breadcrumb":{"@id":"https:\/\/www.iseg.ulisboa.pt\/en\/to-study-2\/why-iseg\/#breadcrumb"},"inLanguage":"en-US","potentialAction":[{"@type":"ReadAction","target":["https:\/\/www.iseg.ulisboa.pt\/en\/to-study-2\/why-iseg\/"]}]},{"@type":"BreadcrumbList","@id":"https:\/\/www.iseg.ulisboa.pt\/en\/to-study-2\/why-iseg\/#breadcrumb","itemListElement":[{"@type":"ListItem","position":1,"name":"Home","item":"https:\/\/www.iseg.ulisboa.pt\/"},{"@type":"ListItem","position":2,"name":"Estudar","item":"https:\/\/www.iseg.ulisboa.pt\/estudar\/"},{"@type":"ListItem","position":3,"name":"Porqu\u00ea o ISEG"}]},{"@type":"WebSite","@id":"https:\/\/www.iseg.ulisboa.pt\/en\/#website","url":"https:\/\/www.iseg.ulisboa.pt\/en\/","name":"ISEG","description":"Lisbon School of Economics &amp; Management","publisher":{"@id":"https:\/\/www.iseg.ulisboa.pt\/en\/#organization"},"potentialAction":[{"@type":"SearchAction","target":{"@type":"EntryPoint","urlTemplate":"https:\/\/www.iseg.ulisboa.pt\/en\/?s={search_term_string}"},"query-input":"required name=search_term_string"}],"inLanguage":"en-US"},{"@type":"Organization","@id":"https:\/\/www.iseg.ulisboa.pt\/en\/#organization","name":"ISEG","url":"https:\/\/www.iseg.ulisboa.pt\/en\/","logo":{"@type":"ImageObject","inLanguage":"en-US","@id":"https:\/\/www.iseg.ulisboa.pt\/en\/#\/schema\/logo\/image\/","url":"https:\/\/www.iseg.ulisboa.pt\/wp-content\/uploads\/2021\/02\/iseg-logo-ul.svg","contentUrl":"https:\/\/www.iseg.ulisboa.pt\/wp-content\/uploads\/2021\/02\/iseg-logo-ul.svg","width":250,"height":120,"caption":"ISEG"},"image":{"@id":"https:\/\/www.iseg.ulisboa.pt\/en\/#\/schema\/logo\/image\/"},"sameAs":["https:\/\/www.facebook.com\/iseg.pt","https:\/\/x.com\/iseglisbon","https:\/\/www.instagram.com\/iseglisbon\/","https:\/\/www.linkedin.com\/school\/iseglisbon\/","https:\/\/www.youtube.com\/user\/DMREISEG"]}]}},"uagb_featured_image_src":{"full":false,"thumbnail":false,"medium":false,"medium_large":false,"large":false,"1536x1536":false,"2048x2048":false,"trp-custom-language-flag":false},"uagb_author_info":{"display_name":"Major","author_link":"https:\/\/www.iseg.ulisboa.pt\/en\/author\/leihla\/"},"uagb_comment_info":0,"uagb_excerpt":"O ISEG \u00e9 o s\u00edtio ideal para quem quer fazer hist\u00f3ria e andar sempre no grupo da frente. H\u00e1 mais de um s\u00e9culo que o ISEG forma gera\u00e7\u00f5es de l\u00edderes&nbsp;[...]","_links":{"self":[{"href":"https:\/\/www.iseg.ulisboa.pt\/en\/wp-json\/wp\/v2\/pages\/1221"}],"collection":[{"href":"https:\/\/www.iseg.ulisboa.pt\/en\/wp-json\/wp\/v2\/pages"}],"about":[{"href":"https:\/\/www.iseg.ulisboa.pt\/en\/wp-json\/wp\/v2\/types\/page"}],"author":[{"embeddable":true,"href":"https:\/\/www.iseg.ulisboa.pt\/en\/wp-json\/wp\/v2\/users\/2"}],"replies":[{"embeddable":true,"href":"https:\/\/www.iseg.ulisboa.pt\/en\/wp-json\/wp\/v2\/comments?post=1221"}],"version-history":[{"count":0,"href":"https:\/\/www.iseg.ulisboa.pt\/en\/wp-json\/wp\/v2\/pages\/1221\/revisions"}],"up":[{"embeddable":true,"href":"https:\/\/www.iseg.ulisboa.pt\/en\/wp-json\/wp\/v2\/pages\/212"}],"wp:attachment":[{"href":"https:\/\/www.iseg.ulisboa.pt\/en\/wp-json\/wp\/v2\/media?parent=1221"}],"curies":[{"name":"wp","href":"https:\/\/api.w.org\/{rel}","templated":true}]}}