{"id":16327,"date":"2021-01-27T01:29:00","date_gmt":"2021-01-27T01:29:00","guid":{"rendered":"https:\/\/www.iseg.ulisboa.pt\/?page_id=16327"},"modified":"2023-03-28T21:55:06","modified_gmt":"2023-03-28T21:55:06","slug":"privacy-policy","status":"publish","type":"page","link":"https:\/\/www.iseg.ulisboa.pt\/en\/privacy-policy\/","title":{"rendered":"Personal Data Protection Policy"},"content":{"rendered":"<p>The&nbsp;<strong>ISEG \u2013 Lisbon School of Economics and Management, Universidade de Lisboa&nbsp;<\/strong>s committed to protecting and respecting the privacy of the holders of personal data, guaranteeing the confidentiality and integrity of the information, in compliance with the General Regulation for the Protection of Personal Data (GRPD) and the Portuguese Data Protection Law 58\/2019 that is in force.<\/p>\n\n\n\n<p>The processing of holders\u2019 personal data is carried out by&nbsp;<strong>ISEG<\/strong>, within the scope of its mission as a higher education institution, with the following legitimacy and purposes:<\/p>\n\n\n\n<figure class=\"wp-block-table is-style-regular\"><table class=\"has-fixed-layout\"><tbody><tr><td><strong>Category of the holders of personal data<\/strong><\/td><td><strong>Legitimacy or legal foundation<\/strong><\/td><td><strong>Purpose<\/strong><\/td><td><strong>Categories of those who have access to personal data<\/strong><\/td><\/tr><tr><td><strong>Visitors to the website<\/strong><\/td><td>Consent<\/td><td>Information in accordance with the policy of&nbsp;<em>Cookies<\/em><\/td><td>Not applicable<\/td><\/tr><tr><td><strong>Student Applicants, Alumni, and Other Visitors<\/strong><\/td><td>Consent<\/td><td>Information and Communication<\/td><td>Entities associated with events<\/td><\/tr><tr><td><strong>ISEG Students<\/strong><\/td><td>Study Agreement;<br>Specific consent (image and employability activities);<br>Legal obligations;<br>Defense of vital interests;<br>ISEG&#039;s legitimate interests (security identification)<\/td><td>Teaching \u2013 learning;<br>Student satisfaction assessment;<br>emergency response<\/td><td>Guardianship and legal and official entities (including auditors and inspectors)<br>Insurers<br>ISEG card via banking entities<br>Employability Partners<br>emergency response authorities<\/td><\/tr><tr><td><strong>Faculty and Non Faculty Staff<\/strong><\/td><td>Employment Contract<br>Service provision contract<br>legal obligations<br>Defense of vital interests of the data subject<br>Public interest<\/td><td>Implementation of the mission, organizational objectives and legal obligations<\/td><td>Guardianship and legal and official entities (including auditors, inspectors, solicitors)<br>Insurance and Occupational Medicine<br>ISEG card via banking entities<\/td><\/tr><tr><td><strong>HEEs and Partners<\/strong><\/td><td>Contract \/ partnership agreements<\/td><td>Communication and joint participation in activities inherent to the mission<\/td><td>guardianship<br>Entities associated with events<br>Insurers<\/td><\/tr><tr><td><strong>Suppliers<\/strong><\/td><td>Contract<br>legal obligations<\/td><td>Communication within the scope of services provided<\/td><td>Guardianship and legal and official entities (including auditors and inspectors)<\/td><\/tr><\/tbody><\/table><\/figure>\n\n\n\n<p>To carry out the different purposes, the&nbsp;<strong>ISEG<\/strong>&nbsp;may process different types of personal data:<\/p>\n\n\n\n<p>\u00b7 identification data (such as name, date of birth, identification document number); contact data (such as mobile phone, address or e-mail);<br>\u00b7 qualification data and professional status (such as schooling, performance);<br>\u00b7 banking, financial and transaction data (such as IBAN, tax identification number);<br>\u00b7 special data (health, administrative offenses or criminal offenses);<br>\u00b7 event recording images;<br>\u00b7 images collected through video surveillance systems.<\/p>\n\n\n\n<p>According to the retention policy of the<strong>&nbsp;ISEG<\/strong>, personal data will be destroyed as soon as its legality and purpose ends, that is, within the period considered adequate and\/or necessary to fulfill the objectives that motivated its collection, in accordance with the applicable laws.<\/p>\n\n\n\n<p>The&nbsp;<strong>ISEG<\/strong>&nbsp;periodically assesses the risks of breach of privacy for its holders and implements the technical and organizational measures considered appropriate within the reach of the organization to prevent loss, misuse, alteration, unauthorized access and misappropriation of personal data provided or transmitted.<\/p>\n\n\n\n<p>When the processing of data is carried out by third party subcontractors (processors), a contract is established between the parties with respect for the stipulations in the RGPD, in order to obtain sufficient guarantees to ensure that the treatment meets the requirements and ensures the defense of the rights of the personal data holders.<\/p>\n\n\n\n<p>As the holder of personal data, you have the following rights:<\/p>\n\n\n\n<p>1. Right to&nbsp;<strong>get confirmation<\/strong>&nbsp;that the data concerning you are being processed and, if applicable, to access your personal data and&nbsp;<strong>access<\/strong>&nbsp;the information provided for by law;<\/p>\n\n\n\n<p>2. Right to which the Services of the&nbsp;<strong>ISEG<\/strong>, without undue delay,&nbsp;<strong>rectify<\/strong>&nbsp;inaccurate or incomplete data concerning you;<\/p>\n\n\n\n<p>3. Right to request the&nbsp;<strong>erasure<\/strong>&nbsp;of your data, without undue delay, when the personal data are no longer necessary for the purpose for which they were collected or processed;<\/p>\n\n\n\n<p>4. Right to request the&nbsp;<strong>limitation<\/strong>&nbsp;of the processing of your data in certain cases, namely, if the processing is unlawful and if you oppose the deletion of the data, requesting, in return, the limitation of its use;<\/p>\n\n\n\n<p>5. Right to&nbsp;<strong>portability<\/strong>&nbsp;your personal data that you have provided to the<strong>&nbsp;ISEG<\/strong>, in a structured, commonly used and machine-readable format, including the right to transmit this data to another controller;<\/p>\n\n\n\n<p>6. If treatment depends on your&nbsp;<strong>consent<\/strong>, is entitled to&nbsp;<strong>take it off<\/strong>;<\/p>\n\n\n\n<p>7. Right to submit a&nbsp;<strong>complaint<\/strong>&nbsp;to the Data Protection Officer (DPO) of the&nbsp;<strong>ISEG<\/strong>&nbsp;team and&nbsp;<strong>Universidade de Lisboa<\/strong>&nbsp;via&nbsp;<a href=\"mailto:rgpd@ulisboa.pt\">rgpd@ulisboa.pt<\/a>&nbsp;and\/or the Control Authority which in Portugal is the&nbsp;<strong>CNPD<\/strong>.<\/p>\n\n\n\n<p>To exercise your rights, you must request in writing via&nbsp;<a href=\"mailto:rgpd@ulisboa.pt\">rgpd@ulisboa.pt<\/a>&nbsp;or official email addresses published on the ISEG website. For your security and whenever deemed necessary, the Services will request additional information to confirm your identity.<\/p>\n\n\n\n<p>The&nbsp;<strong>ISEG<\/strong>&nbsp;reserves the right to periodically review the current policy, so we recommend that you periodically consult the Privacy Policy available on the website of the&nbsp;<strong>ISEG<\/strong>.<\/p>\n\n\n\n<p><strong>Dean of ISEG<\/strong><br><br>V02 of 07.22.2020<\/p>","protected":false},"excerpt":{"rendered":"ISEG - Instituto Superior de Economia e Gest\u00e3o da Universidade de Lisboa is committed to protecting and respecting the privacy of data subjects, guaranteeing the confidentiality and integrity [...]","protected":false},"author":3,"featured_media":0,"parent":0,"menu_order":0,"comment_status":"closed","ping_status":"closed","template":"","meta":{"inline_featured_image":false,"_uag_custom_page_level_css":"","footnotes":""},"acf":[],"yoast_head":"<!-- This site is optimized with the Yoast SEO plugin v22.6 - https:\/\/yoast.com\/wordpress\/plugins\/seo\/ -->\n<title>Pol\u00edtica de Prote\u00e7\u00e3o de Dados Pessoais - ISEG<\/title>\n<meta name=\"robots\" content=\"index, follow, max-snippet:-1, max-image-preview:large, max-video-preview:-1\" \/>\n<link rel=\"canonical\" href=\"https:\/\/www.iseg.ulisboa.pt\/en\/privacy-policy\/\" \/>\n<meta name=\"twitter:label1\" content=\"Est. reading time\" \/>\n\t<meta name=\"twitter:data1\" content=\"5 minutes\" \/>\n<script type=\"application\/ld+json\" class=\"yoast-schema-graph\">{\"@context\":\"https:\/\/schema.org\",\"@graph\":[{\"@type\":\"WebPage\",\"@id\":\"https:\/\/www.iseg.ulisboa.pt\/en\/privacy-policy\/\",\"url\":\"https:\/\/www.iseg.ulisboa.pt\/en\/privacy-policy\/\",\"name\":\"Pol\u00edtica de Prote\u00e7\u00e3o de Dados Pessoais - ISEG\",\"isPartOf\":{\"@id\":\"https:\/\/www.iseg.ulisboa.pt\/en\/#website\"},\"datePublished\":\"2021-01-27T01:29:00+00:00\",\"dateModified\":\"2023-03-28T21:55:06+00:00\",\"breadcrumb\":{\"@id\":\"https:\/\/www.iseg.ulisboa.pt\/en\/privacy-policy\/#breadcrumb\"},\"inLanguage\":\"en-US\",\"potentialAction\":[{\"@type\":\"ReadAction\",\"target\":[\"https:\/\/www.iseg.ulisboa.pt\/en\/privacy-policy\/\"]}]},{\"@type\":\"BreadcrumbList\",\"@id\":\"https:\/\/www.iseg.ulisboa.pt\/en\/privacy-policy\/#breadcrumb\",\"itemListElement\":[{\"@type\":\"ListItem\",\"position\":1,\"name\":\"Home\",\"item\":\"https:\/\/www.iseg.ulisboa.pt\/\"},{\"@type\":\"ListItem\",\"position\":2,\"name\":\"Pol\u00edtica de Prote\u00e7\u00e3o de Dados Pessoais\"}]},{\"@type\":\"WebSite\",\"@id\":\"https:\/\/www.iseg.ulisboa.pt\/en\/#website\",\"url\":\"https:\/\/www.iseg.ulisboa.pt\/en\/\",\"name\":\"ISEG\",\"description\":\"Lisbon School of Economics &amp; Management\",\"publisher\":{\"@id\":\"https:\/\/www.iseg.ulisboa.pt\/en\/#organization\"},\"potentialAction\":[{\"@type\":\"SearchAction\",\"target\":{\"@type\":\"EntryPoint\",\"urlTemplate\":\"https:\/\/www.iseg.ulisboa.pt\/en\/?s={search_term_string}\"},\"query-input\":\"required name=search_term_string\"}],\"inLanguage\":\"en-US\"},{\"@type\":\"Organization\",\"@id\":\"https:\/\/www.iseg.ulisboa.pt\/en\/#organization\",\"name\":\"ISEG\",\"url\":\"https:\/\/www.iseg.ulisboa.pt\/en\/\",\"logo\":{\"@type\":\"ImageObject\",\"inLanguage\":\"en-US\",\"@id\":\"https:\/\/www.iseg.ulisboa.pt\/en\/#\/schema\/logo\/image\/\",\"url\":\"https:\/\/www.iseg.ulisboa.pt\/wp-content\/uploads\/2021\/02\/iseg-logo-ul.svg\",\"contentUrl\":\"https:\/\/www.iseg.ulisboa.pt\/wp-content\/uploads\/2021\/02\/iseg-logo-ul.svg\",\"width\":250,\"height\":120,\"caption\":\"ISEG\"},\"image\":{\"@id\":\"https:\/\/www.iseg.ulisboa.pt\/en\/#\/schema\/logo\/image\/\"},\"sameAs\":[\"https:\/\/www.facebook.com\/iseg.pt\",\"https:\/\/x.com\/iseglisbon\",\"https:\/\/www.instagram.com\/iseglisbon\/\",\"https:\/\/www.linkedin.com\/school\/iseglisbon\/\",\"https:\/\/www.youtube.com\/user\/DMREISEG\"]}]}<\/script>\n<!-- \/ Yoast SEO plugin. -->","yoast_head_json":{"title":"Personal Data Protection Policy - ISEG","robots":{"index":"index","follow":"follow","max-snippet":"max-snippet:-1","max-image-preview":"max-image-preview:large","max-video-preview":"max-video-preview:-1"},"canonical":"https:\/\/www.iseg.ulisboa.pt\/en\/privacy-policy\/","twitter_misc":{"Est. reading time":"5 minutes"},"schema":{"@context":"https:\/\/schema.org","@graph":[{"@type":"WebPage","@id":"https:\/\/www.iseg.ulisboa.pt\/en\/privacy-policy\/","url":"https:\/\/www.iseg.ulisboa.pt\/en\/privacy-policy\/","name":"Personal Data Protection Policy - ISEG","isPartOf":{"@id":"https:\/\/www.iseg.ulisboa.pt\/en\/#website"},"datePublished":"2021-01-27T01:29:00+00:00","dateModified":"2023-03-28T21:55:06+00:00","breadcrumb":{"@id":"https:\/\/www.iseg.ulisboa.pt\/en\/privacy-policy\/#breadcrumb"},"inLanguage":"en-US","potentialAction":[{"@type":"ReadAction","target":["https:\/\/www.iseg.ulisboa.pt\/en\/privacy-policy\/"]}]},{"@type":"BreadcrumbList","@id":"https:\/\/www.iseg.ulisboa.pt\/en\/privacy-policy\/#breadcrumb","itemListElement":[{"@type":"ListItem","position":1,"name":"Home","item":"https:\/\/www.iseg.ulisboa.pt\/"},{"@type":"ListItem","position":2,"name":"Pol\u00edtica de Prote\u00e7\u00e3o de Dados Pessoais"}]},{"@type":"WebSite","@id":"https:\/\/www.iseg.ulisboa.pt\/en\/#website","url":"https:\/\/www.iseg.ulisboa.pt\/en\/","name":"ISEG","description":"Lisbon School of Economics &amp; Management","publisher":{"@id":"https:\/\/www.iseg.ulisboa.pt\/en\/#organization"},"potentialAction":[{"@type":"SearchAction","target":{"@type":"EntryPoint","urlTemplate":"https:\/\/www.iseg.ulisboa.pt\/en\/?s={search_term_string}"},"query-input":"required name=search_term_string"}],"inLanguage":"en-US"},{"@type":"Organization","@id":"https:\/\/www.iseg.ulisboa.pt\/en\/#organization","name":"ISEG","url":"https:\/\/www.iseg.ulisboa.pt\/en\/","logo":{"@type":"ImageObject","inLanguage":"en-US","@id":"https:\/\/www.iseg.ulisboa.pt\/en\/#\/schema\/logo\/image\/","url":"https:\/\/www.iseg.ulisboa.pt\/wp-content\/uploads\/2021\/02\/iseg-logo-ul.svg","contentUrl":"https:\/\/www.iseg.ulisboa.pt\/wp-content\/uploads\/2021\/02\/iseg-logo-ul.svg","width":250,"height":120,"caption":"ISEG"},"image":{"@id":"https:\/\/www.iseg.ulisboa.pt\/en\/#\/schema\/logo\/image\/"},"sameAs":["https:\/\/www.facebook.com\/iseg.pt","https:\/\/x.com\/iseglisbon","https:\/\/www.instagram.com\/iseglisbon\/","https:\/\/www.linkedin.com\/school\/iseglisbon\/","https:\/\/www.youtube.com\/user\/DMREISEG"]}]}},"uagb_featured_image_src":{"full":false,"thumbnail":false,"medium":false,"medium_large":false,"large":false,"1536x1536":false,"2048x2048":false,"trp-custom-language-flag":false},"uagb_author_info":{"display_name":"","author_link":"https:\/\/www.iseg.ulisboa.pt\/en\/author\/"},"uagb_comment_info":0,"uagb_excerpt":"O&nbsp;ISEG \u2013 Instituto Superior de Economia e Gest\u00e3o da Universidade de Lisboa&nbsp;est\u00e1 empenhado em proteger e respeitar a privacidade dos titulares dos dados pessoais, garantir a confidencialidade e a integridade&nbsp;[...]","_links":{"self":[{"href":"https:\/\/www.iseg.ulisboa.pt\/en\/wp-json\/wp\/v2\/pages\/16327"}],"collection":[{"href":"https:\/\/www.iseg.ulisboa.pt\/en\/wp-json\/wp\/v2\/pages"}],"about":[{"href":"https:\/\/www.iseg.ulisboa.pt\/en\/wp-json\/wp\/v2\/types\/page"}],"author":[{"embeddable":true,"href":"https:\/\/www.iseg.ulisboa.pt\/en\/wp-json\/wp\/v2\/users\/3"}],"replies":[{"embeddable":true,"href":"https:\/\/www.iseg.ulisboa.pt\/en\/wp-json\/wp\/v2\/comments?post=16327"}],"version-history":[{"count":0,"href":"https:\/\/www.iseg.ulisboa.pt\/en\/wp-json\/wp\/v2\/pages\/16327\/revisions"}],"wp:attachment":[{"href":"https:\/\/www.iseg.ulisboa.pt\/en\/wp-json\/wp\/v2\/media?parent=16327"}],"curies":[{"name":"wp","href":"https:\/\/api.w.org\/{rel}","templated":true}]}}