{"id":174,"date":"2020-12-30T18:24:11","date_gmt":"2020-12-30T18:24:11","guid":{"rendered":"https:\/\/iseg.gomo.dev\/?page_id=174"},"modified":"2025-01-07T15:40:43","modified_gmt":"2025-01-07T15:40:43","slug":"mission-vision","status":"publish","type":"page","link":"https:\/\/www.iseg.ulisboa.pt\/en\/about\/mission-vision\/","title":{"rendered":"Mission &amp; Vision"},"content":{"rendered":"<h4 class=\"wp-block-heading\">Mission<\/h4>\n\n\n\n<p class=\"has-large-font-size\">ISEG\u2019s mission is to create, share and enhance the social and economic value of knowledge and culture in the fields of Economics, Finance and Business Sciences, in a context of pluralism and assurance of intellectual and scientific freedom, and respect for ethics, social responsibility and sustainable development.<\/p>\n\n\n\n<h4 class=\"wp-block-heading\">Vision<\/h4>\n\n\n\n<p class=\"has-large-font-size\"><strong>I<\/strong>magine, <strong>S<\/strong>hare, <strong>E<\/strong>xplore, and <strong>G<\/strong>ive It All (I.S.E.G). Inspiring, innovating and educating to build a future that transcends expectations and transforms lives.<\/p>\n\n\n\n<hr class=\"wp-block-separator has-css-opacity\" \/>\n\n\n\n<h2 class=\"wp-block-heading\"><strong>Values and Principles<\/strong><\/h2>\n\n\n\n<p><strong>&gt; Scientific and intellectual freedom<\/strong><br><\/p>\n\n\n\n<p><strong>&gt; Diversity and Plurality<\/strong><br><\/p>\n\n\n\n<p><strong>&gt; Respect for ethical principles and social responsibility<\/strong><br><\/p>\n\n\n\n<p><strong>&gt; Internal and external assessment and continuous improvement<\/strong><br><\/p>\n\n\n\n<hr class=\"wp-block-separator has-css-opacity\" \/>\n\n\n\n<h2 class=\"wp-block-heading\"><strong>The ISEG Manifesto<\/strong><\/h2>\n\n\n\n<figure class=\"wp-block-embed is-provider-vimeo wp-block-embed-vimeo\"><div class=\"wp-block-embed__wrapper\">\n<iframe loading=\"lazy\" title=\"ISEG | Open Minds. Grab the Future.\" src=\"https:\/\/player.vimeo.com\/video\/501719673?dnt=1&amp;app_id=122963\" width=\"500\" height=\"281\" frameborder=\"0\" allow=\"autoplay; fullscreen; picture-in-picture; clipboard-write; encrypted-media\"><\/iframe>\n<\/div><\/figure>\n\n\n\n<div style=\"height:50px\" aria-hidden=\"true\" class=\"wp-block-spacer\"><\/div>\n\n\n\n<p>You could be a student or a member of faculty, from Portugal or anywhere in the world \u2026 north or south. You could be an intern or an executive \u2026 from Economics or Management. You always need a new vision \u2026. to create, to evolve, to exchange ideas. You also need freedom\u2026. to take chances, to innovate, to be unique.<\/p>\n\n\n\n<p>Now is your chance to take your learning experience even further. With more autonomy, more openness, more pluralism. The next level of Economics and Management belongs to those who see beyond the ordinary. If you have a vision, this is the right place to be.<\/p>\n\n\n\n<p>ISEG. Open minds. Grab the future.<\/p>","protected":false},"excerpt":{"rendered":"Mission ISEG's mission is the creation, transmission and social and economic valorization of knowledge and culture in the fields of economic, financial and business sciences, within a framework of [...]","protected":false},"author":2,"featured_media":0,"parent":176,"menu_order":2,"comment_status":"closed","ping_status":"closed","template":"","meta":{"inline_featured_image":false,"_uag_custom_page_level_css":"","footnotes":""},"acf":[],"yoast_head":"<!-- This site is optimized with the Yoast SEO plugin v22.6 - https:\/\/yoast.com\/wordpress\/plugins\/seo\/ -->\n<title>Miss\u00e3o e Vis\u00e3o - ISEG<\/title>\n<meta name=\"robots\" content=\"index, follow, max-snippet:-1, max-image-preview:large, max-video-preview:-1\" \/>\n<link rel=\"canonical\" href=\"https:\/\/www.iseg.ulisboa.pt\/en\/about\/mission-vision\/\" \/>\n<meta name=\"twitter:label1\" content=\"Est. reading time\" \/>\n\t<meta name=\"twitter:data1\" content=\"2 minutes\" \/>\n<script type=\"application\/ld+json\" class=\"yoast-schema-graph\">{\"@context\":\"https:\/\/schema.org\",\"@graph\":[{\"@type\":\"WebPage\",\"@id\":\"https:\/\/www.iseg.ulisboa.pt\/en\/about\/mission-vision\/\",\"url\":\"https:\/\/www.iseg.ulisboa.pt\/en\/about\/mission-vision\/\",\"name\":\"Miss\u00e3o e Vis\u00e3o - ISEG\",\"isPartOf\":{\"@id\":\"https:\/\/www.iseg.ulisboa.pt\/en\/#website\"},\"datePublished\":\"2020-12-30T18:24:11+00:00\",\"dateModified\":\"2025-01-07T15:40:43+00:00\",\"breadcrumb\":{\"@id\":\"https:\/\/www.iseg.ulisboa.pt\/en\/about\/mission-vision\/#breadcrumb\"},\"inLanguage\":\"en-US\",\"potentialAction\":[{\"@type\":\"ReadAction\",\"target\":[\"https:\/\/www.iseg.ulisboa.pt\/en\/about\/mission-vision\/\"]}]},{\"@type\":\"BreadcrumbList\",\"@id\":\"https:\/\/www.iseg.ulisboa.pt\/en\/about\/mission-vision\/#breadcrumb\",\"itemListElement\":[{\"@type\":\"ListItem\",\"position\":1,\"name\":\"Home\",\"item\":\"https:\/\/www.iseg.ulisboa.pt\/\"},{\"@type\":\"ListItem\",\"position\":2,\"name\":\"Sobre\",\"item\":\"https:\/\/www.iseg.ulisboa.pt\/sobre\/\"},{\"@type\":\"ListItem\",\"position\":3,\"name\":\"Miss\u00e3o e Vis\u00e3o\"}]},{\"@type\":\"WebSite\",\"@id\":\"https:\/\/www.iseg.ulisboa.pt\/en\/#website\",\"url\":\"https:\/\/www.iseg.ulisboa.pt\/en\/\",\"name\":\"ISEG\",\"description\":\"Lisbon School of Economics &amp; Management\",\"publisher\":{\"@id\":\"https:\/\/www.iseg.ulisboa.pt\/en\/#organization\"},\"potentialAction\":[{\"@type\":\"SearchAction\",\"target\":{\"@type\":\"EntryPoint\",\"urlTemplate\":\"https:\/\/www.iseg.ulisboa.pt\/en\/?s={search_term_string}\"},\"query-input\":\"required name=search_term_string\"}],\"inLanguage\":\"en-US\"},{\"@type\":\"Organization\",\"@id\":\"https:\/\/www.iseg.ulisboa.pt\/en\/#organization\",\"name\":\"ISEG\",\"url\":\"https:\/\/www.iseg.ulisboa.pt\/en\/\",\"logo\":{\"@type\":\"ImageObject\",\"inLanguage\":\"en-US\",\"@id\":\"https:\/\/www.iseg.ulisboa.pt\/en\/#\/schema\/logo\/image\/\",\"url\":\"https:\/\/www.iseg.ulisboa.pt\/wp-content\/uploads\/2021\/02\/iseg-logo-ul.svg\",\"contentUrl\":\"https:\/\/www.iseg.ulisboa.pt\/wp-content\/uploads\/2021\/02\/iseg-logo-ul.svg\",\"width\":250,\"height\":120,\"caption\":\"ISEG\"},\"image\":{\"@id\":\"https:\/\/www.iseg.ulisboa.pt\/en\/#\/schema\/logo\/image\/\"},\"sameAs\":[\"https:\/\/www.facebook.com\/iseg.pt\",\"https:\/\/x.com\/iseglisbon\",\"https:\/\/www.instagram.com\/iseglisbon\/\",\"https:\/\/www.linkedin.com\/school\/iseglisbon\/\",\"https:\/\/www.youtube.com\/user\/DMREISEG\"]}]}<\/script>\n<!-- \/ Yoast SEO plugin. -->","yoast_head_json":{"title":"Mission and Vision - ISEG","robots":{"index":"index","follow":"follow","max-snippet":"max-snippet:-1","max-image-preview":"max-image-preview:large","max-video-preview":"max-video-preview:-1"},"canonical":"https:\/\/www.iseg.ulisboa.pt\/en\/about\/mission-vision\/","twitter_misc":{"Est. reading time":"2 minutes"},"schema":{"@context":"https:\/\/schema.org","@graph":[{"@type":"WebPage","@id":"https:\/\/www.iseg.ulisboa.pt\/en\/about\/mission-vision\/","url":"https:\/\/www.iseg.ulisboa.pt\/en\/about\/mission-vision\/","name":"Mission and Vision - ISEG","isPartOf":{"@id":"https:\/\/www.iseg.ulisboa.pt\/en\/#website"},"datePublished":"2020-12-30T18:24:11+00:00","dateModified":"2025-01-07T15:40:43+00:00","breadcrumb":{"@id":"https:\/\/www.iseg.ulisboa.pt\/en\/about\/mission-vision\/#breadcrumb"},"inLanguage":"en-US","potentialAction":[{"@type":"ReadAction","target":["https:\/\/www.iseg.ulisboa.pt\/en\/about\/mission-vision\/"]}]},{"@type":"BreadcrumbList","@id":"https:\/\/www.iseg.ulisboa.pt\/en\/about\/mission-vision\/#breadcrumb","itemListElement":[{"@type":"ListItem","position":1,"name":"Home","item":"https:\/\/www.iseg.ulisboa.pt\/"},{"@type":"ListItem","position":2,"name":"Sobre","item":"https:\/\/www.iseg.ulisboa.pt\/sobre\/"},{"@type":"ListItem","position":3,"name":"Miss\u00e3o e Vis\u00e3o"}]},{"@type":"WebSite","@id":"https:\/\/www.iseg.ulisboa.pt\/en\/#website","url":"https:\/\/www.iseg.ulisboa.pt\/en\/","name":"ISEG","description":"Lisbon School of Economics &amp; Management","publisher":{"@id":"https:\/\/www.iseg.ulisboa.pt\/en\/#organization"},"potentialAction":[{"@type":"SearchAction","target":{"@type":"EntryPoint","urlTemplate":"https:\/\/www.iseg.ulisboa.pt\/en\/?s={search_term_string}"},"query-input":"required name=search_term_string"}],"inLanguage":"en-US"},{"@type":"Organization","@id":"https:\/\/www.iseg.ulisboa.pt\/en\/#organization","name":"ISEG","url":"https:\/\/www.iseg.ulisboa.pt\/en\/","logo":{"@type":"ImageObject","inLanguage":"en-US","@id":"https:\/\/www.iseg.ulisboa.pt\/en\/#\/schema\/logo\/image\/","url":"https:\/\/www.iseg.ulisboa.pt\/wp-content\/uploads\/2021\/02\/iseg-logo-ul.svg","contentUrl":"https:\/\/www.iseg.ulisboa.pt\/wp-content\/uploads\/2021\/02\/iseg-logo-ul.svg","width":250,"height":120,"caption":"ISEG"},"image":{"@id":"https:\/\/www.iseg.ulisboa.pt\/en\/#\/schema\/logo\/image\/"},"sameAs":["https:\/\/www.facebook.com\/iseg.pt","https:\/\/x.com\/iseglisbon","https:\/\/www.instagram.com\/iseglisbon\/","https:\/\/www.linkedin.com\/school\/iseglisbon\/","https:\/\/www.youtube.com\/user\/DMREISEG"]}]}},"uagb_featured_image_src":{"full":false,"thumbnail":false,"medium":false,"medium_large":false,"large":false,"1536x1536":false,"2048x2048":false,"trp-custom-language-flag":false},"uagb_author_info":{"display_name":"Major","author_link":"https:\/\/www.iseg.ulisboa.pt\/en\/author\/leihla\/"},"uagb_comment_info":0,"uagb_excerpt":"Miss\u00e3o O ISEG tem por miss\u00e3o a cria\u00e7\u00e3o, transmiss\u00e3o e valoriza\u00e7\u00e3o social e econ\u00f3mica do conhecimento e da cultura nos dom\u00ednios das ci\u00eancias econ\u00f3micas, financeiras e empresariais, num quadro de&nbsp;[...]","_links":{"self":[{"href":"https:\/\/www.iseg.ulisboa.pt\/en\/wp-json\/wp\/v2\/pages\/174"}],"collection":[{"href":"https:\/\/www.iseg.ulisboa.pt\/en\/wp-json\/wp\/v2\/pages"}],"about":[{"href":"https:\/\/www.iseg.ulisboa.pt\/en\/wp-json\/wp\/v2\/types\/page"}],"author":[{"embeddable":true,"href":"https:\/\/www.iseg.ulisboa.pt\/en\/wp-json\/wp\/v2\/users\/2"}],"replies":[{"embeddable":true,"href":"https:\/\/www.iseg.ulisboa.pt\/en\/wp-json\/wp\/v2\/comments?post=174"}],"version-history":[{"count":0,"href":"https:\/\/www.iseg.ulisboa.pt\/en\/wp-json\/wp\/v2\/pages\/174\/revisions"}],"up":[{"embeddable":true,"href":"https:\/\/www.iseg.ulisboa.pt\/en\/wp-json\/wp\/v2\/pages\/176"}],"wp:attachment":[{"href":"https:\/\/www.iseg.ulisboa.pt\/en\/wp-json\/wp\/v2\/media?parent=174"}],"curies":[{"name":"wp","href":"https:\/\/api.w.org\/{rel}","templated":true}]}}