{"id":176,"date":"2020-12-30T18:25:20","date_gmt":"2020-12-30T18:25:20","guid":{"rendered":"https:\/\/iseg.gomo.dev\/?page_id=176"},"modified":"2025-06-03T10:54:37","modified_gmt":"2025-06-03T10:54:37","slug":"about","status":"publish","type":"page","link":"https:\/\/www.iseg.ulisboa.pt\/en\/about\/","title":{"rendered":"About"},"content":{"rendered":"<div class=\"course-intro\">\n\t<div class=\"course-intro__photo\">\n\t\t<div class=\"course-intro-anim-left-layer\"><\/div>\n\t\t<div class=\"course-intro-anim-right-layer\"><\/div>\n\t\t<img decoding=\"async\" src=\"https:\/\/www.iseg.ulisboa.pt\/wp-content\/uploads\/2021\/01\/hero-about.jpg\" class=\"image-cover\" alt=\"\" srcset=\"https:\/\/www.iseg.ulisboa.pt\/wp-content\/uploads\/2021\/01\/hero-about.jpg 1080w, https:\/\/www.iseg.ulisboa.pt\/wp-content\/uploads\/2021\/01\/hero-about-300x217.jpg 300w\" sizes=\"(max-width: 1080px) 100vw, 1080px\" \/>\t<\/div>\n\t<div class=\"container\">\n\t\t<header class=\"course-header\">\n\t\t\t\n<div class=\"breadcrumbs\">\n\t<a href=\"https:\/\/www.iseg.ulisboa.pt\/en\">Home<\/a><\/div>\n\n\t\t\t\t\t\n\t\t\t<h1 class=\"has-iseg-red-color\">Shaping the future since 1911.<\/h1>\n\t\t\t<div class=\"button-group\">\n\t\t\t\t\t\t\t\t\t\t\t<\/div>\n\t\t\t\t\t<\/header>\n\t<\/div>\n<\/div>\n\n<div class=\"block-intro-text has-iseg-white-color has-iseg-dark-grey-background\">\n\t<div class=\"intro-text\">There is always room for new ideas at ISEG. We are the first school of economics and management to be founded in Portugal and are now an integral part of the country's largest university, Universidade de Lisboa. We have a high standard of teaching, which is recognised by international education bodies and rankings such as the Financial Times, EQUIS, AACSB, and AMBA, based on a culture of permanent innovation and continuous collaboration between students and faculty. This strong reputation comes from the quality of our graduates, faculty, and research, as well as the impact of our activities on the community.<\/div>\n\t<div class=\"intro-text-anim-left-layer\"><\/div>\n\t<div class=\"intro-text-anim-right-layer\"><\/div>\n<\/div>\n\n\n<div class=\"block-key-numbers\">\n\t<div class=\"container\">\n\n\t\t<div class=\"block-key-numbers-list\">\n\t\t\t\t\t\t\t<div class=\"key-number-card one\">\n\t\t\t\t\t<div class=\"key-number-card-number\">#1<\/div>\n\t\t\t\t\t<div class=\"key-numbers-card-byline\">Part of Universidade de Lisboa \u2013 the Number 1 university in Portugal.<\/div>\n\t\t\t\t<\/div>\n\t\t\t\t\t\t\t<div class=\"key-number-card two\">\n\t\t\t\t\t<div class=\"key-number-card-number\">1%<\/div>\n\t\t\t\t\t<div class=\"key-numbers-card-byline\">In the top 1% of the best economics and management schools worldwide with EQUIS, AACS and AMBA accreditations<\/div>\n\t\t\t\t<\/div>\n\t\t\t\t\t\t\t<div class=\"key-number-card three\">\n\t\t\t\t\t<div class=\"key-number-card-number\">113<\/div>\n\t\t\t\t\t<div class=\"key-numbers-card-byline\">More than a century leading education in economics and management in Portugal<\/div>\n\t\t\t\t<\/div>\n\t\t\t\t\t\t\n\t\t<\/div>\n\n\t<\/div>\n<\/div>\n\n\n<div class=\"wp-block-columns is-layout-flex wp-container-core-columns-is-layout-1 wp-block-columns-is-layout-flex\">\n<div class=\"wp-block-column is-layout-flow wp-block-column-is-layout-flow\" style=\"flex-basis:66.66%\">\n<h2 class=\"wp-block-heading has-iseg-red-color has-text-color\">Dean\u2019s Welcome<\/h2>\n\n\n\n<p class=\"link-learnmore no-margin-bottom\"><a href=\"https:\/\/www.iseg.ulisboa.pt\/en\/about\/message-from-the-president\/\">Read the Dean's Welcome Message<\/a><\/p>\n<\/div>\n<\/div>\n\n\n<div class=\"block-testimonials\">\n\t<div class=\"container\">\n\t\t<div data-delay=\"4000\" data-autoplay=\"1\" data-animation=\"slide\" data-duration=\"500\" data-infinite=\"1\" class=\"testimonials-slider w-slider\">\n\t\t\t<div class=\"testimonials-slider__mask w-slider-mask\">\n\n\t\t\t\t\t\t\t\t\t<div class=\"testimonials-slider__slide w-slide\">\n\t\t\t\t\t\t<div class=\"testimonials-slider__slide-content\">\n\t\t\t\t\t\t\t<div class=\"testimonials-slider__slide-media\">\n\t\t\t\t\t\t\t\t<img decoding=\"async\" src=\"https:\/\/www.iseg.ulisboa.pt\/wp-content\/uploads\/2022\/11\/Joao-Duque-Square1.jpg\" class=\"image-cover\" alt=\"\" srcset=\"https:\/\/www.iseg.ulisboa.pt\/wp-content\/uploads\/2022\/11\/Joao-Duque-Square1.jpg 860w, https:\/\/www.iseg.ulisboa.pt\/wp-content\/uploads\/2022\/11\/Joao-Duque-Square1-300x300.jpg 300w, https:\/\/www.iseg.ulisboa.pt\/wp-content\/uploads\/2022\/11\/Joao-Duque-Square1-150x150.jpg 150w\" sizes=\"(max-width: 860px) 100vw, 860px\" \/>\t\t\t\t\t\t\t<\/div>\n\t\t\t\t\t\t\t<div class=\"testimonials-slider__slide-caption has-iseg-blue-background has-iseg-white-color\">\n\t\t\t\t\t\t\t\t<div class=\"testimonial-intro\">We are an eclectic school, open to the world, which challenges itself to respond to changes in the various areas of society.<\/div>\n\t\t\t\t\t\t\t\t<div class=\"testimonial-text\">Today we are a school that is based on ethical principles, innovation, and entrepreneurship, where three pillars grow from these: sustainability, internationalisation, and service to society.\u00a0<\/div>\n\t\t\t\t\t\t\t\t<div class=\"testimonial-person\">\n\t\t\t\t\t\t\t\t\t<strong>Jo\u00e3o Duque<br \/><\/strong>\t\t\t\t\t\t\t\t<\/div>\n\t\t\t\t\t\t\t<\/div>\n\t\t\t\t\t\t\t<img decoding=\"async\" src=\"https:\/\/www.iseg.ulisboa.pt\/wp-content\/themes\/iseg\/assets\/images\/icon-quote.svg\" loading=\"lazy\" alt=\"\" class=\"testimonial-quote-icon\" \/>\n\t\t\t\t\t\t<\/div>\n\t\t\t\t\t<\/div>\n\t\t\t\t\n\t\t\t<\/div>\n\t\t\t\t\t<\/div>\n\t<\/div>\n<\/div>\n\n<div class=\"block-hero\">\n\t<div class=\"block-hero-content\">\n\t\t<div class=\"container\">\n\t\t\t<div class=\"hero-subtitle\"><\/div>\n\t\t\t<h1 class=\"hero-title\"><\/h1>\n\t\t\t<div class=\"hero-description\"><\/div>\n\t\t\t\t\t<\/div>\n\t\t\t<\/div>\n\n\t\t\t<div data-poster-url=\"https:\/\/www.iseg.ulisboa.pt\/wp-content\/uploads\/2021\/01\/motion-imagine.jpg\" data-video-urls=\"https:\/\/www.iseg.ulisboa.pt\/wp-content\/uploads\/2021\/01\/motion-imagine.mp4\" data-autoplay=\"true\" data-loop=\"true\" data-wf-ignore=\"true\" class=\"block-hero-video w-background-video w-background-video-atom\">\n\t\t\t<video autoplay=\"\" loop=\"\" style=\"background-image: url('https:\/\/www.iseg.ulisboa.pt\/wp-content\/uploads\/2021\/01\/motion-imagine.jpg')\" muted=\"\" playsinline=\"\" data-wf-ignore=\"true\" data-object-fit=\"cover\">\n\t\t\t\t<source src=\"https:\/\/www.iseg.ulisboa.pt\/wp-content\/uploads\/2021\/01\/motion-imagine.mp4\" data-wf-ignore=\"true\" \/>\n\t\t\t<\/video>\n\t\t<\/div>\t\t\n\t\n\t\n<\/div>\n\n\n<div style=\"height:100px\" aria-hidden=\"true\" class=\"wp-block-spacer\"><\/div>\n\n\n\n<div class=\"wp-block-columns is-layout-flex wp-container-core-columns-is-layout-2 wp-block-columns-is-layout-flex\">\n<div class=\"wp-block-column is-layout-flow wp-block-column-is-layout-flow\">\n<h1 class=\"wp-block-heading has-iseg-red-color has-text-color\">Mission &amp; Vision<\/h1>\n<\/div>\n\n\n\n<div class=\"wp-block-column is-layout-flow wp-block-column-is-layout-flow\">\n<p>ISEG\u2019s mission is to create, share and enhance the socio-economic value of knowledge and culture in the fields of Economics, Finance and Business, through an approach based on plurality, the guarantee of freedom of intellectual and scientific expression, and respect for ethical principles and social responsibility.<\/p>\n\n\n\n<p class=\"link-learnmore\"><a href=\"\/en\/about\/mission-vision\/\">Find out more<\/a><\/p>\n<\/div>\n<\/div>\n\n\n\n<!-- Media\/text -->\n<div class=\"block-media-text\">\n\t<div class=\"container\">\n\t\t<div class=\"block-media-text__container\">\n\t\t\t<img decoding=\"async\" src=\"https:\/\/www.iseg.ulisboa.pt\/wp-content\/themes\/iseg\/assets\/images\/red-shape.svg\" loading=\"lazy\" alt=\"shape\" class=\"block-media-text__red-shape\" \/>\n\t\t\t<figure class=\"block-media-text__media\">\n\t\t\t\t<div class=\"media-text-anim-left-layer\"><\/div>\n\t\t\t\t<div class=\"media-text-anim-right-layer\"><\/div>\n\t\t\t\t<img decoding=\"async\" src=\"https:\/\/www.iseg.ulisboa.pt\/wp-content\/uploads\/2021\/01\/history.jpg\" class=\"image-cover\" alt=\"\" srcset=\"https:\/\/www.iseg.ulisboa.pt\/wp-content\/uploads\/2021\/01\/history.jpg 1080w, https:\/\/www.iseg.ulisboa.pt\/wp-content\/uploads\/2021\/01\/history-300x225.jpg 300w\" sizes=\"(max-width: 1080px) 100vw, 1080px\" \/>\t\t\t<\/figure>\n\t\t\t<div class=\"block-media-text__content\">\n\t\t\t\t<h2 class=\"block-media-text__heading\">History<\/h2>\n\t\t\t\t<p class=\"block-media-text__paragraph\">Officially founded in 1911, ISEG\u2019s history goes back to the \u201cCommerce Class\u201d (Aula de Com\u00e9rcio), which was created in 1759 by order of the Marquis of Pombal to provide a secondary level education in technical and commercial activities.<\/p>\n\t\t\t\t\t\t\t\t\t<a href=\"https:\/\/www.iseg.ulisboa.pt\/en\/about\/history\/\" class=\"link-learnmore\" title=\"Find out more\" target=\"_self\">\n\t\t\t\t\t\tFind out more\t\t\t\t\t<\/a>\n\t\t\t\t\t\t\t<\/div>\n\t\t<\/div>\n\t<\/div>\n<\/div>\n\n\n\n<!-- Media\/text -->\n<div class=\"block-media-text-inverted\">\n\t<div class=\"container\">\n\t\t<div class=\"block-media-text-inverted__container\">\n\t\t\t<img decoding=\"async\" src=\"https:\/\/www.iseg.ulisboa.pt\/wp-content\/themes\/iseg\/assets\/images\/red-shape-inverted.svg\" loading=\"lazy\" alt=\"shape\" class=\"block-media-text-inverted__red-shape\" \/>\n\t\t\t<figure class=\"block-media-text-inverted__media\">\n\t\t\t\t<div class=\"media-text-anim-left-layer\"><\/div>\n\t\t\t\t<div class=\"media-text-anim-right-layer\"><\/div>\n\t\t\t\t<img decoding=\"async\" src=\"https:\/\/www.iseg.ulisboa.pt\/wp-content\/uploads\/2021\/01\/leadership.jpg\" class=\"image-cover\" alt=\"\" srcset=\"https:\/\/www.iseg.ulisboa.pt\/wp-content\/uploads\/2021\/01\/leadership.jpg 1080w, https:\/\/www.iseg.ulisboa.pt\/wp-content\/uploads\/2021\/01\/leadership-300x225.jpg 300w\" sizes=\"(max-width: 1080px) 100vw, 1080px\" \/>\t\t\t<\/figure>\n\t\t\t<div class=\"block-media-text-inverted__content\">\n\t\t\t\t<h2 class=\"block-media-text-inverted__heading\">Leadership &amp; Governance<\/h2>\n\t\t\t\t<p class=\"block-media-text__paragraph\">ISEG\u2019s leadership team ensures the anticipation of new trends and the adaption and response to contemporary challenges, while fostering a collaborative, multi-cultural, and open-minded environment for our students.<\/p>\n\t\t\t\t\t\t\t\t\t<a href=\"https:\/\/www.iseg.ulisboa.pt\/en\/about\/leadership-organisation\/\" class=\"link-learnmore\" title=\"Find out more\" target=\"_self\">\n\t\t\t\t\t\tFind out more\t\t\t\t\t<\/a>\n\t\t\t\t\t\t\t<\/div>\n\t\t<\/div>\n\t<\/div>\n<\/div>\n\n\n\n<!-- Media\/text -->\n<div class=\"block-media-text\">\n\t<div class=\"container\">\n\t\t<div class=\"block-media-text__container\">\n\t\t\t<img decoding=\"async\" src=\"https:\/\/www.iseg.ulisboa.pt\/wp-content\/themes\/iseg\/assets\/images\/red-shape.svg\" loading=\"lazy\" alt=\"shape\" class=\"block-media-text__red-shape\" \/>\n\t\t\t<figure class=\"block-media-text__media\">\n\t\t\t\t<div class=\"media-text-anim-left-layer\"><\/div>\n\t\t\t\t<div class=\"media-text-anim-right-layer\"><\/div>\n\t\t\t\t<img decoding=\"async\" src=\"https:\/\/www.iseg.ulisboa.pt\/wp-content\/uploads\/2021\/01\/ulisboa.jpg\" class=\"image-cover\" alt=\"\" srcset=\"https:\/\/www.iseg.ulisboa.pt\/wp-content\/uploads\/2021\/01\/ulisboa.jpg 1080w, https:\/\/www.iseg.ulisboa.pt\/wp-content\/uploads\/2021\/01\/ulisboa-300x225.jpg 300w\" sizes=\"(max-width: 1080px) 100vw, 1080px\" \/>\t\t\t<\/figure>\n\t\t\t<div class=\"block-media-text__content\">\n\t\t\t\t<h2 class=\"block-media-text__heading\">ULisboa<\/h2>\n\t\t\t\t<p class=\"block-media-text__paragraph\">ISEG is part of Universidade de Lisboa, the largest and most prestigious university in Portugal and one of Europe\u2019s leading universities, with a community of over 50,000 students.<\/p>\n\t\t\t\t\t\t\t\t\t<a href=\"https:\/\/www.ulisboa.pt\/pt\" class=\"link-learnmore\" title=\"Find out more\" target=\"_blank\">\n\t\t\t\t\t\tFind out more\t\t\t\t\t<\/a>\n\t\t\t\t\t\t\t<\/div>\n\t\t<\/div>\n\t<\/div>\n<\/div>\n\n\n<div class=\"block-additional-resources\">\n\t<div class=\"container\">\n\t\t<h3 class=\"has-iseg-red-color\">Additional Resources<\/h3>\n\t\t<div class=\"block-resources\">\n\t\t\t\t\t\t\t\t<a href=\"https:\/\/www.iseg.ulisboa.pt\/en\/about\/documents-legislation\/\" class=\"block-resources__item\" title=\"Documents &amp; Legislation\" target=\"_self\">\n\t\t\t\t\t\tDocuments &amp; Legislation\t\t\t\t\t<\/a>\n\t\t\t\t\t\t\t\t\t\t\t\t<a href=\"https:\/\/www.iseg.ulisboa.pt\/en\/live-iseg\/campus\/\" class=\"block-resources__item\" title=\"ISEG Campus\" target=\"_self\">\n\t\t\t\t\t\tISEG Campus\t\t\t\t\t<\/a>\n\t\t\t\t\t\t\t\t\t\t\t\t<a href=\"https:\/\/www.iseg.ulisboa.pt\/en\/contacts\/\" class=\"block-resources__item\" title=\"Contacts\" target=\"_self\">\n\t\t\t\t\t\tContacts\t\t\t\t\t<\/a>\n\t\t\t\t\t\t\t\t\t<\/div>\n\t<\/div>\n<\/div>\n\n\n<div class=\"block-accreditations\">\n\t<div class=\"container\">\n\t\t<div class=\"accreditations-list\">\n\t\t\t\n\t\t\t<div>\n\t\t\t\t<div class=\"accreditation-type\">Rankings<\/div>\n\t\t\t\t<div class=\"accreditations-rankings\">\n\t\t\t\t\t\t\t\t\t\t\t<img decoding=\"async\" src=\"https:\/\/www.iseg.ulisboa.pt\/wp-content\/uploads\/FT-Rankings-1.png\" loading=\"lazy\" width=\"200\" alt=\"\" class=\"accreditation-logo\" \/>\n\t\t\t\t\t\t\t\t\t\t\t<img decoding=\"async\" src=\"https:\/\/www.iseg.ulisboa.pt\/wp-content\/uploads\/2022\/08\/CEO.png\" loading=\"lazy\" width=\"68\" alt=\"\" class=\"accreditation-logo\" \/>\n\t\t\t\t\t\t\t\t\t\t\t<img decoding=\"async\" src=\"https:\/\/www.iseg.ulisboa.pt\/wp-content\/uploads\/2021\/04\/Eduniversal.png\" loading=\"lazy\" width=\"55\" alt=\"\" class=\"accreditation-logo\" \/>\n\t\t\t\t\t\t\t\t\t<\/div>\n\t\t\t<\/div>\n\t\t\t\n\t\t\t<div>\n\t\t\t\t<div class=\"accreditation-type\">Member<\/div>\n\t\t\t\t<div class=\"accreditations-member\">\n\t\t\t\t\t\t\t\t\t\t\t<img decoding=\"async\" src=\"https:\/\/www.iseg.ulisboa.pt\/wp-content\/uploads\/2021\/01\/efmd.png\" loading=\"lazy\" width=\"128\" alt=\"\" class=\"accreditation-logo\" \/>\n\t\t\t\t\t\t\t\t\t\t\t<img decoding=\"async\" src=\"https:\/\/www.iseg.ulisboa.pt\/wp-content\/uploads\/2021\/01\/prime.png\" loading=\"lazy\" width=\"180\" alt=\"\" class=\"accreditation-logo\" \/>\n\t\t\t\t\t\t\t\t\t\t\t<img decoding=\"async\" src=\"https:\/\/www.iseg.ulisboa.pt\/wp-content\/uploads\/2021\/01\/alianca.png\" loading=\"lazy\" width=\"179\" alt=\"\" class=\"accreditation-logo\" \/>\n\t\t\t\t\t\t\t\t\t\t\t<img decoding=\"async\" src=\"https:\/\/www.iseg.ulisboa.pt\/wp-content\/uploads\/2021\/01\/grli.png\" loading=\"lazy\" width=\"94\" alt=\"\" class=\"accreditation-logo\" \/>\n\t\t\t\t\t\t\t\t\t\t\t<img decoding=\"async\" src=\"https:\/\/www.iseg.ulisboa.pt\/wp-content\/uploads\/HERMES.png\" loading=\"lazy\" width=\"100\" alt=\"\" class=\"accreditation-logo\" \/>\n\t\t\t\t\t\t\t\t\t<\/div>\n\t\t\t<\/div>\n\n\t\t\t<div id=\"w-node-6883ea78104e-a939fddd\">\n\t\t\t\t<div class=\"accreditation-type\">Accreditation &amp; Partnerships<\/div>\n\t\t\t\t<div class=\"accreditations-partners\">\n\t\t\t\t\t\t\t\t\t\t\t<img decoding=\"async\" src=\"https:\/\/www.iseg.ulisboa.pt\/wp-content\/uploads\/EQUIS-Accredited@300x-8.png\" loading=\"lazy\" width=\"120\" alt=\"\" class=\"accreditation-logo\" \/>\n\t\t\t\t\t\t\t\t\t\t\t<img decoding=\"async\" src=\"https:\/\/www.iseg.ulisboa.pt\/wp-content\/uploads\/2021\/01\/aacsb.png\" loading=\"lazy\" width=\"164\" alt=\"\" class=\"accreditation-logo\" \/>\n\t\t\t\t\t\t\t\t\t\t\t<img decoding=\"async\" src=\"https:\/\/www.iseg.ulisboa.pt\/wp-content\/uploads\/2021\/01\/amba.png\" loading=\"lazy\" width=\"161\" alt=\"\" class=\"accreditation-logo\" \/>\n\t\t\t\t\t\t\t\t\t\t\t<img decoding=\"async\" src=\"https:\/\/www.iseg.ulisboa.pt\/wp-content\/uploads\/2021\/01\/a3es.png\" loading=\"lazy\" width=\"124\" alt=\"\" class=\"accreditation-logo\" \/>\n\t\t\t\t\t\t\t\t\t\t\t<img decoding=\"async\" src=\"https:\/\/www.iseg.ulisboa.pt\/wp-content\/uploads\/2021\/01\/rics.png\" loading=\"lazy\" width=\"151\" alt=\"\" class=\"accreditation-logo\" \/>\n\t\t\t\t\t\t\t\t\t\t\t<img decoding=\"async\" src=\"https:\/\/www.iseg.ulisboa.pt\/wp-content\/uploads\/2021\/01\/pmi.png\" loading=\"lazy\" width=\"164\" alt=\"\" class=\"accreditation-logo\" \/>\n\t\t\t\t\t\t\t\t\t\t\t<img decoding=\"async\" src=\"https:\/\/www.iseg.ulisboa.pt\/wp-content\/uploads\/2021\/01\/cfa-institute.png\" loading=\"lazy\" width=\"102\" alt=\"\" class=\"accreditation-logo\" \/>\n\t\t\t\t\t\t\t\t\t\t\t<img decoding=\"async\" src=\"https:\/\/www.iseg.ulisboa.pt\/wp-content\/uploads\/2021\/01\/actuaries.png\" loading=\"lazy\" width=\"160\" alt=\"\" class=\"accreditation-logo\" \/>\n\t\t\t\t\t\t\t\t\t<\/div>\n\t\t\t<\/div>\n\n\t\t<\/div>\n\t<\/div>\n<\/div>","protected":false},"excerpt":{"rendered":"There is always room for new ideas at ISEG. We were the first school of economics and management founded in Portugal and now we are part of the largest university in the country, the University of Lisbon.","protected":false},"author":2,"featured_media":0,"parent":0,"menu_order":0,"comment_status":"closed","ping_status":"closed","template":"tpl-page-blocks.php","meta":{"inline_featured_image":false,"_uag_custom_page_level_css":"","footnotes":""},"acf":[],"yoast_head":"<!-- This site is optimized with the Yoast SEO plugin v22.6 - https:\/\/yoast.com\/wordpress\/plugins\/seo\/ -->\n<title>Sobre - ISEG<\/title>\n<meta name=\"robots\" content=\"index, follow, max-snippet:-1, max-image-preview:large, max-video-preview:-1\" \/>\n<link rel=\"canonical\" href=\"https:\/\/www.iseg.ulisboa.pt\/en\/about\/\" \/>\n<meta name=\"twitter:label1\" content=\"Est. reading time\" \/>\n\t<meta name=\"twitter:data1\" content=\"1 minute\" \/>\n<script type=\"application\/ld+json\" class=\"yoast-schema-graph\">{\"@context\":\"https:\/\/schema.org\",\"@graph\":[{\"@type\":\"WebPage\",\"@id\":\"https:\/\/www.iseg.ulisboa.pt\/en\/about\/\",\"url\":\"https:\/\/www.iseg.ulisboa.pt\/en\/about\/\",\"name\":\"Sobre - ISEG\",\"isPartOf\":{\"@id\":\"https:\/\/www.iseg.ulisboa.pt\/en\/#website\"},\"datePublished\":\"2020-12-30T18:25:20+00:00\",\"dateModified\":\"2025-06-03T10:54:37+00:00\",\"breadcrumb\":{\"@id\":\"https:\/\/www.iseg.ulisboa.pt\/en\/about\/#breadcrumb\"},\"inLanguage\":\"en-US\",\"potentialAction\":[{\"@type\":\"ReadAction\",\"target\":[\"https:\/\/www.iseg.ulisboa.pt\/en\/about\/\"]}]},{\"@type\":\"BreadcrumbList\",\"@id\":\"https:\/\/www.iseg.ulisboa.pt\/en\/about\/#breadcrumb\",\"itemListElement\":[{\"@type\":\"ListItem\",\"position\":1,\"name\":\"Home\",\"item\":\"https:\/\/www.iseg.ulisboa.pt\/\"},{\"@type\":\"ListItem\",\"position\":2,\"name\":\"Sobre\"}]},{\"@type\":\"WebSite\",\"@id\":\"https:\/\/www.iseg.ulisboa.pt\/en\/#website\",\"url\":\"https:\/\/www.iseg.ulisboa.pt\/en\/\",\"name\":\"ISEG\",\"description\":\"Lisbon School of Economics &amp; Management\",\"publisher\":{\"@id\":\"https:\/\/www.iseg.ulisboa.pt\/en\/#organization\"},\"potentialAction\":[{\"@type\":\"SearchAction\",\"target\":{\"@type\":\"EntryPoint\",\"urlTemplate\":\"https:\/\/www.iseg.ulisboa.pt\/en\/?s={search_term_string}\"},\"query-input\":\"required name=search_term_string\"}],\"inLanguage\":\"en-US\"},{\"@type\":\"Organization\",\"@id\":\"https:\/\/www.iseg.ulisboa.pt\/en\/#organization\",\"name\":\"ISEG\",\"url\":\"https:\/\/www.iseg.ulisboa.pt\/en\/\",\"logo\":{\"@type\":\"ImageObject\",\"inLanguage\":\"en-US\",\"@id\":\"https:\/\/www.iseg.ulisboa.pt\/en\/#\/schema\/logo\/image\/\",\"url\":\"https:\/\/www.iseg.ulisboa.pt\/wp-content\/uploads\/2021\/02\/iseg-logo-ul.svg\",\"contentUrl\":\"https:\/\/www.iseg.ulisboa.pt\/wp-content\/uploads\/2021\/02\/iseg-logo-ul.svg\",\"width\":250,\"height\":120,\"caption\":\"ISEG\"},\"image\":{\"@id\":\"https:\/\/www.iseg.ulisboa.pt\/en\/#\/schema\/logo\/image\/\"},\"sameAs\":[\"https:\/\/www.facebook.com\/iseg.pt\",\"https:\/\/x.com\/iseglisbon\",\"https:\/\/www.instagram.com\/iseglisbon\/\",\"https:\/\/www.linkedin.com\/school\/iseglisbon\/\",\"https:\/\/www.youtube.com\/user\/DMREISEG\"]}]}<\/script>\n<!-- \/ Yoast SEO plugin. -->","yoast_head_json":{"title":"About - ISEG","robots":{"index":"index","follow":"follow","max-snippet":"max-snippet:-1","max-image-preview":"max-image-preview:large","max-video-preview":"max-video-preview:-1"},"canonical":"https:\/\/www.iseg.ulisboa.pt\/en\/about\/","twitter_misc":{"Est. reading time":"1 minute"},"schema":{"@context":"https:\/\/schema.org","@graph":[{"@type":"WebPage","@id":"https:\/\/www.iseg.ulisboa.pt\/en\/about\/","url":"https:\/\/www.iseg.ulisboa.pt\/en\/about\/","name":"About - ISEG","isPartOf":{"@id":"https:\/\/www.iseg.ulisboa.pt\/en\/#website"},"datePublished":"2020-12-30T18:25:20+00:00","dateModified":"2025-06-03T10:54:37+00:00","breadcrumb":{"@id":"https:\/\/www.iseg.ulisboa.pt\/en\/about\/#breadcrumb"},"inLanguage":"en-US","potentialAction":[{"@type":"ReadAction","target":["https:\/\/www.iseg.ulisboa.pt\/en\/about\/"]}]},{"@type":"BreadcrumbList","@id":"https:\/\/www.iseg.ulisboa.pt\/en\/about\/#breadcrumb","itemListElement":[{"@type":"ListItem","position":1,"name":"Home","item":"https:\/\/www.iseg.ulisboa.pt\/"},{"@type":"ListItem","position":2,"name":"Sobre"}]},{"@type":"WebSite","@id":"https:\/\/www.iseg.ulisboa.pt\/en\/#website","url":"https:\/\/www.iseg.ulisboa.pt\/en\/","name":"ISEG","description":"Lisbon School of Economics &amp; Management","publisher":{"@id":"https:\/\/www.iseg.ulisboa.pt\/en\/#organization"},"potentialAction":[{"@type":"SearchAction","target":{"@type":"EntryPoint","urlTemplate":"https:\/\/www.iseg.ulisboa.pt\/en\/?s={search_term_string}"},"query-input":"required name=search_term_string"}],"inLanguage":"en-US"},{"@type":"Organization","@id":"https:\/\/www.iseg.ulisboa.pt\/en\/#organization","name":"ISEG","url":"https:\/\/www.iseg.ulisboa.pt\/en\/","logo":{"@type":"ImageObject","inLanguage":"en-US","@id":"https:\/\/www.iseg.ulisboa.pt\/en\/#\/schema\/logo\/image\/","url":"https:\/\/www.iseg.ulisboa.pt\/wp-content\/uploads\/2021\/02\/iseg-logo-ul.svg","contentUrl":"https:\/\/www.iseg.ulisboa.pt\/wp-content\/uploads\/2021\/02\/iseg-logo-ul.svg","width":250,"height":120,"caption":"ISEG"},"image":{"@id":"https:\/\/www.iseg.ulisboa.pt\/en\/#\/schema\/logo\/image\/"},"sameAs":["https:\/\/www.facebook.com\/iseg.pt","https:\/\/x.com\/iseglisbon","https:\/\/www.instagram.com\/iseglisbon\/","https:\/\/www.linkedin.com\/school\/iseglisbon\/","https:\/\/www.youtube.com\/user\/DMREISEG"]}]}},"uagb_featured_image_src":{"full":false,"thumbnail":false,"medium":false,"medium_large":false,"large":false,"1536x1536":false,"2048x2048":false,"trp-custom-language-flag":false},"uagb_author_info":{"display_name":"Major","author_link":"https:\/\/www.iseg.ulisboa.pt\/en\/author\/leihla\/"},"uagb_comment_info":0,"uagb_excerpt":"H\u00e1 sempre espa\u00e7o para novas ideias no ISEG. Fomos a primeira escola de economia e gest\u00e3o fundada em Portugal e agora fazemos parte da maior universidade do pa\u00eds, a Universidade de Lisboa.","_links":{"self":[{"href":"https:\/\/www.iseg.ulisboa.pt\/en\/wp-json\/wp\/v2\/pages\/176"}],"collection":[{"href":"https:\/\/www.iseg.ulisboa.pt\/en\/wp-json\/wp\/v2\/pages"}],"about":[{"href":"https:\/\/www.iseg.ulisboa.pt\/en\/wp-json\/wp\/v2\/types\/page"}],"author":[{"embeddable":true,"href":"https:\/\/www.iseg.ulisboa.pt\/en\/wp-json\/wp\/v2\/users\/2"}],"replies":[{"embeddable":true,"href":"https:\/\/www.iseg.ulisboa.pt\/en\/wp-json\/wp\/v2\/comments?post=176"}],"version-history":[{"count":0,"href":"https:\/\/www.iseg.ulisboa.pt\/en\/wp-json\/wp\/v2\/pages\/176\/revisions"}],"wp:attachment":[{"href":"https:\/\/www.iseg.ulisboa.pt\/en\/wp-json\/wp\/v2\/media?parent=176"}],"curies":[{"name":"wp","href":"https:\/\/api.w.org\/{rel}","templated":true}]}}