{"id":202,"date":"2020-12-30T19:11:31","date_gmt":"2020-12-30T19:11:31","guid":{"rendered":"https:\/\/iseg.gomo.dev\/?page_id=202"},"modified":"2026-02-13T12:33:47","modified_gmt":"2026-02-13T12:33:47","slug":"documents-legislation","status":"publish","type":"page","link":"https:\/\/www.iseg.ulisboa.pt\/en\/about\/documents-legislation\/","title":{"rendered":"Documents &amp; Legislation"},"content":{"rendered":"<hr class=\"wp-block-separator has-css-opacity\"\/>\n\n\n\n<h3 class=\"wp-block-heading\"><strong>ISEG's Strategic Plan<\/strong><\/h3>\n\n\n\n<p>Details of ISEG\u2019s strategic plan and current year activities plan can be consulted here.<\/p>\n\n\n\n<p><a rel=\"noreferrer noopener\" href=\"https:\/\/www.iseg.ulisboa.pt\/wp-content\/uploads\/2021\/07\/STRATEGIC-PLAN-2018-2022-Follow-Up-Dez-2020-Final.pdf\" data-type=\"URL\" target=\"_blank\">ISEG Strategic Plan &amp; Activities<\/a><\/p>\n\n\n\n<hr class=\"wp-block-separator has-css-opacity\"\/>\n\n\n\n<h3 class=\"wp-block-heading\"><strong><strong>Legislation, Rules, and Regulations<\/strong><\/strong><\/h3>\n\n\n\n<p>Consult the documents here that govern our operating processes, as well as Universidade de Lisboa\u2019s  legislation and ISEG\u2019s Rules and Regulations:<\/p>\n\n\n\n<ul>\n<li><a href=\"https:\/\/www.iseg.ulisboa.pt\/en\/general-legislation\/\" target=\"_blank\" rel=\"noreferrer noopener\">General Legislation<\/a><\/li>\n\n\n\n<li><a rel=\"noreferrer noopener\" href=\"https:\/\/www.ulisboa.pt\/info\/legislacao-0\" data-type=\"URL\" data-id=\"https:\/\/www.ulisboa.pt\/info\/legislacao-0\" target=\"_blank\">ULisboa Legislation<\/a><\/li>\n\n\n\n<li><a href=\"https:\/\/www.iseg.ulisboa.pt\/en\/about\/documents-legislation\/legislation\/\" target=\"_blank\" rel=\"noreferrer noopener\">ISEG Legislation<\/a><\/li>\n<\/ul>\n\n\n\n<hr class=\"wp-block-separator has-css-opacity\"\/>\n\n\n\n<h3 class=\"wp-block-heading\"><strong><strong>Public consultation<\/strong><\/strong><\/h3>\n\n\n\n<p>Documents in Public Consultation:<\/p>\n\n\n\n<ul>\n<li><a href=\"https:\/\/www.iseg.ulisboa.pt\/wp-content\/uploads\/Alteracao-ao-Artigo-40.o-dos-Estatutos-do-ISEG.pdf\" target=\"_blank\" rel=\"noreferrer noopener\">Amendment to art. 40 of the ISEG Statutes<\/a> in Public Consultation until 30\/03\/2026. DR Notice <a href=\"https:\/\/www.iseg.ulisboa.pt\/wp-content\/uploads\/Aviso-extrato-n.o-3225-2026-2.pdf\" target=\"_blank\" rel=\"noreferrer noopener\">here<\/a><\/li>\n<\/ul>\n\n\n\n<hr class=\"wp-block-separator has-css-opacity\"\/>\n\n\n\n<h3 class=\"wp-block-heading\"><strong><strong>Announcements<\/strong><\/strong><\/h3>\n\n\n\n<ul>\n<li><a href=\"https:\/\/www.iseg.ulisboa.pt\/wp-content\/uploads\/15-27-20-066.pdf\" target=\"_blank\" rel=\"noreferrer noopener\">Convocation of the Chairman of the Management Department - 4.10.2024<\/a><\/li>\n<\/ul>\n\n\n\n<hr class=\"wp-block-separator has-alpha-channel-opacity\"\/>\n\n\n\n<h3 class=\"wp-block-heading\"><strong><strong>Process and Quality Management<\/strong><\/strong><\/h3>\n\n\n\n<p>ISEG promotes the quality assurance and continuous improvement of all the processes that contribute to the execution and fulfillment of its mission. For this purpose, ISEG has implemented a structured and integrated quality system comprised of rules and regulations, mechanisms, and procedures designed to govern the actions and behaviour of all ISEG\u2019s stakeholders (faculty, non-faculty  staff, and students), all of which are driven by the common objective to achieve its institutional objectives.<\/p>\n\n\n\n<p><a href=\"https:\/\/www.iseg.ulisboa.pt\/en\/about\/process-and-quality-management\/\" target=\"_blank\" rel=\"noreferrer noopener\">Website<\/a><\/p>","protected":false},"excerpt":{"rendered":"ISEG Strategic Plan Get to know the strategic and activity plan for the current year ISEG Activity Plan Regulations and Legislation Get to know the documents that guide our operation, as well as [...]","protected":false},"author":2,"featured_media":0,"parent":176,"menu_order":5,"comment_status":"closed","ping_status":"closed","template":"","meta":{"inline_featured_image":false,"_uag_custom_page_level_css":"","footnotes":""},"acf":[],"yoast_head":"<!-- This site is optimized with the Yoast SEO plugin v22.6 - https:\/\/yoast.com\/wordpress\/plugins\/seo\/ -->\n<title>Documentos e Legisla\u00e7\u00e3o - ISEG<\/title>\n<meta name=\"robots\" content=\"index, follow, max-snippet:-1, max-image-preview:large, max-video-preview:-1\" \/>\n<link rel=\"canonical\" href=\"https:\/\/www.iseg.ulisboa.pt\/en\/about\/documents-legislation\/\" \/>\n<meta name=\"twitter:label1\" content=\"Est. reading time\" \/>\n\t<meta name=\"twitter:data1\" content=\"1 minute\" \/>\n<script type=\"application\/ld+json\" class=\"yoast-schema-graph\">{\"@context\":\"https:\/\/schema.org\",\"@graph\":[{\"@type\":\"WebPage\",\"@id\":\"https:\/\/www.iseg.ulisboa.pt\/en\/about\/documents-legislation\/\",\"url\":\"https:\/\/www.iseg.ulisboa.pt\/en\/about\/documents-legislation\/\",\"name\":\"Documentos e Legisla\u00e7\u00e3o - ISEG\",\"isPartOf\":{\"@id\":\"https:\/\/www.iseg.ulisboa.pt\/en\/#website\"},\"datePublished\":\"2020-12-30T19:11:31+00:00\",\"dateModified\":\"2026-02-13T12:33:47+00:00\",\"breadcrumb\":{\"@id\":\"https:\/\/www.iseg.ulisboa.pt\/en\/about\/documents-legislation\/#breadcrumb\"},\"inLanguage\":\"en-US\",\"potentialAction\":[{\"@type\":\"ReadAction\",\"target\":[\"https:\/\/www.iseg.ulisboa.pt\/en\/about\/documents-legislation\/\"]}]},{\"@type\":\"BreadcrumbList\",\"@id\":\"https:\/\/www.iseg.ulisboa.pt\/en\/about\/documents-legislation\/#breadcrumb\",\"itemListElement\":[{\"@type\":\"ListItem\",\"position\":1,\"name\":\"Home\",\"item\":\"https:\/\/www.iseg.ulisboa.pt\/\"},{\"@type\":\"ListItem\",\"position\":2,\"name\":\"Sobre\",\"item\":\"https:\/\/www.iseg.ulisboa.pt\/sobre\/\"},{\"@type\":\"ListItem\",\"position\":3,\"name\":\"Documentos e Legisla\u00e7\u00e3o\"}]},{\"@type\":\"WebSite\",\"@id\":\"https:\/\/www.iseg.ulisboa.pt\/en\/#website\",\"url\":\"https:\/\/www.iseg.ulisboa.pt\/en\/\",\"name\":\"ISEG\",\"description\":\"Lisbon School of Economics &amp; Management\",\"publisher\":{\"@id\":\"https:\/\/www.iseg.ulisboa.pt\/en\/#organization\"},\"potentialAction\":[{\"@type\":\"SearchAction\",\"target\":{\"@type\":\"EntryPoint\",\"urlTemplate\":\"https:\/\/www.iseg.ulisboa.pt\/en\/?s={search_term_string}\"},\"query-input\":\"required name=search_term_string\"}],\"inLanguage\":\"en-US\"},{\"@type\":\"Organization\",\"@id\":\"https:\/\/www.iseg.ulisboa.pt\/en\/#organization\",\"name\":\"ISEG\",\"url\":\"https:\/\/www.iseg.ulisboa.pt\/en\/\",\"logo\":{\"@type\":\"ImageObject\",\"inLanguage\":\"en-US\",\"@id\":\"https:\/\/www.iseg.ulisboa.pt\/en\/#\/schema\/logo\/image\/\",\"url\":\"https:\/\/www.iseg.ulisboa.pt\/wp-content\/uploads\/2021\/02\/iseg-logo-ul.svg\",\"contentUrl\":\"https:\/\/www.iseg.ulisboa.pt\/wp-content\/uploads\/2021\/02\/iseg-logo-ul.svg\",\"width\":250,\"height\":120,\"caption\":\"ISEG\"},\"image\":{\"@id\":\"https:\/\/www.iseg.ulisboa.pt\/en\/#\/schema\/logo\/image\/\"},\"sameAs\":[\"https:\/\/www.facebook.com\/iseg.pt\",\"https:\/\/x.com\/iseglisbon\",\"https:\/\/www.instagram.com\/iseglisbon\/\",\"https:\/\/www.linkedin.com\/school\/iseglisbon\/\",\"https:\/\/www.youtube.com\/user\/DMREISEG\"]}]}<\/script>\n<!-- \/ Yoast SEO plugin. -->","yoast_head_json":{"title":"Documents and Legislation - ISEG","robots":{"index":"index","follow":"follow","max-snippet":"max-snippet:-1","max-image-preview":"max-image-preview:large","max-video-preview":"max-video-preview:-1"},"canonical":"https:\/\/www.iseg.ulisboa.pt\/en\/about\/documents-legislation\/","twitter_misc":{"Est. reading time":"1 minute"},"schema":{"@context":"https:\/\/schema.org","@graph":[{"@type":"WebPage","@id":"https:\/\/www.iseg.ulisboa.pt\/en\/about\/documents-legislation\/","url":"https:\/\/www.iseg.ulisboa.pt\/en\/about\/documents-legislation\/","name":"Documents and Legislation - ISEG","isPartOf":{"@id":"https:\/\/www.iseg.ulisboa.pt\/en\/#website"},"datePublished":"2020-12-30T19:11:31+00:00","dateModified":"2026-02-13T12:33:47+00:00","breadcrumb":{"@id":"https:\/\/www.iseg.ulisboa.pt\/en\/about\/documents-legislation\/#breadcrumb"},"inLanguage":"en-US","potentialAction":[{"@type":"ReadAction","target":["https:\/\/www.iseg.ulisboa.pt\/en\/about\/documents-legislation\/"]}]},{"@type":"BreadcrumbList","@id":"https:\/\/www.iseg.ulisboa.pt\/en\/about\/documents-legislation\/#breadcrumb","itemListElement":[{"@type":"ListItem","position":1,"name":"Home","item":"https:\/\/www.iseg.ulisboa.pt\/"},{"@type":"ListItem","position":2,"name":"Sobre","item":"https:\/\/www.iseg.ulisboa.pt\/sobre\/"},{"@type":"ListItem","position":3,"name":"Documentos e Legisla\u00e7\u00e3o"}]},{"@type":"WebSite","@id":"https:\/\/www.iseg.ulisboa.pt\/en\/#website","url":"https:\/\/www.iseg.ulisboa.pt\/en\/","name":"ISEG","description":"Lisbon School of Economics &amp; Management","publisher":{"@id":"https:\/\/www.iseg.ulisboa.pt\/en\/#organization"},"potentialAction":[{"@type":"SearchAction","target":{"@type":"EntryPoint","urlTemplate":"https:\/\/www.iseg.ulisboa.pt\/en\/?s={search_term_string}"},"query-input":"required name=search_term_string"}],"inLanguage":"en-US"},{"@type":"Organization","@id":"https:\/\/www.iseg.ulisboa.pt\/en\/#organization","name":"ISEG","url":"https:\/\/www.iseg.ulisboa.pt\/en\/","logo":{"@type":"ImageObject","inLanguage":"en-US","@id":"https:\/\/www.iseg.ulisboa.pt\/en\/#\/schema\/logo\/image\/","url":"https:\/\/www.iseg.ulisboa.pt\/wp-content\/uploads\/2021\/02\/iseg-logo-ul.svg","contentUrl":"https:\/\/www.iseg.ulisboa.pt\/wp-content\/uploads\/2021\/02\/iseg-logo-ul.svg","width":250,"height":120,"caption":"ISEG"},"image":{"@id":"https:\/\/www.iseg.ulisboa.pt\/en\/#\/schema\/logo\/image\/"},"sameAs":["https:\/\/www.facebook.com\/iseg.pt","https:\/\/x.com\/iseglisbon","https:\/\/www.instagram.com\/iseglisbon\/","https:\/\/www.linkedin.com\/school\/iseglisbon\/","https:\/\/www.youtube.com\/user\/DMREISEG"]}]}},"uagb_featured_image_src":{"full":false,"thumbnail":false,"medium":false,"medium_large":false,"large":false,"1536x1536":false,"2048x2048":false,"trp-custom-language-flag":false},"uagb_author_info":{"display_name":"Major","author_link":"https:\/\/www.iseg.ulisboa.pt\/en\/author\/leihla\/"},"uagb_comment_info":0,"uagb_excerpt":"Plano Estrat\u00e9gico ISEG Conhe\u00e7a o plano estrat\u00e9gico e de atividades do ano corrente Plano de Atividades ISEG Regulamentos e Legisla\u00e7\u00e3o Conhe\u00e7a os documentos que orientam o nosso funcionamento, bem como&nbsp;[...]","_links":{"self":[{"href":"https:\/\/www.iseg.ulisboa.pt\/en\/wp-json\/wp\/v2\/pages\/202"}],"collection":[{"href":"https:\/\/www.iseg.ulisboa.pt\/en\/wp-json\/wp\/v2\/pages"}],"about":[{"href":"https:\/\/www.iseg.ulisboa.pt\/en\/wp-json\/wp\/v2\/types\/page"}],"author":[{"embeddable":true,"href":"https:\/\/www.iseg.ulisboa.pt\/en\/wp-json\/wp\/v2\/users\/2"}],"replies":[{"embeddable":true,"href":"https:\/\/www.iseg.ulisboa.pt\/en\/wp-json\/wp\/v2\/comments?post=202"}],"version-history":[{"count":0,"href":"https:\/\/www.iseg.ulisboa.pt\/en\/wp-json\/wp\/v2\/pages\/202\/revisions"}],"up":[{"embeddable":true,"href":"https:\/\/www.iseg.ulisboa.pt\/en\/wp-json\/wp\/v2\/pages\/176"}],"wp:attachment":[{"href":"https:\/\/www.iseg.ulisboa.pt\/en\/wp-json\/wp\/v2\/media?parent=202"}],"curies":[{"name":"wp","href":"https:\/\/api.w.org\/{rel}","templated":true}]}}