{"id":204,"date":"2020-12-30T19:12:56","date_gmt":"2020-12-30T19:12:56","guid":{"rendered":"https:\/\/iseg.gomo.dev\/?page_id=204"},"modified":"2026-03-19T23:41:32","modified_gmt":"2026-03-19T23:41:32","slug":"accreditations-and-partnerships","status":"publish","type":"page","link":"https:\/\/www.iseg.ulisboa.pt\/en\/about\/accreditations-and-partnerships\/","title":{"rendered":"Accreditations &amp; Memberships"},"content":{"rendered":"<p class=\"has-large-font-size\">Our commitment to academic excellence has allowed us, on the one hand, to be accredited by prestigious international university teaching organizations such as EQUIS, AACSB and AMBA and, on the other, to be included in several international rankings, including the entry of the Master's in Finance in the prestigious Financial Times Ranking in 2020.<\/p>\n\n\n\n<p><strong>World Ranked Triple Accredited<\/strong><\/p>\n\n\n\n<figure class=\"wp-block-image size-full\"><img loading=\"lazy\" decoding=\"async\" width=\"1500\" height=\"235\" src=\"https:\/\/www.iseg.ulisboa.pt\/wp-content\/uploads\/EQUIS-AACSB-AMBA-1.png\" alt=\"\" class=\"wp-image-50001\" srcset=\"https:\/\/www.iseg.ulisboa.pt\/wp-content\/uploads\/EQUIS-AACSB-AMBA-1.png 1500w, https:\/\/www.iseg.ulisboa.pt\/wp-content\/uploads\/EQUIS-AACSB-AMBA-1-300x47.png 300w\" sizes=\"(max-width: 1500px) 100vw, 1500px\" \/><\/figure>\n\n\n\n<p id=\"block-d1e1d511-fb7e-4724-b62e-b61352208537\"><strong>Rankings<\/strong><\/p>\n\n\n\n<figure class=\"wp-block-image size-full\" id=\"block-3f3ac6d6-c94b-45fc-aa35-5a650c9c909a\"><img loading=\"lazy\" decoding=\"async\" width=\"1500\" height=\"235\" src=\"https:\/\/www.iseg.ulisboa.pt\/wp-content\/uploads\/FT-CEO-Eduniversal-1.png\" alt=\"\" class=\"wp-image-50002\" srcset=\"https:\/\/www.iseg.ulisboa.pt\/wp-content\/uploads\/FT-CEO-Eduniversal-1.png 1500w, https:\/\/www.iseg.ulisboa.pt\/wp-content\/uploads\/FT-CEO-Eduniversal-1-300x47.png 300w\" sizes=\"(max-width: 1500px) 100vw, 1500px\" \/><\/figure>\n\n\n\n<p id=\"block-1a898167-43da-43ce-82a2-7f8bcdadf6d3\"><strong>Memberships<\/strong><\/p>\n\n\n\n<figure class=\"wp-block-image size-full\" id=\"block-e378a278-051f-48de-a330-cbfd798dbdec\"><img loading=\"lazy\" decoding=\"async\" width=\"1500\" height=\"384\" src=\"https:\/\/www.iseg.ulisboa.pt\/wp-content\/uploads\/EFMD-PRIME-ODS-GRLI-AFU-HERMES.png\" alt=\"\" class=\"wp-image-50003\" srcset=\"https:\/\/www.iseg.ulisboa.pt\/wp-content\/uploads\/EFMD-PRIME-ODS-GRLI-AFU-HERMES.png 1500w, https:\/\/www.iseg.ulisboa.pt\/wp-content\/uploads\/EFMD-PRIME-ODS-GRLI-AFU-HERMES-300x77.png 300w\" sizes=\"(max-width: 1500px) 100vw, 1500px\" \/><\/figure>\n\n\n\n<p id=\"block-1a898167-43da-43ce-82a2-7f8bcdadf6d3\"><strong>Other Accreditations and Partnerships<\/strong><\/p>\n\n\n\n<figure class=\"wp-block-image size-full\" id=\"block-e378a278-051f-48de-a330-cbfd798dbdec\"><img loading=\"lazy\" decoding=\"async\" width=\"1500\" height=\"384\" src=\"https:\/\/www.iseg.ulisboa.pt\/wp-content\/uploads\/Partnerships-2.png\" alt=\"\" class=\"wp-image-68218\" srcset=\"https:\/\/www.iseg.ulisboa.pt\/wp-content\/uploads\/Partnerships-2.png 1500w, https:\/\/www.iseg.ulisboa.pt\/wp-content\/uploads\/Partnerships-2-300x77.png 300w, https:\/\/www.iseg.ulisboa.pt\/wp-content\/uploads\/Partnerships-2-18x5.png 18w\" sizes=\"(max-width: 1500px) 100vw, 1500px\" \/><\/figure>","protected":false},"excerpt":{"rendered":"O nosso compromisso de excel\u00eancia acad\u00e9mica permitiu-nos, por um lado, sermos acreditados por prestigiadas organiza\u00e7\u00f5es internacionais de ensino universit\u00e1rio, &nbsp;como a EQUIS, AACSB e a AMBA e, por outro, a&nbsp;[&#8230;]","protected":false},"author":2,"featured_media":0,"parent":176,"menu_order":7,"comment_status":"closed","ping_status":"closed","template":"","meta":{"inline_featured_image":false,"_uag_custom_page_level_css":"","footnotes":""},"acf":[],"yoast_head":"<!-- This site is optimized with the Yoast SEO plugin v22.6 - https:\/\/yoast.com\/wordpress\/plugins\/seo\/ -->\n<title>Acredita\u00e7\u00f5es e Parcerias - ISEG<\/title>\n<meta name=\"robots\" content=\"index, follow, max-snippet:-1, max-image-preview:large, max-video-preview:-1\" \/>\n<link rel=\"canonical\" href=\"https:\/\/www.iseg.ulisboa.pt\/en\/about\/accreditations-and-partnerships\/\" \/>\n<meta name=\"twitter:label1\" content=\"Est. reading time\" \/>\n\t<meta name=\"twitter:data1\" content=\"2 minutes\" \/>\n<script type=\"application\/ld+json\" class=\"yoast-schema-graph\">{\"@context\":\"https:\/\/schema.org\",\"@graph\":[{\"@type\":\"WebPage\",\"@id\":\"https:\/\/www.iseg.ulisboa.pt\/en\/about\/accreditations-and-partnerships\/\",\"url\":\"https:\/\/www.iseg.ulisboa.pt\/en\/about\/accreditations-and-partnerships\/\",\"name\":\"Acredita\u00e7\u00f5es e Parcerias - ISEG\",\"isPartOf\":{\"@id\":\"https:\/\/www.iseg.ulisboa.pt\/en\/#website\"},\"primaryImageOfPage\":{\"@id\":\"https:\/\/www.iseg.ulisboa.pt\/en\/about\/accreditations-and-partnerships\/#primaryimage\"},\"image\":{\"@id\":\"https:\/\/www.iseg.ulisboa.pt\/en\/about\/accreditations-and-partnerships\/#primaryimage\"},\"thumbnailUrl\":\"https:\/\/www.iseg.ulisboa.pt\/wp-content\/uploads\/EQUIS-AACSB-AMBA-1.png\",\"datePublished\":\"2020-12-30T19:12:56+00:00\",\"dateModified\":\"2026-03-19T23:41:32+00:00\",\"breadcrumb\":{\"@id\":\"https:\/\/www.iseg.ulisboa.pt\/en\/about\/accreditations-and-partnerships\/#breadcrumb\"},\"inLanguage\":\"en-US\",\"potentialAction\":[{\"@type\":\"ReadAction\",\"target\":[\"https:\/\/www.iseg.ulisboa.pt\/en\/about\/accreditations-and-partnerships\/\"]}]},{\"@type\":\"ImageObject\",\"inLanguage\":\"en-US\",\"@id\":\"https:\/\/www.iseg.ulisboa.pt\/en\/about\/accreditations-and-partnerships\/#primaryimage\",\"url\":\"https:\/\/www.iseg.ulisboa.pt\/wp-content\/uploads\/EQUIS-AACSB-AMBA-1.png\",\"contentUrl\":\"https:\/\/www.iseg.ulisboa.pt\/wp-content\/uploads\/EQUIS-AACSB-AMBA-1.png\"},{\"@type\":\"BreadcrumbList\",\"@id\":\"https:\/\/www.iseg.ulisboa.pt\/en\/about\/accreditations-and-partnerships\/#breadcrumb\",\"itemListElement\":[{\"@type\":\"ListItem\",\"position\":1,\"name\":\"Home\",\"item\":\"https:\/\/www.iseg.ulisboa.pt\/\"},{\"@type\":\"ListItem\",\"position\":2,\"name\":\"Sobre\",\"item\":\"https:\/\/www.iseg.ulisboa.pt\/sobre\/\"},{\"@type\":\"ListItem\",\"position\":3,\"name\":\"Acredita\u00e7\u00f5es e Parcerias\"}]},{\"@type\":\"WebSite\",\"@id\":\"https:\/\/www.iseg.ulisboa.pt\/en\/#website\",\"url\":\"https:\/\/www.iseg.ulisboa.pt\/en\/\",\"name\":\"ISEG\",\"description\":\"Lisbon School of Economics &amp; Management\",\"publisher\":{\"@id\":\"https:\/\/www.iseg.ulisboa.pt\/en\/#organization\"},\"potentialAction\":[{\"@type\":\"SearchAction\",\"target\":{\"@type\":\"EntryPoint\",\"urlTemplate\":\"https:\/\/www.iseg.ulisboa.pt\/en\/?s={search_term_string}\"},\"query-input\":\"required name=search_term_string\"}],\"inLanguage\":\"en-US\"},{\"@type\":\"Organization\",\"@id\":\"https:\/\/www.iseg.ulisboa.pt\/en\/#organization\",\"name\":\"ISEG\",\"url\":\"https:\/\/www.iseg.ulisboa.pt\/en\/\",\"logo\":{\"@type\":\"ImageObject\",\"inLanguage\":\"en-US\",\"@id\":\"https:\/\/www.iseg.ulisboa.pt\/en\/#\/schema\/logo\/image\/\",\"url\":\"https:\/\/www.iseg.ulisboa.pt\/wp-content\/uploads\/2021\/02\/iseg-logo-ul.svg\",\"contentUrl\":\"https:\/\/www.iseg.ulisboa.pt\/wp-content\/uploads\/2021\/02\/iseg-logo-ul.svg\",\"width\":250,\"height\":120,\"caption\":\"ISEG\"},\"image\":{\"@id\":\"https:\/\/www.iseg.ulisboa.pt\/en\/#\/schema\/logo\/image\/\"},\"sameAs\":[\"https:\/\/www.facebook.com\/iseg.pt\",\"https:\/\/x.com\/iseglisbon\",\"https:\/\/www.instagram.com\/iseglisbon\/\",\"https:\/\/www.linkedin.com\/school\/iseglisbon\/\",\"https:\/\/www.youtube.com\/user\/DMREISEG\"]}]}<\/script>\n<!-- \/ Yoast SEO plugin. -->","yoast_head_json":{"title":"Accreditations and Partnerships - ISEG","robots":{"index":"index","follow":"follow","max-snippet":"max-snippet:-1","max-image-preview":"max-image-preview:large","max-video-preview":"max-video-preview:-1"},"canonical":"https:\/\/www.iseg.ulisboa.pt\/en\/about\/accreditations-and-partnerships\/","twitter_misc":{"Est. reading time":"2 minutes"},"schema":{"@context":"https:\/\/schema.org","@graph":[{"@type":"WebPage","@id":"https:\/\/www.iseg.ulisboa.pt\/en\/about\/accreditations-and-partnerships\/","url":"https:\/\/www.iseg.ulisboa.pt\/en\/about\/accreditations-and-partnerships\/","name":"Accreditations and Partnerships - ISEG","isPartOf":{"@id":"https:\/\/www.iseg.ulisboa.pt\/en\/#website"},"primaryImageOfPage":{"@id":"https:\/\/www.iseg.ulisboa.pt\/en\/about\/accreditations-and-partnerships\/#primaryimage"},"image":{"@id":"https:\/\/www.iseg.ulisboa.pt\/en\/about\/accreditations-and-partnerships\/#primaryimage"},"thumbnailUrl":"https:\/\/www.iseg.ulisboa.pt\/wp-content\/uploads\/EQUIS-AACSB-AMBA-1.png","datePublished":"2020-12-30T19:12:56+00:00","dateModified":"2026-03-19T23:41:32+00:00","breadcrumb":{"@id":"https:\/\/www.iseg.ulisboa.pt\/en\/about\/accreditations-and-partnerships\/#breadcrumb"},"inLanguage":"en-US","potentialAction":[{"@type":"ReadAction","target":["https:\/\/www.iseg.ulisboa.pt\/en\/about\/accreditations-and-partnerships\/"]}]},{"@type":"ImageObject","inLanguage":"en-US","@id":"https:\/\/www.iseg.ulisboa.pt\/en\/about\/accreditations-and-partnerships\/#primaryimage","url":"https:\/\/www.iseg.ulisboa.pt\/wp-content\/uploads\/EQUIS-AACSB-AMBA-1.png","contentUrl":"https:\/\/www.iseg.ulisboa.pt\/wp-content\/uploads\/EQUIS-AACSB-AMBA-1.png"},{"@type":"BreadcrumbList","@id":"https:\/\/www.iseg.ulisboa.pt\/en\/about\/accreditations-and-partnerships\/#breadcrumb","itemListElement":[{"@type":"ListItem","position":1,"name":"Home","item":"https:\/\/www.iseg.ulisboa.pt\/"},{"@type":"ListItem","position":2,"name":"Sobre","item":"https:\/\/www.iseg.ulisboa.pt\/sobre\/"},{"@type":"ListItem","position":3,"name":"Acredita\u00e7\u00f5es e Parcerias"}]},{"@type":"WebSite","@id":"https:\/\/www.iseg.ulisboa.pt\/en\/#website","url":"https:\/\/www.iseg.ulisboa.pt\/en\/","name":"ISEG","description":"Lisbon School of Economics &amp; Management","publisher":{"@id":"https:\/\/www.iseg.ulisboa.pt\/en\/#organization"},"potentialAction":[{"@type":"SearchAction","target":{"@type":"EntryPoint","urlTemplate":"https:\/\/www.iseg.ulisboa.pt\/en\/?s={search_term_string}"},"query-input":"required name=search_term_string"}],"inLanguage":"en-US"},{"@type":"Organization","@id":"https:\/\/www.iseg.ulisboa.pt\/en\/#organization","name":"ISEG","url":"https:\/\/www.iseg.ulisboa.pt\/en\/","logo":{"@type":"ImageObject","inLanguage":"en-US","@id":"https:\/\/www.iseg.ulisboa.pt\/en\/#\/schema\/logo\/image\/","url":"https:\/\/www.iseg.ulisboa.pt\/wp-content\/uploads\/2021\/02\/iseg-logo-ul.svg","contentUrl":"https:\/\/www.iseg.ulisboa.pt\/wp-content\/uploads\/2021\/02\/iseg-logo-ul.svg","width":250,"height":120,"caption":"ISEG"},"image":{"@id":"https:\/\/www.iseg.ulisboa.pt\/en\/#\/schema\/logo\/image\/"},"sameAs":["https:\/\/www.facebook.com\/iseg.pt","https:\/\/x.com\/iseglisbon","https:\/\/www.instagram.com\/iseglisbon\/","https:\/\/www.linkedin.com\/school\/iseglisbon\/","https:\/\/www.youtube.com\/user\/DMREISEG"]}]}},"uagb_featured_image_src":{"full":false,"thumbnail":false,"medium":false,"medium_large":false,"large":false,"1536x1536":false,"2048x2048":false,"trp-custom-language-flag":false},"uagb_author_info":{"display_name":"Major","author_link":"https:\/\/www.iseg.ulisboa.pt\/en\/author\/leihla\/"},"uagb_comment_info":0,"uagb_excerpt":"O nosso compromisso de excel\u00eancia acad\u00e9mica permitiu-nos, por um lado, sermos acreditados por prestigiadas organiza\u00e7\u00f5es internacionais de ensino universit\u00e1rio, &nbsp;como a EQUIS, AACSB e a AMBA e, por outro, a&nbsp;[...]","_links":{"self":[{"href":"https:\/\/www.iseg.ulisboa.pt\/en\/wp-json\/wp\/v2\/pages\/204"}],"collection":[{"href":"https:\/\/www.iseg.ulisboa.pt\/en\/wp-json\/wp\/v2\/pages"}],"about":[{"href":"https:\/\/www.iseg.ulisboa.pt\/en\/wp-json\/wp\/v2\/types\/page"}],"author":[{"embeddable":true,"href":"https:\/\/www.iseg.ulisboa.pt\/en\/wp-json\/wp\/v2\/users\/2"}],"replies":[{"embeddable":true,"href":"https:\/\/www.iseg.ulisboa.pt\/en\/wp-json\/wp\/v2\/comments?post=204"}],"version-history":[{"count":0,"href":"https:\/\/www.iseg.ulisboa.pt\/en\/wp-json\/wp\/v2\/pages\/204\/revisions"}],"up":[{"embeddable":true,"href":"https:\/\/www.iseg.ulisboa.pt\/en\/wp-json\/wp\/v2\/pages\/176"}],"wp:attachment":[{"href":"https:\/\/www.iseg.ulisboa.pt\/en\/wp-json\/wp\/v2\/media?parent=204"}],"curies":[{"name":"wp","href":"https:\/\/api.w.org\/{rel}","templated":true}]}}