{"id":339,"date":"2021-01-06T16:11:20","date_gmt":"2021-01-06T16:11:20","guid":{"rendered":"https:\/\/iseg.gomo.dev\/?page_id=339"},"modified":"2025-06-03T10:50:27","modified_gmt":"2025-06-03T10:50:27","slug":"live-iseg","status":"publish","type":"page","link":"https:\/\/www.iseg.ulisboa.pt\/en\/live-iseg\/","title":{"rendered":"Life at ISEG"},"content":{"rendered":"<div class=\"course-intro\">\n\t<div class=\"course-intro__photo\">\n\t\t<div class=\"course-intro-anim-left-layer\"><\/div>\n\t\t<div class=\"course-intro-anim-right-layer\"><\/div>\n\t\t<img decoding=\"async\" src=\"https:\/\/www.iseg.ulisboa.pt\/wp-content\/uploads\/2021\/01\/hero-lifeatiseg.jpg\" class=\"image-cover\" alt=\"\" srcset=\"https:\/\/www.iseg.ulisboa.pt\/wp-content\/uploads\/2021\/01\/hero-lifeatiseg.jpg 1080w, https:\/\/www.iseg.ulisboa.pt\/wp-content\/uploads\/2021\/01\/hero-lifeatiseg-300x278.jpg 300w\" sizes=\"(max-width: 1080px) 100vw, 1080px\" \/>\t<\/div>\n\t<div class=\"container\">\n\t\t<header class=\"course-header\">\n\t\t\t\n<div class=\"breadcrumbs\">\n\t<a href=\"https:\/\/www.iseg.ulisboa.pt\/en\">Home<\/a><\/div>\n\n\t\t\t\t\t\n\t\t\t<h1 class=\"has-iseg-red-color\">Open minds. Grab the future.<\/h1>\n\t\t\t<div class=\"button-group\">\n\t\t\t\t\t\t\t\t\t\t\t<\/div>\n\t\t\t\t\t<\/header>\n\t<\/div>\n<\/div>\n\n<div class=\"block-intro-text has-iseg-yellow-background\">\n\t<div class=\"intro-text\">Many say that we have the best academic environment in Lisbon, which we do not deny! At ISEG you\u2019ll build lifelong friendships with fellow students who share your passions and interests and help expand your perspectives on the world. If you want to broaden your student life by being involved in extracurricular activities, cultural events, or sports, then you\u2019re at the right place to expand your world.<\/div>\n\t<div class=\"intro-text-anim-left-layer\"><\/div>\n\t<div class=\"intro-text-anim-right-layer\"><\/div>\n<\/div>\n\n\n\n<!-- Media\/text -->\n<div class=\"block-media-text\">\n\t<div class=\"container\">\n\t\t<div class=\"block-media-text__container\">\n\t\t\t<img decoding=\"async\" src=\"https:\/\/www.iseg.ulisboa.pt\/wp-content\/themes\/iseg\/assets\/images\/red-shape.svg\" loading=\"lazy\" alt=\"shape\" class=\"block-media-text__red-shape\" \/>\n\t\t\t<figure class=\"block-media-text__media\">\n\t\t\t\t<div class=\"media-text-anim-left-layer\"><\/div>\n\t\t\t\t<div class=\"media-text-anim-right-layer\"><\/div>\n\t\t\t\t<img decoding=\"async\" src=\"https:\/\/www.iseg.ulisboa.pt\/wp-content\/uploads\/2021\/01\/campus.jpg\" class=\"image-cover\" alt=\"\" srcset=\"https:\/\/www.iseg.ulisboa.pt\/wp-content\/uploads\/2021\/01\/campus.jpg 1080w, https:\/\/www.iseg.ulisboa.pt\/wp-content\/uploads\/2021\/01\/campus-300x225.jpg 300w\" sizes=\"(max-width: 1080px) 100vw, 1080px\" \/>\t\t\t<\/figure>\n\t\t\t<div class=\"block-media-text__content\">\n\t\t\t\t<h2 class=\"block-media-text__heading\">Campus<\/h2>\n\t\t\t\t<p class=\"block-media-text__paragraph\">ISEG's facilities combine tradition and innovation, consisting of five buildings situated on a fully integrated campus in the heart of the city of Lisbon.<\/p>\n\t\t\t\t\t\t\t\t\t<a href=\"https:\/\/www.iseg.ulisboa.pt\/en\/live-iseg\/campus\/\" class=\"link-learnmore\" title=\"Explore the Campus\" target=\"_self\">\n\t\t\t\t\t\tExplore the Campus\t\t\t\t\t<\/a>\n\t\t\t\t\t\t\t<\/div>\n\t\t<\/div>\n\t<\/div>\n<\/div>\n\n\n\n<!-- Media\/text -->\n<div class=\"block-media-text-inverted\">\n\t<div class=\"container\">\n\t\t<div class=\"block-media-text-inverted__container\">\n\t\t\t<img decoding=\"async\" src=\"https:\/\/www.iseg.ulisboa.pt\/wp-content\/themes\/iseg\/assets\/images\/red-shape-inverted.svg\" loading=\"lazy\" alt=\"shape\" class=\"block-media-text-inverted__red-shape\" \/>\n\t\t\t<figure class=\"block-media-text-inverted__media\">\n\t\t\t\t<div class=\"media-text-anim-left-layer\"><\/div>\n\t\t\t\t<div class=\"media-text-anim-right-layer\"><\/div>\n\t\t\t\t<img decoding=\"async\" src=\"https:\/\/www.iseg.ulisboa.pt\/wp-content\/uploads\/2021\/01\/living-in-lisbon-16x9-1.jpg\" class=\"image-cover\" alt=\"\" srcset=\"https:\/\/www.iseg.ulisboa.pt\/wp-content\/uploads\/2021\/01\/living-in-lisbon-16x9-1.jpg 1600w, https:\/\/www.iseg.ulisboa.pt\/wp-content\/uploads\/2021\/01\/living-in-lisbon-16x9-1-300x169.jpg 300w, https:\/\/www.iseg.ulisboa.pt\/wp-content\/uploads\/2021\/01\/living-in-lisbon-16x9-1-1536x864.jpg 1536w\" sizes=\"(max-width: 1600px) 100vw, 1600px\" \/>\t\t\t<\/figure>\n\t\t\t<div class=\"block-media-text-inverted__content\">\n\t\t\t\t<h2 class=\"block-media-text-inverted__heading\">Living in Lisbon<\/h2>\n\t\t\t\t<p class=\"block-media-text__paragraph\">Lisbon is one of the most attractive cities in Europe. It boasts a good quality of living, where the past and the future meet, under long hours of brilliant sunlight and a beautiful moon.<\/p>\n\t\t\t\t\t\t\t\t\t<a href=\"https:\/\/www.iseg.ulisboa.pt\/en\/live-iseg\/living-in-lisbon\/\" class=\"link-learnmore\" title=\"Learn more here\" target=\"_self\">\n\t\t\t\t\t\tLearn more here\t\t\t\t\t<\/a>\n\t\t\t\t\t\t\t<\/div>\n\t\t<\/div>\n\t<\/div>\n<\/div>\n\n\n<div class=\"block-big-text\">\n\t<div class=\"big-text-anim-left-layer\"><\/div>\n\t<div class=\"big-text-anim-right-layer\"><\/div>\n\t<div class=\"big-text-container\">\n\t\t<div class=\"big-text-content\">\n\n\t\t\t\t\t\t\t<p class=\"\">OPEN MINDS.<\/p>\n\t\t\t\t\t\t\t<p class=\"has-iseg-red-color\">GRAB THE FUTURE.<\/p>\n\t\t\t\n\t\t\t\t\t<\/div>\n\t\t\t<\/div>\n<\/div>\n\n\n<!-- Media\/text -->\n<div class=\"block-media-text\">\n\t<div class=\"container\">\n\t\t<div class=\"block-media-text__container\">\n\t\t\t<img decoding=\"async\" src=\"https:\/\/www.iseg.ulisboa.pt\/wp-content\/themes\/iseg\/assets\/images\/red-shape.svg\" loading=\"lazy\" alt=\"shape\" class=\"block-media-text__red-shape\" \/>\n\t\t\t<figure class=\"block-media-text__media\">\n\t\t\t\t<div class=\"media-text-anim-left-layer\"><\/div>\n\t\t\t\t<div class=\"media-text-anim-right-layer\"><\/div>\n\t\t\t\t<img decoding=\"async\" src=\"https:\/\/www.iseg.ulisboa.pt\/wp-content\/uploads\/2021\/01\/student-clubs.jpg\" class=\"image-cover\" alt=\"\" srcset=\"https:\/\/www.iseg.ulisboa.pt\/wp-content\/uploads\/2021\/01\/student-clubs.jpg 1080w, https:\/\/www.iseg.ulisboa.pt\/wp-content\/uploads\/2021\/01\/student-clubs-300x225.jpg 300w\" sizes=\"(max-width: 1080px) 100vw, 1080px\" \/>\t\t\t<\/figure>\n\t\t\t<div class=\"block-media-text__content\">\n\t\t\t\t<h2 class=\"block-media-text__heading\">Student Clubs<\/h2>\n\t\t\t\t<p class=\"block-media-text__paragraph\">Our student clubs and associations reflect the importance we place on the personal development of our students. Increasingly diversified, these groups give them a voice and a learning space, which will allow them to develop the necessary techniques to defend their values and points of view.<\/p>\n\t\t\t\t\t\t\t\t\t<a href=\"https:\/\/www.iseg.ulisboa.pt\/en\/live-iseg\/student-clubs\/\" class=\"link-learnmore\" title=\"Associations and Clubs\" target=\"_self\">\n\t\t\t\t\t\tAssociations and Clubs\t\t\t\t\t<\/a>\n\t\t\t\t\t\t\t<\/div>\n\t\t<\/div>\n\t<\/div>\n<\/div>\n\n\n\n<!-- Media\/text -->\n<div class=\"block-media-text-inverted\">\n\t<div class=\"container\">\n\t\t<div class=\"block-media-text-inverted__container\">\n\t\t\t<img decoding=\"async\" src=\"https:\/\/www.iseg.ulisboa.pt\/wp-content\/themes\/iseg\/assets\/images\/red-shape-inverted.svg\" loading=\"lazy\" alt=\"shape\" class=\"block-media-text-inverted__red-shape\" \/>\n\t\t\t<figure class=\"block-media-text-inverted__media\">\n\t\t\t\t<div class=\"media-text-anim-left-layer\"><\/div>\n\t\t\t\t<div class=\"media-text-anim-right-layer\"><\/div>\n\t\t\t\t<img decoding=\"async\" src=\"https:\/\/www.iseg.ulisboa.pt\/wp-content\/uploads\/2021\/01\/ulisboa.jpg\" class=\"image-cover\" alt=\"\" srcset=\"https:\/\/www.iseg.ulisboa.pt\/wp-content\/uploads\/2021\/01\/ulisboa.jpg 1080w, https:\/\/www.iseg.ulisboa.pt\/wp-content\/uploads\/2021\/01\/ulisboa-300x225.jpg 300w\" sizes=\"(max-width: 1080px) 100vw, 1080px\" \/>\t\t\t<\/figure>\n\t\t\t<div class=\"block-media-text-inverted__content\">\n\t\t\t\t<h2 class=\"block-media-text-inverted__heading\">Experience ULisboa <\/h2>\n\t\t\t\t<p class=\"block-media-text__paragraph\">ISEG is part of Universidade de Lisboa, the largest and most prestigious university in Portugal and one of Europe\u2019s leading universities, with a community of over 50,000 students.<\/p>\n\t\t\t\t\t\t\t\t\t<a href=\"https:\/\/estudanteinternacional.ulisboa.pt\/index.html\" class=\"link-learnmore\" title=\"Student Guide\" target=\"_blank\">\n\t\t\t\t\t\tStudent Guide\t\t\t\t\t<\/a>\n\t\t\t\t\t\t\t<\/div>\n\t\t<\/div>\n\t<\/div>\n<\/div>\n\n\n\n<!-- Media\/text -->\n<div class=\"block-media-text\">\n\t<div class=\"container\">\n\t\t<div class=\"block-media-text__container\">\n\t\t\t<img decoding=\"async\" src=\"https:\/\/www.iseg.ulisboa.pt\/wp-content\/themes\/iseg\/assets\/images\/red-shape.svg\" loading=\"lazy\" alt=\"shape\" class=\"block-media-text__red-shape\" \/>\n\t\t\t<figure class=\"block-media-text__media\">\n\t\t\t\t<div class=\"media-text-anim-left-layer\"><\/div>\n\t\t\t\t<div class=\"media-text-anim-right-layer\"><\/div>\n\t\t\t\t<img decoding=\"async\" src=\"https:\/\/www.iseg.ulisboa.pt\/wp-content\/uploads\/2021\/01\/culture.jpg\" class=\"image-cover\" alt=\"\" srcset=\"https:\/\/www.iseg.ulisboa.pt\/wp-content\/uploads\/2021\/01\/culture.jpg 1080w, https:\/\/www.iseg.ulisboa.pt\/wp-content\/uploads\/2021\/01\/culture-300x225.jpg 300w\" sizes=\"(max-width: 1080px) 100vw, 1080px\" \/>\t\t\t<\/figure>\n\t\t\t<div class=\"block-media-text__content\">\n\t\t\t\t<h2 class=\"block-media-text__heading\">Culture &amp; Sports<\/h2>\n\t\t\t\t<p class=\"block-media-text__paragraph\">There\u2019s more to university life than work and study. Take advantage of all that ISEG has to offer, ranging from live concerts to art courses and sports activities.<\/p>\n\t\t\t\t\t\t\t\t\t<a href=\"https:\/\/www.iseg.ulisboa.pt\/en\/live-iseg\/culture-sports\/\" class=\"link-learnmore\" title=\"Learn more here\" target=\"_self\">\n\t\t\t\t\t\tLearn more here\t\t\t\t\t<\/a>\n\t\t\t\t\t\t\t<\/div>\n\t\t<\/div>\n\t<\/div>\n<\/div>\n\n\n<div class=\"block-additional-resources\">\n\t<div class=\"container\">\n\t\t<h3 class=\"has-iseg-red-color\">Additional Resources<\/h3>\n\t\t<div class=\"block-resources\">\n\t\t\t\t\t\t\t\t<a href=\"https:\/\/www.iseg.ulisboa.pt\/en\/contacts\/\" class=\"block-resources__item\" title=\"Contacts\" target=\"_self\">\n\t\t\t\t\t\tContacts\t\t\t\t\t<\/a>\n\t\t\t\t\t\t\t\t\t\t\t\t<a href=\"https:\/\/www.iseg.ulisboa.pt\/en\/news\/\" class=\"block-resources__item\" title=\"News\" target=\"_self\">\n\t\t\t\t\t\tNews\t\t\t\t\t<\/a>\n\t\t\t\t\t\t\t\t\t\t\t\t<a href=\"https:\/\/www.iseg.ulisboa.pt\/en\/events\/\" class=\"block-resources__item\" title=\"Events\" target=\"_self\">\n\t\t\t\t\t\tEvents\t\t\t\t\t<\/a>\n\t\t\t\t\t\t\t\t\t<\/div>\n\t<\/div>\n<\/div>","protected":false},"excerpt":{"rendered":"Many say that we have the best academic environment in Lisbon, which we do not deny. At ISEG, you will build lifelong friendships with other students who share your passions and interests.","protected":false},"author":2,"featured_media":0,"parent":0,"menu_order":0,"comment_status":"closed","ping_status":"closed","template":"tpl-page-blocks.php","meta":{"inline_featured_image":false,"_uag_custom_page_level_css":"","footnotes":""},"acf":[],"yoast_head":"<!-- This site is optimized with the Yoast SEO plugin v22.6 - https:\/\/yoast.com\/wordpress\/plugins\/seo\/ -->\n<title>Viver ISEG - ISEG<\/title>\n<meta name=\"robots\" content=\"index, follow, max-snippet:-1, max-image-preview:large, max-video-preview:-1\" \/>\n<link rel=\"canonical\" href=\"https:\/\/www.iseg.ulisboa.pt\/en\/live-iseg\/\" \/>\n<script type=\"application\/ld+json\" class=\"yoast-schema-graph\">{\"@context\":\"https:\/\/schema.org\",\"@graph\":[{\"@type\":\"WebPage\",\"@id\":\"https:\/\/www.iseg.ulisboa.pt\/en\/live-iseg\/\",\"url\":\"https:\/\/www.iseg.ulisboa.pt\/en\/live-iseg\/\",\"name\":\"Viver ISEG - ISEG\",\"isPartOf\":{\"@id\":\"https:\/\/www.iseg.ulisboa.pt\/en\/#website\"},\"datePublished\":\"2021-01-06T16:11:20+00:00\",\"dateModified\":\"2025-06-03T10:50:27+00:00\",\"breadcrumb\":{\"@id\":\"https:\/\/www.iseg.ulisboa.pt\/en\/live-iseg\/#breadcrumb\"},\"inLanguage\":\"en-US\",\"potentialAction\":[{\"@type\":\"ReadAction\",\"target\":[\"https:\/\/www.iseg.ulisboa.pt\/en\/live-iseg\/\"]}]},{\"@type\":\"BreadcrumbList\",\"@id\":\"https:\/\/www.iseg.ulisboa.pt\/en\/live-iseg\/#breadcrumb\",\"itemListElement\":[{\"@type\":\"ListItem\",\"position\":1,\"name\":\"Home\",\"item\":\"https:\/\/www.iseg.ulisboa.pt\/\"},{\"@type\":\"ListItem\",\"position\":2,\"name\":\"Viver ISEG\"}]},{\"@type\":\"WebSite\",\"@id\":\"https:\/\/www.iseg.ulisboa.pt\/en\/#website\",\"url\":\"https:\/\/www.iseg.ulisboa.pt\/en\/\",\"name\":\"ISEG\",\"description\":\"Lisbon School of Economics &amp; Management\",\"publisher\":{\"@id\":\"https:\/\/www.iseg.ulisboa.pt\/en\/#organization\"},\"potentialAction\":[{\"@type\":\"SearchAction\",\"target\":{\"@type\":\"EntryPoint\",\"urlTemplate\":\"https:\/\/www.iseg.ulisboa.pt\/en\/?s={search_term_string}\"},\"query-input\":\"required name=search_term_string\"}],\"inLanguage\":\"en-US\"},{\"@type\":\"Organization\",\"@id\":\"https:\/\/www.iseg.ulisboa.pt\/en\/#organization\",\"name\":\"ISEG\",\"url\":\"https:\/\/www.iseg.ulisboa.pt\/en\/\",\"logo\":{\"@type\":\"ImageObject\",\"inLanguage\":\"en-US\",\"@id\":\"https:\/\/www.iseg.ulisboa.pt\/en\/#\/schema\/logo\/image\/\",\"url\":\"https:\/\/www.iseg.ulisboa.pt\/wp-content\/uploads\/2021\/02\/iseg-logo-ul.svg\",\"contentUrl\":\"https:\/\/www.iseg.ulisboa.pt\/wp-content\/uploads\/2021\/02\/iseg-logo-ul.svg\",\"width\":250,\"height\":120,\"caption\":\"ISEG\"},\"image\":{\"@id\":\"https:\/\/www.iseg.ulisboa.pt\/en\/#\/schema\/logo\/image\/\"},\"sameAs\":[\"https:\/\/www.facebook.com\/iseg.pt\",\"https:\/\/x.com\/iseglisbon\",\"https:\/\/www.instagram.com\/iseglisbon\/\",\"https:\/\/www.linkedin.com\/school\/iseglisbon\/\",\"https:\/\/www.youtube.com\/user\/DMREISEG\"]}]}<\/script>\n<!-- \/ Yoast SEO plugin. -->","yoast_head_json":{"title":"Living ISEG - ISEG","robots":{"index":"index","follow":"follow","max-snippet":"max-snippet:-1","max-image-preview":"max-image-preview:large","max-video-preview":"max-video-preview:-1"},"canonical":"https:\/\/www.iseg.ulisboa.pt\/en\/live-iseg\/","schema":{"@context":"https:\/\/schema.org","@graph":[{"@type":"WebPage","@id":"https:\/\/www.iseg.ulisboa.pt\/en\/live-iseg\/","url":"https:\/\/www.iseg.ulisboa.pt\/en\/live-iseg\/","name":"Living ISEG - ISEG","isPartOf":{"@id":"https:\/\/www.iseg.ulisboa.pt\/en\/#website"},"datePublished":"2021-01-06T16:11:20+00:00","dateModified":"2025-06-03T10:50:27+00:00","breadcrumb":{"@id":"https:\/\/www.iseg.ulisboa.pt\/en\/live-iseg\/#breadcrumb"},"inLanguage":"en-US","potentialAction":[{"@type":"ReadAction","target":["https:\/\/www.iseg.ulisboa.pt\/en\/live-iseg\/"]}]},{"@type":"BreadcrumbList","@id":"https:\/\/www.iseg.ulisboa.pt\/en\/live-iseg\/#breadcrumb","itemListElement":[{"@type":"ListItem","position":1,"name":"Home","item":"https:\/\/www.iseg.ulisboa.pt\/"},{"@type":"ListItem","position":2,"name":"Viver ISEG"}]},{"@type":"WebSite","@id":"https:\/\/www.iseg.ulisboa.pt\/en\/#website","url":"https:\/\/www.iseg.ulisboa.pt\/en\/","name":"ISEG","description":"Lisbon School of Economics &amp; Management","publisher":{"@id":"https:\/\/www.iseg.ulisboa.pt\/en\/#organization"},"potentialAction":[{"@type":"SearchAction","target":{"@type":"EntryPoint","urlTemplate":"https:\/\/www.iseg.ulisboa.pt\/en\/?s={search_term_string}"},"query-input":"required name=search_term_string"}],"inLanguage":"en-US"},{"@type":"Organization","@id":"https:\/\/www.iseg.ulisboa.pt\/en\/#organization","name":"ISEG","url":"https:\/\/www.iseg.ulisboa.pt\/en\/","logo":{"@type":"ImageObject","inLanguage":"en-US","@id":"https:\/\/www.iseg.ulisboa.pt\/en\/#\/schema\/logo\/image\/","url":"https:\/\/www.iseg.ulisboa.pt\/wp-content\/uploads\/2021\/02\/iseg-logo-ul.svg","contentUrl":"https:\/\/www.iseg.ulisboa.pt\/wp-content\/uploads\/2021\/02\/iseg-logo-ul.svg","width":250,"height":120,"caption":"ISEG"},"image":{"@id":"https:\/\/www.iseg.ulisboa.pt\/en\/#\/schema\/logo\/image\/"},"sameAs":["https:\/\/www.facebook.com\/iseg.pt","https:\/\/x.com\/iseglisbon","https:\/\/www.instagram.com\/iseglisbon\/","https:\/\/www.linkedin.com\/school\/iseglisbon\/","https:\/\/www.youtube.com\/user\/DMREISEG"]}]}},"uagb_featured_image_src":{"full":false,"thumbnail":false,"medium":false,"medium_large":false,"large":false,"1536x1536":false,"2048x2048":false,"trp-custom-language-flag":false},"uagb_author_info":{"display_name":"Major","author_link":"https:\/\/www.iseg.ulisboa.pt\/en\/author\/leihla\/"},"uagb_comment_info":0,"uagb_excerpt":"Muitos dizem que temos o melhor ambiente acad\u00e9mico de Lisboa, o que n\u00e3o negamos. No ISEG, vais construir amizades para toda a vida com outros estudantes que partilham as tuas paix\u00f5es e interesses.","_links":{"self":[{"href":"https:\/\/www.iseg.ulisboa.pt\/en\/wp-json\/wp\/v2\/pages\/339"}],"collection":[{"href":"https:\/\/www.iseg.ulisboa.pt\/en\/wp-json\/wp\/v2\/pages"}],"about":[{"href":"https:\/\/www.iseg.ulisboa.pt\/en\/wp-json\/wp\/v2\/types\/page"}],"author":[{"embeddable":true,"href":"https:\/\/www.iseg.ulisboa.pt\/en\/wp-json\/wp\/v2\/users\/2"}],"replies":[{"embeddable":true,"href":"https:\/\/www.iseg.ulisboa.pt\/en\/wp-json\/wp\/v2\/comments?post=339"}],"version-history":[{"count":0,"href":"https:\/\/www.iseg.ulisboa.pt\/en\/wp-json\/wp\/v2\/pages\/339\/revisions"}],"wp:attachment":[{"href":"https:\/\/www.iseg.ulisboa.pt\/en\/wp-json\/wp\/v2\/media?parent=339"}],"curies":[{"name":"wp","href":"https:\/\/api.w.org\/{rel}","templated":true}]}}