{"id":36378,"date":"2023-02-28T12:54:34","date_gmt":"2023-02-28T12:54:34","guid":{"rendered":"https:\/\/www.iseg.ulisboa.pt\/?page_id=36378"},"modified":"2023-02-28T12:54:34","modified_gmt":"2023-02-28T12:54:34","slug":"student-support-office","status":"publish","type":"page","link":"https:\/\/www.iseg.ulisboa.pt\/en\/to-study-2\/student-services\/student-support-office\/","title":{"rendered":"Student Support Office"},"content":{"rendered":"<p>The mission of the Student Support Office (GAA) is to identify the difficulties associated with the process of academic integration, to ensure the successful adaptation of students, and to promote academic success, development and psychological well-being.<\/p>\n\n\n\n<p>The objectives of the Student Support Office (GAA) are the following:<\/p>\n\n\n\n<ul>\n<li>Provide support in social situations while promoting the integration and academic success of students;<\/li>\n\n\n\n<li>Promote the health and well-being of students;<\/li>\n\n\n\n<li>Provide a space where students can talk about their emotional and relational difficulties.<\/li>\n<\/ul>\n\n\n\n<p>\u00a0The GAA possesses the necessary psychological support to promote well-being. This work is carried out in conjunction with students to create and implement more autonomous and satisfactory strategies for coping with difficult circumstances. To this end, self-knowledge, autonomy,  and problem-solving skills are all worked on. Nevertheless, the following difficulties can be encountered:<\/p>\n\n\n\n<ul>\n<li>Difficulties in adapting to academic life;<\/li>\n\n\n\n<li>Anxiety in assessment situations;<\/li>\n\n\n\n<li>Low academic performance;<\/li>\n\n\n\n<li>Stressful situations;<\/li>\n\n\n\n<li>Relational difficulties;<\/li>\n\n\n\n<li>Social isolation;<\/li>\n\n\n\n<li>Difficulties in affective relationships;<\/li>\n\n\n\n<li>Eating and sleep disorders;<\/li>\n\n\n\n<li>Profound sadness or depression.<\/li>\n<\/ul>\n\n\n\n<p>Consultations are free of charge and are held on Mondays, from 10am to 1pm, subject to prior booking by email to&nbsp;<a href=\"mailto:gaa@iseg.ulisboa.pt\" target=\"_blank\" rel=\"noreferrer noopener\">gaa@iseg.ulisboa.pt<\/a><\/p>","protected":false},"excerpt":{"rendered":"The mission of the Student Support Office (GAA) is to identify the difficulties associated with the academic integration process, ensure the successful adaptation of students, promote academic success, [...]","protected":false},"author":5,"featured_media":0,"parent":1215,"menu_order":0,"comment_status":"closed","ping_status":"closed","template":"","meta":{"inline_featured_image":false,"_uag_custom_page_level_css":"","footnotes":""},"acf":[],"yoast_head":"<!-- This site is optimized with the Yoast SEO plugin v22.6 - https:\/\/yoast.com\/wordpress\/plugins\/seo\/ -->\n<title>Gabinete de Apoio ao Aluno - ISEG<\/title>\n<meta name=\"robots\" content=\"index, follow, max-snippet:-1, max-image-preview:large, max-video-preview:-1\" \/>\n<link rel=\"canonical\" href=\"https:\/\/www.iseg.ulisboa.pt\/en\/to-study-2\/student-services\/student-support-office\/\" \/>\n<meta name=\"twitter:label1\" content=\"Est. reading time\" \/>\n\t<meta name=\"twitter:data1\" content=\"1 minute\" \/>\n<script type=\"application\/ld+json\" class=\"yoast-schema-graph\">{\"@context\":\"https:\/\/schema.org\",\"@graph\":[{\"@type\":\"WebPage\",\"@id\":\"https:\/\/www.iseg.ulisboa.pt\/en\/to-study-2\/student-services\/student-support-office\/\",\"url\":\"https:\/\/www.iseg.ulisboa.pt\/en\/to-study-2\/student-services\/student-support-office\/\",\"name\":\"Gabinete de Apoio ao Aluno - ISEG\",\"isPartOf\":{\"@id\":\"https:\/\/www.iseg.ulisboa.pt\/en\/#website\"},\"datePublished\":\"2023-02-28T12:54:34+00:00\",\"dateModified\":\"2023-02-28T12:54:34+00:00\",\"breadcrumb\":{\"@id\":\"https:\/\/www.iseg.ulisboa.pt\/en\/to-study-2\/student-services\/student-support-office\/#breadcrumb\"},\"inLanguage\":\"en-US\",\"potentialAction\":[{\"@type\":\"ReadAction\",\"target\":[\"https:\/\/www.iseg.ulisboa.pt\/en\/to-study-2\/student-services\/student-support-office\/\"]}]},{\"@type\":\"BreadcrumbList\",\"@id\":\"https:\/\/www.iseg.ulisboa.pt\/en\/to-study-2\/student-services\/student-support-office\/#breadcrumb\",\"itemListElement\":[{\"@type\":\"ListItem\",\"position\":1,\"name\":\"Home\",\"item\":\"https:\/\/www.iseg.ulisboa.pt\/\"},{\"@type\":\"ListItem\",\"position\":2,\"name\":\"Estudar\",\"item\":\"https:\/\/www.iseg.ulisboa.pt\/estudar\/\"},{\"@type\":\"ListItem\",\"position\":3,\"name\":\"Servi\u00e7os para Estudantes\",\"item\":\"https:\/\/www.iseg.ulisboa.pt\/en\/study\/student-services\/\"},{\"@type\":\"ListItem\",\"position\":4,\"name\":\"Gabinete de Apoio ao Aluno\"}]},{\"@type\":\"WebSite\",\"@id\":\"https:\/\/www.iseg.ulisboa.pt\/en\/#website\",\"url\":\"https:\/\/www.iseg.ulisboa.pt\/en\/\",\"name\":\"ISEG\",\"description\":\"Lisbon School of Economics &amp; Management\",\"publisher\":{\"@id\":\"https:\/\/www.iseg.ulisboa.pt\/en\/#organization\"},\"potentialAction\":[{\"@type\":\"SearchAction\",\"target\":{\"@type\":\"EntryPoint\",\"urlTemplate\":\"https:\/\/www.iseg.ulisboa.pt\/en\/?s={search_term_string}\"},\"query-input\":\"required name=search_term_string\"}],\"inLanguage\":\"en-US\"},{\"@type\":\"Organization\",\"@id\":\"https:\/\/www.iseg.ulisboa.pt\/en\/#organization\",\"name\":\"ISEG\",\"url\":\"https:\/\/www.iseg.ulisboa.pt\/en\/\",\"logo\":{\"@type\":\"ImageObject\",\"inLanguage\":\"en-US\",\"@id\":\"https:\/\/www.iseg.ulisboa.pt\/en\/#\/schema\/logo\/image\/\",\"url\":\"https:\/\/www.iseg.ulisboa.pt\/wp-content\/uploads\/2021\/02\/iseg-logo-ul.svg\",\"contentUrl\":\"https:\/\/www.iseg.ulisboa.pt\/wp-content\/uploads\/2021\/02\/iseg-logo-ul.svg\",\"width\":250,\"height\":120,\"caption\":\"ISEG\"},\"image\":{\"@id\":\"https:\/\/www.iseg.ulisboa.pt\/en\/#\/schema\/logo\/image\/\"},\"sameAs\":[\"https:\/\/www.facebook.com\/iseg.pt\",\"https:\/\/x.com\/iseglisbon\",\"https:\/\/www.instagram.com\/iseglisbon\/\",\"https:\/\/www.linkedin.com\/school\/iseglisbon\/\",\"https:\/\/www.youtube.com\/user\/DMREISEG\"]}]}<\/script>\n<!-- \/ Yoast SEO plugin. -->","yoast_head_json":{"title":"Student Support Office - ISEG","robots":{"index":"index","follow":"follow","max-snippet":"max-snippet:-1","max-image-preview":"max-image-preview:large","max-video-preview":"max-video-preview:-1"},"canonical":"https:\/\/www.iseg.ulisboa.pt\/en\/to-study-2\/student-services\/student-support-office\/","twitter_misc":{"Est. reading time":"1 minute"},"schema":{"@context":"https:\/\/schema.org","@graph":[{"@type":"WebPage","@id":"https:\/\/www.iseg.ulisboa.pt\/en\/to-study-2\/student-services\/student-support-office\/","url":"https:\/\/www.iseg.ulisboa.pt\/en\/to-study-2\/student-services\/student-support-office\/","name":"Student Support Office - ISEG","isPartOf":{"@id":"https:\/\/www.iseg.ulisboa.pt\/en\/#website"},"datePublished":"2023-02-28T12:54:34+00:00","dateModified":"2023-02-28T12:54:34+00:00","breadcrumb":{"@id":"https:\/\/www.iseg.ulisboa.pt\/en\/to-study-2\/student-services\/student-support-office\/#breadcrumb"},"inLanguage":"en-US","potentialAction":[{"@type":"ReadAction","target":["https:\/\/www.iseg.ulisboa.pt\/en\/to-study-2\/student-services\/student-support-office\/"]}]},{"@type":"BreadcrumbList","@id":"https:\/\/www.iseg.ulisboa.pt\/en\/to-study-2\/student-services\/student-support-office\/#breadcrumb","itemListElement":[{"@type":"ListItem","position":1,"name":"Home","item":"https:\/\/www.iseg.ulisboa.pt\/"},{"@type":"ListItem","position":2,"name":"Estudar","item":"https:\/\/www.iseg.ulisboa.pt\/estudar\/"},{"@type":"ListItem","position":3,"name":"Servi\u00e7os para Estudantes","item":"https:\/\/www.iseg.ulisboa.pt\/en\/study\/student-services\/"},{"@type":"ListItem","position":4,"name":"Gabinete de Apoio ao Aluno"}]},{"@type":"WebSite","@id":"https:\/\/www.iseg.ulisboa.pt\/en\/#website","url":"https:\/\/www.iseg.ulisboa.pt\/en\/","name":"ISEG","description":"Lisbon School of Economics &amp; Management","publisher":{"@id":"https:\/\/www.iseg.ulisboa.pt\/en\/#organization"},"potentialAction":[{"@type":"SearchAction","target":{"@type":"EntryPoint","urlTemplate":"https:\/\/www.iseg.ulisboa.pt\/en\/?s={search_term_string}"},"query-input":"required name=search_term_string"}],"inLanguage":"en-US"},{"@type":"Organization","@id":"https:\/\/www.iseg.ulisboa.pt\/en\/#organization","name":"ISEG","url":"https:\/\/www.iseg.ulisboa.pt\/en\/","logo":{"@type":"ImageObject","inLanguage":"en-US","@id":"https:\/\/www.iseg.ulisboa.pt\/en\/#\/schema\/logo\/image\/","url":"https:\/\/www.iseg.ulisboa.pt\/wp-content\/uploads\/2021\/02\/iseg-logo-ul.svg","contentUrl":"https:\/\/www.iseg.ulisboa.pt\/wp-content\/uploads\/2021\/02\/iseg-logo-ul.svg","width":250,"height":120,"caption":"ISEG"},"image":{"@id":"https:\/\/www.iseg.ulisboa.pt\/en\/#\/schema\/logo\/image\/"},"sameAs":["https:\/\/www.facebook.com\/iseg.pt","https:\/\/x.com\/iseglisbon","https:\/\/www.instagram.com\/iseglisbon\/","https:\/\/www.linkedin.com\/school\/iseglisbon\/","https:\/\/www.youtube.com\/user\/DMREISEG"]}]}},"uagb_featured_image_src":{"full":false,"thumbnail":false,"medium":false,"medium_large":false,"large":false,"1536x1536":false,"2048x2048":false,"trp-custom-language-flag":false},"uagb_author_info":{"display_name":"diogoalmeida","author_link":"https:\/\/www.iseg.ulisboa.pt\/en\/author\/diogoalmeida\/"},"uagb_comment_info":0,"uagb_excerpt":"O Gabinete de Apoio ao Aluno (GAA) tem como miss\u00e3o identificar as dificuldades associadas ao processo de integra\u00e7\u00e3o acad\u00e9mica, \u00a0assegurar uma adapta\u00e7\u00e3o bem sucedida dos alunos, promover o sucesso acad\u00e9mico,&nbsp;[...]","_links":{"self":[{"href":"https:\/\/www.iseg.ulisboa.pt\/en\/wp-json\/wp\/v2\/pages\/36378"}],"collection":[{"href":"https:\/\/www.iseg.ulisboa.pt\/en\/wp-json\/wp\/v2\/pages"}],"about":[{"href":"https:\/\/www.iseg.ulisboa.pt\/en\/wp-json\/wp\/v2\/types\/page"}],"author":[{"embeddable":true,"href":"https:\/\/www.iseg.ulisboa.pt\/en\/wp-json\/wp\/v2\/users\/5"}],"replies":[{"embeddable":true,"href":"https:\/\/www.iseg.ulisboa.pt\/en\/wp-json\/wp\/v2\/comments?post=36378"}],"version-history":[{"count":0,"href":"https:\/\/www.iseg.ulisboa.pt\/en\/wp-json\/wp\/v2\/pages\/36378\/revisions"}],"up":[{"embeddable":true,"href":"https:\/\/www.iseg.ulisboa.pt\/en\/wp-json\/wp\/v2\/pages\/1215"}],"wp:attachment":[{"href":"https:\/\/www.iseg.ulisboa.pt\/en\/wp-json\/wp\/v2\/media?parent=36378"}],"curies":[{"name":"wp","href":"https:\/\/api.w.org\/{rel}","templated":true}]}}