{"id":37275,"date":"2023-03-18T16:30:10","date_gmt":"2023-03-18T16:30:10","guid":{"rendered":"https:\/\/www.iseg.ulisboa.pt\/?page_id=37275"},"modified":"2024-01-26T14:58:27","modified_gmt":"2024-01-26T14:58:27","slug":"student-ombudsman","status":"publish","type":"page","link":"https:\/\/www.iseg.ulisboa.pt\/en\/to-study-2\/student-services\/student-ombudsman\/","title":{"rendered":"Student Ombudsman"},"content":{"rendered":"<p><em><strong>Welcome to the Student Ombudsman<\/strong><\/em><\/p>\n\n\n\n<p>Welcome to the Student Ombudsman, a mission that I embrace with great pride and sense of responsibility, promising to do my best to defend and promote the rights and legitimate interests of all students enrolled at ISEG, in an integral and independent way, promoting mechanisms of integration in the academic community.<\/p>\n\n\n\n<p>The function of provider comes from the 19th century and, in a very brief way and only and solely as a curiosity, the function appeared in 1809, in the Scandinavian countries, with the designation of&nbsp;<em>ombudsman<\/em>, to designate a Parliamentary Ombudsman, responsible for mediating and trying to resolve the population&#039;s complaints to the government. the term of&nbsp;<em>ombudsman<\/em>, &#8220;<em>ombuds<\/em>\u201d (representative) and \u201c<em>man<\/em>\u201d (man), is an expression of Swedish origin that means \u201crepresentative of the citizen\u201d or \u201cperson who acts on behalf of another\u201d. In the United States, the role of&nbsp;<em>ombudsman<\/em>&nbsp;emerged in the 1960s. In Brazil, the position has existed since 1989, when the well-known newspaper, Folha de S. Paulo, published the first section of its&nbsp;<em>ombudsman<\/em>, who would be responsible for being the spokesperson for the readers, resolving and transmitting their complaints to the newspaper. In companies the&nbsp;<em>ombudsman&nbsp;<\/em>is often linked to the Legal Services department.<\/p>\n\n\n\n<p class=\"translation-block\">The role of Ombudsman assumes very different names in different countries, as can be seen: \u201combudsman\u201d of Nordic roots, \u201cdefender\u201d for the Spanish and Italians, \u201cmediator\u201d for the French, and \u201combudsman\u201d for the Brazilians.<\/p>\n\n\n\n<p>At the School, the Student Ombudsman is responsible for listening to students and for mediating with the various strata of academia - administrative, scientific, and pedagogical. That is to say, the role is to listen carefully and, as much as possible, to seek solutions, come up with recommendations, and act as a mediator in conflicts.<\/p>\n\n\n\n<p>This is my commitment to you.<\/p>\n\n\n\n<p>You can always count on me to listen and be by your side to find solutions together.<\/p>\n\n\n\n<div class=\"wp-block-columns is-layout-flex wp-container-core-columns-is-layout-1 wp-block-columns-is-layout-flex\">\n<div class=\"wp-block-column is-layout-flow wp-block-column-is-layout-flow\" style=\"flex-basis:33.33%\">\n<figure class=\"wp-block-image size-full\"><img loading=\"lazy\" decoding=\"async\" width=\"1080\" height=\"1080\" src=\"https:\/\/www.iseg.ulisboa.pt\/wp-content\/uploads\/2023\/03\/fferreira.jpg\" alt=\"\" class=\"wp-image-37290\" srcset=\"https:\/\/www.iseg.ulisboa.pt\/wp-content\/uploads\/2023\/03\/fferreira.jpg 1080w, https:\/\/www.iseg.ulisboa.pt\/wp-content\/uploads\/2023\/03\/fferreira-300x300.jpg 300w, https:\/\/www.iseg.ulisboa.pt\/wp-content\/uploads\/2023\/03\/fferreira-150x150.jpg 150w, https:\/\/www.iseg.ulisboa.pt\/wp-content\/uploads\/2023\/03\/fferreira-12x12.jpg 12w\" sizes=\"(max-width: 1080px) 100vw, 1080px\" \/><\/figure>\n<\/div>\n\n\n\n<div class=\"wp-block-column is-layout-flow wp-block-column-is-layout-flow\" style=\"flex-basis:66.66%\">\n<p><strong>Filomena Ferreira<\/strong><br>Student Provider<br><em>Independence, impartiality, integrity and informality<\/em><\/p>\n<\/div>\n<\/div>\n\n\n\n<section class=\"w-full mb-20\">\n    <div class=\"@container\">\n                <div class=\"grid grid-cols-1 @4xl:grid-cols-4 @2xl:grid-cols-3 gap-4\">\n                                        <div class=\"bg-neutral-50 py-4 px-4 font-medium text-black\">\n                    <img decoding=\"async\" src=\"https:\/\/www.iseg.ulisboa.pt\/wp-content\/themes\/iseg\/assets\/images\/email.svg\" alt=\"Email\">\n                    <h3 class=\"mt-4 mb-2 font-bold !text-xl\">\n                        Email                    <\/h3>\n                                            <a href=\"mailto:provedoria-aluno@iseg.ulisboa.pt\" class=\"block break-all\">\n                            provedoria-aluno@iseg.ulisboa.pt                        <\/a>\n                                    <\/div>\n                                        <div class=\"bg-neutral-50 py-4 px-4 font-medium text-black\">\n                    <img decoding=\"async\" src=\"https:\/\/www.iseg.ulisboa.pt\/wp-content\/themes\/iseg\/assets\/images\/phone.svg\" alt=\"Phone\">\n                    <h3 class=\"mt-4 mb-2 font-bold !text-xl\">\n                        Telephone                    <\/h3>\n                                            <a href=\"telto:(+351) 213 922 707\" class=\"block break-all\">(+351) 213 922 707<\/a>\n                                    <\/div>\n                                        <div class=\"bg-neutral-50 py-4 px-4 font-medium text-black\">\n                    <img decoding=\"async\" src=\"https:\/\/www.iseg.ulisboa.pt\/wp-content\/themes\/iseg\/assets\/images\/clock.svg\" alt=\"Clock\">\n                    <h3 class=\"mt-4 mb-2 font-bold !text-xl\">\n                        Opening Hours                    <\/h3>\n                    Wednesday: 3:00 pm to 6:00 pm*<br \/>\r\nThursdays: 11:00 am to 1:00 pm*                <\/div>\n                    <\/div>\n    <\/div>\n<\/section>\n\n\n<p>*Subject to appointment<\/p>\n\n\n\n<h4 class=\"wp-block-heading has-iseg-red-color has-text-color\">Useful Documents<\/h4>\n\n\n<div class=\"block-file-list\">\n\t<div class=\"container\">\n\t\t<div class=\"file-list\">\n\t\t\t<ul class=\"program-list\">\n                                    <li>\n                        <a target=\"_blank\" href=\"https:\/\/www.iseg.ulisboa.pt\/wp-content\/uploads\/2023\/04\/Regulamento_Provedor_do_Estudante-.pdf\">\n                            <b>Student Ombudsman Regulation<\/b><div class=\"file_info\"> ( pdf, 605 KB ) <\/div>                        <\/a>\n                    <\/li>\n                            <\/ul>\n\t\t<\/div>\n\t<\/div>\n<\/div>\n\n\n<div style=\"height:10px\" aria-hidden=\"true\" class=\"wp-block-spacer\"><\/div>\n\n\n\n<hr class=\"wp-block-separator has-alpha-channel-opacity\"\/>\n\n\n\n<h3 class=\"wp-block-heading\"><strong><a href=\"https:\/\/www.ulisboa.pt\/info\/provedor-do-estudante-0\">ULisboa Student Ombudsman<\/a><\/strong><\/h3>\n\n\n\n<p>You also have at your disposal the ULisboa Student Ombudsman, an independent body of the University of Lisbon (ULisboa) whose function is to defend and promote the rights and interests of students within the University.<\/p>\n\n\n\n<p class=\"link-learnmore\"><a href=\"https:\/\/www.ulisboa.pt\/info\/provedor-do-estudante-0\">Getting to know the ULisboa Student Ombudsman's Office<\/a><\/p>\n\n\n\n<hr class=\"wp-block-separator has-alpha-channel-opacity\"\/>","protected":false},"excerpt":{"rendered":"Welcome to the Student Ombudsman's Office Welcome to the Student Ombudsman's Office, a mission I embrace with great pride and a sense of responsibility, promising to do my best to [...]","protected":false},"author":5,"featured_media":0,"parent":1215,"menu_order":2,"comment_status":"closed","ping_status":"closed","template":"","meta":{"inline_featured_image":false,"_uag_custom_page_level_css":"","footnotes":""},"acf":[],"yoast_head":"<!-- This site is optimized with the Yoast SEO plugin v22.6 - https:\/\/yoast.com\/wordpress\/plugins\/seo\/ -->\n<title>Provedoria do Aluno - ISEG<\/title>\n<meta name=\"robots\" content=\"index, follow, max-snippet:-1, max-image-preview:large, max-video-preview:-1\" \/>\n<link rel=\"canonical\" href=\"https:\/\/www.iseg.ulisboa.pt\/en\/to-study-2\/student-services\/student-ombudsman\/\" \/>\n<meta name=\"twitter:label1\" content=\"Est. reading time\" \/>\n\t<meta name=\"twitter:data1\" content=\"3 minutes\" \/>\n<script type=\"application\/ld+json\" class=\"yoast-schema-graph\">{\"@context\":\"https:\/\/schema.org\",\"@graph\":[{\"@type\":\"WebPage\",\"@id\":\"https:\/\/www.iseg.ulisboa.pt\/en\/to-study-2\/student-services\/student-ombudsman\/\",\"url\":\"https:\/\/www.iseg.ulisboa.pt\/en\/to-study-2\/student-services\/student-ombudsman\/\",\"name\":\"Provedoria do Aluno - ISEG\",\"isPartOf\":{\"@id\":\"https:\/\/www.iseg.ulisboa.pt\/en\/#website\"},\"primaryImageOfPage\":{\"@id\":\"https:\/\/www.iseg.ulisboa.pt\/en\/to-study-2\/student-services\/student-ombudsman\/#primaryimage\"},\"image\":{\"@id\":\"https:\/\/www.iseg.ulisboa.pt\/en\/to-study-2\/student-services\/student-ombudsman\/#primaryimage\"},\"thumbnailUrl\":\"https:\/\/www.iseg.ulisboa.pt\/wp-content\/uploads\/2023\/03\/fferreira.jpg\",\"datePublished\":\"2023-03-18T16:30:10+00:00\",\"dateModified\":\"2024-01-26T14:58:27+00:00\",\"breadcrumb\":{\"@id\":\"https:\/\/www.iseg.ulisboa.pt\/en\/to-study-2\/student-services\/student-ombudsman\/#breadcrumb\"},\"inLanguage\":\"en-US\",\"potentialAction\":[{\"@type\":\"ReadAction\",\"target\":[\"https:\/\/www.iseg.ulisboa.pt\/en\/to-study-2\/student-services\/student-ombudsman\/\"]}]},{\"@type\":\"ImageObject\",\"inLanguage\":\"en-US\",\"@id\":\"https:\/\/www.iseg.ulisboa.pt\/en\/to-study-2\/student-services\/student-ombudsman\/#primaryimage\",\"url\":\"https:\/\/www.iseg.ulisboa.pt\/wp-content\/uploads\/2023\/03\/fferreira.jpg\",\"contentUrl\":\"https:\/\/www.iseg.ulisboa.pt\/wp-content\/uploads\/2023\/03\/fferreira.jpg\"},{\"@type\":\"BreadcrumbList\",\"@id\":\"https:\/\/www.iseg.ulisboa.pt\/en\/to-study-2\/student-services\/student-ombudsman\/#breadcrumb\",\"itemListElement\":[{\"@type\":\"ListItem\",\"position\":1,\"name\":\"Home\",\"item\":\"https:\/\/www.iseg.ulisboa.pt\/\"},{\"@type\":\"ListItem\",\"position\":2,\"name\":\"Estudar\",\"item\":\"https:\/\/www.iseg.ulisboa.pt\/estudar\/\"},{\"@type\":\"ListItem\",\"position\":3,\"name\":\"Servi\u00e7os para Estudantes\",\"item\":\"https:\/\/www.iseg.ulisboa.pt\/en\/study\/student-services\/\"},{\"@type\":\"ListItem\",\"position\":4,\"name\":\"Provedoria do Aluno\"}]},{\"@type\":\"WebSite\",\"@id\":\"https:\/\/www.iseg.ulisboa.pt\/en\/#website\",\"url\":\"https:\/\/www.iseg.ulisboa.pt\/en\/\",\"name\":\"ISEG\",\"description\":\"Lisbon School of Economics &amp; Management\",\"publisher\":{\"@id\":\"https:\/\/www.iseg.ulisboa.pt\/en\/#organization\"},\"potentialAction\":[{\"@type\":\"SearchAction\",\"target\":{\"@type\":\"EntryPoint\",\"urlTemplate\":\"https:\/\/www.iseg.ulisboa.pt\/en\/?s={search_term_string}\"},\"query-input\":\"required name=search_term_string\"}],\"inLanguage\":\"en-US\"},{\"@type\":\"Organization\",\"@id\":\"https:\/\/www.iseg.ulisboa.pt\/en\/#organization\",\"name\":\"ISEG\",\"url\":\"https:\/\/www.iseg.ulisboa.pt\/en\/\",\"logo\":{\"@type\":\"ImageObject\",\"inLanguage\":\"en-US\",\"@id\":\"https:\/\/www.iseg.ulisboa.pt\/en\/#\/schema\/logo\/image\/\",\"url\":\"https:\/\/www.iseg.ulisboa.pt\/wp-content\/uploads\/2021\/02\/iseg-logo-ul.svg\",\"contentUrl\":\"https:\/\/www.iseg.ulisboa.pt\/wp-content\/uploads\/2021\/02\/iseg-logo-ul.svg\",\"width\":250,\"height\":120,\"caption\":\"ISEG\"},\"image\":{\"@id\":\"https:\/\/www.iseg.ulisboa.pt\/en\/#\/schema\/logo\/image\/\"},\"sameAs\":[\"https:\/\/www.facebook.com\/iseg.pt\",\"https:\/\/x.com\/iseglisbon\",\"https:\/\/www.instagram.com\/iseglisbon\/\",\"https:\/\/www.linkedin.com\/school\/iseglisbon\/\",\"https:\/\/www.youtube.com\/user\/DMREISEG\"]}]}<\/script>\n<!-- \/ Yoast SEO plugin. -->","yoast_head_json":{"title":"Student's Ombudsman - ISEG","robots":{"index":"index","follow":"follow","max-snippet":"max-snippet:-1","max-image-preview":"max-image-preview:large","max-video-preview":"max-video-preview:-1"},"canonical":"https:\/\/www.iseg.ulisboa.pt\/en\/to-study-2\/student-services\/student-ombudsman\/","twitter_misc":{"Est. reading time":"3 minutes"},"schema":{"@context":"https:\/\/schema.org","@graph":[{"@type":"WebPage","@id":"https:\/\/www.iseg.ulisboa.pt\/en\/to-study-2\/student-services\/student-ombudsman\/","url":"https:\/\/www.iseg.ulisboa.pt\/en\/to-study-2\/student-services\/student-ombudsman\/","name":"Student's Ombudsman - ISEG","isPartOf":{"@id":"https:\/\/www.iseg.ulisboa.pt\/en\/#website"},"primaryImageOfPage":{"@id":"https:\/\/www.iseg.ulisboa.pt\/en\/to-study-2\/student-services\/student-ombudsman\/#primaryimage"},"image":{"@id":"https:\/\/www.iseg.ulisboa.pt\/en\/to-study-2\/student-services\/student-ombudsman\/#primaryimage"},"thumbnailUrl":"https:\/\/www.iseg.ulisboa.pt\/wp-content\/uploads\/2023\/03\/fferreira.jpg","datePublished":"2023-03-18T16:30:10+00:00","dateModified":"2024-01-26T14:58:27+00:00","breadcrumb":{"@id":"https:\/\/www.iseg.ulisboa.pt\/en\/to-study-2\/student-services\/student-ombudsman\/#breadcrumb"},"inLanguage":"en-US","potentialAction":[{"@type":"ReadAction","target":["https:\/\/www.iseg.ulisboa.pt\/en\/to-study-2\/student-services\/student-ombudsman\/"]}]},{"@type":"ImageObject","inLanguage":"en-US","@id":"https:\/\/www.iseg.ulisboa.pt\/en\/to-study-2\/student-services\/student-ombudsman\/#primaryimage","url":"https:\/\/www.iseg.ulisboa.pt\/wp-content\/uploads\/2023\/03\/fferreira.jpg","contentUrl":"https:\/\/www.iseg.ulisboa.pt\/wp-content\/uploads\/2023\/03\/fferreira.jpg"},{"@type":"BreadcrumbList","@id":"https:\/\/www.iseg.ulisboa.pt\/en\/to-study-2\/student-services\/student-ombudsman\/#breadcrumb","itemListElement":[{"@type":"ListItem","position":1,"name":"Home","item":"https:\/\/www.iseg.ulisboa.pt\/"},{"@type":"ListItem","position":2,"name":"Estudar","item":"https:\/\/www.iseg.ulisboa.pt\/estudar\/"},{"@type":"ListItem","position":3,"name":"Servi\u00e7os para Estudantes","item":"https:\/\/www.iseg.ulisboa.pt\/en\/study\/student-services\/"},{"@type":"ListItem","position":4,"name":"Provedoria do Aluno"}]},{"@type":"WebSite","@id":"https:\/\/www.iseg.ulisboa.pt\/en\/#website","url":"https:\/\/www.iseg.ulisboa.pt\/en\/","name":"ISEG","description":"Lisbon School of Economics &amp; Management","publisher":{"@id":"https:\/\/www.iseg.ulisboa.pt\/en\/#organization"},"potentialAction":[{"@type":"SearchAction","target":{"@type":"EntryPoint","urlTemplate":"https:\/\/www.iseg.ulisboa.pt\/en\/?s={search_term_string}"},"query-input":"required name=search_term_string"}],"inLanguage":"en-US"},{"@type":"Organization","@id":"https:\/\/www.iseg.ulisboa.pt\/en\/#organization","name":"ISEG","url":"https:\/\/www.iseg.ulisboa.pt\/en\/","logo":{"@type":"ImageObject","inLanguage":"en-US","@id":"https:\/\/www.iseg.ulisboa.pt\/en\/#\/schema\/logo\/image\/","url":"https:\/\/www.iseg.ulisboa.pt\/wp-content\/uploads\/2021\/02\/iseg-logo-ul.svg","contentUrl":"https:\/\/www.iseg.ulisboa.pt\/wp-content\/uploads\/2021\/02\/iseg-logo-ul.svg","width":250,"height":120,"caption":"ISEG"},"image":{"@id":"https:\/\/www.iseg.ulisboa.pt\/en\/#\/schema\/logo\/image\/"},"sameAs":["https:\/\/www.facebook.com\/iseg.pt","https:\/\/x.com\/iseglisbon","https:\/\/www.instagram.com\/iseglisbon\/","https:\/\/www.linkedin.com\/school\/iseglisbon\/","https:\/\/www.youtube.com\/user\/DMREISEG"]}]}},"uagb_featured_image_src":{"full":false,"thumbnail":false,"medium":false,"medium_large":false,"large":false,"1536x1536":false,"2048x2048":false,"trp-custom-language-flag":false},"uagb_author_info":{"display_name":"diogoalmeida","author_link":"https:\/\/www.iseg.ulisboa.pt\/en\/author\/diogoalmeida\/"},"uagb_comment_info":0,"uagb_excerpt":"Sejam muito bem-vindos \u00e0 Provedoria do Aluno Sejam muito bem-vindos \u00e0 Provedoria do Aluno, miss\u00e3o que abra\u00e7o com muito orgulho e sentido de responsabilidade, prometendo fazer o meu melhor para&nbsp;[...]","_links":{"self":[{"href":"https:\/\/www.iseg.ulisboa.pt\/en\/wp-json\/wp\/v2\/pages\/37275"}],"collection":[{"href":"https:\/\/www.iseg.ulisboa.pt\/en\/wp-json\/wp\/v2\/pages"}],"about":[{"href":"https:\/\/www.iseg.ulisboa.pt\/en\/wp-json\/wp\/v2\/types\/page"}],"author":[{"embeddable":true,"href":"https:\/\/www.iseg.ulisboa.pt\/en\/wp-json\/wp\/v2\/users\/5"}],"replies":[{"embeddable":true,"href":"https:\/\/www.iseg.ulisboa.pt\/en\/wp-json\/wp\/v2\/comments?post=37275"}],"version-history":[{"count":0,"href":"https:\/\/www.iseg.ulisboa.pt\/en\/wp-json\/wp\/v2\/pages\/37275\/revisions"}],"up":[{"embeddable":true,"href":"https:\/\/www.iseg.ulisboa.pt\/en\/wp-json\/wp\/v2\/pages\/1215"}],"wp:attachment":[{"href":"https:\/\/www.iseg.ulisboa.pt\/en\/wp-json\/wp\/v2\/media?parent=37275"}],"curies":[{"name":"wp","href":"https:\/\/api.w.org\/{rel}","templated":true}]}}