{"id":38892,"date":"2023-05-29T14:22:54","date_gmt":"2023-05-29T14:22:54","guid":{"rendered":"https:\/\/www.iseg.ulisboa.pt\/?page_id=38892"},"modified":"2023-05-30T17:18:49","modified_gmt":"2023-05-30T17:18:49","slug":"iseg-numbers","status":"publish","type":"page","link":"https:\/\/www.iseg.ulisboa.pt\/en\/iseg-numbers\/","title":{"rendered":"ISEG Figures"},"content":{"rendered":"<div class=\"course-intro\">\n\t<div class=\"course-intro__photo\">\n\t\t<div class=\"course-intro-anim-left-layer\"><\/div>\n\t\t<div class=\"course-intro-anim-right-layer\"><\/div>\n\t\t<img decoding=\"async\" src=\"https:\/\/www.iseg.ulisboa.pt\/wp-content\/uploads\/2023\/05\/Campanha-ISEG.jpg\" class=\"image-cover\" alt=\"\" srcset=\"https:\/\/www.iseg.ulisboa.pt\/wp-content\/uploads\/2023\/05\/Campanha-ISEG.jpg 1173w, https:\/\/www.iseg.ulisboa.pt\/wp-content\/uploads\/2023\/05\/Campanha-ISEG-300x280.jpg 300w, https:\/\/www.iseg.ulisboa.pt\/wp-content\/uploads\/2023\/05\/Campanha-ISEG-13x12.jpg 13w\" sizes=\"(max-width: 1173px) 100vw, 1173px\" \/>\t<\/div>\n\t<div class=\"container\">\n\t\t<header class=\"course-header\">\n\t\t\t\n<div class=\"breadcrumbs\">\n\t<a href=\"https:\/\/www.iseg.ulisboa.pt\/en\">Home<\/a><\/div>\n\n\t\t\t\t\t\n\t\t\t<h1 class=\"has-iseg-red-color\">Nobody has ISEG's figures!<\/h1>\n\t\t\t<div class=\"button-group\">\n\t\t\t\t\t\t\t\t\t\t\t<\/div>\n\t\t\t\t\t<\/header>\n\t<\/div>\n<\/div>\n\n\n<div class=\"wp-block-columns is-layout-flex wp-container-core-columns-is-layout-1 wp-block-columns-is-layout-flex\">\n<div class=\"wp-block-column is-layout-flow wp-block-column-is-layout-flow\">\n<p>Numbers are a funny thing. And the basis for the vast majority of decision-making processes, such as choosing a school to do a bachelor's degree, a master's degree or any other executive training program, among other courses like that.<\/p>\n\n\n<div class=\"block-gallery\">\n\t<div class=\"container\">\n\t\t<div data-delay=\"5000\" data-animation=\"slide\" data-autoplay=\"1\" data-duration=\"500\" data-infinite=\"1\" class=\"gallery-slider w-slider\">\n\t\t\t<div class=\"gallery-slider__mask w-slider-mask\">\n\n\t\t\t\t\t\t\t\t\t\n\t\t\t\t\t<div class=\"gallery-slider__slide w-slide\">\n\t\t\t\t\t\t<div class=\"gallery-slider__slide-content\">\n\t\t\t\t\t\t\t\t\t\t\t\t\t\t\t<a href=\"https:\/\/www.iseg.ulisboa.pt\/en\/to-study-2\/degrees\/\" class=\"gallery-slider__slide-media\">\n\t\t\t\t\t\t\t\t\t<img decoding=\"async\" src=\"https:\/\/www.iseg.ulisboa.pt\/wp-content\/uploads\/2023\/05\/Licenciados-Site.jpg\" class=\"image-cover\" alt=\"\" srcset=\"https:\/\/www.iseg.ulisboa.pt\/wp-content\/uploads\/2023\/05\/Licenciados-Site.jpg 1920w, https:\/\/www.iseg.ulisboa.pt\/wp-content\/uploads\/2023\/05\/Licenciados-Site-300x109.jpg 300w, https:\/\/www.iseg.ulisboa.pt\/wp-content\/uploads\/2023\/05\/Licenciados-Site-1536x560.jpg 1536w, https:\/\/www.iseg.ulisboa.pt\/wp-content\/uploads\/2023\/05\/Licenciados-Site-18x7.jpg 18w\" sizes=\"(max-width: 1920px) 100vw, 1920px\" \/>\t\t\t\t\t\t\t\t<\/a>\n\t\t\t\t\t\t\t\t\t\t\t\t\t\t\t\t\t\t\t\t<\/div>\n\t\t\t\t\t<\/div>\n\t\t\t\t\t\t\t\t\t\n\t\t\t\t\t<div class=\"gallery-slider__slide w-slide\">\n\t\t\t\t\t\t<div class=\"gallery-slider__slide-content\">\n\t\t\t\t\t\t\t\t\t\t\t\t\t\t\t<a href=\"https:\/\/www.iseg.ulisboa.pt\/en\/to-study-2\/masters-2\/\" class=\"gallery-slider__slide-media\">\n\t\t\t\t\t\t\t\t\t<img decoding=\"async\" src=\"https:\/\/www.iseg.ulisboa.pt\/wp-content\/uploads\/2023\/05\/Alumni.jpg\" class=\"image-cover\" alt=\"\" srcset=\"https:\/\/www.iseg.ulisboa.pt\/wp-content\/uploads\/2023\/05\/Alumni.jpg 1920w, https:\/\/www.iseg.ulisboa.pt\/wp-content\/uploads\/2023\/05\/Alumni-300x109.jpg 300w, https:\/\/www.iseg.ulisboa.pt\/wp-content\/uploads\/2023\/05\/Alumni-1536x560.jpg 1536w, https:\/\/www.iseg.ulisboa.pt\/wp-content\/uploads\/2023\/05\/Alumni-18x7.jpg 18w\" sizes=\"(max-width: 1920px) 100vw, 1920px\" \/>\t\t\t\t\t\t\t\t<\/a>\n\t\t\t\t\t\t\t\t\t\t\t\t\t\t\t\t\t\t\t\t<\/div>\n\t\t\t\t\t<\/div>\n\t\t\t\t\t\t\t\t\t\n\t\t\t\t\t<div class=\"gallery-slider__slide w-slide\">\n\t\t\t\t\t\t<div class=\"gallery-slider__slide-content\">\n\t\t\t\t\t\t\t\t\t\t\t\t\t\t\t<a href=\"https:\/\/www.iseg.ulisboa.pt\/en\/\" class=\"gallery-slider__slide-media\">\n\t\t\t\t\t\t\t\t\t<img decoding=\"async\" src=\"https:\/\/www.iseg.ulisboa.pt\/wp-content\/uploads\/2023\/05\/Nobel-Site.jpg\" class=\"image-cover\" alt=\"\" srcset=\"https:\/\/www.iseg.ulisboa.pt\/wp-content\/uploads\/2023\/05\/Nobel-Site.jpg 1920w, https:\/\/www.iseg.ulisboa.pt\/wp-content\/uploads\/2023\/05\/Nobel-Site-300x109.jpg 300w, https:\/\/www.iseg.ulisboa.pt\/wp-content\/uploads\/2023\/05\/Nobel-Site-1536x560.jpg 1536w, https:\/\/www.iseg.ulisboa.pt\/wp-content\/uploads\/2023\/05\/Nobel-Site-18x7.jpg 18w\" sizes=\"(max-width: 1920px) 100vw, 1920px\" \/>\t\t\t\t\t\t\t\t<\/a>\n\t\t\t\t\t\t\t\t\t\t\t\t\t\t\t\t\t\t\t\t<\/div>\n\t\t\t\t\t<\/div>\n\t\t\t\t\t\t\t\t\t\n\t\t\t\t\t<div class=\"gallery-slider__slide w-slide\">\n\t\t\t\t\t\t<div class=\"gallery-slider__slide-content\">\n\t\t\t\t\t\t\t\t\t\t\t\t\t\t\t<a href=\"https:\/\/www.iseg.ulisboa.pt\/en\/to-study-2\/degrees\/\" class=\"gallery-slider__slide-media\">\n\t\t\t\t\t\t\t\t\t<img decoding=\"async\" src=\"https:\/\/www.iseg.ulisboa.pt\/wp-content\/uploads\/2023\/05\/Pais-Felizes-Site.jpg\" class=\"image-cover\" alt=\"\" srcset=\"https:\/\/www.iseg.ulisboa.pt\/wp-content\/uploads\/2023\/05\/Pais-Felizes-Site.jpg 1920w, https:\/\/www.iseg.ulisboa.pt\/wp-content\/uploads\/2023\/05\/Pais-Felizes-Site-300x109.jpg 300w, https:\/\/www.iseg.ulisboa.pt\/wp-content\/uploads\/2023\/05\/Pais-Felizes-Site-1536x560.jpg 1536w, https:\/\/www.iseg.ulisboa.pt\/wp-content\/uploads\/2023\/05\/Pais-Felizes-Site-18x7.jpg 18w\" sizes=\"(max-width: 1920px) 100vw, 1920px\" \/>\t\t\t\t\t\t\t\t<\/a>\n\t\t\t\t\t\t\t\t\t\t\t\t\t\t\t\t\t\t\t\t<\/div>\n\t\t\t\t\t<\/div>\n\t\t\t\t\t\t\t\t\t\n\t\t\t\t\t<div class=\"gallery-slider__slide w-slide\">\n\t\t\t\t\t\t<div class=\"gallery-slider__slide-content\">\n\t\t\t\t\t\t\t\t\t\t\t\t\t\t\t<a href=\"https:\/\/www.iseg.ulisboa.pt\/en\/to-study-2\/masters-2\/\" class=\"gallery-slider__slide-media\">\n\t\t\t\t\t\t\t\t\t<img decoding=\"async\" src=\"https:\/\/www.iseg.ulisboa.pt\/wp-content\/uploads\/2023\/05\/Acreditacoes.jpg\" class=\"image-cover\" alt=\"\" srcset=\"https:\/\/www.iseg.ulisboa.pt\/wp-content\/uploads\/2023\/05\/Acreditacoes.jpg 1920w, https:\/\/www.iseg.ulisboa.pt\/wp-content\/uploads\/2023\/05\/Acreditacoes-300x109.jpg 300w, https:\/\/www.iseg.ulisboa.pt\/wp-content\/uploads\/2023\/05\/Acreditacoes-1536x560.jpg 1536w, https:\/\/www.iseg.ulisboa.pt\/wp-content\/uploads\/2023\/05\/Acreditacoes-18x7.jpg 18w\" sizes=\"(max-width: 1920px) 100vw, 1920px\" \/>\t\t\t\t\t\t\t\t<\/a>\n\t\t\t\t\t\t\t\t\t\t\t\t\t\t\t\t\t\t\t\t<\/div>\n\t\t\t\t\t<\/div>\n\t\t\t\t\t\t\t\t\t\n\t\t\t\t\t<div class=\"gallery-slider__slide w-slide\">\n\t\t\t\t\t\t<div class=\"gallery-slider__slide-content\">\n\t\t\t\t\t\t\t\t\t\t\t\t\t\t\t<a href=\"https:\/\/www.iseg.ulisboa.pt\/en\/to-study-2\/degrees\/\" class=\"gallery-slider__slide-media\">\n\t\t\t\t\t\t\t\t\t<img decoding=\"async\" src=\"https:\/\/www.iseg.ulisboa.pt\/wp-content\/uploads\/2023\/05\/Apontamentos-Site.jpg\" class=\"image-cover\" alt=\"\" srcset=\"https:\/\/www.iseg.ulisboa.pt\/wp-content\/uploads\/2023\/05\/Apontamentos-Site.jpg 1920w, https:\/\/www.iseg.ulisboa.pt\/wp-content\/uploads\/2023\/05\/Apontamentos-Site-300x109.jpg 300w, https:\/\/www.iseg.ulisboa.pt\/wp-content\/uploads\/2023\/05\/Apontamentos-Site-1536x560.jpg 1536w, https:\/\/www.iseg.ulisboa.pt\/wp-content\/uploads\/2023\/05\/Apontamentos-Site-18x7.jpg 18w\" sizes=\"(max-width: 1920px) 100vw, 1920px\" \/>\t\t\t\t\t\t\t\t<\/a>\n\t\t\t\t\t\t\t\t\t\t\t\t\t\t\t\t\t\t\t\t<\/div>\n\t\t\t\t\t<\/div>\n\t\t\t\t\n\t\t\t<\/div>\n\t\t\t\t\t\t\t<div class=\"slider-nav__left w-slider-arrow-left\"><\/div>\n\t\t\t\t<div class=\"slider-nav__right w-slider-arrow-right\"><\/div>\n\t\t\t\t\t<\/div>\n\t<\/div>\n<\/div><\/div>\n<\/div>\n\n\n\n<figure class=\"wp-block-embed is-provider-youtube wp-block-embed-youtube\"><div class=\"wp-block-embed__wrapper\">\n<iframe loading=\"lazy\" title=\"ISEG Notes\" width=\"500\" height=\"281\" src=\"https:\/\/www.youtube.com\/embed\/DbWnSWomGlk?feature=oembed\" frameborder=\"0\" allow=\"accelerometer; autoplay; clipboard-write; encrypted-media; gyroscope; picture-in-picture; web-share\" referrerpolicy=\"strict-origin-when-cross-origin\" allowfullscreen><\/iframe>\n<\/div><\/figure>","protected":false},"excerpt":{"rendered":"Os n\u00fameros s\u00e3o uma coisa engra\u00e7ada. E a base para a grande maioria dos processos de decis\u00e3o, como a escolha de uma escola para fazer uma licenciatura, um mestrado ou&nbsp;[&#8230;]","protected":false},"author":5,"featured_media":0,"parent":0,"menu_order":0,"comment_status":"closed","ping_status":"closed","template":"tpl-page-blocks.php","meta":{"inline_featured_image":false,"_uag_custom_page_level_css":"","footnotes":""},"acf":[],"yoast_head":"<!-- This site is optimized with the Yoast SEO plugin v22.6 - https:\/\/yoast.com\/wordpress\/plugins\/seo\/ -->\n<title>ISEG N\u00fameros - ISEG<\/title>\n<meta name=\"robots\" content=\"index, follow, max-snippet:-1, max-image-preview:large, max-video-preview:-1\" \/>\n<link rel=\"canonical\" href=\"https:\/\/www.iseg.ulisboa.pt\/en\/iseg-numbers\/\" \/>\n<script type=\"application\/ld+json\" class=\"yoast-schema-graph\">{\"@context\":\"https:\/\/schema.org\",\"@graph\":[{\"@type\":\"WebPage\",\"@id\":\"https:\/\/www.iseg.ulisboa.pt\/en\/iseg-numbers\/\",\"url\":\"https:\/\/www.iseg.ulisboa.pt\/en\/iseg-numbers\/\",\"name\":\"ISEG N\u00fameros - ISEG\",\"isPartOf\":{\"@id\":\"https:\/\/www.iseg.ulisboa.pt\/en\/#website\"},\"datePublished\":\"2023-05-29T14:22:54+00:00\",\"dateModified\":\"2023-05-30T17:18:49+00:00\",\"breadcrumb\":{\"@id\":\"https:\/\/www.iseg.ulisboa.pt\/en\/iseg-numbers\/#breadcrumb\"},\"inLanguage\":\"en-US\",\"potentialAction\":[{\"@type\":\"ReadAction\",\"target\":[\"https:\/\/www.iseg.ulisboa.pt\/en\/iseg-numbers\/\"]}]},{\"@type\":\"BreadcrumbList\",\"@id\":\"https:\/\/www.iseg.ulisboa.pt\/en\/iseg-numbers\/#breadcrumb\",\"itemListElement\":[{\"@type\":\"ListItem\",\"position\":1,\"name\":\"Home\",\"item\":\"https:\/\/www.iseg.ulisboa.pt\/\"},{\"@type\":\"ListItem\",\"position\":2,\"name\":\"ISEG N\u00fameros\"}]},{\"@type\":\"WebSite\",\"@id\":\"https:\/\/www.iseg.ulisboa.pt\/en\/#website\",\"url\":\"https:\/\/www.iseg.ulisboa.pt\/en\/\",\"name\":\"ISEG\",\"description\":\"Lisbon School of Economics &amp; Management\",\"publisher\":{\"@id\":\"https:\/\/www.iseg.ulisboa.pt\/en\/#organization\"},\"potentialAction\":[{\"@type\":\"SearchAction\",\"target\":{\"@type\":\"EntryPoint\",\"urlTemplate\":\"https:\/\/www.iseg.ulisboa.pt\/en\/?s={search_term_string}\"},\"query-input\":\"required name=search_term_string\"}],\"inLanguage\":\"en-US\"},{\"@type\":\"Organization\",\"@id\":\"https:\/\/www.iseg.ulisboa.pt\/en\/#organization\",\"name\":\"ISEG\",\"url\":\"https:\/\/www.iseg.ulisboa.pt\/en\/\",\"logo\":{\"@type\":\"ImageObject\",\"inLanguage\":\"en-US\",\"@id\":\"https:\/\/www.iseg.ulisboa.pt\/en\/#\/schema\/logo\/image\/\",\"url\":\"https:\/\/www.iseg.ulisboa.pt\/wp-content\/uploads\/2021\/02\/iseg-logo-ul.svg\",\"contentUrl\":\"https:\/\/www.iseg.ulisboa.pt\/wp-content\/uploads\/2021\/02\/iseg-logo-ul.svg\",\"width\":250,\"height\":120,\"caption\":\"ISEG\"},\"image\":{\"@id\":\"https:\/\/www.iseg.ulisboa.pt\/en\/#\/schema\/logo\/image\/\"},\"sameAs\":[\"https:\/\/www.facebook.com\/iseg.pt\",\"https:\/\/x.com\/iseglisbon\",\"https:\/\/www.instagram.com\/iseglisbon\/\",\"https:\/\/www.linkedin.com\/school\/iseglisbon\/\",\"https:\/\/www.youtube.com\/user\/DMREISEG\"]}]}<\/script>\n<!-- \/ Yoast SEO plugin. -->","yoast_head_json":{"title":"ISEG Figures - ISEG","robots":{"index":"index","follow":"follow","max-snippet":"max-snippet:-1","max-image-preview":"max-image-preview:large","max-video-preview":"max-video-preview:-1"},"canonical":"https:\/\/www.iseg.ulisboa.pt\/en\/iseg-numbers\/","schema":{"@context":"https:\/\/schema.org","@graph":[{"@type":"WebPage","@id":"https:\/\/www.iseg.ulisboa.pt\/en\/iseg-numbers\/","url":"https:\/\/www.iseg.ulisboa.pt\/en\/iseg-numbers\/","name":"ISEG Figures - ISEG","isPartOf":{"@id":"https:\/\/www.iseg.ulisboa.pt\/en\/#website"},"datePublished":"2023-05-29T14:22:54+00:00","dateModified":"2023-05-30T17:18:49+00:00","breadcrumb":{"@id":"https:\/\/www.iseg.ulisboa.pt\/en\/iseg-numbers\/#breadcrumb"},"inLanguage":"en-US","potentialAction":[{"@type":"ReadAction","target":["https:\/\/www.iseg.ulisboa.pt\/en\/iseg-numbers\/"]}]},{"@type":"BreadcrumbList","@id":"https:\/\/www.iseg.ulisboa.pt\/en\/iseg-numbers\/#breadcrumb","itemListElement":[{"@type":"ListItem","position":1,"name":"Home","item":"https:\/\/www.iseg.ulisboa.pt\/"},{"@type":"ListItem","position":2,"name":"ISEG N\u00fameros"}]},{"@type":"WebSite","@id":"https:\/\/www.iseg.ulisboa.pt\/en\/#website","url":"https:\/\/www.iseg.ulisboa.pt\/en\/","name":"ISEG","description":"Lisbon School of Economics &amp; Management","publisher":{"@id":"https:\/\/www.iseg.ulisboa.pt\/en\/#organization"},"potentialAction":[{"@type":"SearchAction","target":{"@type":"EntryPoint","urlTemplate":"https:\/\/www.iseg.ulisboa.pt\/en\/?s={search_term_string}"},"query-input":"required name=search_term_string"}],"inLanguage":"en-US"},{"@type":"Organization","@id":"https:\/\/www.iseg.ulisboa.pt\/en\/#organization","name":"ISEG","url":"https:\/\/www.iseg.ulisboa.pt\/en\/","logo":{"@type":"ImageObject","inLanguage":"en-US","@id":"https:\/\/www.iseg.ulisboa.pt\/en\/#\/schema\/logo\/image\/","url":"https:\/\/www.iseg.ulisboa.pt\/wp-content\/uploads\/2021\/02\/iseg-logo-ul.svg","contentUrl":"https:\/\/www.iseg.ulisboa.pt\/wp-content\/uploads\/2021\/02\/iseg-logo-ul.svg","width":250,"height":120,"caption":"ISEG"},"image":{"@id":"https:\/\/www.iseg.ulisboa.pt\/en\/#\/schema\/logo\/image\/"},"sameAs":["https:\/\/www.facebook.com\/iseg.pt","https:\/\/x.com\/iseglisbon","https:\/\/www.instagram.com\/iseglisbon\/","https:\/\/www.linkedin.com\/school\/iseglisbon\/","https:\/\/www.youtube.com\/user\/DMREISEG"]}]}},"uagb_featured_image_src":{"full":false,"thumbnail":false,"medium":false,"medium_large":false,"large":false,"1536x1536":false,"2048x2048":false,"trp-custom-language-flag":false},"uagb_author_info":{"display_name":"diogoalmeida","author_link":"https:\/\/www.iseg.ulisboa.pt\/en\/author\/diogoalmeida\/"},"uagb_comment_info":0,"uagb_excerpt":"Os n\u00fameros s\u00e3o uma coisa engra\u00e7ada. E a base para a grande maioria dos processos de decis\u00e3o, como a escolha de uma escola para fazer uma licenciatura, um mestrado ou&nbsp;[...]","_links":{"self":[{"href":"https:\/\/www.iseg.ulisboa.pt\/en\/wp-json\/wp\/v2\/pages\/38892"}],"collection":[{"href":"https:\/\/www.iseg.ulisboa.pt\/en\/wp-json\/wp\/v2\/pages"}],"about":[{"href":"https:\/\/www.iseg.ulisboa.pt\/en\/wp-json\/wp\/v2\/types\/page"}],"author":[{"embeddable":true,"href":"https:\/\/www.iseg.ulisboa.pt\/en\/wp-json\/wp\/v2\/users\/5"}],"replies":[{"embeddable":true,"href":"https:\/\/www.iseg.ulisboa.pt\/en\/wp-json\/wp\/v2\/comments?post=38892"}],"version-history":[{"count":0,"href":"https:\/\/www.iseg.ulisboa.pt\/en\/wp-json\/wp\/v2\/pages\/38892\/revisions"}],"wp:attachment":[{"href":"https:\/\/www.iseg.ulisboa.pt\/en\/wp-json\/wp\/v2\/media?parent=38892"}],"curies":[{"name":"wp","href":"https:\/\/api.w.org\/{rel}","templated":true}]}}