{"id":41865,"date":"2023-10-20T13:59:36","date_gmt":"2023-10-20T13:59:36","guid":{"rendered":"https:\/\/www.iseg.ulisboa.pt\/?page_id=41865"},"modified":"2025-09-15T14:56:14","modified_gmt":"2025-09-15T14:56:14","slug":"academic-integrity","status":"publish","type":"page","link":"https:\/\/www.iseg.ulisboa.pt\/en\/about\/academic-integrity\/","title":{"rendered":"Academic Integrity"},"content":{"rendered":"<p>The issue of integrity in the conduct of all members of the academic community is considered by ISEG to be one of the most noble aspects of university life. In order to defend, promote and support the practice of high ethical standards of academic integrity among ISEG students, teachers and staff, an Ethics Committee was created at ISEG by order no. 113\/P\/2017.<\/p>\n\n\n\n<p>ISEG subscribes to the principles and good practices of academic integrity defined in the following documents: European Code of Conduct for Research Integrity (2018 edition), University of Lisbon Code of Conduct and Good Practices, ISEG Student Rights and Duties Charter and University of Lisbon Student Disciplinary Regulations.<\/p>\n\n\n\n<p>Academic fraud and other violations of academic integrity, as described in the above-mentioned documents, are considered a very serious practice and the perpetrators are subject to the disciplinary sanctions provided for in the applicable legislation.<\/p>\n\n\n<div class=\"block-file-list\">\n\t<div class=\"container\">\n\t\t<div class=\"file-list\">\n\t\t\t<ul class=\"program-list\">\n                                    <li>\n                        <a target=\"_blank\" href=\"https:\/\/www.iseg.ulisboa.pt\/wp-content\/uploads\/Regulamento-Comissao-Etica.pdf\">\n                            <b>Ethics Committee Regulations<\/b><div class=\"file_info\"> ( pdf, 285 KB ) <\/div>                        <\/a>\n                    <\/li>\n                                    <li>\n                        <a target=\"_blank\" href=\"https:\/\/www.iseg.ulisboa.pt\/wp-content\/uploads\/Cdigo-de-Conduta-e-Boas-Prticas-ULisboa.pdf\">\n                            <b>ULisboa's Code of Conduct and Good Practices<\/b><div class=\"file_info\"> ( pdf, 55 KB ) <\/div>                        <\/a>\n                    <\/li>\n                            <\/ul>\n\t\t<\/div>\n\t<\/div>\n<\/div>\n\n\n<div class=\"wp-block-pb-accordion-item c-accordion__item js-accordion-item no-js\" data-initially-open=\"false\" data-click-to-close=\"true\" data-auto-close=\"true\" data-scroll=\"false\" data-scroll-offset=\"0\"><h2 id=\"at-418650\" class=\"c-accordion__title js-accordion-controller\" role=\"button\">Documents for Students<\/h2><div id=\"ac-418650\" class=\"c-accordion__content\"><div class=\"block-file-list\">\n\t<div class=\"container\">\n\t\t<div class=\"file-list\">\n\t\t\t<ul class=\"program-list\">\n                                    <li>\n                        <a target=\"_blank\" href=\"https:\/\/www.iseg.ulisboa.pt\/wp-content\/uploads\/Regulamento-Disciplinar-dos-Estudantes-ULisboa.pdf\">\n                            <b>ULisboa Student Disciplinary Regulations<\/b><div class=\"file_info\"> ( pdf, 58 KB ) <\/div>                        <\/a>\n                    <\/li>\n                                    <li>\n                        <a target=\"_blank\" href=\"https:\/\/www.iseg.ulisboa.pt\/wp-content\/uploads\/Regulamento-Provedor-do-Estudante-da-ULisboa.pdf\">\n                            <b>ULisboa Student Ombudsman Regulations<\/b><div class=\"file_info\"> ( pdf, 256 KB ) <\/div>                        <\/a>\n                    <\/li>\n                                    <li>\n                        <a target=\"_blank\" href=\"https:\/\/www.iseg.ulisboa.pt\/wp-content\/uploads\/2023\/03\/Regulamento-Provedoria-do-Aluno-PT.pdf\">\n                            <b>Student Ombudsman Regulation<\/b><div class=\"file_info\"> ( pdf, 121 KB ) <\/div>                        <\/a>\n                    <\/li>\n                                    <li>\n                        <a target=\"_blank\" href=\"https:\/\/www.iseg.ulisboa.pt\/wp-content\/uploads\/2022\/06\/Regulamento-Provedoria-do-Aluno-EN.pdf\">\n                            <b>Student Ombudsman Regulation EN<\/b><div class=\"file_info\"> ( pdf, 131 KB ) <\/div>                        <\/a>\n                    <\/li>\n                                    <li>\n                        <a target=\"_blank\" href=\"https:\/\/www.iseg.ulisboa.pt\/wp-content\/uploads\/Carta-Direitos-e-Deveres-do-Aluno-ISEG.pdf\">\n                            <b>ISEG Student Rights and Duties Charter<\/b><div class=\"file_info\"> ( pdf, 280 KB ) <\/div>                        <\/a>\n                    <\/li>\n                            <\/ul>\n\t\t<\/div>\n\t<\/div>\n<\/div><\/div><\/div>\n\n\n\n<div class=\"wp-block-pb-accordion-item c-accordion__item js-accordion-item no-js\" data-initially-open=\"false\" data-click-to-close=\"true\" data-auto-close=\"true\" data-scroll=\"false\" data-scroll-offset=\"0\"><h2 id=\"at-418651\" class=\"c-accordion__title js-accordion-controller\" role=\"button\">Documents for Teachers and Researchers<\/h2><div id=\"ac-418651\" class=\"c-accordion__content\"><div class=\"block-file-list\">\n\t<div class=\"container\">\n\t\t<div class=\"file-list\">\n\t\t\t<ul class=\"program-list\">\n                                    <li>\n                        <a target=\"_blank\" href=\"https:\/\/www.iseg.ulisboa.pt\/wp-content\/uploads\/Despacho-n-69_2017.pdf\">\n                            <b>Order 69\/P\/2017 - Implementation of \"EPHORUS\" plagiarism detection software<\/b><div class=\"file_info\"> ( pdf, 1 MB ) <\/div>                        <\/a>\n                    <\/li>\n                                    <li>\n                        <a target=\"_blank\" href=\"https:\/\/www.iseg.ulisboa.pt\/wp-content\/uploads\/Codigo-Europeu-de-Conduta-para-a-Integridade-da-Investigacao.pdf\">\n                            <b>European Code of Conduct for Research Integrity<\/b><div class=\"file_info\"> ( pdf, 3 MB ) <\/div>                        <\/a>\n                    <\/li>\n                            <\/ul>\n\t\t<\/div>\n\t<\/div>\n<\/div><\/div><\/div>\n\n\n\n<div class=\"wp-block-pb-accordion-item c-accordion__item js-accordion-item no-js\" data-initially-open=\"false\" data-click-to-close=\"true\" data-auto-close=\"true\" data-scroll=\"false\" data-scroll-offset=\"0\"><h2 id=\"at-418652\" class=\"c-accordion__title js-accordion-controller\" role=\"button\">Documents for Submitting Requests for Pronouncements<\/h2><div id=\"ac-418652\" class=\"c-accordion__content\"><div class=\"block-file-list\">\n\t<div class=\"container\">\n\t\t<div class=\"file-list\">\n\t\t\t<ul class=\"program-list\">\n                                    <li>\n                        <a target=\"_blank\" href=\"https:\/\/www.iseg.ulisboa.pt\/wp-content\/uploads\/Formulario-para-Prestacao-de-Consentimento.doc\">\n                            <b>Consent Form<\/b><div class=\"file_info\"> ( doc, 52 KB ) <\/div>                        <\/a>\n                    <\/li>\n                                    <li>\n                        <a target=\"_blank\" href=\"https:\/\/www.iseg.ulisboa.pt\/wp-content\/uploads\/Formulario-para-a-submissao-de-projetos-a-Comissao-de-Etica-do-ISEG.docx\">\n                            <b>Form for submitting projects to the ISEG Ethics Committee<\/b><div class=\"file_info\"> ( docx, 34 KB ) <\/div>                        <\/a>\n                    <\/li>\n                                    <li>\n                        <a target=\"_blank\" href=\"https:\/\/www.iseg.ulisboa.pt\/wp-content\/uploads\/Form-for-submitting-projects-to-ISEGs-Ethics-Committee.docx\">\n                            <b>Form for submitting projects to ISEG's Ethics Committee<\/b><div class=\"file_info\"> ( docx, 34 KB ) <\/div>                        <\/a>\n                    <\/li>\n                                    <li>\n                        <a target=\"_blank\" href=\"https:\/\/www.iseg.ulisboa.pt\/wp-content\/uploads\/Form-for-giving-consent.docx\">\n                            <b>Form for giving consent<\/b><div class=\"file_info\"> ( docx, 36 KB ) <\/div>                        <\/a>\n                    <\/li>\n                            <\/ul>\n\t\t<\/div>\n\t<\/div>\n<\/div><\/div><\/div>\n\n\n\n<hr class=\"wp-block-separator has-alpha-channel-opacity\"\/>\n\n\n\n<h2 class=\"wp-block-heading has-iseg-red-color has-text-color\">Contact<\/h2>\n\n\n\n<p>For contact with the Ethics Committee, including reporting ethically reprehensible practices or related irregularities:&nbsp;&nbsp;<a href=\"mailto:ethics@iseg.ulisboa.pt\">ethics@iseg.ulisboa.pt<\/a>.<\/p>\n\n\n\n<p>According to Article 4 of its Regulations, the members of the Ethics Committee are subject to the duty of secrecy and confidentiality with regard to the matters submitted to them.<\/p>\n\n\n\n<hr class=\"wp-block-separator has-alpha-channel-opacity\"\/>\n\n\n\n<section class=\"block-team\">\n    <div class=\"container\">\n                    <h2 class=\"block-team__text\"><p><span style=\"color: #e02020;\"><strong>Composition<\/strong><\/span><\/p>\n<\/h2>\n                \n\t\t<div class=\"team-list js-lmc-container\" data-columns>\n\t\t\t\n                \t\t\t\t\n                <div class=\"faculty-list__item js-list-item\">\n                    <a href=\"\/en\/faculty-2\/alexandre-abreu\/\" class=\"faculty-item__photo\">\n                    <img decoding=\"async\" src=\"\/wp-content\/\/uploads\/alexandreabreu.jpg\" class=\"image-cover\">                    <\/a>\n                    <a href=\"\/en\/faculty-2\/alexandre-abreu\/\" class=\"faculty-item__name\">Alexandre Abreu<\/a>\n                    <div class=\"faculty-item__job\">Coordinator<\/div>\n                                                        <\/div>\n\n\t\t\t\n                \t\t\t\t\n                <div class=\"faculty-list__item js-list-item\">\n                    <a href=\"\/en\/faculty-2\/john-mota\/\" class=\"faculty-item__photo\">\n                    <img decoding=\"async\" src=\"\/wp-content\/\/uploads\/joaomota.jpg\" class=\"image-cover\">                    <\/a>\n                    <a href=\"\/en\/faculty-2\/john-mota\/\" class=\"faculty-item__name\">Jo\u00e3o Mota<\/a>\n                    <div class=\"faculty-item__job\">Full Professor<\/div>\n                                                        <\/div>\n\n\t\t\t\n                \t\t\t\t\n                <div class=\"faculty-list__item js-list-item\">\n                    <a href=\"\/en\/faculty-2\/fatima-fabiao\/\" class=\"faculty-item__photo\">\n                    <img decoding=\"async\" src=\"https:\/\/www.iseg.ulisboa.pt\/wp-content\/uploads\/2021\/02\/news-default-1.png\" class=\"image-cover\">                    <\/a>\n                    <a href=\"\/en\/faculty-2\/fatima-fabiao\/\" class=\"faculty-item__name\">Fatima Fabi\u00e3o<\/a>\n                    <div class=\"faculty-item__job\">Assistant Professor<\/div>\n                                                        <\/div>\n\n\t\t\t\n                \t\t\t\t\n                <div class=\"faculty-list__item js-list-item\">\n                    <a href=\"\/en\/faculty-2\/daniela-mourao-craveiro\/\" class=\"faculty-item__photo\">\n                    <img decoding=\"async\" src=\"https:\/\/www.iseg.ulisboa.pt\/wp-content\/uploads\/2021\/02\/news-default-1.png\" class=\"image-cover\">                    <\/a>\n                    <a href=\"\/en\/faculty-2\/daniela-mourao-craveiro\/\" class=\"faculty-item__name\">Daniela Mour\u00e3o Craveiro<\/a>\n                    <div class=\"faculty-item__job\">Assistant Professor<\/div>\n                                                        <\/div>\n\n\t\t\t\n                \t\t\t\t\n                <div class=\"faculty-list__item js-list-item\">\n                    <a href=\"\/en\/faculty-2\/antonio-castro-henriques\/\" class=\"faculty-item__photo\">\n                    <img decoding=\"async\" src=\"\/wp-content\/\/uploads\/ahenriques.jpg\" class=\"image-cover\">                    <\/a>\n                    <a href=\"\/en\/faculty-2\/antonio-castro-henriques\/\" class=\"faculty-item__name\">Antonio Castro Henriques<\/a>\n                    <div class=\"faculty-item__job\">Assistant Professor<\/div>\n                                                        <\/div>\n\n\t\t\t\t\t<\/div>\n    <\/div>\n<\/section>","protected":false},"excerpt":{"rendered":"The issue of integrity in the conduct of all members of the academic community is assumed by ISEG to be one of the noblest of the university condition. In order to defend, promote [...]","protected":false},"author":5,"featured_media":0,"parent":176,"menu_order":0,"comment_status":"closed","ping_status":"closed","template":"","meta":{"inline_featured_image":false,"_uag_custom_page_level_css":"","footnotes":""},"acf":[],"yoast_head":"<!-- This site is optimized with the Yoast SEO plugin v22.6 - https:\/\/yoast.com\/wordpress\/plugins\/seo\/ -->\n<title>Integridade Acad\u00e9mica - ISEG<\/title>\n<meta name=\"robots\" content=\"index, follow, max-snippet:-1, max-image-preview:large, max-video-preview:-1\" \/>\n<link rel=\"canonical\" href=\"https:\/\/www.iseg.ulisboa.pt\/en\/about\/academic-integrity\/\" \/>\n<meta name=\"twitter:label1\" content=\"Est. reading time\" \/>\n\t<meta name=\"twitter:data1\" content=\"2 minutes\" \/>\n<script type=\"application\/ld+json\" class=\"yoast-schema-graph\">{\"@context\":\"https:\/\/schema.org\",\"@graph\":[{\"@type\":\"WebPage\",\"@id\":\"https:\/\/www.iseg.ulisboa.pt\/en\/about\/academic-integrity\/\",\"url\":\"https:\/\/www.iseg.ulisboa.pt\/en\/about\/academic-integrity\/\",\"name\":\"Integridade Acad\u00e9mica - ISEG\",\"isPartOf\":{\"@id\":\"https:\/\/www.iseg.ulisboa.pt\/en\/#website\"},\"datePublished\":\"2023-10-20T13:59:36+00:00\",\"dateModified\":\"2025-09-15T14:56:14+00:00\",\"breadcrumb\":{\"@id\":\"https:\/\/www.iseg.ulisboa.pt\/en\/about\/academic-integrity\/#breadcrumb\"},\"inLanguage\":\"en-US\",\"potentialAction\":[{\"@type\":\"ReadAction\",\"target\":[\"https:\/\/www.iseg.ulisboa.pt\/en\/about\/academic-integrity\/\"]}]},{\"@type\":\"BreadcrumbList\",\"@id\":\"https:\/\/www.iseg.ulisboa.pt\/en\/about\/academic-integrity\/#breadcrumb\",\"itemListElement\":[{\"@type\":\"ListItem\",\"position\":1,\"name\":\"Home\",\"item\":\"https:\/\/www.iseg.ulisboa.pt\/\"},{\"@type\":\"ListItem\",\"position\":2,\"name\":\"Sobre\",\"item\":\"https:\/\/www.iseg.ulisboa.pt\/sobre\/\"},{\"@type\":\"ListItem\",\"position\":3,\"name\":\"Integridade Acad\u00e9mica\"}]},{\"@type\":\"WebSite\",\"@id\":\"https:\/\/www.iseg.ulisboa.pt\/en\/#website\",\"url\":\"https:\/\/www.iseg.ulisboa.pt\/en\/\",\"name\":\"ISEG\",\"description\":\"Lisbon School of Economics &amp; Management\",\"publisher\":{\"@id\":\"https:\/\/www.iseg.ulisboa.pt\/en\/#organization\"},\"potentialAction\":[{\"@type\":\"SearchAction\",\"target\":{\"@type\":\"EntryPoint\",\"urlTemplate\":\"https:\/\/www.iseg.ulisboa.pt\/en\/?s={search_term_string}\"},\"query-input\":\"required name=search_term_string\"}],\"inLanguage\":\"en-US\"},{\"@type\":\"Organization\",\"@id\":\"https:\/\/www.iseg.ulisboa.pt\/en\/#organization\",\"name\":\"ISEG\",\"url\":\"https:\/\/www.iseg.ulisboa.pt\/en\/\",\"logo\":{\"@type\":\"ImageObject\",\"inLanguage\":\"en-US\",\"@id\":\"https:\/\/www.iseg.ulisboa.pt\/en\/#\/schema\/logo\/image\/\",\"url\":\"https:\/\/www.iseg.ulisboa.pt\/wp-content\/uploads\/2021\/02\/iseg-logo-ul.svg\",\"contentUrl\":\"https:\/\/www.iseg.ulisboa.pt\/wp-content\/uploads\/2021\/02\/iseg-logo-ul.svg\",\"width\":250,\"height\":120,\"caption\":\"ISEG\"},\"image\":{\"@id\":\"https:\/\/www.iseg.ulisboa.pt\/en\/#\/schema\/logo\/image\/\"},\"sameAs\":[\"https:\/\/www.facebook.com\/iseg.pt\",\"https:\/\/x.com\/iseglisbon\",\"https:\/\/www.instagram.com\/iseglisbon\/\",\"https:\/\/www.linkedin.com\/school\/iseglisbon\/\",\"https:\/\/www.youtube.com\/user\/DMREISEG\"]}]}<\/script>\n<!-- \/ Yoast SEO plugin. -->","yoast_head_json":{"title":"Academic Integrity - ISEG","robots":{"index":"index","follow":"follow","max-snippet":"max-snippet:-1","max-image-preview":"max-image-preview:large","max-video-preview":"max-video-preview:-1"},"canonical":"https:\/\/www.iseg.ulisboa.pt\/en\/about\/academic-integrity\/","twitter_misc":{"Est. reading time":"2 minutes"},"schema":{"@context":"https:\/\/schema.org","@graph":[{"@type":"WebPage","@id":"https:\/\/www.iseg.ulisboa.pt\/en\/about\/academic-integrity\/","url":"https:\/\/www.iseg.ulisboa.pt\/en\/about\/academic-integrity\/","name":"Academic Integrity - ISEG","isPartOf":{"@id":"https:\/\/www.iseg.ulisboa.pt\/en\/#website"},"datePublished":"2023-10-20T13:59:36+00:00","dateModified":"2025-09-15T14:56:14+00:00","breadcrumb":{"@id":"https:\/\/www.iseg.ulisboa.pt\/en\/about\/academic-integrity\/#breadcrumb"},"inLanguage":"en-US","potentialAction":[{"@type":"ReadAction","target":["https:\/\/www.iseg.ulisboa.pt\/en\/about\/academic-integrity\/"]}]},{"@type":"BreadcrumbList","@id":"https:\/\/www.iseg.ulisboa.pt\/en\/about\/academic-integrity\/#breadcrumb","itemListElement":[{"@type":"ListItem","position":1,"name":"Home","item":"https:\/\/www.iseg.ulisboa.pt\/"},{"@type":"ListItem","position":2,"name":"Sobre","item":"https:\/\/www.iseg.ulisboa.pt\/sobre\/"},{"@type":"ListItem","position":3,"name":"Integridade Acad\u00e9mica"}]},{"@type":"WebSite","@id":"https:\/\/www.iseg.ulisboa.pt\/en\/#website","url":"https:\/\/www.iseg.ulisboa.pt\/en\/","name":"ISEG","description":"Lisbon School of Economics &amp; Management","publisher":{"@id":"https:\/\/www.iseg.ulisboa.pt\/en\/#organization"},"potentialAction":[{"@type":"SearchAction","target":{"@type":"EntryPoint","urlTemplate":"https:\/\/www.iseg.ulisboa.pt\/en\/?s={search_term_string}"},"query-input":"required name=search_term_string"}],"inLanguage":"en-US"},{"@type":"Organization","@id":"https:\/\/www.iseg.ulisboa.pt\/en\/#organization","name":"ISEG","url":"https:\/\/www.iseg.ulisboa.pt\/en\/","logo":{"@type":"ImageObject","inLanguage":"en-US","@id":"https:\/\/www.iseg.ulisboa.pt\/en\/#\/schema\/logo\/image\/","url":"https:\/\/www.iseg.ulisboa.pt\/wp-content\/uploads\/2021\/02\/iseg-logo-ul.svg","contentUrl":"https:\/\/www.iseg.ulisboa.pt\/wp-content\/uploads\/2021\/02\/iseg-logo-ul.svg","width":250,"height":120,"caption":"ISEG"},"image":{"@id":"https:\/\/www.iseg.ulisboa.pt\/en\/#\/schema\/logo\/image\/"},"sameAs":["https:\/\/www.facebook.com\/iseg.pt","https:\/\/x.com\/iseglisbon","https:\/\/www.instagram.com\/iseglisbon\/","https:\/\/www.linkedin.com\/school\/iseglisbon\/","https:\/\/www.youtube.com\/user\/DMREISEG"]}]}},"uagb_featured_image_src":{"full":false,"thumbnail":false,"medium":false,"medium_large":false,"large":false,"1536x1536":false,"2048x2048":false,"trp-custom-language-flag":false},"uagb_author_info":{"display_name":"diogoalmeida","author_link":"https:\/\/www.iseg.ulisboa.pt\/en\/author\/diogoalmeida\/"},"uagb_comment_info":0,"uagb_excerpt":"A quest\u00e3o da integridade na conduta de todos os membros da comunidade acad\u00e9mica \u00e9 assumida pelo ISEG como uma das mais nobres da condi\u00e7\u00e3o universit\u00e1ria. Com vista a defender, promover&nbsp;[...]","_links":{"self":[{"href":"https:\/\/www.iseg.ulisboa.pt\/en\/wp-json\/wp\/v2\/pages\/41865"}],"collection":[{"href":"https:\/\/www.iseg.ulisboa.pt\/en\/wp-json\/wp\/v2\/pages"}],"about":[{"href":"https:\/\/www.iseg.ulisboa.pt\/en\/wp-json\/wp\/v2\/types\/page"}],"author":[{"embeddable":true,"href":"https:\/\/www.iseg.ulisboa.pt\/en\/wp-json\/wp\/v2\/users\/5"}],"replies":[{"embeddable":true,"href":"https:\/\/www.iseg.ulisboa.pt\/en\/wp-json\/wp\/v2\/comments?post=41865"}],"version-history":[{"count":0,"href":"https:\/\/www.iseg.ulisboa.pt\/en\/wp-json\/wp\/v2\/pages\/41865\/revisions"}],"up":[{"embeddable":true,"href":"https:\/\/www.iseg.ulisboa.pt\/en\/wp-json\/wp\/v2\/pages\/176"}],"wp:attachment":[{"href":"https:\/\/www.iseg.ulisboa.pt\/en\/wp-json\/wp\/v2\/media?parent=41865"}],"curies":[{"name":"wp","href":"https:\/\/api.w.org\/{rel}","templated":true}]}}