{"id":41883,"date":"2023-10-24T16:07:25","date_gmt":"2023-10-24T16:07:25","guid":{"rendered":"https:\/\/www.iseg.ulisboa.pt\/?page_id=41883"},"modified":"2024-04-19T16:02:46","modified_gmt":"2024-04-19T16:02:46","slug":"dissertations","status":"publish","type":"page","link":"https:\/\/www.iseg.ulisboa.pt\/en\/dissertations\/","title":{"rendered":"Dissertations"},"content":{"rendered":"<p class=\"has-large-font-size\">See the list of dissertations completed by ISEG graduates over the last few years.<\/p>\n\n\n\n<hr class=\"wp-block-separator has-css-opacity\"\/>\n\n\n\n<p class=\"has-iseg-red-color has-text-color has-huge-font-size\"><strong>Masters<\/strong><\/p>\n\n\n\n<h4 class=\"wp-block-heading\">Since 2010\/2011<\/h4>\n\n\n\n<p><strong><a href=\"https:\/\/www.iseg.ulisboa.pt\/en\/to-study-2\/ma-final-works\/\">Masters Graduates<br><\/a><\/strong><em>(with access to the final text of the Master's Final Papers)<\/em><\/p>\n\n\n\n<h4 class=\"wp-block-heading\">Until 2009\/2010<\/h4>\n\n\n\n<p><a href=\"https:\/\/www.iseg.ulisboa.pt\/en\/actuarial-science-dissertations\/\">Actuarial Science<br><\/a><a href=\"https:\/\/www.iseg.ulisboa.pt\/en\/economics-dissertations-2\/\">Economic Sciences<br><\/a><a href=\"https:\/\/www.iseg.ulisboa.pt\/en\/business-science-dissertations\/\">Ci\u00eancias Empresariais<br><\/a><a href=\"https:\/\/www.iseg.ulisboa.pt\/en\/dissertations-accounting-taxation-and-corporate-finance\/\">Accounting, Taxation and Corporate Finance<br><\/a><a href=\"https:\/\/www.iseg.ulisboa.pt\/en\/dissertations-on-economic-and-business-decisions\/\">Decis\u00e3o Econ\u00f3mica e Empresarial<br><\/a><a href=\"https:\/\/www.iseg.ulisboa.pt\/en\/dissertations-development-and-international-cooperation\/\">Desenvolvimento e Coopera\u00e7\u00e3o Internacional<br><\/a><a href=\"https:\/\/www.iseg.ulisboa.pt\/en\/dissertations-applied-econometrics-and-forecasting\/\">Applied Econometrics and Forecasting<br><\/a><a href=\"https:\/\/www.iseg.ulisboa.pt\/en\/economics-dissertations\/\">Economics<\/a><br><a href=\"https:\/\/www.iseg.ulisboa.pt\/en\/dissertations-economics-and-european-studies\/\">Economics and European Studies<br><\/a><a href=\"https:\/\/www.iseg.ulisboa.pt\/en\/dissertations-economics-and-management-of-science-technology-and-innovation\/\">Economics and Management of Science, Technology and Innovation<br><\/a><a href=\"https:\/\/www.iseg.ulisboa.pt\/en\/dissertations-economics-and-land-management\/\">Economics and Land Management<br><\/a><a href=\"https:\/\/www.iseg.ulisboa.pt\/en\/dissertations-economics-and-politics-of-energy-and-the-environment\/\">Energy and Environmental Economics and Policy<br><\/a><a href=\"https:\/\/www.iseg.ulisboa.pt\/en\/dissertations-economics-and-social-policy\/\">Economics and Social Policy<br><\/a><a href=\"https:\/\/www.iseg.ulisboa.pt\/en\/dissertations-economics-and-public-policy\/\">Economia e Pol\u00edticas P\u00fablicas<br><\/a><a href=\"https:\/\/www.iseg.ulisboa.pt\/en\/dissertations-international-economics\/\">International Economy<br><\/a><a href=\"https:\/\/www.iseg.ulisboa.pt\/en\/dissertations-international-economics-and-european-studies\/\">Economia Internacional e Estudos Europeus<br><\/a><a href=\"https:\/\/www.iseg.ulisboa.pt\/en\/dissertations-monetary-and-financial-economics\/\">Monetary and Financial Economics<br><\/a><a href=\"https:\/\/www.iseg.ulisboa.pt\/en\/finance-dissertations\/\">Finance<\/a><br><a href=\"https:\/\/www.iseg.ulisboa.pt\/en\/management-dissertations\/\">Gest\u00e3o<\/a><br><a href=\"https:\/\/www.iseg.ulisboa.pt\/en\/dissertations-management-mba\/\">Management - MBA<br><\/a><a href=\"https:\/\/www.iseg.ulisboa.pt\/en\/human-resources-management-dissertations\/\">Gest\u00e3o de Recursos Humanos<br><\/a><a href=\"https:\/\/www.iseg.ulisboa.pt\/en\/dissertations-on-information-systems-management\/\">Information Systems Management<br><\/a><a href=\"https:\/\/www.iseg.ulisboa.pt\/en\/real-estate-management-and-valuation-dissertations\/\">Gest\u00e3o e Avalia\u00e7\u00e3o Imobili\u00e1ria<br><\/a><a href=\"https:\/\/www.iseg.ulisboa.pt\/en\/dissertations-industrial-management-and-strategy\/\">Management and Industrial Strategy<br><\/a><a href=\"https:\/\/www.iseg.ulisboa.pt\/en\/dissertations-economic-and-social-history\/\">Hist\u00f3ria Econ\u00f3mica e Social<br><\/a><a href=\"https:\/\/www.iseg.ulisboa.pt\/en\/marketing-dissertations\/\">Marketing<\/a><br><a href=\"https:\/\/www.iseg.ulisboa.pt\/en\/dissertations-on-mathematics-applied-to-economics-and-management\/\">Applied Mathematics for Economics and Management<\/a><br><a href=\"https:\/\/www.iseg.ulisboa.pt\/en\/financial-mathematics-dissertations\/\">Mathematical Finance<\/a><br><a href=\"https:\/\/www.iseg.ulisboa.pt\/en\/dissertations-energy-policy-economics-and-planning\/\">Energy Policy, Economics and Planning<\/a><br><a href=\"https:\/\/www.iseg.ulisboa.pt\/en\/dissertations-socio-organizational-systems-of-economic-activity\/\">Socio-Organizational Systems of Economic Activity<br><\/a><a href=\"https:\/\/www.iseg.ulisboa.pt\/en\/dissertations-economic-and-organizational-sociology\/\">Sociologia Econ\u00f3mica e das Organiza\u00e7\u00f5es<\/a><\/p>\n\n\n\n<hr class=\"wp-block-separator has-alpha-channel-opacity\"\/>\n\n\n\n<p class=\"has-iseg-red-color has-text-color has-huge-font-size\"><strong>PhDs<\/strong><\/p>\n\n\n\n<p><a href=\"https:\/\/www.iseg.ulisboa.pt\/en\/doctoral-dissertations-economics\/\">Economics<\/a><br><a href=\"https:\/\/www.iseg.ulisboa.pt\/en\/doctoral-dissertations-development-studies\/\">Development Studies<br><\/a><a href=\"https:\/\/www.iseg.ulisboa.pt\/en\/doctoral-dissertations-management\/\">Gest\u00e3o<\/a><br><a href=\"https:\/\/www.iseg.ulisboa.pt\/en\/doctoral-dissertations-economic-and-social-history\/\">Hist\u00f3ria Econ\u00f3mica e Social<\/a><br><a href=\"https:\/\/www.iseg.ulisboa.pt\/en\/doctoral-dissertations-mathematics-applied-to-economics-and-management\/\">Applied Mathematics for Economics and Management<\/a><br><a href=\"https:\/\/www.iseg.ulisboa.pt\/en\/doctoral-dissertations-business-organization-and-management\/\">Business Organization and Management<br><\/a><a href=\"https:\/\/www.iseg.ulisboa.pt\/en\/doctoral-dissertations-regional-and-urban-planning\/\">Regional and Urban Planning<br><\/a><a href=\"https:\/\/www.iseg.ulisboa.pt\/en\/doctoral-dissertations-sociology-of-economics-and-organizations\/\">Sociologia Econ\u00f3mica e das Organiza\u00e7\u00f5es<\/a><br><a href=\"https:\/\/www.iseg.ulisboa.pt\/en\/doctoral-dissertations-sociology-opensoc\/\">Sociologia (OpenSoc) <\/a><\/p>","protected":false},"excerpt":{"rendered":"See the list of dissertations completed by ISEG Masters and PhD graduates over the last few years. Masters Since 2010\/2011 List of Masters (with access to the final text of the [...]","protected":false},"author":6,"featured_media":0,"parent":0,"menu_order":0,"comment_status":"closed","ping_status":"closed","template":"","meta":{"inline_featured_image":false,"_uag_custom_page_level_css":"","footnotes":""},"acf":[],"yoast_head":"<!-- This site is optimized with the Yoast SEO plugin v22.6 - https:\/\/yoast.com\/wordpress\/plugins\/seo\/ -->\n<title>Disserta\u00e7\u00f5es - ISEG<\/title>\n<meta name=\"robots\" content=\"index, follow, max-snippet:-1, max-image-preview:large, max-video-preview:-1\" \/>\n<link rel=\"canonical\" href=\"https:\/\/www.iseg.ulisboa.pt\/en\/dissertations\/\" \/>\n<meta name=\"twitter:label1\" content=\"Est. reading time\" \/>\n\t<meta name=\"twitter:data1\" content=\"2 minutes\" \/>\n<script type=\"application\/ld+json\" class=\"yoast-schema-graph\">{\"@context\":\"https:\/\/schema.org\",\"@graph\":[{\"@type\":\"WebPage\",\"@id\":\"https:\/\/www.iseg.ulisboa.pt\/en\/dissertations\/\",\"url\":\"https:\/\/www.iseg.ulisboa.pt\/en\/dissertations\/\",\"name\":\"Disserta\u00e7\u00f5es - ISEG\",\"isPartOf\":{\"@id\":\"https:\/\/www.iseg.ulisboa.pt\/en\/#website\"},\"datePublished\":\"2023-10-24T16:07:25+00:00\",\"dateModified\":\"2024-04-19T16:02:46+00:00\",\"breadcrumb\":{\"@id\":\"https:\/\/www.iseg.ulisboa.pt\/en\/dissertations\/#breadcrumb\"},\"inLanguage\":\"en-US\",\"potentialAction\":[{\"@type\":\"ReadAction\",\"target\":[\"https:\/\/www.iseg.ulisboa.pt\/en\/dissertations\/\"]}]},{\"@type\":\"BreadcrumbList\",\"@id\":\"https:\/\/www.iseg.ulisboa.pt\/en\/dissertations\/#breadcrumb\",\"itemListElement\":[{\"@type\":\"ListItem\",\"position\":1,\"name\":\"Home\",\"item\":\"https:\/\/www.iseg.ulisboa.pt\/\"},{\"@type\":\"ListItem\",\"position\":2,\"name\":\"Disserta\u00e7\u00f5es\"}]},{\"@type\":\"WebSite\",\"@id\":\"https:\/\/www.iseg.ulisboa.pt\/en\/#website\",\"url\":\"https:\/\/www.iseg.ulisboa.pt\/en\/\",\"name\":\"ISEG\",\"description\":\"Lisbon School of Economics &amp; Management\",\"publisher\":{\"@id\":\"https:\/\/www.iseg.ulisboa.pt\/en\/#organization\"},\"potentialAction\":[{\"@type\":\"SearchAction\",\"target\":{\"@type\":\"EntryPoint\",\"urlTemplate\":\"https:\/\/www.iseg.ulisboa.pt\/en\/?s={search_term_string}\"},\"query-input\":\"required name=search_term_string\"}],\"inLanguage\":\"en-US\"},{\"@type\":\"Organization\",\"@id\":\"https:\/\/www.iseg.ulisboa.pt\/en\/#organization\",\"name\":\"ISEG\",\"url\":\"https:\/\/www.iseg.ulisboa.pt\/en\/\",\"logo\":{\"@type\":\"ImageObject\",\"inLanguage\":\"en-US\",\"@id\":\"https:\/\/www.iseg.ulisboa.pt\/en\/#\/schema\/logo\/image\/\",\"url\":\"https:\/\/www.iseg.ulisboa.pt\/wp-content\/uploads\/2021\/02\/iseg-logo-ul.svg\",\"contentUrl\":\"https:\/\/www.iseg.ulisboa.pt\/wp-content\/uploads\/2021\/02\/iseg-logo-ul.svg\",\"width\":250,\"height\":120,\"caption\":\"ISEG\"},\"image\":{\"@id\":\"https:\/\/www.iseg.ulisboa.pt\/en\/#\/schema\/logo\/image\/\"},\"sameAs\":[\"https:\/\/www.facebook.com\/iseg.pt\",\"https:\/\/x.com\/iseglisbon\",\"https:\/\/www.instagram.com\/iseglisbon\/\",\"https:\/\/www.linkedin.com\/school\/iseglisbon\/\",\"https:\/\/www.youtube.com\/user\/DMREISEG\"]}]}<\/script>\n<!-- \/ Yoast SEO plugin. -->","yoast_head_json":{"title":"Dissertations - ISEG","robots":{"index":"index","follow":"follow","max-snippet":"max-snippet:-1","max-image-preview":"max-image-preview:large","max-video-preview":"max-video-preview:-1"},"canonical":"https:\/\/www.iseg.ulisboa.pt\/en\/dissertations\/","twitter_misc":{"Est. reading time":"2 minutes"},"schema":{"@context":"https:\/\/schema.org","@graph":[{"@type":"WebPage","@id":"https:\/\/www.iseg.ulisboa.pt\/en\/dissertations\/","url":"https:\/\/www.iseg.ulisboa.pt\/en\/dissertations\/","name":"Dissertations - ISEG","isPartOf":{"@id":"https:\/\/www.iseg.ulisboa.pt\/en\/#website"},"datePublished":"2023-10-24T16:07:25+00:00","dateModified":"2024-04-19T16:02:46+00:00","breadcrumb":{"@id":"https:\/\/www.iseg.ulisboa.pt\/en\/dissertations\/#breadcrumb"},"inLanguage":"en-US","potentialAction":[{"@type":"ReadAction","target":["https:\/\/www.iseg.ulisboa.pt\/en\/dissertations\/"]}]},{"@type":"BreadcrumbList","@id":"https:\/\/www.iseg.ulisboa.pt\/en\/dissertations\/#breadcrumb","itemListElement":[{"@type":"ListItem","position":1,"name":"Home","item":"https:\/\/www.iseg.ulisboa.pt\/"},{"@type":"ListItem","position":2,"name":"Disserta\u00e7\u00f5es"}]},{"@type":"WebSite","@id":"https:\/\/www.iseg.ulisboa.pt\/en\/#website","url":"https:\/\/www.iseg.ulisboa.pt\/en\/","name":"ISEG","description":"Lisbon School of Economics &amp; Management","publisher":{"@id":"https:\/\/www.iseg.ulisboa.pt\/en\/#organization"},"potentialAction":[{"@type":"SearchAction","target":{"@type":"EntryPoint","urlTemplate":"https:\/\/www.iseg.ulisboa.pt\/en\/?s={search_term_string}"},"query-input":"required name=search_term_string"}],"inLanguage":"en-US"},{"@type":"Organization","@id":"https:\/\/www.iseg.ulisboa.pt\/en\/#organization","name":"ISEG","url":"https:\/\/www.iseg.ulisboa.pt\/en\/","logo":{"@type":"ImageObject","inLanguage":"en-US","@id":"https:\/\/www.iseg.ulisboa.pt\/en\/#\/schema\/logo\/image\/","url":"https:\/\/www.iseg.ulisboa.pt\/wp-content\/uploads\/2021\/02\/iseg-logo-ul.svg","contentUrl":"https:\/\/www.iseg.ulisboa.pt\/wp-content\/uploads\/2021\/02\/iseg-logo-ul.svg","width":250,"height":120,"caption":"ISEG"},"image":{"@id":"https:\/\/www.iseg.ulisboa.pt\/en\/#\/schema\/logo\/image\/"},"sameAs":["https:\/\/www.facebook.com\/iseg.pt","https:\/\/x.com\/iseglisbon","https:\/\/www.instagram.com\/iseglisbon\/","https:\/\/www.linkedin.com\/school\/iseglisbon\/","https:\/\/www.youtube.com\/user\/DMREISEG"]}]}},"uagb_featured_image_src":{"full":false,"thumbnail":false,"medium":false,"medium_large":false,"large":false,"1536x1536":false,"2048x2048":false,"trp-custom-language-flag":false},"uagb_author_info":{"display_name":"irafael","author_link":"https:\/\/www.iseg.ulisboa.pt\/en\/author\/irafael\/"},"uagb_comment_info":0,"uagb_excerpt":"Consulte a lista de disserta\u00e7\u00f5es realizadas pelos mestres e doutores formados no ISEG, ao longo dos \u00faltimos anos. Mestrados Desde 2010\/2011 Lista de Mestres(com acesso ao texto final dos Trabalhos&nbsp;[...]","_links":{"self":[{"href":"https:\/\/www.iseg.ulisboa.pt\/en\/wp-json\/wp\/v2\/pages\/41883"}],"collection":[{"href":"https:\/\/www.iseg.ulisboa.pt\/en\/wp-json\/wp\/v2\/pages"}],"about":[{"href":"https:\/\/www.iseg.ulisboa.pt\/en\/wp-json\/wp\/v2\/types\/page"}],"author":[{"embeddable":true,"href":"https:\/\/www.iseg.ulisboa.pt\/en\/wp-json\/wp\/v2\/users\/6"}],"replies":[{"embeddable":true,"href":"https:\/\/www.iseg.ulisboa.pt\/en\/wp-json\/wp\/v2\/comments?post=41883"}],"version-history":[{"count":0,"href":"https:\/\/www.iseg.ulisboa.pt\/en\/wp-json\/wp\/v2\/pages\/41883\/revisions"}],"wp:attachment":[{"href":"https:\/\/www.iseg.ulisboa.pt\/en\/wp-json\/wp\/v2\/media?parent=41883"}],"curies":[{"name":"wp","href":"https:\/\/api.w.org\/{rel}","templated":true}]}}